{"id":1561,"date":"2023-07-24T18:27:46","date_gmt":"2023-07-24T15:27:46","guid":{"rendered":"https:\/\/ferligs.com\/?post_type=product&#038;p=1561"},"modified":"2026-03-05T16:11:33","modified_gmt":"2026-03-05T14:11:33","slug":"brasla","status":"publish","type":"product","link":"https:\/\/ferligs.com\/it\/product\/brasla\/","title":{"rendered":"BRASLA - Eleganti gambe per tavolo a ragno"},"content":{"rendered":"<p>Scoprite Brasla, una robusta base per tavolo in metallo che imita l'elegante forma di un ragno con le sue gambe in acciaio incrociate. Realizzata con resistenti tubi in acciaio da 60\u00d730 mm, \u00e8 alta circa 71 cm ed \u00e8 disponibile in larghezze e lunghezze da 60 a 100 cm per adattarsi a vari piani di tavolo. La finitura verniciata a polvere garantisce una protezione duratura contro graffi e corrosione, perfetta per abitazioni o spazi commerciali.<\/p>\n<p>Il suo design aperto, ispirato alla forma di un ragno, massimizza il comfort di seduta attorno ai tavoli rotondi, consentendo alle sedie di essere avvicinate senza difficolt\u00e0 e senza ostacoli. Le linee sofisticate aggiungono un tocco moderno che si integra perfettamente con gli interni contemporanei, mantenendo al contempo un fascino senza tempo. Il montaggio \u00e8 semplice: sono inclusi tutti i componenti e istruzioni chiare per un'installazione rapida.<\/p>\n<p>Su richiesta sono disponibili dimensioni personalizzate e opzioni di montaggio, inclusi fori da 5 mm o specifiche su misura, per soddisfare ogni vostra esigenza. Questa versatilit\u00e0 rende Brasla ideale per ristoranti, caff\u00e8 o sale da pranzo domestiche che cercano stile e funzionalit\u00e0. Scegliete tra diverse dimensioni per abbinarlo perfettamente al vostro tavolo preferito.<\/p>","protected":false},"excerpt":{"rendered":"<p>Korosta ruokailutilaasi Brasla-metallijalkap\u00f6yd\u00e4njalalla, joka on valmistettu korkealaatuisista 60\u00d730 mm ter\u00e4sputkista ja jonka silmiinpist\u00e4v\u00e4 muotoilu muistuttaa h\u00e4m\u00e4h\u00e4kki\u00e4. Sen riste\u00e4v\u00e4t linjat tarjoavat modernia hienostuneisuutta ja maksimaalisen istumamukavuuden, ja jauhemaalattu pinta suojaa naarmuilta ja korroosiolta. Korkeus on ~71 cm, saatavana leveyksill\u00e4\/pituuksilla 60\u2013100 cm, 5 mm:n kiinnitysrei'ill\u00e4 (r\u00e4\u00e4t\u00e4l\u00f6idyt vaihtoehdot saatavilla). Toimitetaan koottuna, mukana helppotajuiset ohjeet \u2013 p\u00f6yt\u00e4levy ei sis\u00e4lly toimitukseen.<\/p>","protected":false},"featured_media":1562,"template":"","meta":{"jetpack_publicize_message":"","jetpack_publicize_feature_enabled":true,"jetpack_social_post_already_shared":true,"jetpack_social_options":{"image_generator_settings":{"template":"highway","default_image_id":0,"font":"","enabled":false},"version":2}},"product_brand":[578],"product_cat":[113],"product_tag":[705],"class_list":{"0":"post-1561","1":"product","2":"type-product","3":"status-publish","4":"has-post-thumbnail","6":"product_brand-ferligs","7":"product_cat-table-legs","8":"product_tag-spider-legs","9":"product_shipping_class-tables-legs","11":"first","12":"instock","13":"sale","14":"taxable","15":"shipping-taxable","16":"purchasable","17":"product-type-variable","18":"has-default-attributes"},"featured_image_urls_v2":{"full":["https:\/\/ferligs.com\/wp-content\/uploads\/2023\/07\/9735-Webp-1640x1360-1.webp",1640,1360,false],"thumbnail":["https:\/\/ferligs.com\/wp-content\/uploads\/2023\/07\/9735-Webp-1640x1360-1.webp",150,124,false],"medium":["https:\/\/ferligs.com\/wp-content\/uploads\/2023\/07\/9735-Webp-1640x1360-1.webp",300,249,false],"medium_large":["https:\/\/ferligs.com\/wp-content\/uploads\/2023\/07\/9735-Webp-1640x1360-1.webp",768,637,false],"large":["https:\/\/ferligs.com\/wp-content\/uploads\/2023\/07\/9735-Webp-1640x1360-1.webp",1024,849,false],"1536x1536":["https:\/\/ferligs.com\/wp-content\/uploads\/2023\/07\/9735-Webp-1640x1360-1.webp",1536,1274,false],"2048x2048":["https:\/\/ferligs.com\/wp-content\/uploads\/2023\/07\/9735-Webp-1640x1360-1.webp",1640,1360,false],"trp-custom-language-flag":["https:\/\/ferligs.com\/wp-content\/uploads\/2023\/07\/9735-Webp-1640x1360-1.webp",14,12,false],"woocommerce_archive_thumbnail":["https:\/\/ferligs.com\/wp-content\/uploads\/2023\/07\/9735-Webp-1640x1360-1-300x249.webp",300,249,true],"woocommerce_thumbnail":["https:\/\/ferligs.com\/wp-content\/uploads\/2023\/07\/9735-Webp-1640x1360-1.webp",300,249,false],"woocommerce_single":["https:\/\/ferligs.com\/wp-content\/uploads\/2023\/07\/9735-Webp-1640x1360-1.webp",600,498,false],"woocommerce_gallery_thumbnail":["https:\/\/ferligs.com\/wp-content\/uploads\/2023\/07\/9735-Webp-1640x1360-1-100x100.webp",100,100,true]},"post_excerpt_stackable_v2":"<p>Elevate your dining space with the Brasla metal spider table base, crafted from high-quality 60\u00d730 mm steel tubes in a striking spider-like design. Its intersecting lines offer modern sophistication and maximum seating comfort, with powder-coated finish for scratch and corrosion resistance. Height is ~71 cm, available in widths\/lengths from 60-100 cm, with 5 mm mounting holes (custom options available). Delivered unassembled with easy instructions\u2014tabletop not included.<\/p>\n","category_list_v2":"","author_info_v2":{"name":"","url":""},"comments_num_v2":"0 commenti","jetpack_publicize_connections":[],"jetpack_sharing_enabled":true,"_links":{"self":[{"href":"https:\/\/ferligs.com\/it\/wp-json\/wp\/v2\/product\/1561","targetHints":{"allow":["GET"]}}],"collection":[{"href":"https:\/\/ferligs.com\/it\/wp-json\/wp\/v2\/product"}],"about":[{"href":"https:\/\/ferligs.com\/it\/wp-json\/wp\/v2\/types\/product"}],"wp:featuredmedia":[{"embeddable":true,"href":"https:\/\/ferligs.com\/it\/wp-json\/wp\/v2\/media\/1562"}],"wp:attachment":[{"href":"https:\/\/ferligs.com\/it\/wp-json\/wp\/v2\/media?parent=1561"}],"wp:term":[{"taxonomy":"product_brand","embeddable":true,"href":"https:\/\/ferligs.com\/it\/wp-json\/wp\/v2\/product_brand?post=1561"},{"taxonomy":"product_cat","embeddable":true,"href":"https:\/\/ferligs.com\/it\/wp-json\/wp\/v2\/product_cat?post=1561"},{"taxonomy":"product_tag","embeddable":true,"href":"https:\/\/ferligs.com\/it\/wp-json\/wp\/v2\/product_tag?post=1561"}],"curies":[{"name":"wp","href":"https:\/\/api.w.org\/{rel}","templated":true}]}}