{"id":1554,"date":"2023-07-24T18:17:20","date_gmt":"2023-07-24T15:17:20","guid":{"rendered":"https:\/\/ferligs.com\/?post_type=product&#038;p=1554"},"modified":"2026-03-05T18:45:23","modified_gmt":"2026-03-05T16:45:23","slug":"amula","status":"publish","type":"product","link":"https:\/\/ferligs.com\/it\/product\/amula\/","title":{"rendered":"AMULA - Pedini a forma di ragno per tavola"},"content":{"rendered":"<p>The Amula table base features a captivating spider-like silhouette that serves as a bold statement piece for modern interiors. Its unique intersecting lines provide a distinctive touch of sophistication, seamlessly blending industrial strength with elegant geometry. This eye-catching design is specifically engineered to optimize seating capacity around the table. It ensures that your guests enjoy ample legroom without any structural interference.<\/p>\n<p>Realizzata con tubi in acciaio di alta qualit\u00e0 da 80\u00d780 mm, la base Amula \u00e8 progettata per sostenere piani di lavoro pesanti con assoluta stabilit\u00e0. La finitura professionale con verniciatura a polvere fornisce uno strato resistente di protezione contro l'usura quotidiana, i graffi e la corrosione. Questo rivestimento durevole non solo garantisce prestazioni di lunga durata, ma conferisce anche al metallo una finitura elegante e raffinata. \u00c8 una scelta affidabile sia per ambienti residenziali che commerciali ad alto traffico.<\/p>\n<p>Per vostra comodit\u00e0, la base viene spedita smontata per garantire un trasporto sicuro e una consegna efficiente. Forniamo chiare istruzioni di montaggio e tutto il materiale necessario per rendere il processo di installazione rapido e semplice. Ogni unit\u00e0 \u00e8 dotata di fori di montaggio standard da 5 mm preforati per una facile installazione. Siamo inoltre lieti di soddisfare richieste di dimensioni personalizzate o requisiti specifici relativi ai fori, su richiesta, per adattarsi al vostro progetto unico.<\/p>\n<p>Con un'altezza standard di 71 cm, Amula \u00e8 disponibile in varie larghezze e lunghezze che vanno da 70 a 90 cm. Questa versatilit\u00e0 consente di abbinare la base a un'ampia variet\u00e0 di piani tavoli rotondi o quadrati per adattarsi al proprio spazio. Si prega di notare che il prezzo indicato si applica solo alla base in metallo, poich\u00e9 il piano tavolo non \u00e8 incluso. Ci\u00f2 consente la libert\u00e0 di scegliere una superficie che si abbini perfettamente allo stile dei propri interni.<\/p>","protected":false},"excerpt":{"rendered":"<p>La base per tavolo Amula in metallo combina un sofisticato design geometrico con una struttura robusta per valorizzare qualsiasi sala da pranzo o spazio di lavoro. Realizzata con tubi in acciaio di alta qualit\u00e0 da 80\u00d780 mm, le sue linee intersecanti creano un effetto visivo sorprendente, massimizzando allo stesso tempo lo spazio per le gambe dei vostri ospiti. Rifinita con un resistente rivestimento a polvere, questa base offre un look raffinato che resiste alla prova del tempo, rendendola la base perfetta per il vostro piano tavolo personalizzato.<\/p>","protected":false},"featured_media":1555,"template":"","meta":{"jetpack_publicize_message":"","jetpack_publicize_feature_enabled":true,"jetpack_social_post_already_shared":true,"jetpack_social_options":{"image_generator_settings":{"template":"highway","default_image_id":0,"font":"","enabled":false},"version":2}},"product_brand":[578],"product_cat":[113],"product_tag":[705],"class_list":{"0":"post-1554","1":"product","2":"type-product","3":"status-publish","4":"has-post-thumbnail","6":"product_brand-ferligs","7":"product_cat-table-legs","8":"product_tag-spider-legs","9":"product_shipping_class-tables-legs","11":"first","12":"instock","13":"sale","14":"taxable","15":"shipping-taxable","16":"purchasable","17":"product-type-variable","18":"has-default-attributes"},"featured_image_urls_v2":{"full":["https:\/\/ferligs.com\/wp-content\/uploads\/2023\/07\/9792-Webp-1640x1360-1.webp",1640,1360,false],"thumbnail":["https:\/\/ferligs.com\/wp-content\/uploads\/2023\/07\/9792-Webp-1640x1360-1.webp",150,124,false],"medium":["https:\/\/ferligs.com\/wp-content\/uploads\/2023\/07\/9792-Webp-1640x1360-1.webp",300,249,false],"medium_large":["https:\/\/ferligs.com\/wp-content\/uploads\/2023\/07\/9792-Webp-1640x1360-1.webp",768,637,false],"large":["https:\/\/ferligs.com\/wp-content\/uploads\/2023\/07\/9792-Webp-1640x1360-1.webp",1024,849,false],"1536x1536":["https:\/\/ferligs.com\/wp-content\/uploads\/2023\/07\/9792-Webp-1640x1360-1.webp",1536,1274,false],"2048x2048":["https:\/\/ferligs.com\/wp-content\/uploads\/2023\/07\/9792-Webp-1640x1360-1.webp",1640,1360,false],"trp-custom-language-flag":["https:\/\/ferligs.com\/wp-content\/uploads\/2023\/07\/9792-Webp-1640x1360-1.webp",14,12,false],"woocommerce_archive_thumbnail":["https:\/\/ferligs.com\/wp-content\/uploads\/2023\/07\/9792-Webp-1640x1360-1-300x249.webp",300,249,true],"woocommerce_thumbnail":["https:\/\/ferligs.com\/wp-content\/uploads\/2023\/07\/9792-Webp-1640x1360-1.webp",300,249,false],"woocommerce_single":["https:\/\/ferligs.com\/wp-content\/uploads\/2023\/07\/9792-Webp-1640x1360-1.webp",600,498,false],"woocommerce_gallery_thumbnail":["https:\/\/ferligs.com\/wp-content\/uploads\/2023\/07\/9792-Webp-1640x1360-1-100x100.webp",100,100,true]},"post_excerpt_stackable_v2":"<p>The Amula metal spider table base combines sophisticated geometric design with robust engineering to elevate any dining or workspace. Crafted from premium 80&#215;80 mm steel tubes, its intersecting lines create a striking visual while maximizing legroom for your guests. Finished with a durable powder coating, this base offers a refined look that stands the test of time, making it the perfect foundation for your custom tabletop.<\/p>\n","category_list_v2":"","author_info_v2":{"name":"","url":""},"comments_num_v2":"0 commenti","jetpack_publicize_connections":[],"jetpack_sharing_enabled":true,"_links":{"self":[{"href":"https:\/\/ferligs.com\/it\/wp-json\/wp\/v2\/product\/1554","targetHints":{"allow":["GET"]}}],"collection":[{"href":"https:\/\/ferligs.com\/it\/wp-json\/wp\/v2\/product"}],"about":[{"href":"https:\/\/ferligs.com\/it\/wp-json\/wp\/v2\/types\/product"}],"wp:featuredmedia":[{"embeddable":true,"href":"https:\/\/ferligs.com\/it\/wp-json\/wp\/v2\/media\/1555"}],"wp:attachment":[{"href":"https:\/\/ferligs.com\/it\/wp-json\/wp\/v2\/media?parent=1554"}],"wp:term":[{"taxonomy":"product_brand","embeddable":true,"href":"https:\/\/ferligs.com\/it\/wp-json\/wp\/v2\/product_brand?post=1554"},{"taxonomy":"product_cat","embeddable":true,"href":"https:\/\/ferligs.com\/it\/wp-json\/wp\/v2\/product_cat?post=1554"},{"taxonomy":"product_tag","embeddable":true,"href":"https:\/\/ferligs.com\/it\/wp-json\/wp\/v2\/product_tag?post=1554"}],"curies":[{"name":"wp","href":"https:\/\/api.w.org\/{rel}","templated":true}]}}