{"id":5104,"date":"2026-03-03T11:49:13","date_gmt":"2026-03-03T09:49:13","guid":{"rendered":"https:\/\/ferligs.com\/?post_type=product&#038;p=5104"},"modified":"2026-03-03T13:41:02","modified_gmt":"2026-03-03T11:41:02","slug":"kleisti-firewood-rack","status":"publish","type":"product","link":"https:\/\/ferligs.com\/fr\/product\/kleisti-firewood-rack\/","title":{"rendered":"KLEISTI \u2013 Porte-b\u00fbches"},"content":{"rendered":"<p>Le porte-b\u00fbches d\u00e9coratif Kleisti se distingue par son architecture avant-gardiste, caract\u00e9ris\u00e9e par des lignes diagonales saisissantes sur les c\u00f4t\u00e9s qui cr\u00e9ent un rythme visuel dynamique. Ce choix de conception original apporte non seulement une touche de sophistication \u00e0 votre chemin\u00e9e, mais offre \u00e9galement une silhouette unique qui rompt avec les solutions de rangement rectangulaires traditionnelles. Qu'il soit plac\u00e9 dans un salon moderne ou sur une terrasse rustique, sa g\u00e9om\u00e9trie artistique en fait un v\u00e9ritable sujet de conversation dans n'importe quel espace de vie.<\/p>\n<p>Con\u00e7u pour supporter le poids de b\u00fbches de haute qualit\u00e9, le Kleisti est fabriqu\u00e9 \u00e0 partir d'un tube carr\u00e9 en acier haut de gamme de 2,5 x 2,5 cm. Chaque pi\u00e8ce b\u00e9n\u00e9ficie d'un rev\u00eatement en poudre de qualit\u00e9 sup\u00e9rieure, offrant une protection suppl\u00e9mentaire contre la corrosion, la rouille et l'usure g\u00e9n\u00e9rale. Cela garantit que la structure diagonale complexe conserve sa solidit\u00e9 et son esth\u00e9tique au fil du temps. Que vous l'utilisiez quotidiennement ou de fa\u00e7on saisonni\u00e8re, ce porte-b\u00fbches d\u00e9coratif est con\u00e7u pour offrir une long\u00e9vit\u00e9 et un style optimaux.<\/p>\n<p>Malgr\u00e9 son style artistique et ses accents lat\u00e9raux inclin\u00e9s, le Kleisti reste tr\u00e8s fonctionnel, offrant un encombrement r\u00e9duit qui permet de stocker une quantit\u00e9 g\u00e9n\u00e9reuse de bois. Sa construction robuste le rend adapt\u00e9 aussi bien \u00e0 un usage int\u00e9rieur qu'ext\u00e9rieur, vous permettant de transporter facilement votre r\u00e9serve de bois du jardin jusqu'\u00e0 la chemin\u00e9e. La conception ouverte, favoris\u00e9e par les renforts diagonaux, garantit une bonne a\u00e9ration de vos b\u00fbches et les maintient pr\u00eates \u00e0 \u00eatre br\u00fbl\u00e9es, alliant ainsi esth\u00e9tique et grande fonctionnalit\u00e9.<\/p>\n<p>Alliant fonctionnalit\u00e9 et innovation, le support \u00e0 bois pliable Kleisti est facile \u00e0 transporter et \u00e0 ranger lorsqu'il n'est pas utilis\u00e9. Chaque support d\u00e9coratif est accompagn\u00e9 d'instructions de montage claires, permettant une installation rapide sans outils sp\u00e9cifiques. Gr\u00e2ce \u00e0 ce concept pr\u00eat \u00e0 l'emploi, vous pouvez commencer \u00e0 ranger votre bois d\u00e8s le d\u00e9ballage. Profitez d'un design unique et d'un entretien sans effort avec une solution de rangement qui rehausse v\u00e9ritablement la d\u00e9coration de votre int\u00e9rieur.<\/p>","protected":false},"excerpt":{"rendered":"<p>Le porte-b\u00fbches d\u00e9coratif Kleisti se distingue par son design unique et moderne, aux lignes saisissantes sur les c\u00f4t\u00e9s, et est fabriqu\u00e9 en acier thermolaqu\u00e9 robuste de 2,5 x 2,5 cm. Cette silhouette g\u00e9om\u00e9trique originale offre une structure stable et pliable, id\u00e9ale pour une utilisation \u00e0 l'int\u00e9rieur comme \u00e0 l'ext\u00e9rieur. Alliant un faible encombrement \u00e0 une grande capacit\u00e9 de rangement, le Kleisti constitue une solution \u00e9l\u00e9gante et r\u00e9sistante \u00e0 la rouille pour garder vos b\u00fbches bien rang\u00e9es, au sec et pr\u00eates \u00e0 l'emploi dans n'importe quel int\u00e9rieur contemporain.<\/p>","protected":false},"featured_media":5135,"template":"","meta":{"jetpack_publicize_message":"","jetpack_publicize_feature_enabled":true,"jetpack_social_post_already_shared":true,"jetpack_social_options":{"image_generator_settings":{"template":"highway","default_image_id":0,"font":"","enabled":false},"version":2}},"product_brand":[578],"product_cat":[112],"product_tag":[],"class_list":{"0":"post-5104","1":"product","2":"type-product","3":"status-publish","4":"has-post-thumbnail","6":"product_brand-ferligs","7":"product_cat-firewood","8":"product_shipping_class-racks","10":"first","11":"instock","12":"sale","13":"taxable","14":"shipping-taxable","15":"purchasable","16":"product-type-variable","17":"has-default-attributes"},"featured_image_urls_v2":{"full":["https:\/\/ferligs.com\/wp-content\/uploads\/2026\/03\/RACK3_1.webp",800,1000,false],"thumbnail":["https:\/\/ferligs.com\/wp-content\/uploads\/2026\/03\/RACK3_1-150x150.webp",150,150,true],"medium":["https:\/\/ferligs.com\/wp-content\/uploads\/2026\/03\/RACK3_1-240x300.webp",240,300,true],"medium_large":["https:\/\/ferligs.com\/wp-content\/uploads\/2026\/03\/RACK3_1-768x960.webp",768,960,true],"large":["https:\/\/ferligs.com\/wp-content\/uploads\/2026\/03\/RACK3_1.webp",800,1000,false],"1536x1536":["https:\/\/ferligs.com\/wp-content\/uploads\/2026\/03\/RACK3_1.webp",800,1000,false],"2048x2048":["https:\/\/ferligs.com\/wp-content\/uploads\/2026\/03\/RACK3_1.webp",800,1000,false],"trp-custom-language-flag":["https:\/\/ferligs.com\/wp-content\/uploads\/2026\/03\/RACK3_1-10x12.webp",10,12,true],"woocommerce_archive_thumbnail":["https:\/\/ferligs.com\/wp-content\/uploads\/2026\/03\/RACK3_1-300x375.webp",300,375,true],"woocommerce_thumbnail":["https:\/\/ferligs.com\/wp-content\/uploads\/2026\/03\/RACK3_1-300x375.webp",300,375,true],"woocommerce_single":["https:\/\/ferligs.com\/wp-content\/uploads\/2026\/03\/RACK3_1-600x750.webp",600,750,true],"woocommerce_gallery_thumbnail":["https:\/\/ferligs.com\/wp-content\/uploads\/2026\/03\/RACK3_1-100x100.webp",100,100,true]},"post_excerpt_stackable_v2":"<p>The Kleisti decorative firewood rack features a unique, modern design with striking lines on the sides, crafted from durable 2.5 x 2.5 cm powder-coated steel. This unusual geometric silhouette provides a stable, collapsible frame that is perfect for both indoor and outdoor use. Combining a small footprint with ample storage capacity, the Kleisti offers a rust-resistant and stylish solution for keeping your firewood organized, dry, and ready for use in any contemporary setting.<\/p>\n","category_list_v2":"","author_info_v2":{"name":"","url":""},"comments_num_v2":"0 commentaire","jetpack_publicize_connections":[],"jetpack_sharing_enabled":true,"_links":{"self":[{"href":"https:\/\/ferligs.com\/fr\/wp-json\/wp\/v2\/product\/5104","targetHints":{"allow":["GET"]}}],"collection":[{"href":"https:\/\/ferligs.com\/fr\/wp-json\/wp\/v2\/product"}],"about":[{"href":"https:\/\/ferligs.com\/fr\/wp-json\/wp\/v2\/types\/product"}],"wp:featuredmedia":[{"embeddable":true,"href":"https:\/\/ferligs.com\/fr\/wp-json\/wp\/v2\/media\/5135"}],"wp:attachment":[{"href":"https:\/\/ferligs.com\/fr\/wp-json\/wp\/v2\/media?parent=5104"}],"wp:term":[{"taxonomy":"product_brand","embeddable":true,"href":"https:\/\/ferligs.com\/fr\/wp-json\/wp\/v2\/product_brand?post=5104"},{"taxonomy":"product_cat","embeddable":true,"href":"https:\/\/ferligs.com\/fr\/wp-json\/wp\/v2\/product_cat?post=5104"},{"taxonomy":"product_tag","embeddable":true,"href":"https:\/\/ferligs.com\/fr\/wp-json\/wp\/v2\/product_tag?post=5104"}],"curies":[{"name":"wp","href":"https:\/\/api.w.org\/{rel}","templated":true}]}}