{"id":4780,"date":"2026-03-01T11:41:45","date_gmt":"2026-03-01T09:41:45","guid":{"rendered":"https:\/\/ferligs.com\/?post_type=product&#038;p=4780"},"modified":"2026-03-03T09:08:04","modified_gmt":"2026-03-03T07:08:04","slug":"kekava-towel-rack","status":"publish","type":"product","link":"https:\/\/ferligs.com\/fr\/product\/kekava-towel-rack\/","title":{"rendered":"KEKAVA \u2013 Porte-serviettes mural"},"content":{"rendered":"<p>Le porte-serviettes mural Kekava incarne l'essence m\u00eame du design minimaliste moderne. Dot\u00e9 d'un profil \u00e9pur\u00e9 et harmonieux, ce mod\u00e8le est sp\u00e9cialement con\u00e7u pour s'int\u00e9grer \u00e0 tout int\u00e9rieur contemporain, des h\u00f4tels haut de gamme aux salles de bains \u00e9l\u00e9gantes des particuliers. Son look industriel raffin\u00e9 va bien au-del\u00e0 d'une simple solution de rangement ; c'est un \u00e9l\u00e9ment de d\u00e9coration sophistiqu\u00e9 qui rehausse l'attrait visuel de vos murs tout en cr\u00e9ant une atmosph\u00e8re \u00e9pur\u00e9e, ordonn\u00e9e et a\u00e9r\u00e9e, \u00e0 la fois luxueuse et accueillante.<\/p>\n<p>Fabriqu\u00e9 en acier de premi\u00e8re qualit\u00e9, le mod\u00e8le Kekava est con\u00e7u pour offrir une durabilit\u00e9 exceptionnelle et des performances durables. Sa structure m\u00e9tallique de haute qualit\u00e9 garantit la solidit\u00e9 et la fiabilit\u00e9 du porte-serviettes, m\u00eame dans l'environnement tr\u00e8s humide d'une salle de bains. Chaque soudure et chaque finition sont r\u00e9alis\u00e9es avec pr\u00e9cision, ce qui donne un produit robuste qui r\u00e9siste \u00e0 l'usure. C'est un choix fiable pour les foyers tr\u00e8s actifs ou les espaces commerciaux o\u00f9 robustesse et \u00e9l\u00e9gance doivent aller de pair pendant de nombreuses ann\u00e9es.<\/p>\n<p>Avec ses dimensions g\u00e9n\u00e9reuses de 80 x 30 x 14 cm, ce porte-serviettes mural offre suffisamment d'espace pour accueillir plusieurs grandes serviettes de bain, des essuie-mains ou m\u00eame du linge de maison d\u00e9coratif. Son design spacieux le rend particuli\u00e8rement adapt\u00e9 aux familles nombreuses ou aux suites parentales o\u00f9 un espace de rangement suppl\u00e9mentaire est n\u00e9cessaire. En retirant vos serviettes du sol pour les accrocher sur ce porte-serviettes \u00e9l\u00e9gant, vous optimisez efficacement l'espace de votre salle de bains, cr\u00e9ant ainsi un environnement beaucoup plus fonctionnel, organis\u00e9 et a\u00e9r\u00e9.<\/p>\n<p>Profitez d'une utilisation sans souci gr\u00e2ce \u00e0 la surface facile \u00e0 nettoyer et \u00e0 la simplicit\u00e9 d'installation du rayonnage Kekava. Nous vous proposons un produit aussi facile \u00e0 entretenir qu'\u00e0 installer : un simple coup de chiffon suffit pour qu'il reste impeccable. De plus, nous offrons de nombreuses options de personnalisation, notamment des finitions sp\u00e9cialis\u00e9es et des dimensions sur mesure, afin que votre rayonnage s'adapte parfaitement \u00e0 vos besoins architecturaux sp\u00e9cifiques. Transformez votre espace gr\u00e2ce \u00e0 une solution de rangement personnalis\u00e9e qui refl\u00e8te votre go\u00fbt unique.<\/p>","protected":false},"excerpt":{"rendered":"<p>Le porte-serviettes mural Kekava allie \u00e0 la perfection minimalisme moderne et rangement pratique. D'une longueur impressionnante de 80 cm, cet \u00e9l\u00e9gant support en acier est con\u00e7u pour accueillir plusieurs serviettes tout en conservant une silhouette \u00e9pur\u00e9e et a\u00e9rienne. Sa structure m\u00e9tallique robuste et ses lignes industrielles \u00e9pur\u00e9es en font un \u00e9l\u00e9ment incontournable de toute salle de bains contemporaine, offrant une solution sophistiqu\u00e9e pour garder votre espace bien rang\u00e9, au sec et parfaitement d\u00e9gag\u00e9.<\/p>","protected":false},"featured_media":4893,"template":"","meta":{"jetpack_publicize_message":"","jetpack_publicize_feature_enabled":true,"jetpack_social_post_already_shared":true,"jetpack_social_options":{"image_generator_settings":{"template":"highway","default_image_id":0,"font":"","enabled":false},"version":2}},"product_brand":[578],"product_cat":[669],"product_tag":[],"class_list":{"0":"post-4780","1":"product","2":"type-product","3":"status-publish","4":"has-post-thumbnail","6":"product_brand-ferligs","7":"product_cat-towel-racks","8":"product_shipping_class-racks","10":"first","11":"instock","12":"taxable","13":"shipping-taxable","14":"purchasable","15":"product-type-variable","16":"has-default-attributes"},"featured_image_urls_v2":{"full":["https:\/\/ferligs.com\/wp-content\/uploads\/2026\/03\/IMG_3132.webp",1265,948,false],"thumbnail":["https:\/\/ferligs.com\/wp-content\/uploads\/2026\/03\/IMG_3132-150x150.webp",150,150,true],"medium":["https:\/\/ferligs.com\/wp-content\/uploads\/2026\/03\/IMG_3132-300x225.webp",300,225,true],"medium_large":["https:\/\/ferligs.com\/wp-content\/uploads\/2026\/03\/IMG_3132-768x576.webp",768,576,true],"large":["https:\/\/ferligs.com\/wp-content\/uploads\/2026\/03\/IMG_3132-1024x767.webp",1024,767,true],"1536x1536":["https:\/\/ferligs.com\/wp-content\/uploads\/2026\/03\/IMG_3132.webp",1265,948,false],"2048x2048":["https:\/\/ferligs.com\/wp-content\/uploads\/2026\/03\/IMG_3132.webp",1265,948,false],"trp-custom-language-flag":["https:\/\/ferligs.com\/wp-content\/uploads\/2026\/03\/IMG_3132-16x12.webp",16,12,true],"woocommerce_archive_thumbnail":["https:\/\/ferligs.com\/wp-content\/uploads\/2026\/03\/IMG_3132-300x225.webp",300,225,true],"woocommerce_thumbnail":["https:\/\/ferligs.com\/wp-content\/uploads\/2026\/03\/IMG_3132-300x225.webp",300,225,true],"woocommerce_single":["https:\/\/ferligs.com\/wp-content\/uploads\/2026\/03\/IMG_3132-600x450.webp",600,450,true],"woocommerce_gallery_thumbnail":["https:\/\/ferligs.com\/wp-content\/uploads\/2026\/03\/IMG_3132-100x100.webp",100,100,true]},"post_excerpt_stackable_v2":"<p>The Kekava wall mounted towel rack is the ultimate blend of modern minimalism and practical storage. Measuring an impressive 80cm, this sleek steel holder is designed to accommodate multiple towels while maintaining a streamlined, airy silhouette. Its durable metal construction and clean industrial lines make it an essential centerpiece for any contemporary bathroom, offering a sophisticated way to keep your space organized, dry, and completely clutter-free.<\/p>\n","category_list_v2":"","author_info_v2":{"name":"","url":""},"comments_num_v2":"0 commentaire","jetpack_publicize_connections":[],"jetpack_sharing_enabled":true,"_links":{"self":[{"href":"https:\/\/ferligs.com\/fr\/wp-json\/wp\/v2\/product\/4780","targetHints":{"allow":["GET"]}}],"collection":[{"href":"https:\/\/ferligs.com\/fr\/wp-json\/wp\/v2\/product"}],"about":[{"href":"https:\/\/ferligs.com\/fr\/wp-json\/wp\/v2\/types\/product"}],"wp:featuredmedia":[{"embeddable":true,"href":"https:\/\/ferligs.com\/fr\/wp-json\/wp\/v2\/media\/4893"}],"wp:attachment":[{"href":"https:\/\/ferligs.com\/fr\/wp-json\/wp\/v2\/media?parent=4780"}],"wp:term":[{"taxonomy":"product_brand","embeddable":true,"href":"https:\/\/ferligs.com\/fr\/wp-json\/wp\/v2\/product_brand?post=4780"},{"taxonomy":"product_cat","embeddable":true,"href":"https:\/\/ferligs.com\/fr\/wp-json\/wp\/v2\/product_cat?post=4780"},{"taxonomy":"product_tag","embeddable":true,"href":"https:\/\/ferligs.com\/fr\/wp-json\/wp\/v2\/product_tag?post=4780"}],"curies":[{"name":"wp","href":"https:\/\/api.w.org\/{rel}","templated":true}]}}