{"id":4591,"date":"2026-02-25T17:20:56","date_gmt":"2026-02-25T15:20:56","guid":{"rendered":"https:\/\/ferligs.com\/?post_type=product&#038;p=4591"},"modified":"2026-03-03T09:09:30","modified_gmt":"2026-03-03T07:09:30","slug":"pokainu-firewood-rack","status":"publish","type":"product","link":"https:\/\/ferligs.com\/fr\/product\/pokainu-firewood-rack\/","title":{"rendered":"POKAINU \u2013 Porte-b\u00fbches \u00e0 2 \u00e9tag\u00e8res"},"content":{"rendered":"<p>Le porte-b\u00fbches Pokainu allie une fonctionnalit\u00e9 exceptionnelle \u00e0 un design contemporain, ce qui en fait un \u00e9l\u00e9ment incontournable pour toute maison, terrasse ou jardin. Son encombrement r\u00e9duit lui permet de s'int\u00e9grer parfaitement dans les petits recoins, tandis que sa structure bien pens\u00e9e offre un espace de rangement g\u00e9n\u00e9reux pour le bois de chauffage. Ses lignes \u00e9pur\u00e9es et minimalistes embellissent aussi bien les int\u00e9rieurs que les ext\u00e9rieurs, apportant une touche d\u00e9corative moderne qui s'harmonise aussi bien avec le mobilier et la d\u00e9coration qu'avec les espaces de d\u00e9tente en plein air.<\/p>\n<p>Fabriqu\u00e9 \u00e0 partir de tubes carr\u00e9s en acier de 2,5 \u00d7 2,5 cm et dot\u00e9 d\u2019un rev\u00eatement en poudre durable, ce support est extr\u00eamement r\u00e9sistant \u00e0 la rouille, \u00e0 la corrosion et \u00e0 l\u2019usure quotidienne. Son cadre solide et stable garantit que les b\u00fbches restent bien empil\u00e9es et en place, tandis que les deux \u00e9tag\u00e8res int\u00e9gr\u00e9es offrent un espace de rangement suppl\u00e9mentaire polyvalent pour le petit bois, les outils de chemin\u00e9e ou des objets d\u00e9coratifs tels que des lanternes, des plantes ou des ornements. Cette fonctionnalit\u00e9 suppl\u00e9mentaire en fait non seulement un objet pratique, mais aussi une pi\u00e8ce ma\u00eetresse \u00e9l\u00e9gante dans n'importe quel d\u00e9cor.<\/p>\n<p>Mesurant 90 ou 120 cm de haut, 50 cm de large et 25 cm de profondeur, le support Pokainu est livr\u00e9 pr\u00eat \u00e0 l'emploi, ce qui rend son installation simple et sans souci. Il permet de sur\u00e9lever le bois de chauffage par rapport au sol, de le ranger de mani\u00e8re ordonn\u00e9e et de le mettre en valeur, cr\u00e9ant ainsi un espace soign\u00e9 et fonctionnel. Alliant durabilit\u00e9, esth\u00e9tique contemporaine et design polyvalent, le support Pokainu est le choix id\u00e9al pour ceux qui appr\u00e9cient \u00e0 la fois la beaut\u00e9 et la fonctionnalit\u00e9. Il offre une solution fiable pour le stockage du bois de chauffage tout en rehaussant l'aspect g\u00e9n\u00e9ral de n'importe quel environnement int\u00e9rieur ou ext\u00e9rieur.<\/p>","protected":false},"excerpt":{"rendered":"<p>Le porte-b\u00fbches Pokainu se distingue par son design moderne et minimaliste ainsi que par son encombrement r\u00e9duit, ce qui le rend id\u00e9al pour les espaces int\u00e9rieurs comme ext\u00e9rieurs. Fabriqu\u00e9 \u00e0 partir de tubes carr\u00e9s en acier de 2,5 \u00d7 2,5 cm dot\u00e9s d\u2019un rev\u00eatement en poudre r\u00e9sistant, il r\u00e9siste \u00e0 la rouille, \u00e0 la corrosion et \u00e0 l\u2019usure quotidienne. Son cadre robuste maintient les b\u00fbches solidement empil\u00e9es, tandis que les deux \u00e9tag\u00e8res int\u00e9gr\u00e9es offrent un espace suppl\u00e9mentaire pour le petit bois, les outils de chemin\u00e9e ou des objets d\u00e9coratifs. Disponible en 90 cm ou 120 cm de hauteur, 50 cm de largeur et 25 cm de profondeur, le support Pokainu est pr\u00eat \u00e0 l'emploi pour vous permettre de ranger votre bois de chauffage de mani\u00e8re organis\u00e9e, sur\u00e9lev\u00e9e par rapport au sol et esth\u00e9tique.<\/p>","protected":false},"featured_media":5006,"template":"","meta":{"jetpack_publicize_message":"","jetpack_publicize_feature_enabled":true,"jetpack_social_post_already_shared":true,"jetpack_social_options":{"image_generator_settings":{"template":"highway","default_image_id":0,"font":"","enabled":false},"version":2}},"product_brand":[578],"product_cat":[112],"product_tag":[],"class_list":{"0":"post-4591","1":"product","2":"type-product","3":"status-publish","4":"has-post-thumbnail","6":"product_brand-ferligs","7":"product_cat-firewood","8":"product_shipping_class-racks","10":"first","11":"instock","12":"sale","13":"taxable","14":"shipping-taxable","15":"purchasable","16":"product-type-variable","17":"has-default-attributes"},"featured_image_urls_v2":{"full":["https:\/\/ferligs.com\/wp-content\/uploads\/2026\/02\/IMG_3042.webp",2285,1714,false],"thumbnail":["https:\/\/ferligs.com\/wp-content\/uploads\/2026\/02\/IMG_3042-150x150.webp",150,150,true],"medium":["https:\/\/ferligs.com\/wp-content\/uploads\/2026\/02\/IMG_3042-300x225.webp",300,225,true],"medium_large":["https:\/\/ferligs.com\/wp-content\/uploads\/2026\/02\/IMG_3042-768x576.webp",768,576,true],"large":["https:\/\/ferligs.com\/wp-content\/uploads\/2026\/02\/IMG_3042-1024x768.webp",1024,768,true],"1536x1536":["https:\/\/ferligs.com\/wp-content\/uploads\/2026\/02\/IMG_3042-1536x1152.webp",1536,1152,true],"2048x2048":["https:\/\/ferligs.com\/wp-content\/uploads\/2026\/02\/IMG_3042-2048x1536.webp",2048,1536,true],"trp-custom-language-flag":["https:\/\/ferligs.com\/wp-content\/uploads\/2026\/02\/IMG_3042-16x12.webp",16,12,true],"woocommerce_archive_thumbnail":["https:\/\/ferligs.com\/wp-content\/uploads\/2026\/02\/IMG_3042-300x225.webp",300,225,true],"woocommerce_thumbnail":["https:\/\/ferligs.com\/wp-content\/uploads\/2026\/02\/IMG_3042-300x225.webp",300,225,true],"woocommerce_single":["https:\/\/ferligs.com\/wp-content\/uploads\/2026\/02\/IMG_3042-600x450.webp",600,450,true],"woocommerce_gallery_thumbnail":["https:\/\/ferligs.com\/wp-content\/uploads\/2026\/02\/IMG_3042-100x100.webp",100,100,true]},"post_excerpt_stackable_v2":"<p>The Pokainu firewood rack features a modern, minimalist design with a compact footprint, making it perfect for both indoor and outdoor spaces. Made from 2.5\u00d72.5\u202fcm steel square tubing with a durable powder-coated finish, it resists rust, corrosion, and daily wear. Its sturdy frame keeps logs securely stacked, while the two integrated shelves provide extra space for kindling, fire tools, or decorative items. Available in 90\u202fcm or 120\u202fcm height, 50\u202fcm width, and 25\u202fcm depth, the Pokainu rack is ready to use, keeping your firewood organized, elevated off the floor, and visually appealing.<\/p>\n","category_list_v2":"","author_info_v2":{"name":"","url":""},"comments_num_v2":"0 commentaire","jetpack_publicize_connections":[],"jetpack_sharing_enabled":true,"_links":{"self":[{"href":"https:\/\/ferligs.com\/fr\/wp-json\/wp\/v2\/product\/4591","targetHints":{"allow":["GET"]}}],"collection":[{"href":"https:\/\/ferligs.com\/fr\/wp-json\/wp\/v2\/product"}],"about":[{"href":"https:\/\/ferligs.com\/fr\/wp-json\/wp\/v2\/types\/product"}],"wp:featuredmedia":[{"embeddable":true,"href":"https:\/\/ferligs.com\/fr\/wp-json\/wp\/v2\/media\/5006"}],"wp:attachment":[{"href":"https:\/\/ferligs.com\/fr\/wp-json\/wp\/v2\/media?parent=4591"}],"wp:term":[{"taxonomy":"product_brand","embeddable":true,"href":"https:\/\/ferligs.com\/fr\/wp-json\/wp\/v2\/product_brand?post=4591"},{"taxonomy":"product_cat","embeddable":true,"href":"https:\/\/ferligs.com\/fr\/wp-json\/wp\/v2\/product_cat?post=4591"},{"taxonomy":"product_tag","embeddable":true,"href":"https:\/\/ferligs.com\/fr\/wp-json\/wp\/v2\/product_tag?post=4591"}],"curies":[{"name":"wp","href":"https:\/\/api.w.org\/{rel}","templated":true}]}}