{"id":4554,"date":"2026-02-25T15:52:17","date_gmt":"2026-02-25T13:52:17","guid":{"rendered":"https:\/\/ferligs.com\/?post_type=product&#038;p=4554"},"modified":"2026-03-03T09:09:31","modified_gmt":"2026-03-03T07:09:31","slug":"rumbula-firewood-rack-with-shelf","status":"publish","type":"product","link":"https:\/\/ferligs.com\/fr\/product\/rumbula-firewood-rack-with-shelf\/","title":{"rendered":"RUMBULA \u2013 Porte-b\u00fbches"},"content":{"rendered":"<p>Le porte-b\u00fbches RUMBULA allie fonctionnalit\u00e9 et design moderne, ce qui en fait un compl\u00e9ment id\u00e9al pour tout espace de vie. Son encombrement r\u00e9duit lui permet de s'int\u00e9grer dans les petits recoins tout en offrant une capacit\u00e9 suffisante pour un usage pratique. Ses lignes \u00e9pur\u00e9es et son style minimaliste mettent en valeur les int\u00e9rieurs comme les ext\u00e9rieurs, apportant une touche d\u00e9corative qui s'harmonise naturellement avec le mobilier et l'environnement.<\/p>\n<p>Fabriqu\u00e9 \u00e0 partir de tubes carr\u00e9s en acier de 2,5 \u00d7 2,5 cm et dot\u00e9 d'un rev\u00eatement en poudre r\u00e9sistant, ce support offre une excellente r\u00e9sistance \u00e0 la corrosion, \u00e0 la rouille et \u00e0 l'usure quotidienne. Sa conception stable permet de maintenir votre bois de chauffage bien empil\u00e9, tandis que l'\u00e9tag\u00e8re int\u00e9gr\u00e9e offre un espace suppl\u00e9mentaire pour le petit bois, les outils ou des objets d\u00e9coratifs. Sa construction robuste garantit une longue dur\u00e9e de vie, \u00e0 l'int\u00e9rieur comme \u00e0 l'ext\u00e9rieur.<\/p>\n<p>Mesurant 90 ou 120 cm de haut, 50 cm de large et 25 cm de profondeur, le porte-b\u00fbches RUMBULA est pr\u00eat \u00e0 l'emploi d\u00e8s sa sortie de l'emballage. Il permet de ranger votre bois de chauffage de mani\u00e8re ordonn\u00e9e, \u00e0 l'\u00e9cart du sol, tout en offrant un aspect esth\u00e9tique, ce qui en fait une solution \u00e0 la fois pratique et \u00e9l\u00e9gante pour la maison, la terrasse ou le jardin. Alliant durabilit\u00e9, esth\u00e9tique moderne et polyvalence, c'est le choix id\u00e9al pour ceux qui accordent de l'importance \u00e0 la fois \u00e0 la forme et \u00e0 la fonctionnalit\u00e9.<\/p>","protected":false},"excerpt":{"rendered":"<p>Porte-b\u00fbches moderne Rumbula avec \u00e9tag\u00e8re. Compact, \u00e9l\u00e9gant et r\u00e9sistant, ce porte-b\u00fbches peut contenir une grande quantit\u00e9 de b\u00fbches tout en vous permettant de garder votre espace bien rang\u00e9. Fabriqu\u00e9 en acier thermolaqu\u00e9 et dot\u00e9 d'une \u00e9tag\u00e8re int\u00e9gr\u00e9e, il est id\u00e9al pour une utilisation \u00e0 l'int\u00e9rieur comme \u00e0 l'ext\u00e9rieur et pr\u00eat \u00e0 l'emploi d\u00e8s sa r\u00e9ception.<\/p>","protected":false},"featured_media":4983,"template":"","meta":{"jetpack_publicize_message":"","jetpack_publicize_feature_enabled":true,"jetpack_social_post_already_shared":true,"jetpack_social_options":{"image_generator_settings":{"template":"highway","default_image_id":0,"font":"","enabled":false},"version":2}},"product_brand":[578],"product_cat":[112],"product_tag":[],"class_list":{"0":"post-4554","1":"product","2":"type-product","3":"status-publish","4":"has-post-thumbnail","6":"product_brand-ferligs","7":"product_cat-firewood","8":"product_shipping_class-racks","10":"first","11":"instock","12":"sale","13":"taxable","14":"shipping-taxable","15":"purchasable","16":"product-type-variable","17":"has-default-attributes"},"featured_image_urls_v2":{"full":["https:\/\/ferligs.com\/wp-content\/uploads\/2026\/03\/IMG_2451-scaled.webp",2560,1920,false],"thumbnail":["https:\/\/ferligs.com\/wp-content\/uploads\/2026\/03\/IMG_2451-150x150.webp",150,150,true],"medium":["https:\/\/ferligs.com\/wp-content\/uploads\/2026\/03\/IMG_2451-300x225.webp",300,225,true],"medium_large":["https:\/\/ferligs.com\/wp-content\/uploads\/2026\/03\/IMG_2451-768x576.webp",768,576,true],"large":["https:\/\/ferligs.com\/wp-content\/uploads\/2026\/03\/IMG_2451-1024x768.webp",1024,768,true],"1536x1536":["https:\/\/ferligs.com\/wp-content\/uploads\/2026\/03\/IMG_2451-1536x1152.webp",1536,1152,true],"2048x2048":["https:\/\/ferligs.com\/wp-content\/uploads\/2026\/03\/IMG_2451-2048x1536.webp",2048,1536,true],"trp-custom-language-flag":["https:\/\/ferligs.com\/wp-content\/uploads\/2026\/03\/IMG_2451-16x12.webp",16,12,true],"woocommerce_archive_thumbnail":["https:\/\/ferligs.com\/wp-content\/uploads\/2026\/03\/IMG_2451-300x225.webp",300,225,true],"woocommerce_thumbnail":["https:\/\/ferligs.com\/wp-content\/uploads\/2026\/03\/IMG_2451-300x225.webp",300,225,true],"woocommerce_single":["https:\/\/ferligs.com\/wp-content\/uploads\/2026\/03\/IMG_2451-600x450.webp",600,450,true],"woocommerce_gallery_thumbnail":["https:\/\/ferligs.com\/wp-content\/uploads\/2026\/03\/IMG_2451-100x100.webp",100,100,true]},"post_excerpt_stackable_v2":"<p>Rumbula modern firewood rack with shelf. Compact, stylish, and durable, this firewood rack holds plenty of logs while keeping your space organized. Made from powder-coated steel with a built-in shelf, it\u2019s perfect for indoor or outdoor use and ready to use right away.<\/p>\n","category_list_v2":"","author_info_v2":{"name":"","url":""},"comments_num_v2":"0 commentaire","jetpack_publicize_connections":[],"jetpack_sharing_enabled":true,"_links":{"self":[{"href":"https:\/\/ferligs.com\/fr\/wp-json\/wp\/v2\/product\/4554","targetHints":{"allow":["GET"]}}],"collection":[{"href":"https:\/\/ferligs.com\/fr\/wp-json\/wp\/v2\/product"}],"about":[{"href":"https:\/\/ferligs.com\/fr\/wp-json\/wp\/v2\/types\/product"}],"wp:featuredmedia":[{"embeddable":true,"href":"https:\/\/ferligs.com\/fr\/wp-json\/wp\/v2\/media\/4983"}],"wp:attachment":[{"href":"https:\/\/ferligs.com\/fr\/wp-json\/wp\/v2\/media?parent=4554"}],"wp:term":[{"taxonomy":"product_brand","embeddable":true,"href":"https:\/\/ferligs.com\/fr\/wp-json\/wp\/v2\/product_brand?post=4554"},{"taxonomy":"product_cat","embeddable":true,"href":"https:\/\/ferligs.com\/fr\/wp-json\/wp\/v2\/product_cat?post=4554"},{"taxonomy":"product_tag","embeddable":true,"href":"https:\/\/ferligs.com\/fr\/wp-json\/wp\/v2\/product_tag?post=4554"}],"curies":[{"name":"wp","href":"https:\/\/api.w.org\/{rel}","templated":true}]}}