{"id":4538,"date":"2026-02-25T14:37:12","date_gmt":"2026-02-25T12:37:12","guid":{"rendered":"https:\/\/ferligs.com\/?post_type=product&#038;p=4538"},"modified":"2026-03-11T19:59:18","modified_gmt":"2026-03-11T17:59:18","slug":"venta-table-legs","status":"publish","type":"product","link":"https:\/\/ferligs.com\/fr\/product\/venta-table-legs\/","title":{"rendered":"VENTE \u2013 Pieds de table \u00e0 manger"},"content":{"rendered":"<p>Venta est un pi\u00e8tement de table au design raffin\u00e9 en croisillons, fabriqu\u00e9 \u00e0 partir de tubes d'acier de haute qualit\u00e9 de 50 \u00d7 20 mm. Ses lignes entrecrois\u00e9es lui conf\u00e8rent un aspect architectural \u00e9pur\u00e9 tout en garantissant une excellente solidit\u00e9 et un \u00e9quilibre parfait. Ce pi\u00e8tement, fruit d'une conception soign\u00e9e, offre un soutien fiable et permet de s'asseoir confortablement, vous aidant ainsi \u00e0 accueillir le plus grand nombre d'invit\u00e9s possible autour de la table, tant \u00e0 la maison qu'en milieu professionnel.<\/p>\n<p>Le socle est livr\u00e9 en pi\u00e8ces d\u00e9tach\u00e9es afin de garantir un transport s\u00fbr et pratique. Son montage est simple et ne n\u00e9cessite aucune comp\u00e9tence particuli\u00e8re. Des instructions claires, \u00e9tape par \u00e9tape, sont fournies, et le colis contient tout le mat\u00e9riel n\u00e9cessaire, ce qui vous permet de proc\u00e9der \u00e0 l'installation rapidement et efficacement, sans avoir besoin d'outils sp\u00e9ciaux ni de composants suppl\u00e9mentaires.<\/p>\n<p>Chaque pi\u00e8ce est recouverte d'un rev\u00eatement en poudre haut de gamme qui offre une protection durable contre les rayures, l'usure quotidienne et la corrosion. Cette surface r\u00e9sistante am\u00e9liore non seulement l'aspect g\u00e9n\u00e9ral du produit, mais garantit \u00e9galement que le socle conserve sa solidit\u00e9 et son \u00e9l\u00e9gance pendant de nombreuses ann\u00e9es d'utilisation r\u00e9guli\u00e8re.<\/p>\n<p>Des dimensions et des sp\u00e9cifications personnalis\u00e9es sont disponibles sur demande afin de r\u00e9pondre aux exigences sp\u00e9cifiques de votre projet. Veuillez noter que le prix comprend uniquement le pi\u00e8tement de la table ; le plateau n'est pas inclus. Le syst\u00e8me de fixation standard comporte des trous de 5 mm. Dimensions : hauteur 71 cm avec pieds r\u00e9glables (~1 cm) ; largeur inf\u00e9rieure 80 cm, largeur sup\u00e9rieure 50 cm ; longueur inf\u00e9rieure et sup\u00e9rieure 80 cm.<\/p>","protected":false},"excerpt":{"rendered":"<p>Venta est un pi\u00e8tement de table \u00e9l\u00e9gant, fabriqu\u00e9 \u00e0 partir de tubes d'acier r\u00e9sistants de 50 \u00d7 20 mm, dont les lignes entrecrois\u00e9es allient \u00e9l\u00e9gance moderne et solidit\u00e9, offrant un soutien stable. Dot\u00e9 d'un rev\u00eatement par poudrage pour une protection durable contre les rayures et la corrosion, il permet d'accueillir un maximum de convives autour de la table. Livr\u00e9 en kit avec toute la quincaillerie et les instructions n\u00e9cessaires, il peut \u00e9galement \u00eatre fabriqu\u00e9 sur mesure.<\/p>","protected":false},"featured_media":4674,"template":"","meta":{"jetpack_publicize_message":"","jetpack_publicize_feature_enabled":true,"jetpack_social_post_already_shared":true,"jetpack_social_options":{"image_generator_settings":{"template":"highway","default_image_id":0,"font":"","enabled":false},"version":2}},"product_brand":[578],"product_cat":[113],"product_tag":[704],"class_list":{"0":"post-4538","1":"product","2":"type-product","3":"status-publish","4":"has-post-thumbnail","6":"product_brand-ferligs","7":"product_cat-table-legs","8":"product_tag-table-bases","9":"product_shipping_class-tables-legs","11":"first","12":"instock","13":"sale","14":"taxable","15":"shipping-taxable","16":"purchasable","17":"product-type-variable","18":"has-default-attributes"},"featured_image_urls_v2":{"full":["https:\/\/ferligs.com\/wp-content\/uploads\/2026\/02\/TRAP_1_3-scaled.webp",2560,1707,false],"thumbnail":["https:\/\/ferligs.com\/wp-content\/uploads\/2026\/02\/TRAP_1_3-150x150.webp",150,150,true],"medium":["https:\/\/ferligs.com\/wp-content\/uploads\/2026\/02\/TRAP_1_3-300x200.webp",300,200,true],"medium_large":["https:\/\/ferligs.com\/wp-content\/uploads\/2026\/02\/TRAP_1_3-768x512.webp",768,512,true],"large":["https:\/\/ferligs.com\/wp-content\/uploads\/2026\/02\/TRAP_1_3-1024x683.webp",1024,683,true],"1536x1536":["https:\/\/ferligs.com\/wp-content\/uploads\/2026\/02\/TRAP_1_3-1536x1024.webp",1536,1024,true],"2048x2048":["https:\/\/ferligs.com\/wp-content\/uploads\/2026\/02\/TRAP_1_3-2048x1365.webp",2048,1365,true],"trp-custom-language-flag":["https:\/\/ferligs.com\/wp-content\/uploads\/2026\/02\/TRAP_1_3-18x12.webp",18,12,true],"woocommerce_archive_thumbnail":["https:\/\/ferligs.com\/wp-content\/uploads\/2026\/02\/TRAP_1_3-300x200.webp",300,200,true],"woocommerce_thumbnail":["https:\/\/ferligs.com\/wp-content\/uploads\/2026\/02\/TRAP_1_3-300x200.webp",300,200,true],"woocommerce_single":["https:\/\/ferligs.com\/wp-content\/uploads\/2026\/02\/TRAP_1_3-600x400.webp",600,400,true],"woocommerce_gallery_thumbnail":["https:\/\/ferligs.com\/wp-content\/uploads\/2026\/02\/TRAP_1_3-100x100.webp",100,100,true]},"post_excerpt_stackable_v2":"<p>Venta is a stylish table base made from durable 50\u00d720 mm steel tubing, featuring intersecting lines that combine modern elegance with strong, stable support. Powder-coated for long-lasting protection against scratches and corrosion, it allows maximum seating around the table. Delivered unassembled with all hardware and instructions included, it can also be custom-sized.<\/p>\n","category_list_v2":"","author_info_v2":{"name":"","url":""},"comments_num_v2":"0 commentaire","jetpack_publicize_connections":[],"jetpack_sharing_enabled":true,"_links":{"self":[{"href":"https:\/\/ferligs.com\/fr\/wp-json\/wp\/v2\/product\/4538","targetHints":{"allow":["GET"]}}],"collection":[{"href":"https:\/\/ferligs.com\/fr\/wp-json\/wp\/v2\/product"}],"about":[{"href":"https:\/\/ferligs.com\/fr\/wp-json\/wp\/v2\/types\/product"}],"wp:featuredmedia":[{"embeddable":true,"href":"https:\/\/ferligs.com\/fr\/wp-json\/wp\/v2\/media\/4674"}],"wp:attachment":[{"href":"https:\/\/ferligs.com\/fr\/wp-json\/wp\/v2\/media?parent=4538"}],"wp:term":[{"taxonomy":"product_brand","embeddable":true,"href":"https:\/\/ferligs.com\/fr\/wp-json\/wp\/v2\/product_brand?post=4538"},{"taxonomy":"product_cat","embeddable":true,"href":"https:\/\/ferligs.com\/fr\/wp-json\/wp\/v2\/product_cat?post=4538"},{"taxonomy":"product_tag","embeddable":true,"href":"https:\/\/ferligs.com\/fr\/wp-json\/wp\/v2\/product_tag?post=4538"}],"curies":[{"name":"wp","href":"https:\/\/api.w.org\/{rel}","templated":true}]}}