{"id":4467,"date":"2026-02-25T14:17:29","date_gmt":"2026-02-25T12:17:29","guid":{"rendered":"https:\/\/ferligs.com\/?post_type=product&#038;p=4467"},"modified":"2026-03-11T20:02:19","modified_gmt":"2026-03-11T18:02:19","slug":"svete-spider-table-legs","status":"publish","type":"product","link":"https:\/\/ferligs.com\/fr\/product\/svete-spider-table-legs\/","title":{"rendered":"SVETE \u2013 Pieds de table Spider"},"content":{"rendered":"<p>Ce pi\u00e8tement de table \u00e9l\u00e9gant est fabriqu\u00e9 en acier de haute qualit\u00e9 et con\u00e7u pour allier durabilit\u00e9 et esth\u00e9tique raffin\u00e9e. Ses lignes entrecrois\u00e9es lui conf\u00e8rent un aspect distinctif et sophistiqu\u00e9 tout en offrant une excellente stabilit\u00e9 structurelle. Sa conception soigneusement \u00e9tudi\u00e9e permet d'accueillir un maximum de convives, ce qui en fait un choix id\u00e9al pour les tables \u00e0 manger, tant dans les espaces r\u00e9sidentiels que commerciaux.<\/p>\n<p>La base est livr\u00e9e en pi\u00e8ces d\u00e9tach\u00e9es afin de garantir un transport en toute s\u00e9curit\u00e9. Le montage est rapide et simple : des instructions claires et tout le mat\u00e9riel n\u00e9cessaire sont fournis dans l'emballage. Vous n'aurez besoin ni d'outils sp\u00e9ciaux ni de comp\u00e9tences particuli\u00e8res pour effectuer l'installation.<\/p>\n<p>Tous les composants sont recouverts d'un rev\u00eatement en poudre haut de gamme qui offre une protection fiable contre les rayures, l'usure et la corrosion. Cette finition r\u00e9sistante am\u00e9liore non seulement l'aspect esth\u00e9tique, mais garantit \u00e9galement des performances durables pour de nombreuses ann\u00e9es d'utilisation quotidienne.<\/p>\n<p>Des dimensions et des sp\u00e9cifications sur mesure sont disponibles sur demande afin de r\u00e9pondre parfaitement aux exigences de votre projet. Le prix indiqu\u00e9 comprend uniquement le pi\u00e8tement de la table ; le plateau n'est pas inclus. Mat\u00e9riau : tube en acier de 60 \u00d7 30 mm. La configuration standard comprend des trous de fixation de 5 mm (d'autres dimensions de trous sont disponibles sur demande). Dimensions : hauteur env. 71 cm ; largeur au choix entre 60 et 100 cm ; longueur au choix entre 60 et 100 cm.<\/p>","protected":false},"excerpt":{"rendered":"<p>\u00c9l\u00e9gant et r\u00e9sistant, ce pi\u00e8tement de table en m\u00e9tal est fabriqu\u00e9 \u00e0 partir de tubes d'acier de 60 \u00d7 30 mm et pr\u00e9sente un motif entrecrois\u00e9 raffin\u00e9 qui apporte une touche de modernit\u00e9 \u00e0 tout int\u00e9rieur. Sa construction robuste garantit une excellente stabilit\u00e9 tout en offrant un confort d'assise optimal autour de la table. Dot\u00e9 d'un rev\u00eatement en poudre durable pour une protection renforc\u00e9e contre les rayures et la corrosion, il convient aussi bien \u00e0 un usage domestique que professionnel.<\/p>","protected":false},"featured_media":5146,"template":"","meta":{"jetpack_publicize_message":"","jetpack_publicize_feature_enabled":true,"jetpack_social_post_already_shared":true,"jetpack_social_options":{"image_generator_settings":{"template":"highway","default_image_id":0,"font":"","enabled":false},"version":2}},"product_brand":[578],"product_cat":[113],"product_tag":[705],"class_list":{"0":"post-4467","1":"product","2":"type-product","3":"status-publish","4":"has-post-thumbnail","6":"product_brand-ferligs","7":"product_cat-table-legs","8":"product_tag-spider-legs","9":"product_shipping_class-tables-legs","11":"first","12":"instock","13":"sale","14":"taxable","15":"shipping-taxable","16":"purchasable","17":"product-type-variable","18":"has-default-attributes"},"featured_image_urls_v2":{"full":["https:\/\/ferligs.com\/wp-content\/uploads\/2026\/02\/il_fullxfull.7220101041_aj5f-scaled.webp",2560,1707,false],"thumbnail":["https:\/\/ferligs.com\/wp-content\/uploads\/2026\/02\/il_fullxfull.7220101041_aj5f-150x150.webp",150,150,true],"medium":["https:\/\/ferligs.com\/wp-content\/uploads\/2026\/02\/il_fullxfull.7220101041_aj5f-300x200.webp",300,200,true],"medium_large":["https:\/\/ferligs.com\/wp-content\/uploads\/2026\/02\/il_fullxfull.7220101041_aj5f-768x512.webp",768,512,true],"large":["https:\/\/ferligs.com\/wp-content\/uploads\/2026\/02\/il_fullxfull.7220101041_aj5f-1024x683.webp",1024,683,true],"1536x1536":["https:\/\/ferligs.com\/wp-content\/uploads\/2026\/02\/il_fullxfull.7220101041_aj5f-1536x1024.webp",1536,1024,true],"2048x2048":["https:\/\/ferligs.com\/wp-content\/uploads\/2026\/02\/il_fullxfull.7220101041_aj5f-2048x1365.webp",2048,1365,true],"trp-custom-language-flag":["https:\/\/ferligs.com\/wp-content\/uploads\/2026\/02\/il_fullxfull.7220101041_aj5f-18x12.webp",18,12,true],"woocommerce_archive_thumbnail":["https:\/\/ferligs.com\/wp-content\/uploads\/2026\/02\/il_fullxfull.7220101041_aj5f-300x200.webp",300,200,true],"woocommerce_thumbnail":["https:\/\/ferligs.com\/wp-content\/uploads\/2026\/02\/il_fullxfull.7220101041_aj5f-300x200.webp",300,200,true],"woocommerce_single":["https:\/\/ferligs.com\/wp-content\/uploads\/2026\/02\/il_fullxfull.7220101041_aj5f-600x400.webp",600,400,true],"woocommerce_gallery_thumbnail":["https:\/\/ferligs.com\/wp-content\/uploads\/2026\/02\/il_fullxfull.7220101041_aj5f-100x100.webp",100,100,true]},"post_excerpt_stackable_v2":"<p>Elegant and durable, this metal table base is crafted from 60\u00d730 mm steel tubing and features a refined intersecting design that adds a modern touch to any interior. Its sturdy construction ensures excellent stability while allowing maximum seating comfort around the table. Finished with a long-lasting powder coating for enhanced protection against scratches and corrosion, it is suitable for both home and commercial use.<\/p>\n","category_list_v2":"","author_info_v2":{"name":"","url":""},"comments_num_v2":"0 commentaire","jetpack_publicize_connections":[],"jetpack_sharing_enabled":true,"_links":{"self":[{"href":"https:\/\/ferligs.com\/fr\/wp-json\/wp\/v2\/product\/4467","targetHints":{"allow":["GET"]}}],"collection":[{"href":"https:\/\/ferligs.com\/fr\/wp-json\/wp\/v2\/product"}],"about":[{"href":"https:\/\/ferligs.com\/fr\/wp-json\/wp\/v2\/types\/product"}],"wp:featuredmedia":[{"embeddable":true,"href":"https:\/\/ferligs.com\/fr\/wp-json\/wp\/v2\/media\/5146"}],"wp:attachment":[{"href":"https:\/\/ferligs.com\/fr\/wp-json\/wp\/v2\/media?parent=4467"}],"wp:term":[{"taxonomy":"product_brand","embeddable":true,"href":"https:\/\/ferligs.com\/fr\/wp-json\/wp\/v2\/product_brand?post=4467"},{"taxonomy":"product_cat","embeddable":true,"href":"https:\/\/ferligs.com\/fr\/wp-json\/wp\/v2\/product_cat?post=4467"},{"taxonomy":"product_tag","embeddable":true,"href":"https:\/\/ferligs.com\/fr\/wp-json\/wp\/v2\/product_tag?post=4467"}],"curies":[{"name":"wp","href":"https:\/\/api.w.org\/{rel}","templated":true}]}}