{"id":4334,"date":"2026-02-25T10:33:46","date_gmt":"2026-02-25T08:33:46","guid":{"rendered":"https:\/\/ferligs.com\/?post_type=product&#038;p=4334"},"modified":"2026-03-11T20:04:41","modified_gmt":"2026-03-11T18:04:41","slug":"seda-table-legs","status":"publish","type":"product","link":"https:\/\/ferligs.com\/fr\/product\/seda-table-legs\/","title":{"rendered":"SEDA \u2013 Pieds de table en m\u00e9tal pour tables \u00e0 manger"},"content":{"rendered":"<p>Le pi\u00e8tement de table \u00e0 manger Seda allie avec raffinement robustesse, sym\u00e9trie et \u00e9l\u00e9gance contemporaine. Con\u00e7u pour offrir une base solide et visuellement \u00e9quilibr\u00e9e, ce pi\u00e8tement met en valeur les int\u00e9rieurs tant modernes que classiques gr\u00e2ce \u00e0 ses lignes \u00e9pur\u00e9es et sa forme architecturale. Sa conception proportionn\u00e9e assure non seulement une grande stabilit\u00e9, mais garantit \u00e9galement un espace confortable pour s'asseoir, ce qui en fait une solution id\u00e9ale pour les salles \u00e0 manger o\u00f9 fonctionnalit\u00e9 et esth\u00e9tique rev\u00eatent une importance \u00e9gale.<\/p>\n<p>Fabriqu\u00e9 \u00e0 partir de tubes en acier de haute qualit\u00e9 (60 \u00d7 30 \u00d7 1,5 mm en standard), le pi\u00e8tement de table \u00e0 manger Seda offre une durabilit\u00e9 \u00e0 toute \u00e9preuve pour un usage quotidien. Chaque composant est recouvert d'un rev\u00eatement en poudre appliqu\u00e9 par des professionnels afin d'assurer une protection durable contre les rayures, l'usure et la corrosion, garantissant ainsi que le pi\u00e8tement conservera son aspect impeccable pendant de nombreuses ann\u00e9es. Sa construction robuste lui permet de supporter une grande vari\u00e9t\u00e9 de mat\u00e9riaux pour le plateau, du bois massif au placage en passant par les surfaces composites.<\/p>\n<p>La base est livr\u00e9e en kit pour garantir un transport en toute s\u00e9curit\u00e9 ; elle est accompagn\u00e9e d'instructions claires et de tout le mat\u00e9riel de fixation n\u00e9cessaire pour une installation ais\u00e9e. Elle est pr\u00e9-perc\u00e9e de trous de fixation de 5 mm pour une fixation solide du plateau, et d'autres configurations de trous peuvent \u00eatre pr\u00e9vues sur demande. Ses dimensions, soigneusement \u00e9tudi\u00e9es, assurent \u00e0 la fois l'int\u00e9grit\u00e9 structurelle et un espace suffisant pour les jambes, garantissant ainsi un confort d'assise optimal.<\/p>\n<p>Enti\u00e8rement personnalisable, le pi\u00e8tement de table Seda peut \u00eatre adapt\u00e9 \u00e0 vos sp\u00e9cifications exactes, notamment en termes de dimensions, de longueur, de couleur et de param\u00e8tres techniques. Les dimensions standard comprennent une hauteur d'environ 71 cm, une largeur de 70 cm et des options de longueur r\u00e9glables de 70 \u00e0 200 cm. Si vous avez besoin d'une solution sur mesure pour votre projet d'am\u00e9nagement int\u00e9rieur, nous serons ravis de cr\u00e9er un pi\u00e8tement personnalis\u00e9, con\u00e7u pr\u00e9cis\u00e9ment pour r\u00e9pondre \u00e0 vos besoins. Veuillez noter que le prix indiqu\u00e9 s'applique uniquement au pi\u00e8tement ; le plateau n'est pas inclus.<\/p>","protected":false},"excerpt":{"rendered":"<p>Le pi\u00e8tement de table Seda est une structure en acier robuste et \u00e9l\u00e9gante, con\u00e7ue pour les salles \u00e0 manger modernes et classiques. Fabriqu\u00e9 \u00e0 partir de tubes en acier de 60 \u00d7 30 \u00d7 1,5 mm et dot\u00e9 d\u2019un rev\u00eatement en poudre r\u00e9sistant, il garantit solidit\u00e9, stabilit\u00e9 et esth\u00e9tique raffin\u00e9e. Livr\u00e9 en kit avec des trous de fixation pr\u00e9-perc\u00e9s pour une installation facile, ce pi\u00e8tement est enti\u00e8rement personnalisable en termes de dimensions et de couleur. Convient aux plateaux de table d'une longueur comprise entre 70 et 200 cm. Plateau de table non inclus.<\/p>","protected":false},"featured_media":4460,"template":"","meta":{"jetpack_publicize_message":"","jetpack_publicize_feature_enabled":true,"jetpack_social_post_already_shared":true,"jetpack_social_options":{"image_generator_settings":{"template":"highway","default_image_id":0,"font":"","enabled":false},"version":2}},"product_brand":[578],"product_cat":[113],"product_tag":[701,704],"class_list":{"0":"post-4334","1":"product","2":"type-product","3":"status-publish","4":"has-post-thumbnail","6":"product_brand-ferligs","7":"product_cat-table-legs","8":"product_tag-a-shaped-table-legs","9":"product_tag-table-bases","10":"product_shipping_class-tables-legs","12":"first","13":"instock","14":"sale","15":"taxable","16":"shipping-taxable","17":"purchasable","18":"product-type-variable","19":"has-default-attributes"},"featured_image_urls_v2":{"full":["https:\/\/ferligs.com\/wp-content\/uploads\/2026\/02\/3.webp",1640,1360,false],"thumbnail":["https:\/\/ferligs.com\/wp-content\/uploads\/2026\/02\/3-150x150.webp",150,150,true],"medium":["https:\/\/ferligs.com\/wp-content\/uploads\/2026\/02\/3-300x249.webp",300,249,true],"medium_large":["https:\/\/ferligs.com\/wp-content\/uploads\/2026\/02\/3-768x637.webp",768,637,true],"large":["https:\/\/ferligs.com\/wp-content\/uploads\/2026\/02\/3-1024x849.webp",1024,849,true],"1536x1536":["https:\/\/ferligs.com\/wp-content\/uploads\/2026\/02\/3-1536x1274.webp",1536,1274,true],"2048x2048":["https:\/\/ferligs.com\/wp-content\/uploads\/2026\/02\/3.webp",1640,1360,false],"trp-custom-language-flag":["https:\/\/ferligs.com\/wp-content\/uploads\/2026\/02\/3-14x12.webp",14,12,true],"woocommerce_archive_thumbnail":["https:\/\/ferligs.com\/wp-content\/uploads\/2026\/02\/3-300x249.webp",300,249,true],"woocommerce_thumbnail":["https:\/\/ferligs.com\/wp-content\/uploads\/2026\/02\/3-300x249.webp",300,249,true],"woocommerce_single":["https:\/\/ferligs.com\/wp-content\/uploads\/2026\/02\/3-600x498.webp",600,498,true],"woocommerce_gallery_thumbnail":["https:\/\/ferligs.com\/wp-content\/uploads\/2026\/02\/3-100x100.webp",100,100,true]},"post_excerpt_stackable_v2":"<p>The Seda Dining table base is a durable and elegant steel foundation designed for modern and classic dining spaces. Made from 60 \u00d7 30 \u00d7 1.5 mm steel tubing and finished with a long-lasting powder coating, it ensures strength, stability, and a refined appearance. Delivered unassembled with pre-drilled mounting holes for easy installation, this base is fully customizable in size and color. Suitable for tabletops from 70 to 200 cm in length. Tabletop not included.<\/p>\n","category_list_v2":"","author_info_v2":{"name":"","url":""},"comments_num_v2":"0 commentaire","jetpack_publicize_connections":[],"jetpack_sharing_enabled":true,"_links":{"self":[{"href":"https:\/\/ferligs.com\/fr\/wp-json\/wp\/v2\/product\/4334","targetHints":{"allow":["GET"]}}],"collection":[{"href":"https:\/\/ferligs.com\/fr\/wp-json\/wp\/v2\/product"}],"about":[{"href":"https:\/\/ferligs.com\/fr\/wp-json\/wp\/v2\/types\/product"}],"wp:featuredmedia":[{"embeddable":true,"href":"https:\/\/ferligs.com\/fr\/wp-json\/wp\/v2\/media\/4460"}],"wp:attachment":[{"href":"https:\/\/ferligs.com\/fr\/wp-json\/wp\/v2\/media?parent=4334"}],"wp:term":[{"taxonomy":"product_brand","embeddable":true,"href":"https:\/\/ferligs.com\/fr\/wp-json\/wp\/v2\/product_brand?post=4334"},{"taxonomy":"product_cat","embeddable":true,"href":"https:\/\/ferligs.com\/fr\/wp-json\/wp\/v2\/product_cat?post=4334"},{"taxonomy":"product_tag","embeddable":true,"href":"https:\/\/ferligs.com\/fr\/wp-json\/wp\/v2\/product_tag?post=4334"}],"curies":[{"name":"wp","href":"https:\/\/api.w.org\/{rel}","templated":true}]}}