{"id":4289,"date":"2026-02-25T09:39:43","date_gmt":"2026-02-25T07:39:43","guid":{"rendered":"https:\/\/ferligs.com\/?post_type=product&#038;p=4289"},"modified":"2026-03-11T20:08:15","modified_gmt":"2026-03-11T18:08:15","slug":"uzava-table-legs","status":"publish","type":"product","link":"https:\/\/ferligs.com\/fr\/product\/uzava-table-legs\/","title":{"rendered":"UZAVA - Paire de pieds de table (en forme de U)"},"content":{"rendered":"<p>Le mod\u00e8le Uzava incarne une approche sophistiqu\u00e9e du design industriel, offrant une esth\u00e9tique \u00e0 la fois audacieuse et raffin\u00e9e qui s'int\u00e8gre parfaitement \u00e0 tout int\u00e9rieur moderne. Ces pieds de table en forme de U sont fabriqu\u00e9s avec un savoir-faire exceptionnel pour allier \u00e9l\u00e9gance minimaliste et robustesse. Con\u00e7us dans un style inspir\u00e9 des lofts, ils s'int\u00e8grent harmonieusement aux d\u00e9cors de cuisine ou de salon, offrant une base remarquable \u00e0 votre mobilier. Leurs lignes \u00e9pur\u00e9es et leurs proportions \u00e9quilibr\u00e9es garantissent que votre table restera une pi\u00e8ce ma\u00eetresse intemporelle.<\/p>\n<p>La qualit\u00e9 est au c\u0153ur de la gamme Uzava. Chaque pied est fabriqu\u00e9 \u00e0 partir d'un m\u00e9tal de premi\u00e8re qualit\u00e9, notamment d'un tube en acier robuste de 80 x 40 mm qui garantit une r\u00e9sistance exceptionnelle. Afin d'assurer une finition impeccable et durable, tous les composants sont soumis \u00e0 un proc\u00e9d\u00e9 professionnel de thermolaquage. Cette couche protectrice rehausse non seulement l'\u00e9l\u00e9gance du design, mais offre \u00e9galement une r\u00e9sistance sup\u00e9rieure \u00e0 l'usure, pr\u00e9servant ainsi l'aspect d'origine de vos pieds de table en U pendant de nombreuses ann\u00e9es.<\/p>\n<p>Les pieds Uzava allient ing\u00e9nierie et polyvalence. Que vous montiez une table \u00e0 manger massive ou un banc d'entr\u00e9e \u00e9pur\u00e9, ces pieds de table en forme de U offrent la stabilit\u00e9 n\u00e9cessaire pour s'adapter \u00e0 divers mat\u00e9riaux de plateau. Par d\u00e9faut, la base est pr\u00e9-perc\u00e9e de trous de fixation de 5 mm afin de faciliter une installation fluide et s\u00fbre. Le profil large du tube de 80 x 40 mm assure une assise solide, ce qui en fait un choix id\u00e9al pour ceux qui accordent de l'importance \u00e0 la fois \u00e0 l'esth\u00e9tique et \u00e0 la fiabilit\u00e9 fonctionnelle.<\/p>\n<p>Nous sommes conscients que chaque projet d'am\u00e9nagement int\u00e9rieur est unique ; c'est pourquoi le mod\u00e8le Uzava est enti\u00e8rement personnalisable pour r\u00e9pondre \u00e0 vos besoins sp\u00e9cifiques. Au-del\u00e0 de nos dimensions standard pour les tables et les bancs, nous proposons des ajustements sur mesure concernant la hauteur, la largeur et la palette de couleurs. Si vous avez une id\u00e9e pr\u00e9cise en t\u00eate ou si vous avez besoin de param\u00e8tres techniques sp\u00e9cifiques, notre \u00e9quipe est pr\u00eate \u00e0 cr\u00e9er des pieds de table en U sur mesure, sp\u00e9cialement con\u00e7us pour vous. Veuillez noter que le prix indiqu\u00e9 concerne uniquement le pi\u00e8tement m\u00e9tallique, hors plateau.<\/p>","protected":false},"excerpt":{"rendered":"<p>Les pieds de table en U Uzava allient robustesse industrielle et esth\u00e9tique minimaliste de style loft, gr\u00e2ce \u00e0 un profil\u00e9 en acier robuste de 80 x 40 mm et \u00e0 une finition thermolaqu\u00e9e r\u00e9sistante. Con\u00e7us aussi bien pour les tables \u00e0 manger que pour les bancs, ces pi\u00e8tements m\u00e9talliques de haute qualit\u00e9 offrent une stabilit\u00e9 exceptionnelle et un look \u00e9pur\u00e9 et moderne. Enti\u00e8rement personnalisable en termes de dimensions et de couleur, le mod\u00e8le Uzava constitue la base id\u00e9ale pour les projets de mobilier sur mesure qui exigent un \u00e9quilibre entre \u00e9l\u00e9gance et durabilit\u00e9.<\/p>","protected":false},"featured_media":5152,"template":"","meta":{"jetpack_publicize_message":"","jetpack_publicize_feature_enabled":true,"jetpack_social_post_already_shared":true,"jetpack_social_options":{"image_generator_settings":{"template":"highway","default_image_id":0,"font":"","enabled":false},"version":2}},"product_brand":[578],"product_cat":[113],"product_tag":[699],"class_list":{"0":"post-4289","1":"product","2":"type-product","3":"status-publish","4":"has-post-thumbnail","6":"product_brand-ferligs","7":"product_cat-table-legs","8":"product_tag-u-shaped-table-legs","9":"product_shipping_class-tables-legs","11":"first","12":"instock","13":"sale","14":"taxable","15":"shipping-taxable","16":"purchasable","17":"product-type-variable","18":"has-default-attributes"},"featured_image_urls_v2":{"full":["https:\/\/ferligs.com\/wp-content\/uploads\/2026\/02\/photo_2026-03-04_13-57-58.webp",1280,960,false],"thumbnail":["https:\/\/ferligs.com\/wp-content\/uploads\/2026\/02\/photo_2026-03-04_13-57-58-150x150.webp",150,150,true],"medium":["https:\/\/ferligs.com\/wp-content\/uploads\/2026\/02\/photo_2026-03-04_13-57-58-300x225.webp",300,225,true],"medium_large":["https:\/\/ferligs.com\/wp-content\/uploads\/2026\/02\/photo_2026-03-04_13-57-58-768x576.webp",768,576,true],"large":["https:\/\/ferligs.com\/wp-content\/uploads\/2026\/02\/photo_2026-03-04_13-57-58-1024x768.webp",1024,768,true],"1536x1536":["https:\/\/ferligs.com\/wp-content\/uploads\/2026\/02\/photo_2026-03-04_13-57-58.webp",1280,960,false],"2048x2048":["https:\/\/ferligs.com\/wp-content\/uploads\/2026\/02\/photo_2026-03-04_13-57-58.webp",1280,960,false],"trp-custom-language-flag":["https:\/\/ferligs.com\/wp-content\/uploads\/2026\/02\/photo_2026-03-04_13-57-58-16x12.webp",16,12,true],"woocommerce_archive_thumbnail":["https:\/\/ferligs.com\/wp-content\/uploads\/2026\/02\/photo_2026-03-04_13-57-58-300x225.webp",300,225,true],"woocommerce_thumbnail":["https:\/\/ferligs.com\/wp-content\/uploads\/2026\/02\/photo_2026-03-04_13-57-58-300x225.webp",300,225,true],"woocommerce_single":["https:\/\/ferligs.com\/wp-content\/uploads\/2026\/02\/photo_2026-03-04_13-57-58-600x450.webp",600,450,true],"woocommerce_gallery_thumbnail":["https:\/\/ferligs.com\/wp-content\/uploads\/2026\/02\/photo_2026-03-04_13-57-58-100x100.webp",100,100,true]},"post_excerpt_stackable_v2":"<p>The Uzava U-Shaped table legs combine industrial strength with a minimalist loft aesthetic, featuring a robust 80 x 40 mm steel profile and a durable powder-coated finish. Designed for both dining tables and benches, these high-quality metal bases provide exceptional stability and a sleek, modern look. Fully customizable in size and color, the Uzava model is the perfect foundation for bespoke furniture projects that require a balance of elegance and long-lasting durability.<\/p>\n","category_list_v2":"","author_info_v2":{"name":"","url":""},"comments_num_v2":"0 commentaire","jetpack_publicize_connections":[],"jetpack_sharing_enabled":true,"_links":{"self":[{"href":"https:\/\/ferligs.com\/fr\/wp-json\/wp\/v2\/product\/4289","targetHints":{"allow":["GET"]}}],"collection":[{"href":"https:\/\/ferligs.com\/fr\/wp-json\/wp\/v2\/product"}],"about":[{"href":"https:\/\/ferligs.com\/fr\/wp-json\/wp\/v2\/types\/product"}],"wp:featuredmedia":[{"embeddable":true,"href":"https:\/\/ferligs.com\/fr\/wp-json\/wp\/v2\/media\/5152"}],"wp:attachment":[{"href":"https:\/\/ferligs.com\/fr\/wp-json\/wp\/v2\/media?parent=4289"}],"wp:term":[{"taxonomy":"product_brand","embeddable":true,"href":"https:\/\/ferligs.com\/fr\/wp-json\/wp\/v2\/product_brand?post=4289"},{"taxonomy":"product_cat","embeddable":true,"href":"https:\/\/ferligs.com\/fr\/wp-json\/wp\/v2\/product_cat?post=4289"},{"taxonomy":"product_tag","embeddable":true,"href":"https:\/\/ferligs.com\/fr\/wp-json\/wp\/v2\/product_tag?post=4289"}],"curies":[{"name":"wp","href":"https:\/\/api.w.org\/{rel}","templated":true}]}}