{"id":4281,"date":"2026-02-26T16:04:02","date_gmt":"2026-02-26T14:04:02","guid":{"rendered":"https:\/\/ferligs.com\/?post_type=product&#038;p=4281"},"modified":"2026-03-11T19:58:13","modified_gmt":"2026-03-11T17:58:13","slug":"imula-table-legs","status":"publish","type":"product","link":"https:\/\/ferligs.com\/fr\/product\/imula-table-legs\/","title":{"rendered":"IMULA \u2013 Lot de 4 pieds de table en m\u00e9tal"},"content":{"rendered":"<p>Le lot de 4 pieds de table en m\u00e9tal \u00ab Imula \u00bb est con\u00e7u pour apporter solidit\u00e9, stabilit\u00e9 et une touche de modernit\u00e9 aux tables \u00e0 manger, bureaux, postes de travail et projets de mobilier sur mesure. Fabriqu\u00e9s \u00e0 partir de tubes en acier de haute qualit\u00e9 (60 \u00d7 20 mm), ces pieds offrent une excellente capacit\u00e9 de charge et une grande long\u00e9vit\u00e9, tout en conservant un look \u00e9pur\u00e9 et minimaliste qui s'int\u00e8gre parfaitement aux int\u00e9rieurs modernes et industriels.<\/p>\n<p>Chaque pied est recouvert d'un rev\u00eatement en poudre appliqu\u00e9 par des professionnels, garantissant une finition lisse et uniforme, r\u00e9sistante aux rayures, \u00e0 l'usure et \u00e0 la corrosion. Ce rev\u00eatement en poudre durable prot\u00e8ge l'acier et pr\u00e9serve son aspect pendant de nombreuses ann\u00e9es dans des conditions normales d'utilisation en int\u00e9rieur.<\/p>\n<p>La hauteur standard est de 71 cm, \u00e0 laquelle s'ajoutent des pieds r\u00e9glables (environ 1 cm) pour une meilleure stabilit\u00e9 sur les sols irr\u00e9guliers. Les pieds sont \u00e9quip\u00e9s de trous de fixation pr\u00e9-perc\u00e9s de 5 mm pour faciliter l'installation. Si vous avez besoin de trous de fixation d'autres dimensions, veuillez le pr\u00e9ciser lors de votre commande. Remarque : le prix comprend uniquement un lot de 4 pieds de table en m\u00e9tal. Le plateau n'est pas inclus.<\/p>","protected":false},"excerpt":{"rendered":"<p>L'ensemble de 4 pieds de table en m\u00e9tal Imula allie robustesse, durabilit\u00e9 et design moderne. Fabriqu\u00e9s \u00e0 partir de tubes en acier de 60 \u00d7 20 mm et dot\u00e9s d'un rev\u00eatement en poudre r\u00e9sistant, ces pieds de 71 cm offrent une excellente stabilit\u00e9 pour les tables \u00e0 manger, les bureaux et les projets de mobilier sur mesure. Les pieds r\u00e9glables garantissent un nivellement parfait. Plateau non inclus.<\/p>","protected":false},"featured_media":4638,"template":"","meta":{"jetpack_publicize_message":"","jetpack_publicize_feature_enabled":true,"jetpack_social_post_already_shared":true,"jetpack_social_options":{"image_generator_settings":{"template":"highway","default_image_id":0,"font":"","enabled":false},"version":2}},"product_brand":[578],"product_cat":[113],"product_tag":[],"class_list":{"0":"post-4281","1":"product","2":"type-product","3":"status-publish","4":"has-post-thumbnail","6":"product_brand-ferligs","7":"product_cat-table-legs","9":"first","10":"instock","11":"sale","12":"sold-individually","13":"taxable","14":"shipping-taxable","15":"purchasable","16":"product-type-variable","17":"has-default-attributes"},"featured_image_urls_v2":{"full":["https:\/\/ferligs.com\/wp-content\/uploads\/2026\/02\/IMG_0477-scaled.webp",2560,1920,false],"thumbnail":["https:\/\/ferligs.com\/wp-content\/uploads\/2026\/02\/IMG_0477-150x150.webp",150,150,true],"medium":["https:\/\/ferligs.com\/wp-content\/uploads\/2026\/02\/IMG_0477-300x225.webp",300,225,true],"medium_large":["https:\/\/ferligs.com\/wp-content\/uploads\/2026\/02\/IMG_0477-768x576.webp",768,576,true],"large":["https:\/\/ferligs.com\/wp-content\/uploads\/2026\/02\/IMG_0477-1024x768.webp",1024,768,true],"1536x1536":["https:\/\/ferligs.com\/wp-content\/uploads\/2026\/02\/IMG_0477-1536x1152.webp",1536,1152,true],"2048x2048":["https:\/\/ferligs.com\/wp-content\/uploads\/2026\/02\/IMG_0477-2048x1536.webp",2048,1536,true],"trp-custom-language-flag":["https:\/\/ferligs.com\/wp-content\/uploads\/2026\/02\/IMG_0477-16x12.webp",16,12,true],"woocommerce_archive_thumbnail":["https:\/\/ferligs.com\/wp-content\/uploads\/2026\/02\/IMG_0477-300x225.webp",300,225,true],"woocommerce_thumbnail":["https:\/\/ferligs.com\/wp-content\/uploads\/2026\/02\/IMG_0477-300x225.webp",300,225,true],"woocommerce_single":["https:\/\/ferligs.com\/wp-content\/uploads\/2026\/02\/IMG_0477-600x450.webp",600,450,true],"woocommerce_gallery_thumbnail":["https:\/\/ferligs.com\/wp-content\/uploads\/2026\/02\/IMG_0477-100x100.webp",100,100,true]},"post_excerpt_stackable_v2":"<p>The Imula \u2013 Set of 4 Metal Table Legs combines strength, durability, and modern design. Made from 60&#215;20 mm steel tube and finished with long-lasting powder coating, these 71 cm legs provide excellent stability for dining tables, desks, and custom furniture projects. Adjustable feet ensure perfect leveling. Tabletop not included.<\/p>\n","category_list_v2":"","author_info_v2":{"name":"","url":""},"comments_num_v2":"0 commentaire","jetpack_publicize_connections":[],"jetpack_sharing_enabled":true,"_links":{"self":[{"href":"https:\/\/ferligs.com\/fr\/wp-json\/wp\/v2\/product\/4281","targetHints":{"allow":["GET"]}}],"collection":[{"href":"https:\/\/ferligs.com\/fr\/wp-json\/wp\/v2\/product"}],"about":[{"href":"https:\/\/ferligs.com\/fr\/wp-json\/wp\/v2\/types\/product"}],"wp:featuredmedia":[{"embeddable":true,"href":"https:\/\/ferligs.com\/fr\/wp-json\/wp\/v2\/media\/4638"}],"wp:attachment":[{"href":"https:\/\/ferligs.com\/fr\/wp-json\/wp\/v2\/media?parent=4281"}],"wp:term":[{"taxonomy":"product_brand","embeddable":true,"href":"https:\/\/ferligs.com\/fr\/wp-json\/wp\/v2\/product_brand?post=4281"},{"taxonomy":"product_cat","embeddable":true,"href":"https:\/\/ferligs.com\/fr\/wp-json\/wp\/v2\/product_cat?post=4281"},{"taxonomy":"product_tag","embeddable":true,"href":"https:\/\/ferligs.com\/fr\/wp-json\/wp\/v2\/product_tag?post=4281"}],"curies":[{"name":"wp","href":"https:\/\/api.w.org\/{rel}","templated":true}]}}