{"id":3588,"date":"2026-02-03T13:36:21","date_gmt":"2026-02-03T11:36:21","guid":{"rendered":"https:\/\/ferligs.com\/?post_type=product&#038;p=3588"},"modified":"2026-03-11T20:10:54","modified_gmt":"2026-03-11T18:10:54","slug":"nirza-table-legs","status":"publish","type":"product","link":"https:\/\/ferligs.com\/fr\/product\/nirza-table-legs\/","title":{"rendered":"NIRZA \u2013 Pieds de table en m\u00e9tal"},"content":{"rendered":"<p>Pieds de table Nirza en forme de A fabriqu\u00e9s \u00e0 la main en acier de haute qualit\u00e9. Chaque paire est soigneusement con\u00e7ue pour garantir solidit\u00e9, stabilit\u00e9 et une finition impeccable et haut de gamme. L'\u00e9l\u00e9gant design trap\u00e9zo\u00efdal effil\u00e9 s'affine du sol vers le plateau, conf\u00e9rant \u00e0 la table un look moderne et raffin\u00e9 qui s'int\u00e8gre parfaitement \u00e0 tous les int\u00e9rieurs.<\/p>\n<p>L'ensemble comprend une paire de pieds de table m\u00e9talliques Nirza en forme de A (2 pi\u00e8ces). La base de la table est facile \u00e0 installer et est livr\u00e9e avec des trous de fixation pr\u00e9-perc\u00e9s. Toutes les pi\u00e8ces m\u00e9talliques sont recouvertes d'un rev\u00eatement en poudre durable qui prot\u00e8ge l'acier de l'usure et de la corrosion, garantissant ainsi une utilisation durable.<\/p>\n<p>Ces pieds de table Nirza fabriqu\u00e9s \u00e0 la main sont con\u00e7us pour offrir qualit\u00e9 et pr\u00e9cision, ce qui rend chaque pi\u00e8ce l\u00e9g\u00e8rement unique. Le design trap\u00e9zo\u00efdal en forme de A ajoute non seulement du style, mais augmente \u00e9galement la stabilit\u00e9 et la l\u00e9g\u00e8ret\u00e9 visuelle, donnant \u00e0 votre table un aspect \u00e9l\u00e9gant et robuste.<\/p>\n<p>Des dimensions et sp\u00e9cifications personnalis\u00e9es sont disponibles sur demande. Le prix indiqu\u00e9 correspond uniquement au pi\u00e8tement de la table. Le plateau n'est pas inclus.<\/p>\n<p>Mat\u00e9riau : tube en acier 80 \u00d7 40 mm. Trous de fixation : 5 mm (options personnalis\u00e9es disponibles sur demande).<\/p>\n<p>Dimensions : Hauteur 71 cm + pieds r\u00e9glables (~1 cm). Largeurs disponibles : 60 \/ 70 \/ 80 cm.<\/p>","protected":false},"excerpt":{"rendered":"<p>Pieds de table m\u00e9talliques en forme de A fabriqu\u00e9s \u00e0 la main \u00e0 partir d'acier de haute qualit\u00e9. Design \u00e9l\u00e9gant effil\u00e9 qui s'affine du sol au plateau. Finition durable avec rev\u00eatement en poudre. Facile \u00e0 installer. Dimensions personnalis\u00e9es disponibles.<\/p>","protected":false},"featured_media":3621,"template":"","meta":{"jetpack_publicize_message":"","jetpack_publicize_feature_enabled":true,"jetpack_social_post_already_shared":true,"jetpack_social_options":{"image_generator_settings":{"template":"highway","default_image_id":0,"font":"","enabled":false},"version":2}},"product_brand":[578],"product_cat":[113],"product_tag":[702],"class_list":{"0":"post-3588","1":"product","2":"type-product","3":"status-publish","4":"has-post-thumbnail","6":"product_brand-ferligs","7":"product_cat-table-legs","8":"product_tag-trapezoid-table-legs","9":"product_shipping_class-tables-legs","11":"first","12":"instock","13":"sale","14":"taxable","15":"shipping-taxable","16":"purchasable","17":"product-type-variable","18":"has-default-attributes"},"featured_image_urls_v2":{"full":["https:\/\/ferligs.com\/wp-content\/uploads\/2026\/02\/8657-Webp-1640x1360-1.webp",1639,1359,false],"thumbnail":["https:\/\/ferligs.com\/wp-content\/uploads\/2026\/02\/8657-Webp-1640x1360-1-150x150.webp",150,150,true],"medium":["https:\/\/ferligs.com\/wp-content\/uploads\/2026\/02\/8657-Webp-1640x1360-1-300x249.webp",300,249,true],"medium_large":["https:\/\/ferligs.com\/wp-content\/uploads\/2026\/02\/8657-Webp-1640x1360-1-768x637.webp",768,637,true],"large":["https:\/\/ferligs.com\/wp-content\/uploads\/2026\/02\/8657-Webp-1640x1360-1-1024x849.webp",1024,849,true],"1536x1536":["https:\/\/ferligs.com\/wp-content\/uploads\/2026\/02\/8657-Webp-1640x1360-1-1536x1274.webp",1536,1274,true],"2048x2048":["https:\/\/ferligs.com\/wp-content\/uploads\/2026\/02\/8657-Webp-1640x1360-1.webp",1639,1359,false],"trp-custom-language-flag":["https:\/\/ferligs.com\/wp-content\/uploads\/2026\/02\/8657-Webp-1640x1360-1-14x12.webp",14,12,true],"woocommerce_archive_thumbnail":["https:\/\/ferligs.com\/wp-content\/uploads\/2026\/02\/8657-Webp-1640x1360-1-300x249.webp",300,249,true],"woocommerce_thumbnail":["https:\/\/ferligs.com\/wp-content\/uploads\/2026\/02\/8657-Webp-1640x1360-1-300x249.webp",300,249,true],"woocommerce_single":["https:\/\/ferligs.com\/wp-content\/uploads\/2026\/02\/8657-Webp-1640x1360-1-600x497.webp",600,497,true],"woocommerce_gallery_thumbnail":["https:\/\/ferligs.com\/wp-content\/uploads\/2026\/02\/8657-Webp-1640x1360-1-100x100.webp",100,100,true]},"post_excerpt_stackable_v2":"<p>Handcrafted A-shaped metal table legs made of high-quality steel. Elegant tapered design that narrows from floor to tabletop. Durable powder-coated finish. Easy to install. Custom sizes available.<\/p>\n","category_list_v2":"","author_info_v2":{"name":"","url":""},"comments_num_v2":"0 commentaire","jetpack_publicize_connections":[],"jetpack_sharing_enabled":true,"_links":{"self":[{"href":"https:\/\/ferligs.com\/fr\/wp-json\/wp\/v2\/product\/3588","targetHints":{"allow":["GET"]}}],"collection":[{"href":"https:\/\/ferligs.com\/fr\/wp-json\/wp\/v2\/product"}],"about":[{"href":"https:\/\/ferligs.com\/fr\/wp-json\/wp\/v2\/types\/product"}],"wp:featuredmedia":[{"embeddable":true,"href":"https:\/\/ferligs.com\/fr\/wp-json\/wp\/v2\/media\/3621"}],"wp:attachment":[{"href":"https:\/\/ferligs.com\/fr\/wp-json\/wp\/v2\/media?parent=3588"}],"wp:term":[{"taxonomy":"product_brand","embeddable":true,"href":"https:\/\/ferligs.com\/fr\/wp-json\/wp\/v2\/product_brand?post=3588"},{"taxonomy":"product_cat","embeddable":true,"href":"https:\/\/ferligs.com\/fr\/wp-json\/wp\/v2\/product_cat?post=3588"},{"taxonomy":"product_tag","embeddable":true,"href":"https:\/\/ferligs.com\/fr\/wp-json\/wp\/v2\/product_tag?post=3588"}],"curies":[{"name":"wp","href":"https:\/\/api.w.org\/{rel}","templated":true}]}}