{"id":2523,"date":"2025-11-06T15:27:55","date_gmt":"2025-11-06T13:27:55","guid":{"rendered":"https:\/\/ferligs.com\/?post_type=product&#038;p=2523"},"modified":"2026-03-06T09:33:47","modified_gmt":"2026-03-06T07:33:47","slug":"musa-table-legs","status":"publish","type":"product","link":"https:\/\/ferligs.com\/fr\/product\/musa-table-legs\/","title":{"rendered":"MUSA &#8211; Metal Table Legs for Dining Tables"},"content":{"rendered":"<p>Les pieds de table en m\u00e9tal Musa sont une solution artisanale combinant style moderne, solidit\u00e9 exceptionnelle et durabilit\u00e9. Cette robuste base de table en m\u00e9tal est soigneusement soud\u00e9e \u00e0 la main en acier de haute qualit\u00e9, offrant une fondation stable et fiable capable de supporter des charges importantes et un usage quotidien. Con\u00e7ues pour des plateaux rectangulaires, ces pieds de table \u00e0 manger offrent une excellente stabilit\u00e9 et un support solide pour les tables \u00e0 manger, bureaux, tables de cuisine et tables de conf\u00e9rence.<\/p>\n<p>Les pieds de table Musa sont rev\u00eatus d\u2019une peinture en poudre durable qui prot\u00e8ge l\u2019acier contre les rayures, l\u2019usure et la corrosion, tout en conservant une apparence \u00e9l\u00e9gante et soign\u00e9e pendant de nombreuses ann\u00e9es. Chaque d\u00e9tail est soigneusement soud\u00e9 et fini pour assurer \u00e0 la fois un attrait visuel et une r\u00e9sistance m\u00e9canique. Gr\u00e2ce \u00e0 la construction soud\u00e9e et aux mat\u00e9riaux de qualit\u00e9, cette base de table en m\u00e9tal offre une excellente capacit\u00e9 de charge, adapt\u00e9e \u00e0 un usage domestique ou commercial.<\/p>\n<p>Avec leur design industriel minimaliste, les pieds de table \u00e0 manger Musa s\u2019int\u00e8grent parfaitement dans les int\u00e9rieurs modernes, industriels et contemporains, am\u00e9liorant le style des maisons, bureaux, studios, caf\u00e9s et autres espaces commerciaux. La base de table est livr\u00e9e non assembl\u00e9e pour un transport s\u00fbr et un montage facile. Le montage est simple, les instructions et tout le mat\u00e9riel de fixation sont inclus.<\/p>\n<p>Chaque base de table en m\u00e9tal Musa peut \u00eatre personnalis\u00e9e selon vos sp\u00e9cifications, vous permettant de choisir la taille parfaitement adapt\u00e9e \u00e0 votre plateau et \u00e0 votre int\u00e9rieur. Le prix concerne uniquement la base de table. Plateau non inclus.<\/p>","protected":false},"excerpt":{"rendered":"<p>Pieds m\u00e9talliques styl\u00e9s et robustes pour tables rectangulaires. Fabriqu\u00e9s en acier r\u00e9sistant \u00e0 la poudre, r\u00e9sistant aux \u00e9raflures et \u00e0 la corrosion. La commande de tailles non standard est possible. Fournis d\u00e9mont\u00e9s avec tous les pi\u00e8ces n\u00e9cessaires. <\/p>","protected":false},"featured_media":2518,"template":"","meta":{"jetpack_publicize_message":"","jetpack_publicize_feature_enabled":true,"jetpack_social_post_already_shared":false,"jetpack_social_options":{"image_generator_settings":{"template":"highway","default_image_id":0,"font":"","enabled":false},"version":2}},"product_brand":[578],"product_cat":[113],"product_tag":[705,704,698],"class_list":{"0":"post-2523","1":"product","2":"type-product","3":"status-publish","4":"has-post-thumbnail","6":"product_brand-ferligs","7":"product_cat-table-legs","8":"product_tag-spider-legs","9":"product_tag-table-bases","10":"product_tag-x-shaped-table-legs","11":"product_shipping_class-tables-legs","13":"first","14":"instock","15":"sale","16":"taxable","17":"shipping-taxable","18":"purchasable","19":"product-type-variable","20":"has-default-attributes"},"featured_image_urls_v2":{"full":["https:\/\/ferligs.com\/wp-content\/uploads\/2025\/11\/musa-table-legs-18-scaled.webp",2560,1919,false],"thumbnail":["https:\/\/ferligs.com\/wp-content\/uploads\/2025\/11\/musa-table-legs-18-150x150.webp",150,150,true],"medium":["https:\/\/ferligs.com\/wp-content\/uploads\/2025\/11\/musa-table-legs-18-300x225.webp",300,225,true],"medium_large":["https:\/\/ferligs.com\/wp-content\/uploads\/2025\/11\/musa-table-legs-18-768x576.webp",768,576,true],"large":["https:\/\/ferligs.com\/wp-content\/uploads\/2025\/11\/musa-table-legs-18-1024x768.webp",1024,768,true],"1536x1536":["https:\/\/ferligs.com\/wp-content\/uploads\/2025\/11\/musa-table-legs-18-1536x1152.webp",1536,1152,true],"2048x2048":["https:\/\/ferligs.com\/wp-content\/uploads\/2025\/11\/musa-table-legs-18-2048x1535.webp",2048,1535,true],"trp-custom-language-flag":["https:\/\/ferligs.com\/wp-content\/uploads\/2025\/11\/musa-table-legs-18-16x12.webp",16,12,true],"woocommerce_archive_thumbnail":["https:\/\/ferligs.com\/wp-content\/uploads\/2025\/11\/musa-table-legs-18-300x225.webp",300,225,true],"woocommerce_thumbnail":["https:\/\/ferligs.com\/wp-content\/uploads\/2025\/11\/musa-table-legs-18-300x225.webp",300,225,true],"woocommerce_single":["https:\/\/ferligs.com\/wp-content\/uploads\/2025\/11\/musa-table-legs-18-600x450.webp",600,450,true],"woocommerce_gallery_thumbnail":["https:\/\/ferligs.com\/wp-content\/uploads\/2025\/11\/musa-table-legs-18-100x100.webp",100,100,true]},"post_excerpt_stackable_v2":"<p>Stylish and strong metal table legs suitable for rectangular dinning tables. This durable metal table base is made from high-quality powder-coated steel, resistant to scratches, wear, and corrosion. Ideal as dining table legs for home or commercial use. Custom sizes available. Delivered unassembled with all hardware and instructions included. <\/p>\n","category_list_v2":"","author_info_v2":{"name":"","url":""},"comments_num_v2":"0 commentaire","jetpack_publicize_connections":[],"jetpack_sharing_enabled":true,"_links":{"self":[{"href":"https:\/\/ferligs.com\/fr\/wp-json\/wp\/v2\/product\/2523","targetHints":{"allow":["GET"]}}],"collection":[{"href":"https:\/\/ferligs.com\/fr\/wp-json\/wp\/v2\/product"}],"about":[{"href":"https:\/\/ferligs.com\/fr\/wp-json\/wp\/v2\/types\/product"}],"wp:featuredmedia":[{"embeddable":true,"href":"https:\/\/ferligs.com\/fr\/wp-json\/wp\/v2\/media\/2518"}],"wp:attachment":[{"href":"https:\/\/ferligs.com\/fr\/wp-json\/wp\/v2\/media?parent=2523"}],"wp:term":[{"taxonomy":"product_brand","embeddable":true,"href":"https:\/\/ferligs.com\/fr\/wp-json\/wp\/v2\/product_brand?post=2523"},{"taxonomy":"product_cat","embeddable":true,"href":"https:\/\/ferligs.com\/fr\/wp-json\/wp\/v2\/product_cat?post=2523"},{"taxonomy":"product_tag","embeddable":true,"href":"https:\/\/ferligs.com\/fr\/wp-json\/wp\/v2\/product_tag?post=2523"}],"curies":[{"name":"wp","href":"https:\/\/api.w.org\/{rel}","templated":true}]}}