{"id":1956,"date":"2025-03-03T22:58:06","date_gmt":"2025-03-03T20:58:06","guid":{"rendered":"https:\/\/ferligs.com\/?post_type=product&#038;p=1956"},"modified":"2026-03-05T16:15:35","modified_gmt":"2026-03-05T14:15:35","slug":"daugava","status":"publish","type":"product","link":"https:\/\/ferligs.com\/fr\/product\/daugava\/","title":{"rendered":"DAUGAVA \u2014 Pieds \u00e0 rengaine pour table"},"content":{"rendered":"<p>Sublimez votre projet de mobilier avec les pieds de table araign\u00e9e DAUGAVA, un m\u00e9lange parfait de robustesse industrielle et de design contemporain. Que vous cr\u00e9iez une nouvelle table \u00e0 manger ou un espace de travail DIY, ces pieds en m\u00e9tal offrent une base solide comme un roc avec une silhouette unique.<\/p>\n<p>Le style \"araign\u00e9e\" se d\u00e9finit par ses lignes crois\u00e9es dynamiques, cr\u00e9ant une pi\u00e8ce ma\u00eetresse sous tous les angles. Chaque base est soud\u00e9e avec pr\u00e9cision \u00e0 partir de tubes d'acier de 5x5 cm et prot\u00e9g\u00e9e par un rev\u00eatement par poudre r\u00e9sistant aux rayures. Votre table restera le point focal de votre int\u00e9rieur pendant de nombreuses ann\u00e9es.<\/p>\n<p>Ne vous fiez pas \u00e0 l'\u00e9l\u00e9gance de ses lignes : la base DAUGAVA est incroyablement robuste. Avec une capacit\u00e9 de charge de 150 kg, elle supporte sans effort les plateaux lourds en bois massif ou en pierre. Pour prot\u00e9ger votre sol, nous incluons des pieds r\u00e9glables et des patins en feutre dans chaque colis.<\/p>\n<p>Chaque espace est unique, c'est pourquoi nous offrons une personnalisation compl\u00e8te. Choisissez parmi une vari\u00e9t\u00e9 de couleurs, du noir mat classique \u00e0 l'or luxueux, ou optez pour l'aspect acier brut (Raw Steel). Besoin d'une hauteur ou d'une largeur sp\u00e9cifique ? Contactez-nous pour une fabrication sur mesure.<\/p>","protected":false},"excerpt":{"rendered":"<p>Base de table m\u00e9tallique \u00e0 forme d'araign\u00e9e, avec un rev\u00eatement \u00e0 la poudre et un design unique de lignes crois\u00e9es. Robuste et fiable, avec la possibilit\u00e9 de r\u00e9aliser des dimensions et des couleurs personnalis\u00e9es. Hauteur : ~71 cm.<\/p>\n<p>55 \u00d7 90 cm \u2192 convient aux plateaux de table de 60 \u00e0 80 \u00d7 120 \u00e0 160 cm<br \/>\n75 \u00d7 115 cm \u2192 convient aux plateaux de table de 80 \u00e0 110 \u00d7 160 \u00e0 240 cm<\/p>\n<p>Prix \u200b\u200bpour le socle uniquement (plateau non inclus). Montage facile.<\/p>","protected":false},"featured_media":1969,"template":"","meta":{"jetpack_publicize_message":"","jetpack_publicize_feature_enabled":true,"jetpack_social_post_already_shared":true,"jetpack_social_options":{"image_generator_settings":{"template":"highway","default_image_id":0,"font":"","enabled":false},"version":2}},"product_brand":[578],"product_cat":[113],"product_tag":[705,704],"class_list":{"0":"post-1956","1":"product","2":"type-product","3":"status-publish","4":"has-post-thumbnail","6":"product_brand-ferligs","7":"product_cat-table-legs","8":"product_tag-spider-legs","9":"product_tag-table-bases","10":"product_shipping_class-tables-legs","12":"first","13":"instock","14":"sale","15":"taxable","16":"shipping-taxable","17":"purchasable","18":"product-type-variable","19":"has-default-attributes"},"featured_image_urls_v2":{"full":["https:\/\/ferligs.com\/wp-content\/uploads\/2025\/03\/TBL_19_1640x1360_8.webp",1640,1360,false],"thumbnail":["https:\/\/ferligs.com\/wp-content\/uploads\/2025\/03\/TBL_19_1640x1360_8-150x150.webp",150,150,true],"medium":["https:\/\/ferligs.com\/wp-content\/uploads\/2025\/03\/TBL_19_1640x1360_8-300x249.webp",300,249,true],"medium_large":["https:\/\/ferligs.com\/wp-content\/uploads\/2025\/03\/TBL_19_1640x1360_8-768x637.webp",768,637,true],"large":["https:\/\/ferligs.com\/wp-content\/uploads\/2025\/03\/TBL_19_1640x1360_8-1024x849.webp",1024,849,true],"1536x1536":["https:\/\/ferligs.com\/wp-content\/uploads\/2025\/03\/TBL_19_1640x1360_8-1536x1274.webp",1536,1274,true],"2048x2048":["https:\/\/ferligs.com\/wp-content\/uploads\/2025\/03\/TBL_19_1640x1360_8.webp",1640,1360,false],"trp-custom-language-flag":["https:\/\/ferligs.com\/wp-content\/uploads\/2025\/03\/TBL_19_1640x1360_8-14x12.webp",14,12,true],"woocommerce_archive_thumbnail":["https:\/\/ferligs.com\/wp-content\/uploads\/2025\/03\/TBL_19_1640x1360_8-300x249.webp",300,249,true],"woocommerce_thumbnail":["https:\/\/ferligs.com\/wp-content\/uploads\/2025\/03\/TBL_19_1640x1360_8-300x249.webp",300,249,true],"woocommerce_single":["https:\/\/ferligs.com\/wp-content\/uploads\/2025\/03\/TBL_19_1640x1360_8-600x498.webp",600,498,true],"woocommerce_gallery_thumbnail":["https:\/\/ferligs.com\/wp-content\/uploads\/2025\/03\/TBL_19_1640x1360_8-100x100.webp",100,100,true]},"post_excerpt_stackable_v2":"<p>Stylish powder-coated metal table base with unique crossing lines design. Durable, customizable size &#038; color. Height ~71 cm.<\/p>\n<p>55\u00d790 cm \u2192 fits 60-80\u00d7120-160 cm tabletop<br \/>\n75\u00d7115 cm \u2192 fits 80-110\u00d7160-240 cm tabletop<\/p>\n<p>Price for base only (tabletop not included). Easy assembly.<\/p>\n","category_list_v2":"","author_info_v2":{"name":"","url":""},"comments_num_v2":"0 commentaire","jetpack_publicize_connections":[],"jetpack_sharing_enabled":true,"_links":{"self":[{"href":"https:\/\/ferligs.com\/fr\/wp-json\/wp\/v2\/product\/1956","targetHints":{"allow":["GET"]}}],"collection":[{"href":"https:\/\/ferligs.com\/fr\/wp-json\/wp\/v2\/product"}],"about":[{"href":"https:\/\/ferligs.com\/fr\/wp-json\/wp\/v2\/types\/product"}],"wp:featuredmedia":[{"embeddable":true,"href":"https:\/\/ferligs.com\/fr\/wp-json\/wp\/v2\/media\/1969"}],"wp:attachment":[{"href":"https:\/\/ferligs.com\/fr\/wp-json\/wp\/v2\/media?parent=1956"}],"wp:term":[{"taxonomy":"product_brand","embeddable":true,"href":"https:\/\/ferligs.com\/fr\/wp-json\/wp\/v2\/product_brand?post=1956"},{"taxonomy":"product_cat","embeddable":true,"href":"https:\/\/ferligs.com\/fr\/wp-json\/wp\/v2\/product_cat?post=1956"},{"taxonomy":"product_tag","embeddable":true,"href":"https:\/\/ferligs.com\/fr\/wp-json\/wp\/v2\/product_tag?post=1956"}],"curies":[{"name":"wp","href":"https:\/\/api.w.org\/{rel}","templated":true}]}}