{"id":1792,"date":"2024-09-01T22:06:38","date_gmt":"2024-09-01T19:06:38","guid":{"rendered":"https:\/\/ferligs.com\/?post_type=product&#038;p=1792"},"modified":"2026-03-03T09:09:31","modified_gmt":"2026-03-03T07:09:31","slug":"priedaine-firewood-rack","status":"publish","type":"product","link":"https:\/\/ferligs.com\/fr\/product\/priedaine-firewood-rack\/","title":{"rendered":"PRIEDAINE \u2013 Support \u00e0 bois d'int\u00e9rieur"},"content":{"rendered":"<p>Le porte-b\u00fbches Priedaine est un range-b\u00fbches d\u2019int\u00e9rieur \u00e9l\u00e9gant et pratique, con\u00e7u pour stocker le bois de mani\u00e8re propre, s\u00fbre et facilement accessible. Parfait pour les maisons modernes, les chalets et les chemin\u00e9es, il combine durabilit\u00e9, fonctionnalit\u00e9 et design minimaliste dans un format compact.<\/p>\n<p>Fabriqu\u00e9 en tube carr\u00e9 en acier haute r\u00e9sistance (2,5 \u00d7 2,5 cm), Priedaine est con\u00e7u pour durer. Sa structure solide emp\u00eache le basculement, maintient les b\u00fbches lourdes en toute s\u00e9curit\u00e9 et assure une stabilit\u00e9 \u00e0 long terme m\u00eame en cas d\u2019utilisation fr\u00e9quente.<\/p>\n<p>La surface est recouverte d\u2019un rev\u00eatement en poudre de qualit\u00e9 sup\u00e9rieure, qui prot\u00e8ge l\u2019acier contre la rouille, les rayures et l\u2019humidit\u00e9. Cela rend le porte-b\u00fbches id\u00e9al pour une utilisation int\u00e9rieure. La finition noire mate s\u2019int\u00e8gre parfaitement aux int\u00e9rieurs modernes, scandinaves, industriels et rustiques.<\/p>\n<p>Malgr\u00e9 son encombrement compact, Priedaine peut stocker une quantit\u00e9 g\u00e9n\u00e9reuse de bois pour un usage quotidien, tout en maintenant la zone de la chemin\u00e9e propre et organis\u00e9e. Le design ouvert permet la circulation de l\u2019air autour des b\u00fbches, les gardant s\u00e8ches et pr\u00eates \u00e0 br\u00fbler.<\/p>\n<p>Ce range-b\u00fbches d\u2019int\u00e9rieur est id\u00e9al pour le salon, pr\u00e8s d\u2019un po\u00eale \u00e0 bois, dans un chalet ou une pi\u00e8ce de d\u00e9tente. Son design \u00e9l\u00e9gant fait du bois un \u00e9l\u00e9ment d\u00e9coratif, apportant chaleur et confort.<\/p>\n<p>Le produit est livr\u00e9 enti\u00e8rement assembl\u00e9, pr\u00eat \u00e0 l\u2019emploi. Entretien minimal : essuyer simplement avec un chiffon sec ou l\u00e9g\u00e8rement humide si n\u00e9cessaire.<\/p>\n<p>Dimensions : 40 \u00d7 50 \u00d7 25 cm (H \u00d7 L \u00d7 P)<\/p>","protected":false},"excerpt":{"rendered":"<p>Le porte-b\u00fbches Priedaine est un range-b\u00fbches d\u2019int\u00e9rieur compact en acier solide. Il garde le bois organis\u00e9, propre et facilement accessible. Rev\u00eatement en poudre pour une durabilit\u00e9 accrue. Livr\u00e9 enti\u00e8rement assembl\u00e9.<\/p>","protected":false},"featured_media":1796,"template":"","meta":{"jetpack_publicize_message":"","jetpack_publicize_feature_enabled":true,"jetpack_social_post_already_shared":false,"jetpack_social_options":{"image_generator_settings":{"template":"highway","default_image_id":0,"font":"","enabled":false},"version":2}},"product_brand":[578],"product_cat":[112],"product_tag":[],"class_list":{"0":"post-1792","1":"product","2":"type-product","3":"status-publish","4":"has-post-thumbnail","6":"product_brand-ferligs","7":"product_cat-firewood","8":"product_shipping_class-racks","10":"first","11":"instock","12":"taxable","13":"shipping-taxable","14":"purchasable","15":"product-type-variable","16":"has-default-attributes"},"featured_image_urls_v2":{"full":["https:\/\/ferligs.com\/wp-content\/uploads\/2024\/09\/IMG_0827-Webp1640x1360.webp",1640,1360,false],"thumbnail":["https:\/\/ferligs.com\/wp-content\/uploads\/2024\/09\/IMG_0827-Webp1640x1360-150x150.webp",150,150,true],"medium":["https:\/\/ferligs.com\/wp-content\/uploads\/2024\/09\/IMG_0827-Webp1640x1360-300x249.webp",300,249,true],"medium_large":["https:\/\/ferligs.com\/wp-content\/uploads\/2024\/09\/IMG_0827-Webp1640x1360-768x637.webp",768,637,true],"large":["https:\/\/ferligs.com\/wp-content\/uploads\/2024\/09\/IMG_0827-Webp1640x1360-1024x849.webp",1024,849,true],"1536x1536":["https:\/\/ferligs.com\/wp-content\/uploads\/2024\/09\/IMG_0827-Webp1640x1360-1536x1274.webp",1536,1274,true],"2048x2048":["https:\/\/ferligs.com\/wp-content\/uploads\/2024\/09\/IMG_0827-Webp1640x1360.webp",1640,1360,false],"trp-custom-language-flag":["https:\/\/ferligs.com\/wp-content\/uploads\/2024\/09\/IMG_0827-Webp1640x1360.webp",14,12,false],"woocommerce_archive_thumbnail":["https:\/\/ferligs.com\/wp-content\/uploads\/2024\/09\/IMG_0827-Webp1640x1360-300x249.webp",300,249,true],"woocommerce_thumbnail":["https:\/\/ferligs.com\/wp-content\/uploads\/2024\/09\/IMG_0827-Webp1640x1360-300x249.webp",300,249,true],"woocommerce_single":["https:\/\/ferligs.com\/wp-content\/uploads\/2024\/09\/IMG_0827-Webp1640x1360-600x498.webp",600,498,true],"woocommerce_gallery_thumbnail":["https:\/\/ferligs.com\/wp-content\/uploads\/2024\/09\/IMG_0827-Webp1640x1360-100x100.webp",100,100,true]},"post_excerpt_stackable_v2":"<p>Priedaine Firewood Rack is a compact indoor firewood rack made of strong steel. It keeps firewood organized, clean, and easy to access. Powder-coated for durability. Delivered fully assembled.<\/p>\n","category_list_v2":"","author_info_v2":{"name":"","url":""},"comments_num_v2":"0 commentaire","jetpack_publicize_connections":[],"jetpack_sharing_enabled":true,"_links":{"self":[{"href":"https:\/\/ferligs.com\/fr\/wp-json\/wp\/v2\/product\/1792","targetHints":{"allow":["GET"]}}],"collection":[{"href":"https:\/\/ferligs.com\/fr\/wp-json\/wp\/v2\/product"}],"about":[{"href":"https:\/\/ferligs.com\/fr\/wp-json\/wp\/v2\/types\/product"}],"wp:featuredmedia":[{"embeddable":true,"href":"https:\/\/ferligs.com\/fr\/wp-json\/wp\/v2\/media\/1796"}],"wp:attachment":[{"href":"https:\/\/ferligs.com\/fr\/wp-json\/wp\/v2\/media?parent=1792"}],"wp:term":[{"taxonomy":"product_brand","embeddable":true,"href":"https:\/\/ferligs.com\/fr\/wp-json\/wp\/v2\/product_brand?post=1792"},{"taxonomy":"product_cat","embeddable":true,"href":"https:\/\/ferligs.com\/fr\/wp-json\/wp\/v2\/product_cat?post=1792"},{"taxonomy":"product_tag","embeddable":true,"href":"https:\/\/ferligs.com\/fr\/wp-json\/wp\/v2\/product_tag?post=1792"}],"curies":[{"name":"wp","href":"https:\/\/api.w.org\/{rel}","templated":true}]}}