{"id":1780,"date":"2024-09-01T21:47:32","date_gmt":"2024-09-01T18:47:32","guid":{"rendered":"https:\/\/ferligs.com\/?post_type=product&#038;p=1780"},"modified":"2026-03-03T09:09:32","modified_gmt":"2026-03-03T07:09:32","slug":"tervete-firewood-rack","status":"publish","type":"product","link":"https:\/\/ferligs.com\/fr\/product\/tervete-firewood-rack\/","title":{"rendered":"TERVETE \u2013 Support \u00e0 bois de chauffage"},"content":{"rendered":"<p>Qualit\u00e9 artisanale et design moderne Le porte-b\u00fbches Tervete est un chef-d'\u0153uvre artisanal con\u00e7u pour ceux qui appr\u00e9cient \u00e0 la fois le style et la durabilit\u00e9. Chaque pi\u00e8ce est soud\u00e9e \u00e0 la main \u00e0 partir de tubes carr\u00e9s en acier de 2,5 \u00d7 2,5 cm de premi\u00e8re qualit\u00e9 et recouverte d'un rev\u00eatement en poudre haut de gamme, cr\u00e9ant ainsi une barri\u00e8re r\u00e9sistante contre la rouille et l'usure. Comme il est fabriqu\u00e9 \u00e0 la main, vous b\u00e9n\u00e9ficiez d'un niveau d'int\u00e9grit\u00e9 structurelle et d'une attention aux d\u00e9tails que les alternatives produites en s\u00e9rie ne peuvent tout simplement pas \u00e9galer. Son cadre architectural minimaliste lui permet de s'int\u00e9grer parfaitement \u00e0 tout d\u00e9cor int\u00e9rieur ou ext\u00e9rieur.<\/p>\n<p>Rangement compact et pr\u00eat \u00e0 l'emploi Malgr\u00e9 son apparence \u00e9l\u00e9gante, le Tervete est con\u00e7u pour un rangement intensif. Mesurant 100 cm de largeur et 25 cm de profondeur, il permet de ranger vos b\u00fbches sans encombrer votre sol. Ce support est con\u00e7u pour un maximum de commodit\u00e9 : il est livr\u00e9 enti\u00e8rement assembl\u00e9 et pr\u00eat \u00e0 l'emploi d\u00e8s sa sortie de l'emballage, sans outils ni instructions complexes. Qu'il soit plac\u00e9 pr\u00e8s d'une chemin\u00e9e int\u00e9rieure ou d'un foyer ext\u00e9rieur, sa construction stable et sa finition r\u00e9sistante aux intemp\u00e9ries lui permettent de rester un \u00e9l\u00e9ment fonctionnel de votre maison pendant de nombreuses ann\u00e9es.<\/p>\n<p>Caract\u00e9ristiques techniques : Ce porte-b\u00fbches artisanal est dot\u00e9 d'un cadre robuste en tubes d'acier soud\u00e9s \u00e0 la main de 2,5 \u00d7 2,5 cm avec un rev\u00eatement en poudre r\u00e9sistant \u00e0 la corrosion, garantissant une durabilit\u00e9 \u00e0 vie. Avec des dimensions de 40 cm de hauteur, 100 cm de largeur et 25 cm de profondeur, il offre un espace de rangement suffisant dans un format compact. Fi\u00e8rement fabriqu\u00e9 \u00e0 la main et ne n\u00e9cessitant aucun assemblage, le Tervete est pr\u00eat \u00e0 l'emploi d\u00e8s sa sortie de l'emballage.<\/p>","protected":false},"excerpt":{"rendered":"<p>L'\u00e9tag\u00e8re \u00e0 bois \u00ab Tervete \u00bb : un minimalisme industriel de fabrication artisanale. Cette \u00e9l\u00e9gante \u00e9tag\u00e8re \u00e0 bois basse en profondeur transforme le stockage du bois en un \u00e9l\u00e9ment de design contemporain. Fabriqu\u00e9e \u00e0 la main en acier robuste pulv\u00e9ris\u00e9, la Tervete occupe un minimum d'espace tout en offrant une grande capacit\u00e9. Un touch\u00e9 artistique id\u00e9al pour votre int\u00e9rieur ou votre terrasse.<\/p>","protected":false},"featured_media":1783,"template":"","meta":{"jetpack_publicize_message":"","jetpack_publicize_feature_enabled":true,"jetpack_social_post_already_shared":false,"jetpack_social_options":{"image_generator_settings":{"template":"highway","default_image_id":0,"font":"","enabled":false},"version":2}},"product_brand":[578],"product_cat":[112],"product_tag":[],"class_list":{"0":"post-1780","1":"product","2":"type-product","3":"status-publish","4":"has-post-thumbnail","6":"product_brand-ferligs","7":"product_cat-firewood","8":"product_shipping_class-racks","10":"first","11":"instock","12":"sale","13":"taxable","14":"shipping-taxable","15":"purchasable","16":"product-type-variable","17":"has-default-attributes"},"featured_image_urls_v2":{"full":["https:\/\/ferligs.com\/wp-content\/uploads\/2024\/09\/IMG_0843-Webp1640x1360.webp",1640,1360,false],"thumbnail":["https:\/\/ferligs.com\/wp-content\/uploads\/2024\/09\/IMG_0843-Webp1640x1360-150x150.webp",150,150,true],"medium":["https:\/\/ferligs.com\/wp-content\/uploads\/2024\/09\/IMG_0843-Webp1640x1360-300x249.webp",300,249,true],"medium_large":["https:\/\/ferligs.com\/wp-content\/uploads\/2024\/09\/IMG_0843-Webp1640x1360-768x637.webp",768,637,true],"large":["https:\/\/ferligs.com\/wp-content\/uploads\/2024\/09\/IMG_0843-Webp1640x1360-1024x849.webp",1024,849,true],"1536x1536":["https:\/\/ferligs.com\/wp-content\/uploads\/2024\/09\/IMG_0843-Webp1640x1360-1536x1274.webp",1536,1274,true],"2048x2048":["https:\/\/ferligs.com\/wp-content\/uploads\/2024\/09\/IMG_0843-Webp1640x1360.webp",1640,1360,false],"trp-custom-language-flag":["https:\/\/ferligs.com\/wp-content\/uploads\/2024\/09\/IMG_0843-Webp1640x1360.webp",14,12,false],"woocommerce_archive_thumbnail":["https:\/\/ferligs.com\/wp-content\/uploads\/2024\/09\/IMG_0843-Webp1640x1360-300x249.webp",300,249,true],"woocommerce_thumbnail":["https:\/\/ferligs.com\/wp-content\/uploads\/2024\/09\/IMG_0843-Webp1640x1360-300x249.webp",300,249,true],"woocommerce_single":["https:\/\/ferligs.com\/wp-content\/uploads\/2024\/09\/IMG_0843-Webp1640x1360-600x498.webp",600,498,true],"woocommerce_gallery_thumbnail":["https:\/\/ferligs.com\/wp-content\/uploads\/2024\/09\/IMG_0843-Webp1640x1360-100x100.webp",100,100,true]},"post_excerpt_stackable_v2":"<p>The Tervete Firewood Rack: Handcrafted Industrial Minimalism. This sleek, low-profile rack turns your firewood into a design feature. Hand-built from heavy-duty, powder-coated steel, the Tervete offers a compact footprint without sacrificing capacity. It is the perfect artisanal touch for a modern hearth, whether located in your living room or on the patio.<\/p>\n","category_list_v2":"","author_info_v2":{"name":"","url":""},"comments_num_v2":"0 commentaire","jetpack_publicize_connections":[],"jetpack_sharing_enabled":true,"_links":{"self":[{"href":"https:\/\/ferligs.com\/fr\/wp-json\/wp\/v2\/product\/1780","targetHints":{"allow":["GET"]}}],"collection":[{"href":"https:\/\/ferligs.com\/fr\/wp-json\/wp\/v2\/product"}],"about":[{"href":"https:\/\/ferligs.com\/fr\/wp-json\/wp\/v2\/types\/product"}],"wp:featuredmedia":[{"embeddable":true,"href":"https:\/\/ferligs.com\/fr\/wp-json\/wp\/v2\/media\/1783"}],"wp:attachment":[{"href":"https:\/\/ferligs.com\/fr\/wp-json\/wp\/v2\/media?parent=1780"}],"wp:term":[{"taxonomy":"product_brand","embeddable":true,"href":"https:\/\/ferligs.com\/fr\/wp-json\/wp\/v2\/product_brand?post=1780"},{"taxonomy":"product_cat","embeddable":true,"href":"https:\/\/ferligs.com\/fr\/wp-json\/wp\/v2\/product_cat?post=1780"},{"taxonomy":"product_tag","embeddable":true,"href":"https:\/\/ferligs.com\/fr\/wp-json\/wp\/v2\/product_tag?post=1780"}],"curies":[{"name":"wp","href":"https:\/\/api.w.org\/{rel}","templated":true}]}}