{"id":1575,"date":"2023-07-24T18:42:35","date_gmt":"2023-07-24T15:42:35","guid":{"rendered":"https:\/\/ferligs.com\/?post_type=product&#038;p=1575"},"modified":"2026-03-05T18:44:30","modified_gmt":"2026-03-05T16:44:30","slug":"ludza","status":"publish","type":"product","link":"https:\/\/ferligs.com\/fr\/product\/ludza\/","title":{"rendered":"LUDZA \u2013 Pieds de table \u00e0 manger"},"content":{"rendered":"<p>Le pi\u00e8tement m\u00e9tallique Ludza se distingue par son design unique inspir\u00e9 d'une \u00e9toile, o\u00f9 des tubes d'acier entrecrois\u00e9s cr\u00e9ent une silhouette \u00e9l\u00e9gante et visuellement saisissante, parfaite pour les plateaux de table ronds. Cette structure raffin\u00e9e rehausse non seulement l'esth\u00e9tique de votre mobilier, mais am\u00e9liore \u00e9galement sa fonctionnalit\u00e9 en offrant un espace g\u00e9n\u00e9reux pour les jambes des utilisateurs. Id\u00e9al pour les environnements r\u00e9sidentiels et commerciaux, il transforme les tables ordinaires en pi\u00e8ces remarquables qui allient harmonieusement forme et utilit\u00e9.<\/p>\n<p>Fabriqu\u00e9e \u00e0 partir de tubes en acier de haute qualit\u00e9 mesurant 5 x 2 cm, la base Ludza garantit une r\u00e9sistance et une long\u00e9vit\u00e9 exceptionnelles, capable de supporter des charges allant jusqu'\u00e0 150 kg sans compromis. La finition thermolaqu\u00e9e par d\u00e9faut r\u00e9siste aux rayures, \u00e0 la corrosion et \u00e0 la d\u00e9coloration, conservant son aspect impeccable apr\u00e8s des ann\u00e9es d'utilisation. Pour ceux qui pr\u00e9f\u00e8rent un look plus industriel, une option en acier brut est disponible, vous permettant d'assortir facilement la base \u00e0 votre d\u00e9coration.<\/p>\n<p>Le montage est simple et convivial, car la base est livr\u00e9e non assembl\u00e9e afin d'\u00e9viter tout dommage pendant le transport, avec tout le mat\u00e9riel n\u00e9cessaire et des instructions claires \u00e9tape par \u00e9tape. Les trous de montage pr\u00e9-perc\u00e9s de 5 mm permettent de fixer rapidement et solidement le plateau de votre choix, mais vous pouvez \u00e9galement sp\u00e9cifier des dimensions de trous personnalis\u00e9es lors de la commande. Ce processus simple vous permet de profiter de votre table personnalis\u00e9e en un rien de temps, sans avoir besoin d'outils professionnels ou d'expertise.<\/p>\n<p>Le mod\u00e8le Ludza peut \u00eatre enti\u00e8rement adapt\u00e9 \u00e0 vos besoins. Il est disponible en diff\u00e9rentes hauteurs (standard - 71 cm), largeurs (70\/80 cm), longueurs (70\/80 cm), dans diff\u00e9rentes couleurs, y compris le gris fonc\u00e9, gris clair, blanc et autres, ainsi que dans diff\u00e9rentes finitions. Des mat\u00e9riaux suppl\u00e9mentaires, tels que des brides en acier, rendent la construction encore plus robuste, et l'absence de comptoir dans le kit vous permet de choisir celui qui correspond \u00e0 votre style. Ce support polyvalent convient \u00e0 la fois aux d\u00eeners confortables et aux grands \u00e9v\u00e9nements. Il s'adapte \u00e0 diff\u00e9rentes tailles et pr\u00e9f\u00e9rences, offrant fiabilit\u00e9 et \u00e9l\u00e9gance dans tous les d\u00e9tails.<\/p>","protected":false},"excerpt":{"rendered":"<p>Le plateau m\u00e9tallique Ludza est une base raffin\u00e9e pour tables rondes, r\u00e9alis\u00e9e en acier de haute qualit\u00e9 en forme d'\u00e9toile aux lignes \u00e9l\u00e9gamment crois\u00e9es, apportant une touche d'art contemporain \u00e0 tout int\u00e9rieur. Sa structure ouverte offre suffisamment d'espace pour les jambes lors des r\u00e9unions, tandis que sa structure solide supporte des poids allant jusqu'\u00e0 150 kg, garantissant stabilit\u00e9 et durabilit\u00e9. <\/p>","protected":false},"featured_media":1576,"template":"","meta":{"jetpack_publicize_message":"","jetpack_publicize_feature_enabled":true,"jetpack_social_post_already_shared":true,"jetpack_social_options":{"image_generator_settings":{"template":"highway","default_image_id":0,"font":"","enabled":false},"version":2}},"product_brand":[578],"product_cat":[113],"product_tag":[704],"class_list":{"0":"post-1575","1":"product","2":"type-product","3":"status-publish","4":"has-post-thumbnail","6":"product_brand-ferligs","7":"product_cat-table-legs","8":"product_tag-table-bases","9":"product_shipping_class-tables-legs","11":"first","12":"instock","13":"sale","14":"taxable","15":"shipping-taxable","16":"purchasable","17":"product-type-variable","18":"has-default-attributes"},"featured_image_urls_v2":{"full":["https:\/\/ferligs.com\/wp-content\/uploads\/2023\/07\/9259-Webp1640x1360.webp",1640,1360,false],"thumbnail":["https:\/\/ferligs.com\/wp-content\/uploads\/2023\/07\/9259-Webp1640x1360.webp",150,124,false],"medium":["https:\/\/ferligs.com\/wp-content\/uploads\/2023\/07\/9259-Webp1640x1360.webp",300,249,false],"medium_large":["https:\/\/ferligs.com\/wp-content\/uploads\/2023\/07\/9259-Webp1640x1360.webp",768,637,false],"large":["https:\/\/ferligs.com\/wp-content\/uploads\/2023\/07\/9259-Webp1640x1360.webp",1024,849,false],"1536x1536":["https:\/\/ferligs.com\/wp-content\/uploads\/2023\/07\/9259-Webp1640x1360.webp",1536,1274,false],"2048x2048":["https:\/\/ferligs.com\/wp-content\/uploads\/2023\/07\/9259-Webp1640x1360.webp",1640,1360,false],"trp-custom-language-flag":["https:\/\/ferligs.com\/wp-content\/uploads\/2023\/07\/9259-Webp1640x1360.webp",14,12,false],"woocommerce_archive_thumbnail":["https:\/\/ferligs.com\/wp-content\/uploads\/2023\/07\/9259-Webp1640x1360-300x249.webp",300,249,true],"woocommerce_thumbnail":["https:\/\/ferligs.com\/wp-content\/uploads\/2023\/07\/9259-Webp1640x1360.webp",300,249,false],"woocommerce_single":["https:\/\/ferligs.com\/wp-content\/uploads\/2023\/07\/9259-Webp1640x1360.webp",600,498,false],"woocommerce_gallery_thumbnail":["https:\/\/ferligs.com\/wp-content\/uploads\/2023\/07\/9259-Webp1640x1360-100x100.webp",100,100,true]},"post_excerpt_stackable_v2":"<p>The Ludza metal table base is a sophisticated foundation for round tables, crafted from premium steel with a star-like form featuring elegantly crossing lines that add a touch of modern artistry to any space. Its open structure provides ample legroom for comfortable seating during gatherings, while the robust construction supports up to 150 kg, ensuring stability and durability. <\/p>\n","category_list_v2":"","author_info_v2":{"name":"","url":""},"comments_num_v2":"0 commentaire","jetpack_publicize_connections":[],"jetpack_sharing_enabled":true,"_links":{"self":[{"href":"https:\/\/ferligs.com\/fr\/wp-json\/wp\/v2\/product\/1575","targetHints":{"allow":["GET"]}}],"collection":[{"href":"https:\/\/ferligs.com\/fr\/wp-json\/wp\/v2\/product"}],"about":[{"href":"https:\/\/ferligs.com\/fr\/wp-json\/wp\/v2\/types\/product"}],"wp:featuredmedia":[{"embeddable":true,"href":"https:\/\/ferligs.com\/fr\/wp-json\/wp\/v2\/media\/1576"}],"wp:attachment":[{"href":"https:\/\/ferligs.com\/fr\/wp-json\/wp\/v2\/media?parent=1575"}],"wp:term":[{"taxonomy":"product_brand","embeddable":true,"href":"https:\/\/ferligs.com\/fr\/wp-json\/wp\/v2\/product_brand?post=1575"},{"taxonomy":"product_cat","embeddable":true,"href":"https:\/\/ferligs.com\/fr\/wp-json\/wp\/v2\/product_cat?post=1575"},{"taxonomy":"product_tag","embeddable":true,"href":"https:\/\/ferligs.com\/fr\/wp-json\/wp\/v2\/product_tag?post=1575"}],"curies":[{"name":"wp","href":"https:\/\/api.w.org\/{rel}","templated":true}]}}