{"id":1568,"date":"2023-07-24T18:36:59","date_gmt":"2023-07-24T15:36:59","guid":{"rendered":"https:\/\/ferligs.com\/?post_type=product&#038;p=1568"},"modified":"2026-03-05T16:12:11","modified_gmt":"2026-03-05T14:12:11","slug":"irbe","status":"publish","type":"product","link":"https:\/\/ferligs.com\/fr\/product\/irbe\/","title":{"rendered":"IRBE | Pieds de table en forme de X (2 pi\u00e8ces)"},"content":{"rendered":"<p>Les pieds de table en m\u00e9tal Irbe incarnent l'\u00e9l\u00e9gance et la polyvalence. Fabriqu\u00e9s en acier de haute qualit\u00e9, leur design distinctif en forme de X s'harmonise parfaitement avec tous les styles d'int\u00e9rieur, du minimalisme moderne au d\u00e9cor classique. Cette paire de pieds offre une base stable et \u00e9l\u00e9gante pour divers plateaux de table, rehaussant l'esth\u00e9tique g\u00e9n\u00e9rale des salles \u00e0 manger, des bureaux ou des espaces de vie. Avec leurs lignes \u00e9pur\u00e9es et leurs proportions \u00e9quilibr\u00e9es, les pieds Irbe ajoutent une touche sophistiqu\u00e9e sans alourdir l'ambiance de la pi\u00e8ce.<\/p>\n<p>Fabriqu\u00e9s \u00e0 partir de tubes en acier robustes de 8 x 8 cm, avec des brides en acier pour un renforcement suppl\u00e9mentaire, les pieds Irbe b\u00e9n\u00e9ficient d'une construction soud\u00e9e qui garantit une r\u00e9sistance exceptionnelle et une capacit\u00e9 de charge allant jusqu'\u00e0 150 kg. La finition thermolaqu\u00e9e offre une durabilit\u00e9 sup\u00e9rieure, r\u00e9sistant aux rayures, \u00e0 la corrosion et \u00e0 l'usure pour conserver un aspect impeccable pendant de nombreuses ann\u00e9es. Pour ceux qui recherchent une ambiance industrielle, une option en acier brut est disponible, permettant aux pieds de s'int\u00e9grer facilement \u00e0 divers th\u00e8mes de design.<\/p>\n<p>L'installation est remarquablement simple, car les pieds sont pr\u00e9-perc\u00e9s avec des trous de fixation de 5 mm pour une fixation facile au plateau de table de votre choix, bien que des tailles de trous personnalis\u00e9es puissent \u00eatre demand\u00e9es. Le pack comprend des pieds r\u00e9glables pour niveler les surfaces in\u00e9gales, des patins en feutre pour prot\u00e9ger les sols et deux pieds en forme de X, ce qui permet une installation rapide et sans outils dans la plupart des cas. Con\u00e7us pour supporter des plateaux de table jusqu'\u00e0 280 x 120 cm, ces pieds offrent une stabilit\u00e9 fiable pour un usage quotidien ou pour recevoir.<\/p>\n<p>Enti\u00e8rement personnalisable pour r\u00e9pondre \u00e0 vos besoins sp\u00e9cifiques, Irbe offre diff\u00e9rentes options en termes de hauteur (standard 70 cm avec une possibilit\u00e9 de r\u00e9glage d'environ 1 cm), de largeur (60\/70\/80 cm), de couleurs telles que noir, bronze, gris fonc\u00e9, or, gris clair, blanc ou acier brut, et de types de finitions. Cette flexibilit\u00e9 vous permet d'adapter les pieds \u00e0 vos dimensions et pr\u00e9f\u00e9rences exactes, garantissant ainsi un ajustement parfait pour tout projet. <\/p>","protected":false},"excerpt":{"rendered":"<p>Pieds de table \u00e9l\u00e9gants et r\u00e9sistants en forme de X IRBE fabriqu\u00e9s en acier de haute qualit\u00e9 (80 \u00d7 80 mm). Rev\u00eatement en poudre pour une finition durable. Faciles \u00e0 installer, pieds r\u00e9glables inclus. Vendus par paire (2 pi\u00e8ces). Dimensions personnalis\u00e9es disponibles. Plateau non inclus.<\/p>","protected":false},"featured_media":1570,"template":"","meta":{"jetpack_publicize_message":"","jetpack_publicize_feature_enabled":true,"jetpack_social_post_already_shared":true,"jetpack_social_options":{"image_generator_settings":{"template":"highway","default_image_id":0,"font":"","enabled":false},"version":2}},"product_brand":[578],"product_cat":[113],"product_tag":[698],"class_list":{"0":"post-1568","1":"product","2":"type-product","3":"status-publish","4":"has-post-thumbnail","6":"product_brand-ferligs","7":"product_cat-table-legs","8":"product_tag-x-shaped-table-legs","9":"product_shipping_class-tables-legs","11":"first","12":"instock","13":"sale","14":"taxable","15":"shipping-taxable","16":"purchasable","17":"product-type-variable","18":"has-default-attributes"},"featured_image_urls_v2":{"full":["https:\/\/ferligs.com\/wp-content\/uploads\/2023\/07\/9766-Webp-1640x1360-1.webp",1640,1360,false],"thumbnail":["https:\/\/ferligs.com\/wp-content\/uploads\/2023\/07\/9766-Webp-1640x1360-1.webp",150,124,false],"medium":["https:\/\/ferligs.com\/wp-content\/uploads\/2023\/07\/9766-Webp-1640x1360-1.webp",300,249,false],"medium_large":["https:\/\/ferligs.com\/wp-content\/uploads\/2023\/07\/9766-Webp-1640x1360-1.webp",768,637,false],"large":["https:\/\/ferligs.com\/wp-content\/uploads\/2023\/07\/9766-Webp-1640x1360-1.webp",1024,849,false],"1536x1536":["https:\/\/ferligs.com\/wp-content\/uploads\/2023\/07\/9766-Webp-1640x1360-1.webp",1536,1274,false],"2048x2048":["https:\/\/ferligs.com\/wp-content\/uploads\/2023\/07\/9766-Webp-1640x1360-1.webp",1640,1360,false],"trp-custom-language-flag":["https:\/\/ferligs.com\/wp-content\/uploads\/2023\/07\/9766-Webp-1640x1360-1.webp",14,12,false],"woocommerce_archive_thumbnail":["https:\/\/ferligs.com\/wp-content\/uploads\/2023\/07\/9766-Webp-1640x1360-1-300x249.webp",300,249,true],"woocommerce_thumbnail":["https:\/\/ferligs.com\/wp-content\/uploads\/2023\/07\/9766-Webp-1640x1360-1.webp",300,249,false],"woocommerce_single":["https:\/\/ferligs.com\/wp-content\/uploads\/2023\/07\/9766-Webp-1640x1360-1.webp",600,498,false],"woocommerce_gallery_thumbnail":["https:\/\/ferligs.com\/wp-content\/uploads\/2023\/07\/9766-Webp-1640x1360-1-100x100.webp",100,100,true]},"post_excerpt_stackable_v2":"<p>Elegant and durable X-shaped table legs IRBE made of high-quality steel (80&#215;80 mm). Powder-coated for a long-lasting finish. Easy to install, adjustable feet included. Sold as a pair (2 pcs). Custom sizes available. Tabletop not included.<\/p>\n","category_list_v2":"","author_info_v2":{"name":"","url":""},"comments_num_v2":"0 commentaire","jetpack_publicize_connections":[],"jetpack_sharing_enabled":true,"_links":{"self":[{"href":"https:\/\/ferligs.com\/fr\/wp-json\/wp\/v2\/product\/1568","targetHints":{"allow":["GET"]}}],"collection":[{"href":"https:\/\/ferligs.com\/fr\/wp-json\/wp\/v2\/product"}],"about":[{"href":"https:\/\/ferligs.com\/fr\/wp-json\/wp\/v2\/types\/product"}],"wp:featuredmedia":[{"embeddable":true,"href":"https:\/\/ferligs.com\/fr\/wp-json\/wp\/v2\/media\/1570"}],"wp:attachment":[{"href":"https:\/\/ferligs.com\/fr\/wp-json\/wp\/v2\/media?parent=1568"}],"wp:term":[{"taxonomy":"product_brand","embeddable":true,"href":"https:\/\/ferligs.com\/fr\/wp-json\/wp\/v2\/product_brand?post=1568"},{"taxonomy":"product_cat","embeddable":true,"href":"https:\/\/ferligs.com\/fr\/wp-json\/wp\/v2\/product_cat?post=1568"},{"taxonomy":"product_tag","embeddable":true,"href":"https:\/\/ferligs.com\/fr\/wp-json\/wp\/v2\/product_tag?post=1568"}],"curies":[{"name":"wp","href":"https:\/\/api.w.org\/{rel}","templated":true}]}}