{"id":1561,"date":"2023-07-24T18:27:46","date_gmt":"2023-07-24T15:27:46","guid":{"rendered":"https:\/\/ferligs.com\/?post_type=product&#038;p=1561"},"modified":"2026-03-05T16:11:33","modified_gmt":"2026-03-05T14:11:33","slug":"brasla","status":"publish","type":"product","link":"https:\/\/ferligs.com\/fr\/product\/brasla\/","title":{"rendered":"BRASLA - Pieds de table \u00e9l\u00e9gants en forme d'araign\u00e9e"},"content":{"rendered":"<p>D\u00e9couvrez Brasla, un pi\u00e8tement de table robuste en m\u00e9tal qui imite la forme \u00e9l\u00e9gante d'une araign\u00e9e avec ses pieds en acier entrecrois\u00e9s. Fabriqu\u00e9 \u00e0 partir de tubes en acier durables de 60 \u00d7 30 mm, il mesure environ 71 cm de haut et est disponible en largeurs et longueurs de 60 \u00e0 100 cm pour s'adapter \u00e0 diff\u00e9rents plateaux de table. La finition thermolaqu\u00e9e assure une protection durable contre les rayures et la corrosion, parfaite pour les maisons ou les espaces commerciaux.<\/p>\n<p>Son design ouvert, inspir\u00e9 d'une araign\u00e9e, optimise le confort d'assise autour des tables rondes, permettant aux chaises de se glisser facilement sous la table sans obstruction. Ses lignes sophistiqu\u00e9es ajoutent une touche moderne qui s'harmonise avec les int\u00e9rieurs contemporains tout en conservant un charme intemporel. L'assemblage est simple : les pi\u00e8ces et des instructions claires sont fournies pour une installation rapide.<\/p>\n<p>Des dimensions et des options de montage personnalis\u00e9es, notamment des trous de 5 mm ou des sp\u00e9cifications sur mesure, sont disponibles sur demande afin de r\u00e9pondre exactement \u00e0 vos besoins. Cette polyvalence rend Brasla id\u00e9al pour les restaurants, les caf\u00e9s ou les salles \u00e0 manger \u00e0 domicile qui recherchent \u00e0 la fois style et fonctionnalit\u00e9. Choisissez parmi plusieurs dimensions pour l'assortir parfaitement \u00e0 votre table pr\u00e9f\u00e9r\u00e9e.<\/p>","protected":false},"excerpt":{"rendered":"<p>Rehaussez votre salle \u00e0 manger avec le pi\u00e8tement de table m\u00e9tallique Brasla, fabriqu\u00e9 \u00e0 partir de tubes en acier de haute qualit\u00e9 de 60 \u00d7 30 mm et dot\u00e9 d'un design saisissant en forme d'araign\u00e9e. Ses lignes entrecrois\u00e9es offrent une sophistication moderne et un confort d'assise maximal, avec une finition thermolaqu\u00e9e pour une r\u00e9sistance aux rayures et \u00e0 la corrosion. Hauteur : environ 71 cm, disponible en largeurs\/longueurs de 60 \u00e0 100 cm, avec des trous de montage de 5 mm (options personnalis\u00e9es disponibles). Livr\u00e9 non assembl\u00e9 avec des instructions faciles \u00e0 suivre - plateau non inclus.<\/p>","protected":false},"featured_media":1562,"template":"","meta":{"jetpack_publicize_message":"","jetpack_publicize_feature_enabled":true,"jetpack_social_post_already_shared":true,"jetpack_social_options":{"image_generator_settings":{"template":"highway","default_image_id":0,"font":"","enabled":false},"version":2}},"product_brand":[578],"product_cat":[113],"product_tag":[705],"class_list":{"0":"post-1561","1":"product","2":"type-product","3":"status-publish","4":"has-post-thumbnail","6":"product_brand-ferligs","7":"product_cat-table-legs","8":"product_tag-spider-legs","9":"product_shipping_class-tables-legs","11":"first","12":"instock","13":"sale","14":"taxable","15":"shipping-taxable","16":"purchasable","17":"product-type-variable","18":"has-default-attributes"},"featured_image_urls_v2":{"full":["https:\/\/ferligs.com\/wp-content\/uploads\/2023\/07\/9735-Webp-1640x1360-1.webp",1640,1360,false],"thumbnail":["https:\/\/ferligs.com\/wp-content\/uploads\/2023\/07\/9735-Webp-1640x1360-1.webp",150,124,false],"medium":["https:\/\/ferligs.com\/wp-content\/uploads\/2023\/07\/9735-Webp-1640x1360-1.webp",300,249,false],"medium_large":["https:\/\/ferligs.com\/wp-content\/uploads\/2023\/07\/9735-Webp-1640x1360-1.webp",768,637,false],"large":["https:\/\/ferligs.com\/wp-content\/uploads\/2023\/07\/9735-Webp-1640x1360-1.webp",1024,849,false],"1536x1536":["https:\/\/ferligs.com\/wp-content\/uploads\/2023\/07\/9735-Webp-1640x1360-1.webp",1536,1274,false],"2048x2048":["https:\/\/ferligs.com\/wp-content\/uploads\/2023\/07\/9735-Webp-1640x1360-1.webp",1640,1360,false],"trp-custom-language-flag":["https:\/\/ferligs.com\/wp-content\/uploads\/2023\/07\/9735-Webp-1640x1360-1.webp",14,12,false],"woocommerce_archive_thumbnail":["https:\/\/ferligs.com\/wp-content\/uploads\/2023\/07\/9735-Webp-1640x1360-1-300x249.webp",300,249,true],"woocommerce_thumbnail":["https:\/\/ferligs.com\/wp-content\/uploads\/2023\/07\/9735-Webp-1640x1360-1.webp",300,249,false],"woocommerce_single":["https:\/\/ferligs.com\/wp-content\/uploads\/2023\/07\/9735-Webp-1640x1360-1.webp",600,498,false],"woocommerce_gallery_thumbnail":["https:\/\/ferligs.com\/wp-content\/uploads\/2023\/07\/9735-Webp-1640x1360-1-100x100.webp",100,100,true]},"post_excerpt_stackable_v2":"<p>Elevate your dining space with the Brasla metal spider table base, crafted from high-quality 60\u00d730 mm steel tubes in a striking spider-like design. Its intersecting lines offer modern sophistication and maximum seating comfort, with powder-coated finish for scratch and corrosion resistance. Height is ~71 cm, available in widths\/lengths from 60-100 cm, with 5 mm mounting holes (custom options available). Delivered unassembled with easy instructions\u2014tabletop not included.<\/p>\n","category_list_v2":"","author_info_v2":{"name":"","url":""},"comments_num_v2":"0 commentaire","jetpack_publicize_connections":[],"jetpack_sharing_enabled":true,"_links":{"self":[{"href":"https:\/\/ferligs.com\/fr\/wp-json\/wp\/v2\/product\/1561","targetHints":{"allow":["GET"]}}],"collection":[{"href":"https:\/\/ferligs.com\/fr\/wp-json\/wp\/v2\/product"}],"about":[{"href":"https:\/\/ferligs.com\/fr\/wp-json\/wp\/v2\/types\/product"}],"wp:featuredmedia":[{"embeddable":true,"href":"https:\/\/ferligs.com\/fr\/wp-json\/wp\/v2\/media\/1562"}],"wp:attachment":[{"href":"https:\/\/ferligs.com\/fr\/wp-json\/wp\/v2\/media?parent=1561"}],"wp:term":[{"taxonomy":"product_brand","embeddable":true,"href":"https:\/\/ferligs.com\/fr\/wp-json\/wp\/v2\/product_brand?post=1561"},{"taxonomy":"product_cat","embeddable":true,"href":"https:\/\/ferligs.com\/fr\/wp-json\/wp\/v2\/product_cat?post=1561"},{"taxonomy":"product_tag","embeddable":true,"href":"https:\/\/ferligs.com\/fr\/wp-json\/wp\/v2\/product_tag?post=1561"}],"curies":[{"name":"wp","href":"https:\/\/api.w.org\/{rel}","templated":true}]}}