{"id":1554,"date":"2023-07-24T18:17:20","date_gmt":"2023-07-24T15:17:20","guid":{"rendered":"https:\/\/ferligs.com\/?post_type=product&#038;p=1554"},"modified":"2026-03-05T18:45:23","modified_gmt":"2026-03-05T16:45:23","slug":"amula","status":"publish","type":"product","link":"https:\/\/ferligs.com\/fr\/product\/amula\/","title":{"rendered":"AMULA - Pieds \u00e0 rengaine pour table"},"content":{"rendered":"<p>The Amula table base features a captivating spider-like silhouette that serves as a bold statement piece for modern interiors. Its unique intersecting lines provide a distinctive touch of sophistication, seamlessly blending industrial strength with elegant geometry. This eye-catching design is specifically engineered to optimize seating capacity around the table. It ensures that your guests enjoy ample legroom without any structural interference.<\/p>\n<p>Fabriqu\u00e9e \u00e0 partir de tubes en acier de haute qualit\u00e9 de 80 \u00d7 80 mm, la base Amula est con\u00e7ue pour supporter des plateaux lourds avec une stabilit\u00e9 absolue. La finition professionnelle thermolaqu\u00e9e offre une couche de protection r\u00e9sistante contre l'usure quotidienne, les rayures et la corrosion. Ce rev\u00eatement durable garantit non seulement des performances durables, mais conf\u00e8re \u00e9galement au m\u00e9tal une finition \u00e9l\u00e9gante et raffin\u00e9e. C'est un choix fiable pour les environnements r\u00e9sidentiels et commerciaux \u00e0 forte fr\u00e9quentation.<\/p>\n<p>Pour votre commodit\u00e9, la base est livr\u00e9e non assembl\u00e9e afin de garantir un transport s\u00fbr et une livraison efficace. Nous fournissons des instructions de montage claires et tout le mat\u00e9riel n\u00e9cessaire pour que l'installation soit rapide et simple. Chaque unit\u00e9 est \u00e9quip\u00e9e de trous de montage standard pr\u00e9-perc\u00e9s de 5 mm pour faciliter l'installation. Nous sommes \u00e9galement heureux de r\u00e9pondre \u00e0 vos demandes de dimensions personnalis\u00e9es ou de trous sp\u00e9cifiques afin de s'adapter \u00e0 votre projet unique.<\/p>\n<p>D'une hauteur standard de 71 cm, le pied Amula est disponible en diff\u00e9rentes largeurs et longueurs allant de 70 \u00e0 90 cm. Cette polyvalence vous permet d'associer le pied \u00e0 une grande vari\u00e9t\u00e9 de plateaux ronds ou carr\u00e9s pour s'adapter \u00e0 votre espace. Veuillez noter que le prix indiqu\u00e9 s'applique uniquement au pied m\u00e9tallique, le plateau n'\u00e9tant pas inclus. Cela vous permet de choisir librement une surface qui s'harmonise parfaitement avec le style de votre int\u00e9rieur.<\/p>","protected":false},"excerpt":{"rendered":"<p>Le pi\u00e8tement de table m\u00e9tallique Amula combine un design g\u00e9om\u00e9trique sophistiqu\u00e9 et une conception robuste pour rehausser n'importe quel espace repas ou de travail. Fabriqu\u00e9 \u00e0 partir de tubes en acier haut de gamme de 80 \u00d7 80 mm, ses lignes entrecrois\u00e9es cr\u00e9ent un effet visuel saisissant tout en maximisant l'espace pour les jambes de vos invit\u00e9s. Recouvert d'un rev\u00eatement en poudre durable, ce pi\u00e8tement offre un look raffin\u00e9 qui r\u00e9siste \u00e0 l'\u00e9preuve du temps, ce qui en fait la base parfaite pour votre plateau de table personnalis\u00e9.<\/p>","protected":false},"featured_media":1555,"template":"","meta":{"jetpack_publicize_message":"","jetpack_publicize_feature_enabled":true,"jetpack_social_post_already_shared":true,"jetpack_social_options":{"image_generator_settings":{"template":"highway","default_image_id":0,"font":"","enabled":false},"version":2}},"product_brand":[578],"product_cat":[113],"product_tag":[705],"class_list":{"0":"post-1554","1":"product","2":"type-product","3":"status-publish","4":"has-post-thumbnail","6":"product_brand-ferligs","7":"product_cat-table-legs","8":"product_tag-spider-legs","9":"product_shipping_class-tables-legs","11":"first","12":"instock","13":"sale","14":"taxable","15":"shipping-taxable","16":"purchasable","17":"product-type-variable","18":"has-default-attributes"},"featured_image_urls_v2":{"full":["https:\/\/ferligs.com\/wp-content\/uploads\/2023\/07\/9792-Webp-1640x1360-1.webp",1640,1360,false],"thumbnail":["https:\/\/ferligs.com\/wp-content\/uploads\/2023\/07\/9792-Webp-1640x1360-1.webp",150,124,false],"medium":["https:\/\/ferligs.com\/wp-content\/uploads\/2023\/07\/9792-Webp-1640x1360-1.webp",300,249,false],"medium_large":["https:\/\/ferligs.com\/wp-content\/uploads\/2023\/07\/9792-Webp-1640x1360-1.webp",768,637,false],"large":["https:\/\/ferligs.com\/wp-content\/uploads\/2023\/07\/9792-Webp-1640x1360-1.webp",1024,849,false],"1536x1536":["https:\/\/ferligs.com\/wp-content\/uploads\/2023\/07\/9792-Webp-1640x1360-1.webp",1536,1274,false],"2048x2048":["https:\/\/ferligs.com\/wp-content\/uploads\/2023\/07\/9792-Webp-1640x1360-1.webp",1640,1360,false],"trp-custom-language-flag":["https:\/\/ferligs.com\/wp-content\/uploads\/2023\/07\/9792-Webp-1640x1360-1.webp",14,12,false],"woocommerce_archive_thumbnail":["https:\/\/ferligs.com\/wp-content\/uploads\/2023\/07\/9792-Webp-1640x1360-1-300x249.webp",300,249,true],"woocommerce_thumbnail":["https:\/\/ferligs.com\/wp-content\/uploads\/2023\/07\/9792-Webp-1640x1360-1.webp",300,249,false],"woocommerce_single":["https:\/\/ferligs.com\/wp-content\/uploads\/2023\/07\/9792-Webp-1640x1360-1.webp",600,498,false],"woocommerce_gallery_thumbnail":["https:\/\/ferligs.com\/wp-content\/uploads\/2023\/07\/9792-Webp-1640x1360-1-100x100.webp",100,100,true]},"post_excerpt_stackable_v2":"<p>The Amula metal spider table base combines sophisticated geometric design with robust engineering to elevate any dining or workspace. Crafted from premium 80&#215;80 mm steel tubes, its intersecting lines create a striking visual while maximizing legroom for your guests. Finished with a durable powder coating, this base offers a refined look that stands the test of time, making it the perfect foundation for your custom tabletop.<\/p>\n","category_list_v2":"","author_info_v2":{"name":"","url":""},"comments_num_v2":"0 commentaire","jetpack_publicize_connections":[],"jetpack_sharing_enabled":true,"_links":{"self":[{"href":"https:\/\/ferligs.com\/fr\/wp-json\/wp\/v2\/product\/1554","targetHints":{"allow":["GET"]}}],"collection":[{"href":"https:\/\/ferligs.com\/fr\/wp-json\/wp\/v2\/product"}],"about":[{"href":"https:\/\/ferligs.com\/fr\/wp-json\/wp\/v2\/types\/product"}],"wp:featuredmedia":[{"embeddable":true,"href":"https:\/\/ferligs.com\/fr\/wp-json\/wp\/v2\/media\/1555"}],"wp:attachment":[{"href":"https:\/\/ferligs.com\/fr\/wp-json\/wp\/v2\/media?parent=1554"}],"wp:term":[{"taxonomy":"product_brand","embeddable":true,"href":"https:\/\/ferligs.com\/fr\/wp-json\/wp\/v2\/product_brand?post=1554"},{"taxonomy":"product_cat","embeddable":true,"href":"https:\/\/ferligs.com\/fr\/wp-json\/wp\/v2\/product_cat?post=1554"},{"taxonomy":"product_tag","embeddable":true,"href":"https:\/\/ferligs.com\/fr\/wp-json\/wp\/v2\/product_tag?post=1554"}],"curies":[{"name":"wp","href":"https:\/\/api.w.org\/{rel}","templated":true}]}}