{"id":1533,"date":"2023-05-24T13:29:29","date_gmt":"2023-05-24T10:29:29","guid":{"rendered":"https:\/\/ferligs.com\/?post_type=product&#038;p=1533"},"modified":"2026-03-05T18:50:05","modified_gmt":"2026-03-05T16:50:05","slug":"rauna","status":"publish","type":"product","link":"https:\/\/ferligs.com\/fr\/product\/rauna\/","title":{"rendered":"RAUNA - Paire de pieds de table \u00e0 manger"},"content":{"rendered":"<p>Les pieds de table Rauna pr\u00e9sentent un design astucieux et raffin\u00e9 qui permet trois orientations diff\u00e9rentes sous le plateau, offrant ainsi diverses options esth\u00e9tiques pour s'adapter \u00e0 l'\u00e9volution des pr\u00e9f\u00e9rences en mati\u00e8re de d\u00e9coration. Cette approche multifacette les rend parfaits pour les espaces modulables tels que les maisons, les restaurants ou les studios, o\u00f9 changer de d\u00e9cor permet de rafra\u00eechir facilement l'environnement. Mettant l'accent sur l'\u00e9l\u00e9gance, ces pieds transforment les tables standard en \u00e9l\u00e9ments polyvalents qui allient utilit\u00e9 et expression cr\u00e9ative.<\/p>\n<p>La fixation est simple gr\u00e2ce \u00e0 des trous pr\u00e9-perc\u00e9s standard de 5 mm, qui peuvent \u00eatre modifi\u00e9s \u00e0 la demande, facilitant ainsi la connexion rapide au plateau de votre choix. Les pieds r\u00e9glables inclus permettent un alignement pr\u00e9cis sur diff\u00e9rentes surfaces, et les patins en feutre prot\u00e8gent le sol contre les marques tout en am\u00e9liorant la fonctionnalit\u00e9. Cette installation intuitive ne n\u00e9cessite aucun \u00e9quipement complexe, ce qui la rend attrayante tant pour les novices que pour les experts en assemblage.<\/p>\n<p>La personnalisation \u00e9tendue comprend une hauteur \u00e0 partir de 71 cm, des largeurs au choix de 60, 70 ou 80 cm, et des couleurs telles que bronze, gris fonc\u00e9 ou gris clair. Choisissez parmi diff\u00e9rentes finitions pour l'harmoniser avec votre concept, et ajustez les trous de fixation pour une compatibilit\u00e9 parfaite. Adapt\u00e9 \u00e0 un usage domestique ou professionnel, le Rauna offre de nombreuses configurations sans fournir le plateau, vous permettant ainsi de cr\u00e9er la pi\u00e8ce ultime.<\/p>","protected":false},"excerpt":{"rendered":"<p>Les pieds de table m\u00e9talliques Rauna pr\u00e9sentent un design sophistiqu\u00e9 et adaptable, pouvant \u00eatre plac\u00e9s sous le plateau dans trois orientations diff\u00e9rentes pour cr\u00e9er des styles visuels distincts, parfaits pour des agencements de mobilier polyvalents. Fabriqu\u00e9s \u00e0 partir de tubes en acier robustes de 3 x 3 cm ou 6 x 6 cm renforc\u00e9s par des brides en acier, ces pieds soud\u00e9s peuvent supporter jusqu'\u00e0 150 kg et s'adaptent \u00e0 des plateaux de table mesurant jusqu'\u00e0 280 x 120 cm, offrant un soutien fiable pour de multiples applications. <\/p>","protected":false},"featured_media":1535,"template":"","meta":{"jetpack_publicize_message":"","jetpack_publicize_feature_enabled":true,"jetpack_social_post_already_shared":true,"jetpack_social_options":{"image_generator_settings":{"template":"highway","default_image_id":0,"font":"","enabled":false},"version":2}},"product_brand":[578],"product_cat":[113],"product_tag":[707],"class_list":{"0":"post-1533","1":"product","2":"type-product","3":"status-publish","4":"has-post-thumbnail","6":"product_brand-ferligs","7":"product_cat-table-legs","8":"product_tag-v-shaped-table-legs","9":"product_shipping_class-tables-legs","11":"first","12":"instock","13":"sale","14":"taxable","15":"shipping-taxable","16":"purchasable","17":"product-type-variable","18":"has-default-attributes"},"featured_image_urls_v2":{"full":["https:\/\/ferligs.com\/wp-content\/uploads\/2023\/05\/9054-Webp820x680.webp",820,680,false],"thumbnail":["https:\/\/ferligs.com\/wp-content\/uploads\/2023\/05\/9054-Webp820x680.webp",150,124,false],"medium":["https:\/\/ferligs.com\/wp-content\/uploads\/2023\/05\/9054-Webp820x680.webp",300,249,false],"medium_large":["https:\/\/ferligs.com\/wp-content\/uploads\/2023\/05\/9054-Webp820x680.webp",768,637,false],"large":["https:\/\/ferligs.com\/wp-content\/uploads\/2023\/05\/9054-Webp820x680.webp",820,680,false],"1536x1536":["https:\/\/ferligs.com\/wp-content\/uploads\/2023\/05\/9054-Webp820x680.webp",820,680,false],"2048x2048":["https:\/\/ferligs.com\/wp-content\/uploads\/2023\/05\/9054-Webp820x680.webp",820,680,false],"trp-custom-language-flag":["https:\/\/ferligs.com\/wp-content\/uploads\/2023\/05\/9054-Webp820x680.webp",14,12,false],"woocommerce_archive_thumbnail":["https:\/\/ferligs.com\/wp-content\/uploads\/2023\/05\/9054-Webp820x680-300x249.webp",300,249,true],"woocommerce_thumbnail":["https:\/\/ferligs.com\/wp-content\/uploads\/2023\/05\/9054-Webp820x680.webp",300,249,false],"woocommerce_single":["https:\/\/ferligs.com\/wp-content\/uploads\/2023\/05\/9054-Webp820x680.webp",600,498,false],"woocommerce_gallery_thumbnail":["https:\/\/ferligs.com\/wp-content\/uploads\/2023\/05\/9054-Webp820x680-100x100.webp",100,100,true]},"post_excerpt_stackable_v2":"<p>The Rauna metal table legs feature a sophisticated and adaptable design, enabling placement under the tabletop in three orientations to create distinct visual styles, perfect for versatile furniture arrangements. Constructed from strong steel tubes in 3 x 3 cm or 6 x 6 cm sizes reinforced with steel flanges, these welded legs handle up to 150 kg and accommodate tabletops up to 280 x 120 cm, delivering reliable support for multiple applications. <\/p>\n","category_list_v2":"","author_info_v2":{"name":"","url":""},"comments_num_v2":"0 commentaire","jetpack_publicize_connections":[],"jetpack_sharing_enabled":true,"_links":{"self":[{"href":"https:\/\/ferligs.com\/fr\/wp-json\/wp\/v2\/product\/1533","targetHints":{"allow":["GET"]}}],"collection":[{"href":"https:\/\/ferligs.com\/fr\/wp-json\/wp\/v2\/product"}],"about":[{"href":"https:\/\/ferligs.com\/fr\/wp-json\/wp\/v2\/types\/product"}],"wp:featuredmedia":[{"embeddable":true,"href":"https:\/\/ferligs.com\/fr\/wp-json\/wp\/v2\/media\/1535"}],"wp:attachment":[{"href":"https:\/\/ferligs.com\/fr\/wp-json\/wp\/v2\/media?parent=1533"}],"wp:term":[{"taxonomy":"product_brand","embeddable":true,"href":"https:\/\/ferligs.com\/fr\/wp-json\/wp\/v2\/product_brand?post=1533"},{"taxonomy":"product_cat","embeddable":true,"href":"https:\/\/ferligs.com\/fr\/wp-json\/wp\/v2\/product_cat?post=1533"},{"taxonomy":"product_tag","embeddable":true,"href":"https:\/\/ferligs.com\/fr\/wp-json\/wp\/v2\/product_tag?post=1533"}],"curies":[{"name":"wp","href":"https:\/\/api.w.org\/{rel}","templated":true}]}}