{"id":1527,"date":"2023-05-24T13:26:43","date_gmt":"2023-05-24T10:26:43","guid":{"rendered":"https:\/\/ferligs.com\/?post_type=product&#038;p=1527"},"modified":"2026-03-05T18:45:45","modified_gmt":"2026-03-05T16:45:45","slug":"durbe","status":"publish","type":"product","link":"https:\/\/ferligs.com\/fr\/product\/durbe\/","title":{"rendered":"DURBE \u2013 pieds de table en forme d'araign\u00e9e"},"content":{"rendered":"<p>Le pi\u00e8tement de table Durbe pr\u00e9sente un motif saisissant de lignes entrecrois\u00e9es, o\u00f9 des \u00e9l\u00e9ments m\u00e9talliques se croisent pour former une silhouette g\u00e9om\u00e9trique moderne qui met en valeur tout espace de salle \u00e0 manger ou de travail. Cette disposition innovante attire non seulement l'attention, mais r\u00e9partit \u00e9galement le poids de mani\u00e8re uniforme pour une stabilit\u00e9 optimale. Adapt\u00e9 aux environnements contemporains et traditionnels, il rehausse la pr\u00e9sence g\u00e9n\u00e9rale de la table gr\u00e2ce \u00e0 sa forme artistique et fonctionnelle.<\/p>\n<p>Con\u00e7ue \u00e0 partir de tubes en acier de 6 x 3 cm et renforc\u00e9e par des brides en acier, la Durbe b\u00e9n\u00e9ficie d'une construction soud\u00e9e et assembl\u00e9e qui garantit sa robustesse et une capacit\u00e9 de charge de 150 kg. La finition r\u00e9siste aux dommages quotidiens, avec un rev\u00eatement en poudre offrant une couche lisse et protectrice ou de l'acier brut offrant une texture brute et authentique. Cette construction durable garantit que la base r\u00e9siste \u00e0 un usage fr\u00e9quent tout en conservant son int\u00e9grit\u00e9 structurelle.<\/p>\n<p>Le montage est facilit\u00e9 gr\u00e2ce au kit fourni, au guide, aux pieds r\u00e9glables pour s'adapter \u00e0 la surface, aux patins en feutre pour prot\u00e9ger les sols, \u00e0 la barre transversale en m\u00e9tal et aux pieds de table, tous con\u00e7us pour un processus fluide. Les trous de fixation pr\u00e9-perc\u00e9s de 5 mm permettent une fixation simple \u00e0 votre plateau de table, avec des alternatives disponibles sur demande. Aucune comp\u00e9tence particuli\u00e8re n'est requise, ce qui permet une int\u00e9gration rapide dans votre projet d'ameublement.<\/p>\n<p>Adapt\u00e9 aux besoins individuels, le Durbe permet de personnaliser les options de couleur telles que le gris fonc\u00e9, le gris clair ou le blanc, ainsi que le type de finition, la hauteur, la longueur, la largeur et les trous de fixation. Cette polyvalence permet diverses applications, des installations compactes \u00e0 domicile aux grandes tables commerciales. \u00c0 l'exception du plateau, il permet aux utilisateurs de cr\u00e9er une pi\u00e8ce personnalis\u00e9e qui correspond parfaitement \u00e0 leur vision et \u00e0 leurs besoins.<\/p>","protected":false},"excerpt":{"rendered":"<p>Le pi\u00e8tement m\u00e9tallique Durbe se caract\u00e9rise par un design dynamique \u00e0 lignes crois\u00e9es. Fabriqu\u00e9 en acier de haute qualit\u00e9, il offre une base solide et esth\u00e9tique pour les plateaux de table rectangulaires ou ovales. Sa structure entrecrois\u00e9e offre un excellent \u00e9quilibre et un soutien pouvant supporter des charges allant jusqu'\u00e0 150 kg. Avec une hauteur de 71 cm, des largeurs allant de 60 \u00e0 80 cm et des longueurs allant de 120 \u00e0 180 cm, il s'adapte \u00e0 diff\u00e9rentes tailles de tables. <\/p>","protected":false},"featured_media":1528,"template":"","meta":{"jetpack_publicize_message":"","jetpack_publicize_feature_enabled":true,"jetpack_social_post_already_shared":true,"jetpack_social_options":{"image_generator_settings":{"template":"highway","default_image_id":0,"font":"","enabled":false},"version":2}},"product_brand":[578],"product_cat":[113],"product_tag":[705],"class_list":{"0":"post-1527","1":"product","2":"type-product","3":"status-publish","4":"has-post-thumbnail","6":"product_brand-ferligs","7":"product_cat-table-legs","8":"product_tag-spider-legs","9":"product_shipping_class-tables-legs","11":"first","12":"instock","13":"sale","14":"taxable","15":"shipping-taxable","16":"purchasable","17":"product-type-variable","18":"has-default-attributes"},"featured_image_urls_v2":{"full":["https:\/\/ferligs.com\/wp-content\/uploads\/2023\/05\/8241-Webp820x680.webp",820,680,false],"thumbnail":["https:\/\/ferligs.com\/wp-content\/uploads\/2023\/05\/8241-Webp820x680.webp",150,124,false],"medium":["https:\/\/ferligs.com\/wp-content\/uploads\/2023\/05\/8241-Webp820x680.webp",300,249,false],"medium_large":["https:\/\/ferligs.com\/wp-content\/uploads\/2023\/05\/8241-Webp820x680.webp",768,637,false],"large":["https:\/\/ferligs.com\/wp-content\/uploads\/2023\/05\/8241-Webp820x680.webp",820,680,false],"1536x1536":["https:\/\/ferligs.com\/wp-content\/uploads\/2023\/05\/8241-Webp820x680.webp",820,680,false],"2048x2048":["https:\/\/ferligs.com\/wp-content\/uploads\/2023\/05\/8241-Webp820x680.webp",820,680,false],"trp-custom-language-flag":["https:\/\/ferligs.com\/wp-content\/uploads\/2023\/05\/8241-Webp820x680.webp",14,12,false],"woocommerce_archive_thumbnail":["https:\/\/ferligs.com\/wp-content\/uploads\/2023\/05\/8241-Webp820x680-300x249.webp",300,249,true],"woocommerce_thumbnail":["https:\/\/ferligs.com\/wp-content\/uploads\/2023\/05\/8241-Webp820x680.webp",300,249,false],"woocommerce_single":["https:\/\/ferligs.com\/wp-content\/uploads\/2023\/05\/8241-Webp820x680.webp",600,498,false],"woocommerce_gallery_thumbnail":["https:\/\/ferligs.com\/wp-content\/uploads\/2023\/05\/8241-Webp820x680-100x100.webp",100,100,true]},"post_excerpt_stackable_v2":"<p>The Durbe metal table base features a dynamic crossing lines design, crafted from high-grade steel to provide a sturdy and visually appealing foundation for rectangular or oval tabletops. Its intersecting structure offers excellent balance and support for loads up to 150 kg, with dimensions including height of 71 cm, widths from 60 to 80 cm, and lengths from 120 to 180 cm, making it adaptable for various table sizes. <\/p>\n","category_list_v2":"","author_info_v2":{"name":"","url":""},"comments_num_v2":"0 commentaire","jetpack_publicize_connections":[],"jetpack_sharing_enabled":true,"_links":{"self":[{"href":"https:\/\/ferligs.com\/fr\/wp-json\/wp\/v2\/product\/1527","targetHints":{"allow":["GET"]}}],"collection":[{"href":"https:\/\/ferligs.com\/fr\/wp-json\/wp\/v2\/product"}],"about":[{"href":"https:\/\/ferligs.com\/fr\/wp-json\/wp\/v2\/types\/product"}],"wp:featuredmedia":[{"embeddable":true,"href":"https:\/\/ferligs.com\/fr\/wp-json\/wp\/v2\/media\/1528"}],"wp:attachment":[{"href":"https:\/\/ferligs.com\/fr\/wp-json\/wp\/v2\/media?parent=1527"}],"wp:term":[{"taxonomy":"product_brand","embeddable":true,"href":"https:\/\/ferligs.com\/fr\/wp-json\/wp\/v2\/product_brand?post=1527"},{"taxonomy":"product_cat","embeddable":true,"href":"https:\/\/ferligs.com\/fr\/wp-json\/wp\/v2\/product_cat?post=1527"},{"taxonomy":"product_tag","embeddable":true,"href":"https:\/\/ferligs.com\/fr\/wp-json\/wp\/v2\/product_tag?post=1527"}],"curies":[{"name":"wp","href":"https:\/\/api.w.org\/{rel}","templated":true}]}}