{"id":1521,"date":"2023-05-24T13:24:10","date_gmt":"2023-05-24T10:24:10","guid":{"rendered":"https:\/\/ferligs.com\/?post_type=product&#038;p=1521"},"modified":"2026-03-05T18:46:07","modified_gmt":"2026-03-05T16:46:07","slug":"lobe-table-legs","status":"publish","type":"product","link":"https:\/\/ferligs.com\/fr\/product\/lobe-table-legs\/","title":{"rendered":"LOBE \u2013 Paire de pieds de table (en forme de X)"},"content":{"rendered":"<p>Les pieds de table Lobe x frame allient un design industriel moderne \u00e0 une grande solidit\u00e9 structurelle. Leur construction en X enti\u00e8rement soud\u00e9e garantit une stabilit\u00e9 maximale pour les tables \u00e0 manger, les bureaux, les tables de conf\u00e9rence et les projets de mobilier sur mesure. Fabriqu\u00e9s \u00e0 partir de tubes en acier durables de 8 \u00d7 4 cm et renforc\u00e9s par des brides en acier massif, ils offrent une capacit\u00e9 de charge allant jusqu'\u00e0 150 kg et conviennent aux plateaux de table de grandes dimensions, jusqu'\u00e0 280 \u00d7 120 cm.<\/p>\n<p>Ces pieds de table en X sont disponibles en finition acier brut ou thermolaqu\u00e9 et dans une large gamme de couleurs, notamment noir, bronze, gris fonc\u00e9, dor\u00e9, gris clair et blanc. La finition thermolaqu\u00e9e offre une r\u00e9sistance suppl\u00e9mentaire aux rayures et \u00e0 la corrosion, ce qui rend ces pieds adapt\u00e9s aux int\u00e9rieurs r\u00e9sidentiels et commerciaux o\u00f9 la durabilit\u00e9 et l'esth\u00e9tique architecturale \u00e9pur\u00e9e sont essentielles.<\/p>\n<p>Chaque paire comprend des pieds r\u00e9glables pour niveler les sols irr\u00e9guliers, des patins en feutre pour prot\u00e9ger les surfaces et des trous de montage de 5 mm positionn\u00e9s avec pr\u00e9cision pour une installation s\u00fbre et simple. Une personnalisation compl\u00e8te est disponible, vous permettant de choisir la couleur, le type de finition, la hauteur, la largeur et la configuration des trous de montage afin de s'adapter parfaitement aux dimensions de votre plateau et aux exigences de votre projet. Les pieds de table Lobe x frame constituent ainsi une solution id\u00e9ale pour les meubles sur mesure et les projets d'am\u00e9nagement int\u00e9rieur professionnels.<\/p>","protected":false},"excerpt":{"rendered":"<p>Les pieds de table Lobe X Frame sont des pieds en acier soud\u00e9 tr\u00e8s r\u00e9sistants, fabriqu\u00e9s \u00e0 partir d'un tube en acier de 8 \u00d7 4 cm avec des brides en acier massif, con\u00e7us pour supporter jusqu'\u00e0 150 kg et s'adapter \u00e0 des plateaux de table mesurant jusqu'\u00e0 280 \u00d7 120 cm. Disponibles en finition acier thermolaqu\u00e9 ou brut dans les couleurs noir, bronze, gris fonc\u00e9, or, gris clair et blanc, ils comprennent des trous de fixation de 5 mm, des pieds r\u00e9glables, des patins en feutre et sont vendus par paire avec des options personnalis\u00e9es pour la couleur, la finition, la hauteur, la largeur et la configuration des trous de fixation.<\/p>","protected":false},"featured_media":1524,"template":"","meta":{"jetpack_publicize_message":"","jetpack_publicize_feature_enabled":true,"jetpack_social_post_already_shared":true,"jetpack_social_options":{"image_generator_settings":{"template":"highway","default_image_id":0,"font":"","enabled":false},"version":2}},"product_brand":[578],"product_cat":[113],"product_tag":[698],"class_list":{"0":"post-1521","1":"product","2":"type-product","3":"status-publish","4":"has-post-thumbnail","6":"product_brand-ferligs","7":"product_cat-table-legs","8":"product_tag-x-shaped-table-legs","9":"product_shipping_class-tables-legs","11":"first","12":"instock","13":"sale","14":"taxable","15":"shipping-taxable","16":"purchasable","17":"product-type-variable","18":"has-default-attributes"},"featured_image_urls_v2":{"full":["https:\/\/ferligs.com\/wp-content\/uploads\/2023\/05\/8339-Webp820x680.webp",820,680,false],"thumbnail":["https:\/\/ferligs.com\/wp-content\/uploads\/2023\/05\/8339-Webp820x680-150x150.webp",150,150,true],"medium":["https:\/\/ferligs.com\/wp-content\/uploads\/2023\/05\/8339-Webp820x680-300x249.webp",300,249,true],"medium_large":["https:\/\/ferligs.com\/wp-content\/uploads\/2023\/05\/8339-Webp820x680-768x637.webp",768,637,true],"large":["https:\/\/ferligs.com\/wp-content\/uploads\/2023\/05\/8339-Webp820x680.webp",820,680,false],"1536x1536":["https:\/\/ferligs.com\/wp-content\/uploads\/2023\/05\/8339-Webp820x680.webp",820,680,false],"2048x2048":["https:\/\/ferligs.com\/wp-content\/uploads\/2023\/05\/8339-Webp820x680.webp",820,680,false],"trp-custom-language-flag":["https:\/\/ferligs.com\/wp-content\/uploads\/2023\/05\/8339-Webp820x680.webp",14,12,false],"woocommerce_archive_thumbnail":["https:\/\/ferligs.com\/wp-content\/uploads\/2023\/05\/8339-Webp820x680-300x249.webp",300,249,true],"woocommerce_thumbnail":["https:\/\/ferligs.com\/wp-content\/uploads\/2023\/05\/8339-Webp820x680-300x249.webp",300,249,true],"woocommerce_single":["https:\/\/ferligs.com\/wp-content\/uploads\/2023\/05\/8339-Webp820x680-600x498.webp",600,498,true],"woocommerce_gallery_thumbnail":["https:\/\/ferligs.com\/wp-content\/uploads\/2023\/05\/8339-Webp820x680-100x100.webp",100,100,true]},"post_excerpt_stackable_v2":"<p>Lobe X Frame Table Legs are heavy-duty welded steel legs made from 8 \u00d7 4 cm steel tube with solid steel flanges, designed to support up to 150 kg and fit tabletops up to 280 \u00d7 120 cm; available in powder-coated or raw steel finish in Black, Bronze, Dark Grey, Gold, Light Grey, and White, they include 5 mm mounting holes, adjustable feet, felt pads, and are sold as a pair with custom options for color, finish, height, width, and mounting hole configuration.<\/p>\n","category_list_v2":"","author_info_v2":{"name":"","url":""},"comments_num_v2":"0 commentaire","jetpack_publicize_connections":[],"jetpack_sharing_enabled":true,"_links":{"self":[{"href":"https:\/\/ferligs.com\/fr\/wp-json\/wp\/v2\/product\/1521","targetHints":{"allow":["GET"]}}],"collection":[{"href":"https:\/\/ferligs.com\/fr\/wp-json\/wp\/v2\/product"}],"about":[{"href":"https:\/\/ferligs.com\/fr\/wp-json\/wp\/v2\/types\/product"}],"wp:featuredmedia":[{"embeddable":true,"href":"https:\/\/ferligs.com\/fr\/wp-json\/wp\/v2\/media\/1524"}],"wp:attachment":[{"href":"https:\/\/ferligs.com\/fr\/wp-json\/wp\/v2\/media?parent=1521"}],"wp:term":[{"taxonomy":"product_brand","embeddable":true,"href":"https:\/\/ferligs.com\/fr\/wp-json\/wp\/v2\/product_brand?post=1521"},{"taxonomy":"product_cat","embeddable":true,"href":"https:\/\/ferligs.com\/fr\/wp-json\/wp\/v2\/product_cat?post=1521"},{"taxonomy":"product_tag","embeddable":true,"href":"https:\/\/ferligs.com\/fr\/wp-json\/wp\/v2\/product_tag?post=1521"}],"curies":[{"name":"wp","href":"https:\/\/api.w.org\/{rel}","templated":true}]}}