{"id":1503,"date":"2023-05-24T13:17:09","date_gmt":"2023-05-24T10:17:09","guid":{"rendered":"https:\/\/ferligs.com\/?post_type=product&#038;p=1503"},"modified":"2026-03-11T19:48:24","modified_gmt":"2026-03-11T17:48:24","slug":"engure","status":"publish","type":"product","link":"https:\/\/ferligs.com\/fr\/product\/engure\/","title":{"rendered":"ENGURE - Pieds \u00e0 \u00e9chalas pour table"},"content":{"rendered":"<p>Les pieds de table ENGURE Spider Legs sont con\u00e7us pour devenir la pi\u00e8ce ma\u00eetresse architecturale de votre salle \u00e0 manger. Leurs supports en acier entrecrois\u00e9s forment une base dynamique de style araign\u00e9e qui allie \u00e9l\u00e9gance sculpturale et \u00e9quilibre structurel, offrant un espace g\u00e9n\u00e9reux pour les jambes et des si\u00e8ges confortables sans compromettre la stabilit\u00e9. Ce design g\u00e9om\u00e9trique ouvert rend la base id\u00e9ale pour les plateaux de table rectangulaires et \u00e0 bords naturels.<\/p>\n<p>Fabriqu\u00e9 \u00e0 partir d'un tube en acier robuste de haute qualit\u00e9 de 60 \u00d7 60 mm, le cadre offre une r\u00e9sistance et une durabilit\u00e9 exceptionnelles pour un usage quotidien. L'ensemble de la structure est recouvert d'une couche lisse de rev\u00eatement en poudre qui r\u00e9siste aux rayures et \u00e0 l'usure, pr\u00e9servant ainsi son aspect raffin\u00e9 pendant des ann\u00e9es. Les trous de fixation standard de 5 mm garantissent une fixation s\u00fbre \u00e0 votre plateau de table, tandis que la g\u00e9om\u00e9trie bien con\u00e7ue r\u00e9partit le poids de mani\u00e8re uniforme pour un soutien fiable.<\/p>\n<p>Les pieds de table ENGURE Spider Legs sont livr\u00e9s \u00e0 plat pour garantir un transport s\u00fbr et une livraison facile. Le montage est simple et intuitif, tous les \u00e9l\u00e9ments de fixation et un guide illustr\u00e9 clair sont fournis. Les options de personnalisation vous permettent de choisir la hauteur, la largeur et la finition qui correspondent parfaitement \u00e0 votre concept d'int\u00e9rieur et aux dimensions de votre plateau. Le plateau n'est pas inclus.<\/p>","protected":false},"excerpt":{"rendered":"<p>Les pieds de table ENGURE Spider Legs pr\u00e9sentent un design audacieux en forme de croix entrecrois\u00e9e, fabriqu\u00e9s \u00e0 partir de tubes en acier durables de 60 \u00d7 60 mm, cr\u00e9ant une base stable et visuellement saisissante pour les tables \u00e0 manger modernes ; finis avec un rev\u00eatement en poudre protecteur, \u00e9quip\u00e9s de trous de fixation standard de 5 mm, livr\u00e9s \u00e0 plat avec toutes les fixations et les instructions de montage, et disponibles avec des options de hauteur, de largeur et de finition personnalis\u00e9es.<\/p>","protected":false},"featured_media":1510,"template":"","meta":{"jetpack_publicize_message":"","jetpack_publicize_feature_enabled":true,"jetpack_social_post_already_shared":true,"jetpack_social_options":{"image_generator_settings":{"template":"highway","default_image_id":0,"font":"","enabled":false},"version":2}},"product_brand":[578],"product_cat":[113],"product_tag":[705],"class_list":{"0":"post-1503","1":"product","2":"type-product","3":"status-publish","4":"has-post-thumbnail","6":"product_brand-ferligs","7":"product_cat-table-legs","8":"product_tag-spider-legs","9":"product_shipping_class-tables-legs","11":"first","12":"instock","13":"sale","14":"taxable","15":"shipping-taxable","16":"purchasable","17":"product-type-variable","18":"has-default-attributes"},"featured_image_urls_v2":{"full":["https:\/\/ferligs.com\/wp-content\/uploads\/2023\/05\/9243-Webp820x680.webp",820,680,false],"thumbnail":["https:\/\/ferligs.com\/wp-content\/uploads\/2023\/05\/9243-Webp820x680.webp",150,124,false],"medium":["https:\/\/ferligs.com\/wp-content\/uploads\/2023\/05\/9243-Webp820x680.webp",300,249,false],"medium_large":["https:\/\/ferligs.com\/wp-content\/uploads\/2023\/05\/9243-Webp820x680.webp",768,637,false],"large":["https:\/\/ferligs.com\/wp-content\/uploads\/2023\/05\/9243-Webp820x680.webp",820,680,false],"1536x1536":["https:\/\/ferligs.com\/wp-content\/uploads\/2023\/05\/9243-Webp820x680.webp",820,680,false],"2048x2048":["https:\/\/ferligs.com\/wp-content\/uploads\/2023\/05\/9243-Webp820x680.webp",820,680,false],"trp-custom-language-flag":["https:\/\/ferligs.com\/wp-content\/uploads\/2023\/05\/9243-Webp820x680.webp",14,12,false],"woocommerce_archive_thumbnail":["https:\/\/ferligs.com\/wp-content\/uploads\/2023\/05\/9243-Webp820x680-300x249.webp",300,249,true],"woocommerce_thumbnail":["https:\/\/ferligs.com\/wp-content\/uploads\/2023\/05\/9243-Webp820x680.webp",300,249,false],"woocommerce_single":["https:\/\/ferligs.com\/wp-content\/uploads\/2023\/05\/9243-Webp820x680.webp",600,498,false],"woocommerce_gallery_thumbnail":["https:\/\/ferligs.com\/wp-content\/uploads\/2023\/05\/9243-Webp820x680-100x100.webp",100,100,true]},"post_excerpt_stackable_v2":"<p>ENGURE Dining Table Spider Legs feature a bold intersecting cross design crafted from durable 60 \u00d7 60 mm steel tube, creating a stable and visually striking base for modern dining tables; finished with a protective powder coating, equipped with standard 5 mm fixing holes, delivered flat-packed with all fasteners and assembly instructions, and available with custom height, width, and finish options.<\/p>\n","category_list_v2":"","author_info_v2":{"name":"","url":""},"comments_num_v2":"0 commentaire","jetpack_publicize_connections":[],"jetpack_sharing_enabled":true,"_links":{"self":[{"href":"https:\/\/ferligs.com\/fr\/wp-json\/wp\/v2\/product\/1503","targetHints":{"allow":["GET"]}}],"collection":[{"href":"https:\/\/ferligs.com\/fr\/wp-json\/wp\/v2\/product"}],"about":[{"href":"https:\/\/ferligs.com\/fr\/wp-json\/wp\/v2\/types\/product"}],"wp:featuredmedia":[{"embeddable":true,"href":"https:\/\/ferligs.com\/fr\/wp-json\/wp\/v2\/media\/1510"}],"wp:attachment":[{"href":"https:\/\/ferligs.com\/fr\/wp-json\/wp\/v2\/media?parent=1503"}],"wp:term":[{"taxonomy":"product_brand","embeddable":true,"href":"https:\/\/ferligs.com\/fr\/wp-json\/wp\/v2\/product_brand?post=1503"},{"taxonomy":"product_cat","embeddable":true,"href":"https:\/\/ferligs.com\/fr\/wp-json\/wp\/v2\/product_cat?post=1503"},{"taxonomy":"product_tag","embeddable":true,"href":"https:\/\/ferligs.com\/fr\/wp-json\/wp\/v2\/product_tag?post=1503"}],"curies":[{"name":"wp","href":"https:\/\/api.w.org\/{rel}","templated":true}]}}