{"id":1099,"date":"2022-10-31T11:31:05","date_gmt":"2022-10-31T09:31:05","guid":{"rendered":"https:\/\/ferligs.com\/product\/v-neck-t-shirt\/"},"modified":"2026-04-11T09:31:28","modified_gmt":"2026-04-11T06:31:28","slug":"usma","status":"publish","type":"product","link":"https:\/\/ferligs.com\/fr\/product\/usma\/","title":{"rendered":"Po\u00eale Usma"},"content":{"rendered":"<p>Po\u00eale \u00e0 bois moderne fait \u00e0 la main \"USMA\". La conception technique est bas\u00e9e sur des connaissances scientifiques et une exp\u00e9rience de plusieurs centaines d'ann\u00e9es. Cette conception unique allie ergonomie et compacit\u00e9. Le po\u00eale \u00e0 bois \"USMA\" est tr\u00e8s simple \u00e0 installer et facile \u00e0 utiliser pour chauffer n'importe quel endroit pendant longtemps.<br \/>\nLe po\u00eale bedonnant est fabriqu\u00e9 \u00e0 partir d'un alliage m\u00e9tallique consommant de l'\u00e9nergie, qui permet de chauffer une pi\u00e8ce pouvant atteindre 100 m2. La pi\u00e8ce commence \u00e0 chauffer d\u00e8s que le po\u00eale est allum\u00e9, et le mode de combustion lente cr\u00e9e les conditions id\u00e9ales pour une combustion longue et compl\u00e8te du combustible.<br \/>\n\"USMA\" vous permet d'utiliser presque n'importe quel type de combustible d'allumage. Une conception r\u00e9fl\u00e9chie permet d'\u00e9liminer l'odeur de fum\u00e9e.<br \/>\nLorsque les prix du gaz et de l'\u00e9lectricit\u00e9 sont \u00e9lev\u00e9s ou lorsqu'il est techniquement impossible de les utiliser, ce po\u00eale universel peut \u00eatre une alternative bon march\u00e9, qui vous permet d'\u00e9conomiser de l'argent sur votre facture afin d'\u00eatre aussi rentable que possible.<\/p>","protected":false},"excerpt":{"rendered":"<p>Po\u00eale \u00e0 bois moderne fait \u00e0 la main \"USMA\"<\/p>","protected":false},"featured_media":1110,"template":"","meta":{"jetpack_publicize_message":"","jetpack_publicize_feature_enabled":true,"jetpack_social_post_already_shared":false,"jetpack_social_options":{"image_generator_settings":{"template":"highway","default_image_id":0,"font":"","enabled":false},"version":2}},"product_brand":[578],"product_cat":[32],"product_tag":[],"class_list":{"0":"post-1099","1":"product","2":"type-product","3":"status-publish","4":"has-post-thumbnail","6":"product_brand-ferligs","7":"product_cat-stoves","8":"product_shipping_class-stoves","10":"first","11":"instock","12":"taxable","13":"shipping-taxable","14":"purchasable","15":"product-type-variable","16":"has-default-attributes"},"featured_image_urls_v2":{"full":["https:\/\/ferligs.com\/wp-content\/uploads\/2022\/10\/USMA_WEB_2-1.webp",820,640,false],"thumbnail":["https:\/\/ferligs.com\/wp-content\/uploads\/2022\/10\/USMA_WEB_2-1-150x150.webp",150,150,true],"medium":["https:\/\/ferligs.com\/wp-content\/uploads\/2022\/10\/USMA_WEB_2-1-300x234.webp",300,234,true],"medium_large":["https:\/\/ferligs.com\/wp-content\/uploads\/2022\/10\/USMA_WEB_2-1-768x599.webp",768,599,true],"large":["https:\/\/ferligs.com\/wp-content\/uploads\/2022\/10\/USMA_WEB_2-1.webp",820,640,false],"1536x1536":["https:\/\/ferligs.com\/wp-content\/uploads\/2022\/10\/USMA_WEB_2-1.webp",820,640,false],"2048x2048":["https:\/\/ferligs.com\/wp-content\/uploads\/2022\/10\/USMA_WEB_2-1.webp",820,640,false],"trp-custom-language-flag":["https:\/\/ferligs.com\/wp-content\/uploads\/2022\/10\/USMA_WEB_2-1.webp",15,12,false],"woocommerce_archive_thumbnail":["https:\/\/ferligs.com\/wp-content\/uploads\/2022\/10\/USMA_WEB_2-1-300x234.webp",300,234,true],"woocommerce_thumbnail":["https:\/\/ferligs.com\/wp-content\/uploads\/2022\/10\/USMA_WEB_2-1-300x234.webp",300,234,true],"woocommerce_single":["https:\/\/ferligs.com\/wp-content\/uploads\/2022\/10\/USMA_WEB_2-1-600x468.webp",600,468,true],"woocommerce_gallery_thumbnail":["https:\/\/ferligs.com\/wp-content\/uploads\/2022\/10\/USMA_WEB_2-1-100x100.webp",100,100,true]},"post_excerpt_stackable_v2":"<p>Modern handmade potbelly stove \u201cUSMA\u201d<\/p>\n","category_list_v2":"","author_info_v2":{"name":"","url":""},"comments_num_v2":"0 commentaire","jetpack_publicize_connections":[],"jetpack_sharing_enabled":true,"_links":{"self":[{"href":"https:\/\/ferligs.com\/fr\/wp-json\/wp\/v2\/product\/1099","targetHints":{"allow":["GET"]}}],"collection":[{"href":"https:\/\/ferligs.com\/fr\/wp-json\/wp\/v2\/product"}],"about":[{"href":"https:\/\/ferligs.com\/fr\/wp-json\/wp\/v2\/types\/product"}],"wp:featuredmedia":[{"embeddable":true,"href":"https:\/\/ferligs.com\/fr\/wp-json\/wp\/v2\/media\/1110"}],"wp:attachment":[{"href":"https:\/\/ferligs.com\/fr\/wp-json\/wp\/v2\/media?parent=1099"}],"wp:term":[{"taxonomy":"product_brand","embeddable":true,"href":"https:\/\/ferligs.com\/fr\/wp-json\/wp\/v2\/product_brand?post=1099"},{"taxonomy":"product_cat","embeddable":true,"href":"https:\/\/ferligs.com\/fr\/wp-json\/wp\/v2\/product_cat?post=1099"},{"taxonomy":"product_tag","embeddable":true,"href":"https:\/\/ferligs.com\/fr\/wp-json\/wp\/v2\/product_tag?post=1099"}],"curies":[{"name":"wp","href":"https:\/\/api.w.org\/{rel}","templated":true}]}}