{"id":4780,"date":"2026-03-01T11:41:45","date_gmt":"2026-03-01T09:41:45","guid":{"rendered":"https:\/\/ferligs.com\/?post_type=product&#038;p=4780"},"modified":"2026-03-03T09:08:04","modified_gmt":"2026-03-03T07:08:04","slug":"kekava-towel-rack","status":"publish","type":"product","link":"https:\/\/ferligs.com\/fi\/product\/kekava-towel-rack\/","title":{"rendered":"KEKAVA \u2013 Sein\u00e4lle kiinnitett\u00e4v\u00e4 pyyheteline"},"content":{"rendered":"<p>Kekava-sein\u00e4pyyheteline ilment\u00e4\u00e4 modernin minimalistisen muotoilun ydint\u00e4. Tyylikk\u00e4\u00e4n ja virtaviivaisen muotoilunsa ansiosta t\u00e4m\u00e4 malli on suunniteltu erityisesti t\u00e4ydent\u00e4m\u00e4\u00e4n mit\u00e4 tahansa nykyaikaista sisustusta, huippuluokan hotelleista tyylikk\u00e4isiin kotikylpyhuoneisiin. Sen hienostunut teollinen ulkon\u00e4k\u00f6 on muutakin kuin pelkk\u00e4 s\u00e4ilytysratkaisu; se on hienostunut sisustuselementti, joka korostaa seinien visuaalista vetovoimaa ja luo samalla siistin, j\u00e4rjestyksellisen ja avaran tunnelman, joka tuntuu sek\u00e4 ylelliselt\u00e4 ett\u00e4 kutsuvaiselta.<\/p>\n<p>Ensiluokkaisesta ter\u00e4ksest\u00e4 valmistettu Kekava-malli on suunniteltu tarjoamaan poikkeuksellista kest\u00e4vyytt\u00e4 ja pitk\u00e4aikaista suorituskyky\u00e4. Laadukas metallirakenne takaa, ett\u00e4 teline pysyy tukevana ja luotettavana jopa kylpyhuoneen kosteissa olosuhteissa. Jokainen hitsaus ja viimeistely on toteutettu tarkasti, mink\u00e4 tuloksena on syntynyt vankka tuote, joka kest\u00e4\u00e4 kulutusta. T\u00e4m\u00e4 on luotettava valinta vilkkaisiin kotitalouksiin tai liiketiloihin, joissa lujuuden ja tyylikkyyden on kuljettava k\u00e4si k\u00e4dess\u00e4 vuosien ajan.<\/p>\n<p>T\u00e4m\u00e4 sein\u00e4lle kiinnitett\u00e4v\u00e4 pyyheteline on mitoiltaan reilut 80 x 30 x 14 cm, joten se tarjoaa runsaasti tilaa useille suurille kylpypyyhkeille, k\u00e4sipyyhkeille tai jopa koristeellisille tekstiileille. Sen tilava muotoilu tekee siit\u00e4 erityisen sopivan suurille perheille tai makuuhuoneisiin, joissa tarvitaan ylim\u00e4\u00e4r\u00e4ist\u00e4 s\u00e4ilytystilaa. Siirt\u00e4m\u00e4ll\u00e4 pyyhkeet lattialta t\u00e4lle tyylikk\u00e4\u00e4lle telineelle maksimoit tehokkaasti kylpyhuoneesi tilank\u00e4yt\u00f6n ja luot huomattavasti toimivamman, j\u00e4rjestyksellisemm\u00e4n ja ilmavamman asuinymp\u00e4rist\u00f6n.<\/p>\n<p>Kekava-hyllyn helposti puhdistettava pinta ja yksinkertainen asennusprosessi takaavat vaivattoman omistajuuden. Tarjoamme tuotteen, jonka yll\u00e4pito on yht\u00e4 helppoa kuin sen asentaminenkin: se pysyy moitteettomassa kunnossa vain nopealla pyyhk\u00e4isyll\u00e4. Lis\u00e4ksi tarjoamme laajat r\u00e4\u00e4t\u00e4l\u00f6intivaihtoehdot, kuten erikoispinnoitteet ja mittatilausty\u00f6n\u00e4 valmistetut koot, jotta hylly sopii t\u00e4ydellisesti juuri sinun arkkitehtonisiin tarpeisiisi. Muuta tilasi yksil\u00f6llisell\u00e4 s\u00e4ilytysratkaisulla, joka heijastaa omaa ainutlaatuista makuasi.<\/p>","protected":false},"excerpt":{"rendered":"<p>Kekava-sein\u00e4pyyheteline on modernin minimalismin ja k\u00e4yt\u00e4nn\u00f6llisen s\u00e4ilytystilan t\u00e4ydellinen yhdistelm\u00e4. T\u00e4m\u00e4 tyylik\u00e4s, per\u00e4ti 80 cm pitk\u00e4 ter\u00e4spidike on suunniteltu useiden pyyhkeiden ripustamiseen s\u00e4ilytt\u00e4en samalla virtaviivaisen ja ilmavan muodon. Sen kest\u00e4v\u00e4 metallirakenne ja selke\u00e4t teolliset linjat tekev\u00e4t siit\u00e4 v\u00e4ltt\u00e4m\u00e4tt\u00f6m\u00e4n katseenvangitsijan mihin tahansa nykyaikaiseen kylpyhuoneeseen, ja se tarjoaa tyylikk\u00e4\u00e4n tavan pit\u00e4\u00e4 tilasi j\u00e4rjestyksess\u00e4, kuivana ja t\u00e4ysin siistin\u00e4.<\/p>","protected":false},"featured_media":4893,"template":"","meta":{"jetpack_publicize_message":"","jetpack_publicize_feature_enabled":true,"jetpack_social_post_already_shared":true,"jetpack_social_options":{"image_generator_settings":{"template":"highway","default_image_id":0,"font":"","enabled":false},"version":2}},"product_brand":[578],"product_cat":[669],"product_tag":[],"class_list":{"0":"post-4780","1":"product","2":"type-product","3":"status-publish","4":"has-post-thumbnail","6":"product_brand-ferligs","7":"product_cat-towel-racks","8":"product_shipping_class-racks","10":"first","11":"instock","12":"taxable","13":"shipping-taxable","14":"purchasable","15":"product-type-variable","16":"has-default-attributes"},"featured_image_urls_v2":{"full":["https:\/\/ferligs.com\/wp-content\/uploads\/2026\/03\/IMG_3132.webp",1265,948,false],"thumbnail":["https:\/\/ferligs.com\/wp-content\/uploads\/2026\/03\/IMG_3132-150x150.webp",150,150,true],"medium":["https:\/\/ferligs.com\/wp-content\/uploads\/2026\/03\/IMG_3132-300x225.webp",300,225,true],"medium_large":["https:\/\/ferligs.com\/wp-content\/uploads\/2026\/03\/IMG_3132-768x576.webp",768,576,true],"large":["https:\/\/ferligs.com\/wp-content\/uploads\/2026\/03\/IMG_3132-1024x767.webp",1024,767,true],"1536x1536":["https:\/\/ferligs.com\/wp-content\/uploads\/2026\/03\/IMG_3132.webp",1265,948,false],"2048x2048":["https:\/\/ferligs.com\/wp-content\/uploads\/2026\/03\/IMG_3132.webp",1265,948,false],"trp-custom-language-flag":["https:\/\/ferligs.com\/wp-content\/uploads\/2026\/03\/IMG_3132-16x12.webp",16,12,true],"woocommerce_archive_thumbnail":["https:\/\/ferligs.com\/wp-content\/uploads\/2026\/03\/IMG_3132-300x225.webp",300,225,true],"woocommerce_thumbnail":["https:\/\/ferligs.com\/wp-content\/uploads\/2026\/03\/IMG_3132-300x225.webp",300,225,true],"woocommerce_single":["https:\/\/ferligs.com\/wp-content\/uploads\/2026\/03\/IMG_3132-600x450.webp",600,450,true],"woocommerce_gallery_thumbnail":["https:\/\/ferligs.com\/wp-content\/uploads\/2026\/03\/IMG_3132-100x100.webp",100,100,true]},"post_excerpt_stackable_v2":"<p>The Kekava wall mounted towel rack is the ultimate blend of modern minimalism and practical storage. Measuring an impressive 80cm, this sleek steel holder is designed to accommodate multiple towels while maintaining a streamlined, airy silhouette. Its durable metal construction and clean industrial lines make it an essential centerpiece for any contemporary bathroom, offering a sophisticated way to keep your space organized, dry, and completely clutter-free.<\/p>\n","category_list_v2":"","author_info_v2":{"name":"","url":""},"comments_num_v2":"0 comments","jetpack_publicize_connections":[],"jetpack_sharing_enabled":true,"_links":{"self":[{"href":"https:\/\/ferligs.com\/fi\/wp-json\/wp\/v2\/product\/4780","targetHints":{"allow":["GET"]}}],"collection":[{"href":"https:\/\/ferligs.com\/fi\/wp-json\/wp\/v2\/product"}],"about":[{"href":"https:\/\/ferligs.com\/fi\/wp-json\/wp\/v2\/types\/product"}],"wp:featuredmedia":[{"embeddable":true,"href":"https:\/\/ferligs.com\/fi\/wp-json\/wp\/v2\/media\/4893"}],"wp:attachment":[{"href":"https:\/\/ferligs.com\/fi\/wp-json\/wp\/v2\/media?parent=4780"}],"wp:term":[{"taxonomy":"product_brand","embeddable":true,"href":"https:\/\/ferligs.com\/fi\/wp-json\/wp\/v2\/product_brand?post=4780"},{"taxonomy":"product_cat","embeddable":true,"href":"https:\/\/ferligs.com\/fi\/wp-json\/wp\/v2\/product_cat?post=4780"},{"taxonomy":"product_tag","embeddable":true,"href":"https:\/\/ferligs.com\/fi\/wp-json\/wp\/v2\/product_tag?post=4780"}],"curies":[{"name":"wp","href":"https:\/\/api.w.org\/{rel}","templated":true}]}}