{"id":4692,"date":"2026-03-01T11:32:01","date_gmt":"2026-03-01T09:32:01","guid":{"rendered":"https:\/\/ferligs.com\/?post_type=product&#038;p=4692"},"modified":"2026-03-03T09:08:05","modified_gmt":"2026-03-03T07:08:05","slug":"daugmale-towel-rack","status":"publish","type":"product","link":"https:\/\/ferligs.com\/fi\/product\/daugmale-towel-rack\/","title":{"rendered":"DAUGMALE \u2013 Sein\u00e4lle kiinnitett\u00e4v\u00e4 pyyheteline"},"content":{"rendered":"<p>Tee sisustuksestasi entist\u00e4 tyylikk\u00e4\u00e4mpi Daugmale-pystysuuntaisella sein\u00e4lle kiinnitett\u00e4v\u00e4ll\u00e4 pyyhetelineell\u00e4, joka on t\u00e4ydellinen yhdistelm\u00e4 teollista kest\u00e4vyytt\u00e4 ja minimalistista eleganssia. T\u00e4m\u00e4 tyylik\u00e4s s\u00e4ilytysratkaisu on suunniteltu muuhunkin kuin pelk\u00e4st\u00e4\u00e4n pyyhkeiden ripustamiseen; se toimii hienostuneena sisustuselementtin\u00e4, joka sopii erinomaisesti moderniin, pohjoismaiseen tai loft-tyyliseen sisustukseen. Sen selke\u00e4t linjat ja tilaa s\u00e4\u00e4st\u00e4v\u00e4 muotoilu auttavat pit\u00e4m\u00e4\u00e4n ymp\u00e4rist\u00f6n siistin\u00e4, mik\u00e4 tekee siit\u00e4 v\u00e4ltt\u00e4m\u00e4tt\u00f6m\u00e4n lis\u00e4yksen niille, jotka arvostavat sek\u00e4 muotoilua ett\u00e4 huippuluokan toiminnallisuutta arjessaan.<\/p>\n<p>Daugmale-sarjassa kest\u00e4vyys yhdistyy monipuolisuuteen. Jokainen sein\u00e4lle kiinnitett\u00e4v\u00e4 pyyheteline on ammattitaitoisesti valmistettu korkealaatuisesta ter\u00e4ksest\u00e4, mik\u00e4 takaa vankan rakenteen, joka kest\u00e4\u00e4 aikaa. Vastaamaan juuri sinun s\u00e4ilytystarpeisiisi tarjoamme kolme erilaista kokoa: pieni (30x20x14 cm), keskikokoinen (50x20x14 cm) ja suuri (70x20x14 cm). N\u00e4iden vaihtoehtojen ansiosta voit valita ihanteellisen kapasiteetin kaikkeen pienist\u00e4 k\u00e4sipyyhkeist\u00e4 suuriin, pehmeisiin kylpypyyhkeisiin, mik\u00e4 takaa r\u00e4\u00e4t\u00e4l\u00f6idyn ratkaisun jokaiseen kotiin.<\/p>\n<p>Uskomme tuotteisiin, jotka helpottavat arkea. Daugmale-sein\u00e4kiinnitteisess\u00e4 pyyhetelineess\u00e4 on sile\u00e4, korkealaatuinen pinta, joka on uskomattoman helppo puhdistaa ja hoitaa ja joka pysyy moitteettomassa kunnossa jopa kosteissa kylpyhuoneolosuhteissa. Asennus on yksinkertaista, mik\u00e4 mahdollistaa nopean ja turvallisen asennuksen. Tarjoamme lis\u00e4ksi r\u00e4\u00e4t\u00e4l\u00f6intivaihtoehtoja erityisviimeistelyille tai mittatilausty\u00f6n\u00e4 valmistettaville kooille, jotta uusi telineesi sopii t\u00e4ydellisesti juuri sinun visioosi ja arkkitehtonisiin vaatimuksiisi.<\/p>","protected":false},"excerpt":{"rendered":"<p>Daugmale-sein\u00e4kiinnitteinen pyyheteline on tyylik\u00e4s ja minimalistinen ratkaisu, joka tuo j\u00e4rjestyst\u00e4 ja modernia tyyli\u00e4 mihin tahansa kylpyhuoneeseen. Laadukkaasta ter\u00e4ksest\u00e4 valmistettu, kest\u00e4v\u00e4 teline on saatavana kolmessa monipuolisessa koossa, jotka sopivat t\u00e4ydellisesti tilaanne. Halusittepa sitten siisti\u00e4 pient\u00e4 vieraskylpyhuonetta tai j\u00e4rjest\u00e4\u00e4 vilkkaan perheen kylpyhuoneen, sen vankka rakenne ja teollinen estetiikka tekev\u00e4t siit\u00e4 toimivan katseenvangitsijan mihin tahansa moderniin kotiin.<\/p>","protected":false},"featured_media":4771,"template":"","meta":{"jetpack_publicize_message":"","jetpack_publicize_feature_enabled":true,"jetpack_social_post_already_shared":true,"jetpack_social_options":{"image_generator_settings":{"template":"highway","default_image_id":0,"font":"","enabled":false},"version":2}},"product_brand":[578],"product_cat":[669],"product_tag":[],"class_list":{"0":"post-4692","1":"product","2":"type-product","3":"status-publish","4":"has-post-thumbnail","6":"product_brand-ferligs","7":"product_cat-towel-racks","8":"product_shipping_class-racks","10":"first","11":"instock","12":"taxable","13":"shipping-taxable","14":"purchasable","15":"product-type-variable","16":"has-default-attributes"},"featured_image_urls_v2":{"full":["https:\/\/ferligs.com\/wp-content\/uploads\/2026\/03\/IMG_3101-scaled.webp",2560,1920,false],"thumbnail":["https:\/\/ferligs.com\/wp-content\/uploads\/2026\/03\/IMG_3101-150x150.webp",150,150,true],"medium":["https:\/\/ferligs.com\/wp-content\/uploads\/2026\/03\/IMG_3101-300x225.webp",300,225,true],"medium_large":["https:\/\/ferligs.com\/wp-content\/uploads\/2026\/03\/IMG_3101-768x576.webp",768,576,true],"large":["https:\/\/ferligs.com\/wp-content\/uploads\/2026\/03\/IMG_3101-1024x768.webp",1024,768,true],"1536x1536":["https:\/\/ferligs.com\/wp-content\/uploads\/2026\/03\/IMG_3101-1536x1152.webp",1536,1152,true],"2048x2048":["https:\/\/ferligs.com\/wp-content\/uploads\/2026\/03\/IMG_3101-2048x1536.webp",2048,1536,true],"trp-custom-language-flag":["https:\/\/ferligs.com\/wp-content\/uploads\/2026\/03\/IMG_3101-16x12.webp",16,12,true],"woocommerce_archive_thumbnail":["https:\/\/ferligs.com\/wp-content\/uploads\/2026\/03\/IMG_3101-300x225.webp",300,225,true],"woocommerce_thumbnail":["https:\/\/ferligs.com\/wp-content\/uploads\/2026\/03\/IMG_3101-300x225.webp",300,225,true],"woocommerce_single":["https:\/\/ferligs.com\/wp-content\/uploads\/2026\/03\/IMG_3101-600x450.webp",600,450,true],"woocommerce_gallery_thumbnail":["https:\/\/ferligs.com\/wp-content\/uploads\/2026\/03\/IMG_3101-100x100.webp",100,100,true]},"post_excerpt_stackable_v2":"<p>The Daugmale wall mounted towel rack is a sleek, minimalist solution designed to bring order and contemporary style to any bathroom. Crafted from high-quality steel, this durable organizer is available in three versatile sizes to perfectly fit your space. Whether you are looking to declutter a small powder room or organize a busy family bathroom, its sturdy construction and industrial aesthetic make it a functional statement piece for any modern home.<\/p>\n","category_list_v2":"","author_info_v2":{"name":"","url":""},"comments_num_v2":"0 comments","jetpack_publicize_connections":[],"jetpack_sharing_enabled":true,"_links":{"self":[{"href":"https:\/\/ferligs.com\/fi\/wp-json\/wp\/v2\/product\/4692","targetHints":{"allow":["GET"]}}],"collection":[{"href":"https:\/\/ferligs.com\/fi\/wp-json\/wp\/v2\/product"}],"about":[{"href":"https:\/\/ferligs.com\/fi\/wp-json\/wp\/v2\/types\/product"}],"wp:featuredmedia":[{"embeddable":true,"href":"https:\/\/ferligs.com\/fi\/wp-json\/wp\/v2\/media\/4771"}],"wp:attachment":[{"href":"https:\/\/ferligs.com\/fi\/wp-json\/wp\/v2\/media?parent=4692"}],"wp:term":[{"taxonomy":"product_brand","embeddable":true,"href":"https:\/\/ferligs.com\/fi\/wp-json\/wp\/v2\/product_brand?post=4692"},{"taxonomy":"product_cat","embeddable":true,"href":"https:\/\/ferligs.com\/fi\/wp-json\/wp\/v2\/product_cat?post=4692"},{"taxonomy":"product_tag","embeddable":true,"href":"https:\/\/ferligs.com\/fi\/wp-json\/wp\/v2\/product_tag?post=4692"}],"curies":[{"name":"wp","href":"https:\/\/api.w.org\/{rel}","templated":true}]}}