{"id":4554,"date":"2026-02-25T15:52:17","date_gmt":"2026-02-25T13:52:17","guid":{"rendered":"https:\/\/ferligs.com\/?post_type=product&#038;p=4554"},"modified":"2026-03-03T09:09:31","modified_gmt":"2026-03-03T07:09:31","slug":"rumbula-firewood-rack-with-shelf","status":"publish","type":"product","link":"https:\/\/ferligs.com\/fi\/product\/rumbula-firewood-rack-with-shelf\/","title":{"rendered":"RUMBULA \u2013 Polttopuuteline"},"content":{"rendered":"<p>RUMBULA-polttopuuteline yhdist\u00e4\u00e4 k\u00e4yt\u00e4nn\u00f6llisyyden ja modernin muotoilun, mik\u00e4 tekee siit\u00e4 t\u00e4ydellisen lis\u00e4yksen mihin tahansa oleskelutilaan. Kompaktin kokonsa ansiosta se mahtuu pieniin nurkkiin, mutta tarjoaa silti riitt\u00e4v\u00e4sti tilaa polttopuille k\u00e4yt\u00e4nn\u00f6lliseen k\u00e4ytt\u00f6\u00f6n. Tyylikk\u00e4\u00e4t linjat ja minimalistinen muotoilu korostavat sek\u00e4 sis\u00e4- ett\u00e4 ulkotiloja ja tuovat sisustukseen koristeellisen vivahteen, joka sulautuu saumattomasti huonekaluihin ja ymp\u00e4rist\u00f6\u00f6n.<\/p>\n<p>Teline on valmistettu 2,5\u00d72,5 cm:n ter\u00e4sputkesta ja viimeistelty kest\u00e4v\u00e4ll\u00e4 jauhemaalilla, mink\u00e4 ansiosta se kest\u00e4\u00e4 erinomaisesti korroosiota, ruostetta ja p\u00e4ivitt\u00e4ist\u00e4 kulutusta. Sen vakaa rakenne varmistaa, ett\u00e4 polttopuut pysyv\u00e4t siististi pinottuina, ja integroitu hylly tarjoaa lis\u00e4tilaa sytykkeille, ty\u00f6kaluille tai koriste-esineille. Vankka rakenne takaa pitk\u00e4ik\u00e4isen k\u00e4yt\u00f6n sek\u00e4 sis\u00e4ll\u00e4 ett\u00e4 ulkona.<\/p>\n<p>RUMBULA-telineen mitat ovat 90 tai 120 cm korkea, 50 cm leve\u00e4 ja 25 cm syv\u00e4, ja se on k\u00e4ytt\u00f6valmis heti pakkauksesta otettuna. Se pit\u00e4\u00e4 polttopuut j\u00e4rjestyksess\u00e4, poissa lattiasta ja n\u00e4ytt\u00e4\u00e4 hyv\u00e4lt\u00e4, mik\u00e4 tekee siit\u00e4 k\u00e4yt\u00e4nn\u00f6llisen mutta tyylikk\u00e4\u00e4n ratkaisun kotiin, terassille tai puutarhaan. Kest\u00e4vyytt\u00e4, modernia estetiikkaa ja monipuolisuutta yhdist\u00e4v\u00e4 teline on ihanteellinen valinta niille, jotka arvostavat sek\u00e4 muotoa ett\u00e4 toiminnallisuutta.<\/p>","protected":false},"excerpt":{"rendered":"<p>Rumbula-polttopuuteline hyllyll\u00e4. T\u00e4m\u00e4 kompakti, tyylik\u00e4s ja kest\u00e4v\u00e4 polttopuuteline mahtuu runsaasti polttopuita ja pit\u00e4\u00e4 tilasi siistin\u00e4. Jauhemaalatusta ter\u00e4ksest\u00e4 valmistettu teline sis\u00e4lt\u00e4\u00e4 kiinte\u00e4n hyllyn, sopii erinomaisesti sek\u00e4 sis\u00e4- ett\u00e4 ulkok\u00e4ytt\u00f6\u00f6n ja on heti k\u00e4ytt\u00f6valmis.<\/p>","protected":false},"featured_media":4983,"template":"","meta":{"jetpack_publicize_message":"","jetpack_publicize_feature_enabled":true,"jetpack_social_post_already_shared":true,"jetpack_social_options":{"image_generator_settings":{"template":"highway","default_image_id":0,"font":"","enabled":false},"version":2}},"product_brand":[578],"product_cat":[112],"product_tag":[],"class_list":{"0":"post-4554","1":"product","2":"type-product","3":"status-publish","4":"has-post-thumbnail","6":"product_brand-ferligs","7":"product_cat-firewood","8":"product_shipping_class-racks","10":"first","11":"instock","12":"sale","13":"taxable","14":"shipping-taxable","15":"purchasable","16":"product-type-variable","17":"has-default-attributes"},"featured_image_urls_v2":{"full":["https:\/\/ferligs.com\/wp-content\/uploads\/2026\/03\/IMG_2451-scaled.webp",2560,1920,false],"thumbnail":["https:\/\/ferligs.com\/wp-content\/uploads\/2026\/03\/IMG_2451-150x150.webp",150,150,true],"medium":["https:\/\/ferligs.com\/wp-content\/uploads\/2026\/03\/IMG_2451-300x225.webp",300,225,true],"medium_large":["https:\/\/ferligs.com\/wp-content\/uploads\/2026\/03\/IMG_2451-768x576.webp",768,576,true],"large":["https:\/\/ferligs.com\/wp-content\/uploads\/2026\/03\/IMG_2451-1024x768.webp",1024,768,true],"1536x1536":["https:\/\/ferligs.com\/wp-content\/uploads\/2026\/03\/IMG_2451-1536x1152.webp",1536,1152,true],"2048x2048":["https:\/\/ferligs.com\/wp-content\/uploads\/2026\/03\/IMG_2451-2048x1536.webp",2048,1536,true],"trp-custom-language-flag":["https:\/\/ferligs.com\/wp-content\/uploads\/2026\/03\/IMG_2451-16x12.webp",16,12,true],"woocommerce_archive_thumbnail":["https:\/\/ferligs.com\/wp-content\/uploads\/2026\/03\/IMG_2451-300x225.webp",300,225,true],"woocommerce_thumbnail":["https:\/\/ferligs.com\/wp-content\/uploads\/2026\/03\/IMG_2451-300x225.webp",300,225,true],"woocommerce_single":["https:\/\/ferligs.com\/wp-content\/uploads\/2026\/03\/IMG_2451-600x450.webp",600,450,true],"woocommerce_gallery_thumbnail":["https:\/\/ferligs.com\/wp-content\/uploads\/2026\/03\/IMG_2451-100x100.webp",100,100,true]},"post_excerpt_stackable_v2":"<p>Rumbula modern firewood rack with shelf. Compact, stylish, and durable, this firewood rack holds plenty of logs while keeping your space organized. Made from powder-coated steel with a built-in shelf, it\u2019s perfect for indoor or outdoor use and ready to use right away.<\/p>\n","category_list_v2":"","author_info_v2":{"name":"","url":""},"comments_num_v2":"0 comments","jetpack_publicize_connections":[],"jetpack_sharing_enabled":true,"_links":{"self":[{"href":"https:\/\/ferligs.com\/fi\/wp-json\/wp\/v2\/product\/4554","targetHints":{"allow":["GET"]}}],"collection":[{"href":"https:\/\/ferligs.com\/fi\/wp-json\/wp\/v2\/product"}],"about":[{"href":"https:\/\/ferligs.com\/fi\/wp-json\/wp\/v2\/types\/product"}],"wp:featuredmedia":[{"embeddable":true,"href":"https:\/\/ferligs.com\/fi\/wp-json\/wp\/v2\/media\/4983"}],"wp:attachment":[{"href":"https:\/\/ferligs.com\/fi\/wp-json\/wp\/v2\/media?parent=4554"}],"wp:term":[{"taxonomy":"product_brand","embeddable":true,"href":"https:\/\/ferligs.com\/fi\/wp-json\/wp\/v2\/product_brand?post=4554"},{"taxonomy":"product_cat","embeddable":true,"href":"https:\/\/ferligs.com\/fi\/wp-json\/wp\/v2\/product_cat?post=4554"},{"taxonomy":"product_tag","embeddable":true,"href":"https:\/\/ferligs.com\/fi\/wp-json\/wp\/v2\/product_tag?post=4554"}],"curies":[{"name":"wp","href":"https:\/\/api.w.org\/{rel}","templated":true}]}}