{"id":4538,"date":"2026-02-25T14:37:12","date_gmt":"2026-02-25T12:37:12","guid":{"rendered":"https:\/\/ferligs.com\/?post_type=product&#038;p=4538"},"modified":"2026-03-11T19:59:18","modified_gmt":"2026-03-11T17:59:18","slug":"venta-table-legs","status":"publish","type":"product","link":"https:\/\/ferligs.com\/fi\/product\/venta-table-legs\/","title":{"rendered":"VENTA \u2013 Ruokap\u00f6yd\u00e4n jalat"},"content":{"rendered":"<p>Venta on tyylik\u00e4s, ristikkorakenteinen p\u00f6yt\u00e4jalusta, joka on valmistettu korkealaatuisesta 50\u00d720 mm:n ter\u00e4sputkesta. Sen riste\u00e4v\u00e4t linjat luovat selke\u00e4n arkkitehtonisen ilmeen ja takaavat samalla erinomaisen lujuuden ja vakauden. Huolellisesti suunniteltu runko tarjoaa luotettavan tuen ja mahdollistaa mukavan istumisen, mink\u00e4 ansiosta p\u00f6yd\u00e4n \u00e4\u00e4reen mahtuu mahdollisimman monta vierasta sek\u00e4 koti- ett\u00e4 ammattik\u00e4yt\u00f6ss\u00e4.<\/p>\n<p>Jalusta toimitetaan koottamattomana turvallisen ja k\u00e4tev\u00e4n kuljetuksen varmistamiseksi. Kokoonpano on helppoa eik\u00e4 vaadi erityisi\u00e4 taitoja. Mukana toimitetaan selke\u00e4t vaiheittaiset ohjeet, ja pakkaus sis\u00e4lt\u00e4\u00e4 kaikki tarvittavat kiinnitystarvikkeet, joten asennus sujuu nopeasti ja tehokkaasti ilman erikoisty\u00f6kaluja tai lis\u00e4osia.<\/p>\n<p>Jokainen osa on viimeistelty korkealaatuisella jauhemaalilla, joka tarjoaa pitk\u00e4kestoisen suojan naarmuilta, jokap\u00e4iv\u00e4iselt\u00e4 kulumiselta ja korroosiolta. T\u00e4m\u00e4 kest\u00e4v\u00e4 pinta ei ainoastaan paranna tuotteen ulkon\u00e4k\u00f6\u00e4, vaan varmistaa my\u00f6s, ett\u00e4 jalusta s\u00e4ilytt\u00e4\u00e4 lujuutensa ja tyylikk\u00e4\u00e4n viimeistelyns\u00e4 vuosien s\u00e4\u00e4nn\u00f6llisen k\u00e4yt\u00f6n j\u00e4lkeenkin.<\/p>\n<p>Erikoismitat ja -ominaisuudet ovat saatavilla pyynn\u00f6st\u00e4 asiakkaan projektin vaatimusten mukaisesti. Huomaa, ett\u00e4 hintaan sis\u00e4ltyy vain p\u00f6yd\u00e4n jalusta; p\u00f6yt\u00e4levy ei sis\u00e4lly hintaan. Vakiomallisessa kiinnityksess\u00e4 on 5 mm:n rei\u00e4t. Mitat: korkeus 71 cm s\u00e4\u00e4dett\u00e4vill\u00e4 jaloilla (~1 cm); pohjan leveys 80 cm, yl\u00e4osan leveys 50 cm; pohjan ja yl\u00e4osan pituus 80 cm.<\/p>","protected":false},"excerpt":{"rendered":"<p>Venta on tyylik\u00e4s p\u00f6yt\u00e4jalusta, joka on valmistettu kest\u00e4v\u00e4st\u00e4 50\u00d720 mm:n ter\u00e4sputkesta. Sen riste\u00e4v\u00e4t linjat yhdist\u00e4v\u00e4t modernin eleganssin vahvaan ja vakaaseen tukeen. Jauhemaalattu pinta tarjoaa pitk\u00e4kestoisen suojan naarmuilta ja korroosiolta, ja jalusta mahdollistaa p\u00f6yd\u00e4n ymp\u00e4rille mahdollisimman suuren istumapaikkam\u00e4\u00e4r\u00e4n. Tuote toimitetaan koottamattomana, ja mukana toimitetaan kaikki kiinnitystarvikkeet sek\u00e4 ohjeet. Jalustan mitat voidaan my\u00f6s r\u00e4\u00e4t\u00e4l\u00f6id\u00e4.<\/p>","protected":false},"featured_media":4674,"template":"","meta":{"jetpack_publicize_message":"","jetpack_publicize_feature_enabled":true,"jetpack_social_post_already_shared":true,"jetpack_social_options":{"image_generator_settings":{"template":"highway","default_image_id":0,"font":"","enabled":false},"version":2}},"product_brand":[578],"product_cat":[113],"product_tag":[704],"class_list":{"0":"post-4538","1":"product","2":"type-product","3":"status-publish","4":"has-post-thumbnail","6":"product_brand-ferligs","7":"product_cat-table-legs","8":"product_tag-table-bases","9":"product_shipping_class-tables-legs","11":"first","12":"instock","13":"sale","14":"taxable","15":"shipping-taxable","16":"purchasable","17":"product-type-variable","18":"has-default-attributes"},"featured_image_urls_v2":{"full":["https:\/\/ferligs.com\/wp-content\/uploads\/2026\/02\/TRAP_1_3-scaled.webp",2560,1707,false],"thumbnail":["https:\/\/ferligs.com\/wp-content\/uploads\/2026\/02\/TRAP_1_3-150x150.webp",150,150,true],"medium":["https:\/\/ferligs.com\/wp-content\/uploads\/2026\/02\/TRAP_1_3-300x200.webp",300,200,true],"medium_large":["https:\/\/ferligs.com\/wp-content\/uploads\/2026\/02\/TRAP_1_3-768x512.webp",768,512,true],"large":["https:\/\/ferligs.com\/wp-content\/uploads\/2026\/02\/TRAP_1_3-1024x683.webp",1024,683,true],"1536x1536":["https:\/\/ferligs.com\/wp-content\/uploads\/2026\/02\/TRAP_1_3-1536x1024.webp",1536,1024,true],"2048x2048":["https:\/\/ferligs.com\/wp-content\/uploads\/2026\/02\/TRAP_1_3-2048x1365.webp",2048,1365,true],"trp-custom-language-flag":["https:\/\/ferligs.com\/wp-content\/uploads\/2026\/02\/TRAP_1_3-18x12.webp",18,12,true],"woocommerce_archive_thumbnail":["https:\/\/ferligs.com\/wp-content\/uploads\/2026\/02\/TRAP_1_3-300x200.webp",300,200,true],"woocommerce_thumbnail":["https:\/\/ferligs.com\/wp-content\/uploads\/2026\/02\/TRAP_1_3-300x200.webp",300,200,true],"woocommerce_single":["https:\/\/ferligs.com\/wp-content\/uploads\/2026\/02\/TRAP_1_3-600x400.webp",600,400,true],"woocommerce_gallery_thumbnail":["https:\/\/ferligs.com\/wp-content\/uploads\/2026\/02\/TRAP_1_3-100x100.webp",100,100,true]},"post_excerpt_stackable_v2":"<p>Venta is a stylish table base made from durable 50\u00d720 mm steel tubing, featuring intersecting lines that combine modern elegance with strong, stable support. Powder-coated for long-lasting protection against scratches and corrosion, it allows maximum seating around the table. Delivered unassembled with all hardware and instructions included, it can also be custom-sized.<\/p>\n","category_list_v2":"","author_info_v2":{"name":"","url":""},"comments_num_v2":"0 comments","jetpack_publicize_connections":[],"jetpack_sharing_enabled":true,"_links":{"self":[{"href":"https:\/\/ferligs.com\/fi\/wp-json\/wp\/v2\/product\/4538","targetHints":{"allow":["GET"]}}],"collection":[{"href":"https:\/\/ferligs.com\/fi\/wp-json\/wp\/v2\/product"}],"about":[{"href":"https:\/\/ferligs.com\/fi\/wp-json\/wp\/v2\/types\/product"}],"wp:featuredmedia":[{"embeddable":true,"href":"https:\/\/ferligs.com\/fi\/wp-json\/wp\/v2\/media\/4674"}],"wp:attachment":[{"href":"https:\/\/ferligs.com\/fi\/wp-json\/wp\/v2\/media?parent=4538"}],"wp:term":[{"taxonomy":"product_brand","embeddable":true,"href":"https:\/\/ferligs.com\/fi\/wp-json\/wp\/v2\/product_brand?post=4538"},{"taxonomy":"product_cat","embeddable":true,"href":"https:\/\/ferligs.com\/fi\/wp-json\/wp\/v2\/product_cat?post=4538"},{"taxonomy":"product_tag","embeddable":true,"href":"https:\/\/ferligs.com\/fi\/wp-json\/wp\/v2\/product_tag?post=4538"}],"curies":[{"name":"wp","href":"https:\/\/api.w.org\/{rel}","templated":true}]}}