{"id":4467,"date":"2026-02-25T14:17:29","date_gmt":"2026-02-25T12:17:29","guid":{"rendered":"https:\/\/ferligs.com\/?post_type=product&#038;p=4467"},"modified":"2026-03-11T20:02:19","modified_gmt":"2026-03-11T18:02:19","slug":"svete-spider-table-legs","status":"publish","type":"product","link":"https:\/\/ferligs.com\/fi\/product\/svete-spider-table-legs\/","title":{"rendered":"SVETE \u2013 Spider-p\u00f6yd\u00e4njalat"},"content":{"rendered":"<p>T\u00e4m\u00e4 tyylik\u00e4s p\u00f6yt\u00e4jalusta on valmistettu korkealaatuisesta ter\u00e4ksest\u00e4, ja se on suunniteltu yhdist\u00e4m\u00e4\u00e4n kest\u00e4vyyden ja hienostuneen ulkon\u00e4\u00f6n. Sen riste\u00e4v\u00e4t linjat luovat erottuvan ja hienostuneen ilmeen ja takaavat samalla erinomaisen rakenteellisen vakauden. Huolellisesti suunniteltu rakenne mahdollistaa maksimaalisen istumapaikkam\u00e4\u00e4r\u00e4n, mink\u00e4 ansiosta se sopii erinomaisesti ruokap\u00f6ytiin sek\u00e4 kotona ett\u00e4 liiketiloissa.<\/p>\n<p>Jalusta toimitetaan koottamattomana turvallisen kuljetuksen varmistamiseksi. Kokoonpano on nopeaa ja helppoa, sill\u00e4 pakkaukseen sis\u00e4ltyy selke\u00e4t ohjeet ja kaikki tarvittavat kiinnitystarvikkeet. Asennukseen ei tarvita erityisi\u00e4 ty\u00f6kaluja tai erityist\u00e4 osaamista.<\/p>\n<p>Kaikki osat on viimeistelty korkealaatuisella jauhemaalilla, joka tarjoaa luotettavan suojan naarmuilta, kulumiselta ja korroosiolta. T\u00e4m\u00e4 kest\u00e4v\u00e4 viimeistely parantaa paitsi ulkon\u00e4k\u00f6\u00e4 my\u00f6s takaa pitk\u00e4aikaisen suorituskyvyn vuosien jokap\u00e4iv\u00e4isess\u00e4 k\u00e4yt\u00f6ss\u00e4.<\/p>\n<p>Pyynn\u00f6st\u00e4 saatavilla on erikoiskokoja ja -mitoituksia, jotka sopivat t\u00e4ydellisesti projektisi vaatimuksiin. Ilmoitettu hinta sis\u00e4lt\u00e4\u00e4 vain p\u00f6yd\u00e4njalan \u2013 p\u00f6yt\u00e4levy ei sis\u00e4lly hintaan. Materiaali: 60\u00d730 mm:n ter\u00e4sputki. Vakiomallissa on 5 mm:n kiinnitysrei\u00e4t (muita reik\u00e4kokoja saatavilla pyynn\u00f6st\u00e4). Mitat: korkeus n. 71 cm; leveysvaihtoehdot 60\u2013100 cm; pituusvaihtoehdot 60\u2013100 cm.<\/p>","protected":false},"excerpt":{"rendered":"<p>T\u00e4m\u00e4 tyylik\u00e4s ja kest\u00e4v\u00e4 metallinen p\u00f6yt\u00e4jalusta on valmistettu 60\u00d730 mm:n ter\u00e4sputkesta, ja sen hienostunut, riste\u00e4v\u00e4 muotoilu tuo modernin vivahteen mihin tahansa sisustukseen. Sen vankka rakenne takaa erinomaisen vakauden ja tarjoaa samalla maksimaalisen istumamukavuuden p\u00f6yd\u00e4n ymp\u00e4rill\u00e4. Jalusta on viimeistelty kest\u00e4v\u00e4ll\u00e4 jauhemaalilla, joka suojaa tehokkaasti naarmuilta ja korroosiolta, ja se sopii sek\u00e4 koti- ett\u00e4 ammattik\u00e4ytt\u00f6\u00f6n.<\/p>","protected":false},"featured_media":5146,"template":"","meta":{"jetpack_publicize_message":"","jetpack_publicize_feature_enabled":true,"jetpack_social_post_already_shared":true,"jetpack_social_options":{"image_generator_settings":{"template":"highway","default_image_id":0,"font":"","enabled":false},"version":2}},"product_brand":[578],"product_cat":[113],"product_tag":[705],"class_list":{"0":"post-4467","1":"product","2":"type-product","3":"status-publish","4":"has-post-thumbnail","6":"product_brand-ferligs","7":"product_cat-table-legs","8":"product_tag-spider-legs","9":"product_shipping_class-tables-legs","11":"first","12":"instock","13":"sale","14":"taxable","15":"shipping-taxable","16":"purchasable","17":"product-type-variable","18":"has-default-attributes"},"featured_image_urls_v2":{"full":["https:\/\/ferligs.com\/wp-content\/uploads\/2026\/02\/il_fullxfull.7220101041_aj5f-scaled.webp",2560,1707,false],"thumbnail":["https:\/\/ferligs.com\/wp-content\/uploads\/2026\/02\/il_fullxfull.7220101041_aj5f-150x150.webp",150,150,true],"medium":["https:\/\/ferligs.com\/wp-content\/uploads\/2026\/02\/il_fullxfull.7220101041_aj5f-300x200.webp",300,200,true],"medium_large":["https:\/\/ferligs.com\/wp-content\/uploads\/2026\/02\/il_fullxfull.7220101041_aj5f-768x512.webp",768,512,true],"large":["https:\/\/ferligs.com\/wp-content\/uploads\/2026\/02\/il_fullxfull.7220101041_aj5f-1024x683.webp",1024,683,true],"1536x1536":["https:\/\/ferligs.com\/wp-content\/uploads\/2026\/02\/il_fullxfull.7220101041_aj5f-1536x1024.webp",1536,1024,true],"2048x2048":["https:\/\/ferligs.com\/wp-content\/uploads\/2026\/02\/il_fullxfull.7220101041_aj5f-2048x1365.webp",2048,1365,true],"trp-custom-language-flag":["https:\/\/ferligs.com\/wp-content\/uploads\/2026\/02\/il_fullxfull.7220101041_aj5f-18x12.webp",18,12,true],"woocommerce_archive_thumbnail":["https:\/\/ferligs.com\/wp-content\/uploads\/2026\/02\/il_fullxfull.7220101041_aj5f-300x200.webp",300,200,true],"woocommerce_thumbnail":["https:\/\/ferligs.com\/wp-content\/uploads\/2026\/02\/il_fullxfull.7220101041_aj5f-300x200.webp",300,200,true],"woocommerce_single":["https:\/\/ferligs.com\/wp-content\/uploads\/2026\/02\/il_fullxfull.7220101041_aj5f-600x400.webp",600,400,true],"woocommerce_gallery_thumbnail":["https:\/\/ferligs.com\/wp-content\/uploads\/2026\/02\/il_fullxfull.7220101041_aj5f-100x100.webp",100,100,true]},"post_excerpt_stackable_v2":"<p>Elegant and durable, this metal table base is crafted from 60\u00d730 mm steel tubing and features a refined intersecting design that adds a modern touch to any interior. Its sturdy construction ensures excellent stability while allowing maximum seating comfort around the table. Finished with a long-lasting powder coating for enhanced protection against scratches and corrosion, it is suitable for both home and commercial use.<\/p>\n","category_list_v2":"","author_info_v2":{"name":"","url":""},"comments_num_v2":"0 comments","jetpack_publicize_connections":[],"jetpack_sharing_enabled":true,"_links":{"self":[{"href":"https:\/\/ferligs.com\/fi\/wp-json\/wp\/v2\/product\/4467","targetHints":{"allow":["GET"]}}],"collection":[{"href":"https:\/\/ferligs.com\/fi\/wp-json\/wp\/v2\/product"}],"about":[{"href":"https:\/\/ferligs.com\/fi\/wp-json\/wp\/v2\/types\/product"}],"wp:featuredmedia":[{"embeddable":true,"href":"https:\/\/ferligs.com\/fi\/wp-json\/wp\/v2\/media\/5146"}],"wp:attachment":[{"href":"https:\/\/ferligs.com\/fi\/wp-json\/wp\/v2\/media?parent=4467"}],"wp:term":[{"taxonomy":"product_brand","embeddable":true,"href":"https:\/\/ferligs.com\/fi\/wp-json\/wp\/v2\/product_brand?post=4467"},{"taxonomy":"product_cat","embeddable":true,"href":"https:\/\/ferligs.com\/fi\/wp-json\/wp\/v2\/product_cat?post=4467"},{"taxonomy":"product_tag","embeddable":true,"href":"https:\/\/ferligs.com\/fi\/wp-json\/wp\/v2\/product_tag?post=4467"}],"curies":[{"name":"wp","href":"https:\/\/api.w.org\/{rel}","templated":true}]}}