{"id":4334,"date":"2026-02-25T10:33:46","date_gmt":"2026-02-25T08:33:46","guid":{"rendered":"https:\/\/ferligs.com\/?post_type=product&#038;p=4334"},"modified":"2026-03-11T20:04:41","modified_gmt":"2026-03-11T18:04:41","slug":"seda-table-legs","status":"publish","type":"product","link":"https:\/\/ferligs.com\/fi\/product\/seda-table-legs\/","title":{"rendered":"SEDA \u2013 Metalliset p\u00f6yt\u00e4jalat ruokap\u00f6ytiin"},"content":{"rendered":"<p>Seda-ruokap\u00f6yd\u00e4n jalusta on hienostunut yhdistelm\u00e4 lujuutta, symmetriaa ja nykyaikaista eleganssia. Jalusta on suunniteltu luomaan vankka ja visuaalisesti tasapainoinen perusta, ja se korostaa sek\u00e4 moderneja ett\u00e4 klassisia sisustuksia selkeill\u00e4 linjoillaan ja arkkitehtonisella muodollaan. Sen tasapainoinen rakenne tarjoaa paitsi vakautta my\u00f6s takaa mukavan istumatilan, mik\u00e4 tekee siit\u00e4 ihanteellisen ratkaisun ruokailutiloihin, joissa toiminnallisuus ja esteettisyys ovat yht\u00e4 t\u00e4rkeit\u00e4.<\/p>\n<p>Seda-ruokap\u00f6yd\u00e4n jalusta on valmistettu korkealaatuisesta ter\u00e4sputkesta (vakiona 60 \u00d7 30 \u00d7 1,5 mm) ja tarjoaa luotettavaa kest\u00e4vyytt\u00e4 p\u00e4ivitt\u00e4iseen k\u00e4ytt\u00f6\u00f6n. Jokainen osa on ammattimaisesti jauhemaalattu, mik\u00e4 takaa pitk\u00e4aikaisen suojan naarmuilta, kulumiselta ja korroosiolta ja varmistaa, ett\u00e4 jalusta s\u00e4ilytt\u00e4\u00e4 moitteettoman ulkon\u00e4k\u00f6ns\u00e4 vuosien ajan. Vankka rakenne mahdollistaa monenlaisten p\u00f6yt\u00e4levymateriaalien k\u00e4yt\u00f6n, massiivipuusta viilu- tai komposiittipintoihin.<\/p>\n<p>Jalusta toimitetaan turvallisen kuljetuksen vuoksi osina, ja mukana toimitetaan selke\u00e4t ohjeet sek\u00e4 kaikki tarvittavat kiinnitystarvikkeet, jotka helpottavat asennusta. Jalustassa on valmiiksi poratut 5 mm:n kiinnitysrei\u00e4t p\u00f6yt\u00e4levyn tukevaa kiinnityst\u00e4 varten, ja muita reik\u00e4asetteluja voidaan j\u00e4rjest\u00e4\u00e4 pyynn\u00f6st\u00e4. Huolellisesti suunnitellut mitat takaavat sek\u00e4 rakenteellisen lujuuden ett\u00e4 k\u00e4yt\u00e4nn\u00f6llisen jalkatilan, joka mahdollistaa mukavan istumisen.<\/p>\n<p>Seda-ruokap\u00f6yd\u00e4n jalusta on t\u00e4ysin muokattavissa, ja se voidaan r\u00e4\u00e4t\u00e4l\u00f6id\u00e4 juuri sinun toiveidesi mukaiseksi, mukaan lukien koko, pituus, v\u00e4ri ja tekniset parametrit. Vakiomitat ovat noin 71 cm korkeus, 70 cm leveys ja s\u00e4\u00e4dett\u00e4v\u00e4 pituus 70\u2013200 cm. Jos tarvitset sisustusprojektiisi mittatilausty\u00f6n\u00e4 tehdyn ratkaisun, suunnittelemme mielell\u00e4mme juuri tarpeisiisi sopivan jalustan. Huomaa, ett\u00e4 ilmoitettu hinta koskee vain jalustaa; p\u00f6yt\u00e4levy ei sis\u00e4lly hintaan.<\/p>","protected":false},"excerpt":{"rendered":"<p>Seda-ruokap\u00f6yd\u00e4n jalusta on kest\u00e4v\u00e4 ja tyylik\u00e4s ter\u00e4sjalusta, joka on suunniteltu moderneihin ja klassisiin ruokailutiloihin. Se on valmistettu 60 \u00d7 30 \u00d7 1,5 mm:n ter\u00e4sputkesta ja viimeistelty kest\u00e4v\u00e4ll\u00e4 jauhemaalilla, mik\u00e4 takaa lujuuden, vakauden ja hienostuneen ulkon\u00e4\u00f6n. Jalusta toimitetaan koottamattomana, ja siin\u00e4 on valmiiksi poratut kiinnitysrei\u00e4t, jotka helpottavat asennusta. Jalustan kokoa ja v\u00e4ri\u00e4 voi muokata t\u00e4ysin asiakkaan toiveiden mukaan. Sopii 70\u2013200 cm pituisille p\u00f6yt\u00e4levyille. P\u00f6yt\u00e4levy ei sis\u00e4lly toimitukseen.<\/p>","protected":false},"featured_media":4460,"template":"","meta":{"jetpack_publicize_message":"","jetpack_publicize_feature_enabled":true,"jetpack_social_post_already_shared":true,"jetpack_social_options":{"image_generator_settings":{"template":"highway","default_image_id":0,"font":"","enabled":false},"version":2}},"product_brand":[578],"product_cat":[113],"product_tag":[701,704],"class_list":{"0":"post-4334","1":"product","2":"type-product","3":"status-publish","4":"has-post-thumbnail","6":"product_brand-ferligs","7":"product_cat-table-legs","8":"product_tag-a-shaped-table-legs","9":"product_tag-table-bases","10":"product_shipping_class-tables-legs","12":"first","13":"instock","14":"sale","15":"taxable","16":"shipping-taxable","17":"purchasable","18":"product-type-variable","19":"has-default-attributes"},"featured_image_urls_v2":{"full":["https:\/\/ferligs.com\/wp-content\/uploads\/2026\/02\/3.webp",1640,1360,false],"thumbnail":["https:\/\/ferligs.com\/wp-content\/uploads\/2026\/02\/3-150x150.webp",150,150,true],"medium":["https:\/\/ferligs.com\/wp-content\/uploads\/2026\/02\/3-300x249.webp",300,249,true],"medium_large":["https:\/\/ferligs.com\/wp-content\/uploads\/2026\/02\/3-768x637.webp",768,637,true],"large":["https:\/\/ferligs.com\/wp-content\/uploads\/2026\/02\/3-1024x849.webp",1024,849,true],"1536x1536":["https:\/\/ferligs.com\/wp-content\/uploads\/2026\/02\/3-1536x1274.webp",1536,1274,true],"2048x2048":["https:\/\/ferligs.com\/wp-content\/uploads\/2026\/02\/3.webp",1640,1360,false],"trp-custom-language-flag":["https:\/\/ferligs.com\/wp-content\/uploads\/2026\/02\/3-14x12.webp",14,12,true],"woocommerce_archive_thumbnail":["https:\/\/ferligs.com\/wp-content\/uploads\/2026\/02\/3-300x249.webp",300,249,true],"woocommerce_thumbnail":["https:\/\/ferligs.com\/wp-content\/uploads\/2026\/02\/3-300x249.webp",300,249,true],"woocommerce_single":["https:\/\/ferligs.com\/wp-content\/uploads\/2026\/02\/3-600x498.webp",600,498,true],"woocommerce_gallery_thumbnail":["https:\/\/ferligs.com\/wp-content\/uploads\/2026\/02\/3-100x100.webp",100,100,true]},"post_excerpt_stackable_v2":"<p>The Seda Dining table base is a durable and elegant steel foundation designed for modern and classic dining spaces. Made from 60 \u00d7 30 \u00d7 1.5 mm steel tubing and finished with a long-lasting powder coating, it ensures strength, stability, and a refined appearance. Delivered unassembled with pre-drilled mounting holes for easy installation, this base is fully customizable in size and color. Suitable for tabletops from 70 to 200 cm in length. Tabletop not included.<\/p>\n","category_list_v2":"","author_info_v2":{"name":"","url":""},"comments_num_v2":"0 comments","jetpack_publicize_connections":[],"jetpack_sharing_enabled":true,"_links":{"self":[{"href":"https:\/\/ferligs.com\/fi\/wp-json\/wp\/v2\/product\/4334","targetHints":{"allow":["GET"]}}],"collection":[{"href":"https:\/\/ferligs.com\/fi\/wp-json\/wp\/v2\/product"}],"about":[{"href":"https:\/\/ferligs.com\/fi\/wp-json\/wp\/v2\/types\/product"}],"wp:featuredmedia":[{"embeddable":true,"href":"https:\/\/ferligs.com\/fi\/wp-json\/wp\/v2\/media\/4460"}],"wp:attachment":[{"href":"https:\/\/ferligs.com\/fi\/wp-json\/wp\/v2\/media?parent=4334"}],"wp:term":[{"taxonomy":"product_brand","embeddable":true,"href":"https:\/\/ferligs.com\/fi\/wp-json\/wp\/v2\/product_brand?post=4334"},{"taxonomy":"product_cat","embeddable":true,"href":"https:\/\/ferligs.com\/fi\/wp-json\/wp\/v2\/product_cat?post=4334"},{"taxonomy":"product_tag","embeddable":true,"href":"https:\/\/ferligs.com\/fi\/wp-json\/wp\/v2\/product_tag?post=4334"}],"curies":[{"name":"wp","href":"https:\/\/api.w.org\/{rel}","templated":true}]}}