{"id":4311,"date":"2026-02-25T09:56:22","date_gmt":"2026-02-25T07:56:22","guid":{"rendered":"https:\/\/ferligs.com\/?post_type=product&#038;p=4311"},"modified":"2026-03-11T20:06:48","modified_gmt":"2026-03-11T18:06:48","slug":"varke-table-legs","status":"publish","type":"product","link":"https:\/\/ferligs.com\/fi\/product\/varke-table-legs\/","title":{"rendered":"VARKE \u2013 X-muotoiset p\u00f6yd\u00e4njalat"},"content":{"rendered":"<p>Varke-metalliset p\u00f6yt\u00e4jalat yhdist\u00e4v\u00e4t hienostuneen eleganssin ja erinomaisen monipuolisuuden. Ne on valmistettu korkealaatuisesta ter\u00e4ksest\u00e4 ja muotoiltu tunnusomaiseksi X-muotoiseksi, ja ne sopivat vaivattomasti sisustuksiin modernista minimalismista ajattomiin klassisiin tyyleihin. T\u00e4m\u00e4 kahden jalan sarja luo tukevan ja tyylikk\u00e4\u00e4n alustan monenlaisille p\u00f6yt\u00e4levyille ja korostaa ruokailutilojen, toimistojen tai oleskelutilojen ilmett\u00e4. Selke\u00e4t linjat ja tasapainoiset mittasuhteet tuovat luonnetta tilaan ilman, ett\u00e4 ne hallitsevat sit\u00e4 liikaa.<\/p>\n<p>Kest\u00e4v\u00e4st\u00e4 4 \u00d7 4 cm:n ter\u00e4sputkesta valmistettu ja kiinteill\u00e4 ter\u00e4slaipoilla vahvistettu hitsattu rakenne takaa poikkeuksellisen lujuuden ja jopa 150 kg:n kantavuuden. Jauhemaalattu pinta tarjoaa pitk\u00e4kestoisen suojan naarmuilta, korroosiolta ja p\u00e4ivitt\u00e4iselt\u00e4 kulumiselta, s\u00e4ilytt\u00e4en virheett\u00f6m\u00e4n ulkon\u00e4\u00f6n vuosien ajan. Teollisempaa ilmett\u00e4 varten on saatavana my\u00f6s raakater\u00e4sversio, joka sulautuu saumattomasti loft-tyylisiin tai teollisuudesta vaikutteita saaneisiin sisustuksiin.<\/p>\n<p>Asennus on nopeaa ja helppoa. Jaloissa on valmiiksi poratut 5 mm:n kiinnitysrei\u00e4t, jotka helpottavat kiinnitt\u00e4mist\u00e4 p\u00f6yt\u00e4levyyn. Erikoismittoisia reiki\u00e4 on saatavilla pyynn\u00f6st\u00e4. Jokaisessa sarjassa on s\u00e4\u00e4dett\u00e4v\u00e4t tasoitusjalat ep\u00e4tasaisille pinnoille, suojaavat huopapalat lattian naarmuuntumisen est\u00e4miseksi sek\u00e4 kaksi X-muotoista jalkaa, jotka mahdollistavat nopean ja k\u00e4tev\u00e4n asennuksen.<\/p>\n<p>Varke-jalat on suunniteltu tukemaan jopa 280 \u00d7 120 cm:n kokoisia p\u00f6yt\u00e4levyj\u00e4, ja ne tarjoavat luotettavan vakauden sek\u00e4 jokap\u00e4iv\u00e4isess\u00e4 k\u00e4yt\u00f6ss\u00e4 ett\u00e4 juhlissa. T\u00e4ysin muokattavat jalat ovat saatavilla vakiokorkeudella 70 cm (s\u00e4\u00e4dett\u00e4viss\u00e4 noin 1 cm), leveyksill\u00e4 60, 70 tai 80 cm sek\u00e4 useilla eri viimeistelyill\u00e4, kuten musta, pronssi, tummanharmaa, kulta, vaaleanharmaa, valkoinen tai raakater\u00e4s. T\u00e4m\u00e4n joustavuuden ansiosta voit r\u00e4\u00e4t\u00e4l\u00f6id\u00e4 jalat tarkasti projektisi mittojen ja suunnittelumieltymysten mukaan.<\/p>","protected":false},"excerpt":{"rendered":"<p>Tyylikk\u00e4\u00e4t ja kest\u00e4v\u00e4t VARKE-p\u00f6yt\u00e4jalat, jotka on valmistettu korkealaatuisesta 4 \u00d7 4 cm:n ter\u00e4ksest\u00e4, tarjoavat vankan ja tyylikk\u00e4\u00e4n perustan monenlaisille p\u00f6yt\u00e4levyille. Laadukas jauhemaalattu pinta takaa pitk\u00e4ik\u00e4isen kest\u00e4vyyden ja suojaa naarmuilta, korroosiolta ja p\u00e4ivitt\u00e4iselt\u00e4 kulumiselta s\u00e4ilytt\u00e4en samalla hienostuneen ulkon\u00e4\u00f6n. Jalat on suunniteltu helppoon asennukseen valmiiksi porattujen kiinnitysreikien ansiosta, ja niiss\u00e4 on my\u00f6s s\u00e4\u00e4dett\u00e4v\u00e4t tasoitusjalat, jotka lis\u00e4\u00e4v\u00e4t vakautta ep\u00e4tasaisilla pinnoilla. Myyd\u00e4\u00e4n kahden kappaleen sarjana (2 kpl), ja erikoiskoot ja -pinnat ovat saatavilla pyynn\u00f6st\u00e4. P\u00f6yt\u00e4levy ei sis\u00e4lly toimitukseen.<\/p>","protected":false},"featured_media":4661,"template":"","meta":{"jetpack_publicize_message":"","jetpack_publicize_feature_enabled":true,"jetpack_social_post_already_shared":true,"jetpack_social_options":{"image_generator_settings":{"template":"highway","default_image_id":0,"font":"","enabled":false},"version":2}},"product_brand":[578],"product_cat":[113],"product_tag":[698],"class_list":{"0":"post-4311","1":"product","2":"type-product","3":"status-publish","4":"has-post-thumbnail","6":"product_brand-ferligs","7":"product_cat-table-legs","8":"product_tag-x-shaped-table-legs","9":"product_shipping_class-tables-legs","11":"first","12":"instock","13":"sale","14":"taxable","15":"shipping-taxable","16":"purchasable","17":"product-type-variable","18":"has-default-attributes"},"featured_image_urls_v2":{"full":["https:\/\/ferligs.com\/wp-content\/uploads\/2026\/02\/X_1_6-scaled.webp",2560,1707,false],"thumbnail":["https:\/\/ferligs.com\/wp-content\/uploads\/2026\/02\/X_1_6-150x150.webp",150,150,true],"medium":["https:\/\/ferligs.com\/wp-content\/uploads\/2026\/02\/X_1_6-300x200.webp",300,200,true],"medium_large":["https:\/\/ferligs.com\/wp-content\/uploads\/2026\/02\/X_1_6-768x512.webp",768,512,true],"large":["https:\/\/ferligs.com\/wp-content\/uploads\/2026\/02\/X_1_6-1024x683.webp",1024,683,true],"1536x1536":["https:\/\/ferligs.com\/wp-content\/uploads\/2026\/02\/X_1_6-1536x1024.webp",1536,1024,true],"2048x2048":["https:\/\/ferligs.com\/wp-content\/uploads\/2026\/02\/X_1_6-2048x1365.webp",2048,1365,true],"trp-custom-language-flag":["https:\/\/ferligs.com\/wp-content\/uploads\/2026\/02\/X_1_6-18x12.webp",18,12,true],"woocommerce_archive_thumbnail":["https:\/\/ferligs.com\/wp-content\/uploads\/2026\/02\/X_1_6-300x200.webp",300,200,true],"woocommerce_thumbnail":["https:\/\/ferligs.com\/wp-content\/uploads\/2026\/02\/X_1_6-300x200.webp",300,200,true],"woocommerce_single":["https:\/\/ferligs.com\/wp-content\/uploads\/2026\/02\/X_1_6-600x400.webp",600,400,true],"woocommerce_gallery_thumbnail":["https:\/\/ferligs.com\/wp-content\/uploads\/2026\/02\/X_1_6-100x100.webp",100,100,true]},"post_excerpt_stackable_v2":"<p>Elegant and durable VARKE X-shaped table legs crafted from high-quality 4 \u00d7 4 cm steel provide a strong and stylish foundation for a wide range of tabletops. The premium powder-coated finish ensures long-lasting durability, protecting against scratches, corrosion, and everyday wear while maintaining a refined appearance. Designed for easy installation with pre-drilled mounting holes, the legs also include adjustable leveling feet for added stability on uneven surfaces. Sold as a set of two (2 pieces), with custom sizes and finishes available upon request. Tabletop not included.<\/p>\n","category_list_v2":"","author_info_v2":{"name":"","url":""},"comments_num_v2":"0 comments","jetpack_publicize_connections":[],"jetpack_sharing_enabled":true,"_links":{"self":[{"href":"https:\/\/ferligs.com\/fi\/wp-json\/wp\/v2\/product\/4311","targetHints":{"allow":["GET"]}}],"collection":[{"href":"https:\/\/ferligs.com\/fi\/wp-json\/wp\/v2\/product"}],"about":[{"href":"https:\/\/ferligs.com\/fi\/wp-json\/wp\/v2\/types\/product"}],"wp:featuredmedia":[{"embeddable":true,"href":"https:\/\/ferligs.com\/fi\/wp-json\/wp\/v2\/media\/4661"}],"wp:attachment":[{"href":"https:\/\/ferligs.com\/fi\/wp-json\/wp\/v2\/media?parent=4311"}],"wp:term":[{"taxonomy":"product_brand","embeddable":true,"href":"https:\/\/ferligs.com\/fi\/wp-json\/wp\/v2\/product_brand?post=4311"},{"taxonomy":"product_cat","embeddable":true,"href":"https:\/\/ferligs.com\/fi\/wp-json\/wp\/v2\/product_cat?post=4311"},{"taxonomy":"product_tag","embeddable":true,"href":"https:\/\/ferligs.com\/fi\/wp-json\/wp\/v2\/product_tag?post=4311"}],"curies":[{"name":"wp","href":"https:\/\/api.w.org\/{rel}","templated":true}]}}