{"id":4289,"date":"2026-02-25T09:39:43","date_gmt":"2026-02-25T07:39:43","guid":{"rendered":"https:\/\/ferligs.com\/?post_type=product&#038;p=4289"},"modified":"2026-03-11T20:08:15","modified_gmt":"2026-03-11T18:08:15","slug":"uzava-table-legs","status":"publish","type":"product","link":"https:\/\/ferligs.com\/fi\/product\/uzava-table-legs\/","title":{"rendered":"UZAVA \u2013 P\u00f6yd\u00e4njalat (U-muotoiset)"},"content":{"rendered":"<p>Uzava-malli edustaa hienostunutta teollista muotoilua ja tarjoaa rohkean mutta tyylikk\u00e4\u00e4n ilmeen mihin tahansa moderniin sisustukseen. N\u00e4m\u00e4 U-muotoiset p\u00f6yt\u00e4jalat on valmistettu ammattitaitoisesti yhdist\u00e4m\u00e4\u00e4n minimalistinen eleganssi ja vankka kest\u00e4vyys. Loft-tyylist\u00e4 inspiraatiota saaneet jalat sulautuvat saumattomasti keitti\u00f6n tai olohuoneen sisustukseen ja muodostavat huomiota her\u00e4tt\u00e4v\u00e4n perustan huonekaluillesi. Selke\u00e4t linjat ja tasapainoiset mittasuhteet varmistavat, ett\u00e4 p\u00f6yt\u00e4si pysyy ajattomana sisustuksen keskipisteen\u00e4.<\/p>\n<p>Laatu on Uzava-sarjan ytimess\u00e4. Jokainen jalka on valmistettu korkealaatuisesta metallista, ja siin\u00e4 on k\u00e4ytetty erityisesti vankkaa 80 x 40 mm:n ter\u00e4sputkea, joka takaa poikkeuksellisen lujuuden. Virheett\u00f6m\u00e4n ja kest\u00e4v\u00e4n pinnan varmistamiseksi kaikki osat k\u00e4sitell\u00e4\u00e4n ammattimaisella jauhemaalausprosessilla. T\u00e4m\u00e4 suojakerros ei ainoastaan korosta tyylik\u00e4st\u00e4 ulkon\u00e4k\u00f6\u00e4, vaan tarjoaa my\u00f6s erinomaisen kulutuskest\u00e4vyyden, jolloin U-muotoisten p\u00f6yt\u00e4jalkojesi alkuper\u00e4inen ulkon\u00e4k\u00f6 s\u00e4ilyy vuosien ajan.<\/p>\n<p>Uzava-tukijalat yhdist\u00e4v\u00e4t teknisen osaamisen ja monipuolisuuden. Olitpa sitten kokoamassa raskasta ruokap\u00f6yt\u00e4\u00e4 tai tyylik\u00e4st\u00e4 eteisen penkki\u00e4, n\u00e4m\u00e4 U-muotoiset p\u00f6yt\u00e4jalat tarjoavat tarvittavan vakauden erilaisille p\u00f6yt\u00e4levymateriaaleille. Jalustassa on valmiiksi poratut 5 mm:n kiinnitysrei\u00e4t, jotka helpottavat sujuvaa ja turvallista asennusta. 80 x 40 mm:n putken leve\u00e4 profiili takaa tukevan jalustan, mik\u00e4 tekee niist\u00e4 ihanteellisen valinnan niille, jotka arvostavat sek\u00e4 muotoa ett\u00e4 toiminnallista luotettavuutta.<\/p>\n<p>Ymm\u00e4rr\u00e4mme, ett\u00e4 jokainen sisustusprojekti on ainutlaatuinen, mink\u00e4 vuoksi Uzava-malli on t\u00e4ysin muokattavissa vastaamaan juuri sinun tarpeitasi. P\u00f6ytien ja penkkien vakiomittojen lis\u00e4ksi tarjoamme mittatilausty\u00f6n\u00e4 teht\u00e4vi\u00e4 muutoksia korkeuteen, leveyteen ja v\u00e4rivalikoimaan. Jos sinulla on tietty visio tai tarvitset erityisi\u00e4 teknisi\u00e4 parametreja, tiimimme on valmis suunnittelemaan juuri sinulle r\u00e4\u00e4t\u00e4l\u00f6idyt U-muotoiset p\u00f6yt\u00e4jalat. Huomaa, ett\u00e4 ilmoitettu hinta koskee ainoastaan metallijalustaa, eik\u00e4 se sis\u00e4ll\u00e4 p\u00f6yt\u00e4levy\u00e4.<\/p>","protected":false},"excerpt":{"rendered":"<p>Uzava-mallin U-muotoiset p\u00f6yt\u00e4jalat yhdist\u00e4v\u00e4t teollisen lujuuden minimalistiseen loft-tyyliin. Niiss\u00e4 on vankka 80 x 40 mm:n ter\u00e4sprofiili ja kest\u00e4v\u00e4 jauhemaalattu pinta. N\u00e4m\u00e4 korkealaatuiset metallijalat on suunniteltu sek\u00e4 ruokap\u00f6ytiin ett\u00e4 penkkeihin, ja ne tarjoavat erinomaisen vakauden sek\u00e4 tyylikk\u00e4\u00e4n ja modernin ilmeen. Uzava-mallin kokoa ja v\u00e4ri\u00e4 voi muokata t\u00e4ysin asiakkaan toiveiden mukaan, joten se on t\u00e4ydellinen pohja mittatilausty\u00f6n\u00e4 valmistettaviin huonekaluprojekteihin, joissa vaaditaan eleganssin ja pitk\u00e4ik\u00e4isen kest\u00e4vyyden tasapainoa.<\/p>","protected":false},"featured_media":5152,"template":"","meta":{"jetpack_publicize_message":"","jetpack_publicize_feature_enabled":true,"jetpack_social_post_already_shared":true,"jetpack_social_options":{"image_generator_settings":{"template":"highway","default_image_id":0,"font":"","enabled":false},"version":2}},"product_brand":[578],"product_cat":[113],"product_tag":[699],"class_list":{"0":"post-4289","1":"product","2":"type-product","3":"status-publish","4":"has-post-thumbnail","6":"product_brand-ferligs","7":"product_cat-table-legs","8":"product_tag-u-shaped-table-legs","9":"product_shipping_class-tables-legs","11":"first","12":"instock","13":"sale","14":"taxable","15":"shipping-taxable","16":"purchasable","17":"product-type-variable","18":"has-default-attributes"},"featured_image_urls_v2":{"full":["https:\/\/ferligs.com\/wp-content\/uploads\/2026\/02\/photo_2026-03-04_13-57-58.webp",1280,960,false],"thumbnail":["https:\/\/ferligs.com\/wp-content\/uploads\/2026\/02\/photo_2026-03-04_13-57-58-150x150.webp",150,150,true],"medium":["https:\/\/ferligs.com\/wp-content\/uploads\/2026\/02\/photo_2026-03-04_13-57-58-300x225.webp",300,225,true],"medium_large":["https:\/\/ferligs.com\/wp-content\/uploads\/2026\/02\/photo_2026-03-04_13-57-58-768x576.webp",768,576,true],"large":["https:\/\/ferligs.com\/wp-content\/uploads\/2026\/02\/photo_2026-03-04_13-57-58-1024x768.webp",1024,768,true],"1536x1536":["https:\/\/ferligs.com\/wp-content\/uploads\/2026\/02\/photo_2026-03-04_13-57-58.webp",1280,960,false],"2048x2048":["https:\/\/ferligs.com\/wp-content\/uploads\/2026\/02\/photo_2026-03-04_13-57-58.webp",1280,960,false],"trp-custom-language-flag":["https:\/\/ferligs.com\/wp-content\/uploads\/2026\/02\/photo_2026-03-04_13-57-58-16x12.webp",16,12,true],"woocommerce_archive_thumbnail":["https:\/\/ferligs.com\/wp-content\/uploads\/2026\/02\/photo_2026-03-04_13-57-58-300x225.webp",300,225,true],"woocommerce_thumbnail":["https:\/\/ferligs.com\/wp-content\/uploads\/2026\/02\/photo_2026-03-04_13-57-58-300x225.webp",300,225,true],"woocommerce_single":["https:\/\/ferligs.com\/wp-content\/uploads\/2026\/02\/photo_2026-03-04_13-57-58-600x450.webp",600,450,true],"woocommerce_gallery_thumbnail":["https:\/\/ferligs.com\/wp-content\/uploads\/2026\/02\/photo_2026-03-04_13-57-58-100x100.webp",100,100,true]},"post_excerpt_stackable_v2":"<p>The Uzava U-Shaped table legs combine industrial strength with a minimalist loft aesthetic, featuring a robust 80 x 40 mm steel profile and a durable powder-coated finish. Designed for both dining tables and benches, these high-quality metal bases provide exceptional stability and a sleek, modern look. Fully customizable in size and color, the Uzava model is the perfect foundation for bespoke furniture projects that require a balance of elegance and long-lasting durability.<\/p>\n","category_list_v2":"","author_info_v2":{"name":"","url":""},"comments_num_v2":"0 comments","jetpack_publicize_connections":[],"jetpack_sharing_enabled":true,"_links":{"self":[{"href":"https:\/\/ferligs.com\/fi\/wp-json\/wp\/v2\/product\/4289","targetHints":{"allow":["GET"]}}],"collection":[{"href":"https:\/\/ferligs.com\/fi\/wp-json\/wp\/v2\/product"}],"about":[{"href":"https:\/\/ferligs.com\/fi\/wp-json\/wp\/v2\/types\/product"}],"wp:featuredmedia":[{"embeddable":true,"href":"https:\/\/ferligs.com\/fi\/wp-json\/wp\/v2\/media\/5152"}],"wp:attachment":[{"href":"https:\/\/ferligs.com\/fi\/wp-json\/wp\/v2\/media?parent=4289"}],"wp:term":[{"taxonomy":"product_brand","embeddable":true,"href":"https:\/\/ferligs.com\/fi\/wp-json\/wp\/v2\/product_brand?post=4289"},{"taxonomy":"product_cat","embeddable":true,"href":"https:\/\/ferligs.com\/fi\/wp-json\/wp\/v2\/product_cat?post=4289"},{"taxonomy":"product_tag","embeddable":true,"href":"https:\/\/ferligs.com\/fi\/wp-json\/wp\/v2\/product_tag?post=4289"}],"curies":[{"name":"wp","href":"https:\/\/api.w.org\/{rel}","templated":true}]}}