{"id":4281,"date":"2026-02-26T16:04:02","date_gmt":"2026-02-26T14:04:02","guid":{"rendered":"https:\/\/ferligs.com\/?post_type=product&#038;p=4281"},"modified":"2026-03-11T19:58:13","modified_gmt":"2026-03-11T17:58:13","slug":"imula-table-legs","status":"publish","type":"product","link":"https:\/\/ferligs.com\/fi\/product\/imula-table-legs\/","title":{"rendered":"IMULA \u2013 4 kpl:n metallisten p\u00f6yt\u00e4jalkojen sarja"},"content":{"rendered":"<p>Imula \u2013 4 kpl:n metallisten p\u00f6yt\u00e4jalkojen sarja on suunniteltu tuomaan lujuutta, vakautta ja modernia tyyli\u00e4 ruokap\u00f6ytiin, ty\u00f6p\u00f6ytiin, ty\u00f6pisteisiin ja omatoimisiin huonekaluprojekteihin. Korkealaatuisesta ter\u00e4sputkesta (60\u00d720 mm) valmistetut jalat tarjoavat erinomaisen kantokyvyn ja pitk\u00e4aikaisen kest\u00e4vyyden s\u00e4ilytt\u00e4en samalla selke\u00e4n, minimalistisen ilmeen, joka sopii t\u00e4ydellisesti moderneihin ja teollisiin sisustuksiin.<\/p>\n<p>Jokainen jalka on ammattimaisesti jauhemaalattu, mik\u00e4 takaa sile\u00e4n ja tasaisen pinnan, joka kest\u00e4\u00e4 naarmuja, kulutusta ja korroosiota. Kest\u00e4v\u00e4 jauhemaalaus suojaa ter\u00e4st\u00e4 ja s\u00e4ilytt\u00e4\u00e4 sen ulkon\u00e4\u00f6n vuosien ajan tavallisessa sis\u00e4k\u00e4yt\u00f6ss\u00e4.<\/p>\n<p>Vakiokorkeus on 71 cm, ja siin\u00e4 on s\u00e4\u00e4dett\u00e4v\u00e4t tasoitusjalat (noin 1 cm), jotka lis\u00e4\u00e4v\u00e4t vakautta ep\u00e4tasaisilla lattioilla. Jaloissa on valmiiksi poratut 5 mm:n kiinnitysrei\u00e4t, jotka helpottavat asennusta. Jos tarvitset eri kokoisia kiinnitysreiki\u00e4, ilmoita siit\u00e4 tilauksen yhteydess\u00e4. Huomaa: hintaan sis\u00e4ltyy vain nelj\u00e4n metallisen p\u00f6yt\u00e4jalan sarja. P\u00f6yt\u00e4levy ei sis\u00e4lly hintaan.<\/p>","protected":false},"excerpt":{"rendered":"<p>Imula \u2013 4 kpl:n metallisten p\u00f6yt\u00e4jalkojen sarja yhdist\u00e4\u00e4 lujuuden, kest\u00e4vyyden ja modernin muotoilun. N\u00e4m\u00e4 71 cm:n pituiset jalat on valmistettu 60\u00d720 mm:n ter\u00e4sputkesta ja viimeistelty kest\u00e4v\u00e4ll\u00e4 jauhemaalilla, ja ne tarjoavat erinomaisen vakauden ruokap\u00f6ydille, ty\u00f6p\u00f6ydille ja mittatilausty\u00f6n\u00e4 valmistettaville huonekaluille. S\u00e4\u00e4dett\u00e4v\u00e4t jalat takaavat t\u00e4ydellisen vaakasuoruuden. P\u00f6yt\u00e4levy ei sis\u00e4lly toimitukseen.<\/p>","protected":false},"featured_media":4638,"template":"","meta":{"jetpack_publicize_message":"","jetpack_publicize_feature_enabled":true,"jetpack_social_post_already_shared":true,"jetpack_social_options":{"image_generator_settings":{"template":"highway","default_image_id":0,"font":"","enabled":false},"version":2}},"product_brand":[578],"product_cat":[113],"product_tag":[],"class_list":{"0":"post-4281","1":"product","2":"type-product","3":"status-publish","4":"has-post-thumbnail","6":"product_brand-ferligs","7":"product_cat-table-legs","9":"first","10":"instock","11":"sale","12":"sold-individually","13":"taxable","14":"shipping-taxable","15":"purchasable","16":"product-type-variable","17":"has-default-attributes"},"featured_image_urls_v2":{"full":["https:\/\/ferligs.com\/wp-content\/uploads\/2026\/02\/IMG_0477-scaled.webp",2560,1920,false],"thumbnail":["https:\/\/ferligs.com\/wp-content\/uploads\/2026\/02\/IMG_0477-150x150.webp",150,150,true],"medium":["https:\/\/ferligs.com\/wp-content\/uploads\/2026\/02\/IMG_0477-300x225.webp",300,225,true],"medium_large":["https:\/\/ferligs.com\/wp-content\/uploads\/2026\/02\/IMG_0477-768x576.webp",768,576,true],"large":["https:\/\/ferligs.com\/wp-content\/uploads\/2026\/02\/IMG_0477-1024x768.webp",1024,768,true],"1536x1536":["https:\/\/ferligs.com\/wp-content\/uploads\/2026\/02\/IMG_0477-1536x1152.webp",1536,1152,true],"2048x2048":["https:\/\/ferligs.com\/wp-content\/uploads\/2026\/02\/IMG_0477-2048x1536.webp",2048,1536,true],"trp-custom-language-flag":["https:\/\/ferligs.com\/wp-content\/uploads\/2026\/02\/IMG_0477-16x12.webp",16,12,true],"woocommerce_archive_thumbnail":["https:\/\/ferligs.com\/wp-content\/uploads\/2026\/02\/IMG_0477-300x225.webp",300,225,true],"woocommerce_thumbnail":["https:\/\/ferligs.com\/wp-content\/uploads\/2026\/02\/IMG_0477-300x225.webp",300,225,true],"woocommerce_single":["https:\/\/ferligs.com\/wp-content\/uploads\/2026\/02\/IMG_0477-600x450.webp",600,450,true],"woocommerce_gallery_thumbnail":["https:\/\/ferligs.com\/wp-content\/uploads\/2026\/02\/IMG_0477-100x100.webp",100,100,true]},"post_excerpt_stackable_v2":"<p>The Imula \u2013 Set of 4 Metal Table Legs combines strength, durability, and modern design. Made from 60&#215;20 mm steel tube and finished with long-lasting powder coating, these 71 cm legs provide excellent stability for dining tables, desks, and custom furniture projects. Adjustable feet ensure perfect leveling. Tabletop not included.<\/p>\n","category_list_v2":"","author_info_v2":{"name":"","url":""},"comments_num_v2":"0 comments","jetpack_publicize_connections":[],"jetpack_sharing_enabled":true,"_links":{"self":[{"href":"https:\/\/ferligs.com\/fi\/wp-json\/wp\/v2\/product\/4281","targetHints":{"allow":["GET"]}}],"collection":[{"href":"https:\/\/ferligs.com\/fi\/wp-json\/wp\/v2\/product"}],"about":[{"href":"https:\/\/ferligs.com\/fi\/wp-json\/wp\/v2\/types\/product"}],"wp:featuredmedia":[{"embeddable":true,"href":"https:\/\/ferligs.com\/fi\/wp-json\/wp\/v2\/media\/4638"}],"wp:attachment":[{"href":"https:\/\/ferligs.com\/fi\/wp-json\/wp\/v2\/media?parent=4281"}],"wp:term":[{"taxonomy":"product_brand","embeddable":true,"href":"https:\/\/ferligs.com\/fi\/wp-json\/wp\/v2\/product_brand?post=4281"},{"taxonomy":"product_cat","embeddable":true,"href":"https:\/\/ferligs.com\/fi\/wp-json\/wp\/v2\/product_cat?post=4281"},{"taxonomy":"product_tag","embeddable":true,"href":"https:\/\/ferligs.com\/fi\/wp-json\/wp\/v2\/product_tag?post=4281"}],"curies":[{"name":"wp","href":"https:\/\/api.w.org\/{rel}","templated":true}]}}