{"id":3623,"date":"2026-02-03T15:07:28","date_gmt":"2026-02-03T13:07:28","guid":{"rendered":"https:\/\/ferligs.com\/?post_type=product&#038;p=3623"},"modified":"2026-04-22T15:38:19","modified_gmt":"2026-04-22T12:38:19","slug":"neretal-table-legs","status":"publish","type":"product","link":"https:\/\/ferligs.com\/fi\/product\/neretal-table-legs\/","title":{"rendered":"NERETA \u2013 Metalliset p\u00f6yd\u00e4njalat"},"content":{"rendered":"<p>K\u00e4sintehdyt Nereta U-muotoiset p\u00f6yd\u00e4njalat on valmistettu korkealaatuisesta ter\u00e4ksest\u00e4. Jokainen pari on valmistettu huolellisesti, jotta ne ovat vahvoja, vakaita ja viimeistely on siisti ja korkealaatuinen. Elegantti kapeneva trapetsimuotoinen muoto kapenee lattiasta p\u00f6yt\u00e4levy\u00e4 kohti, mik\u00e4 antaa p\u00f6yd\u00e4lle modernin ja hienostuneen ilmeen, joka sopii t\u00e4ydellisesti mihin tahansa sisustukseen.<\/p>\n<p>Sarja sis\u00e4lt\u00e4\u00e4 yhden parin Nereta U-muotoisia metallisia p\u00f6yd\u00e4njalkoja (2 kpl). P\u00f6yd\u00e4njalka on helppo asentaa ja siin\u00e4 on valmiiksi poratut kiinnitysrei\u00e4t. Kaikki metalliosat on viimeistelty kest\u00e4v\u00e4ll\u00e4 jauhemaalilla, joka suojaa ter\u00e4st\u00e4 kulumiselta ja korroosiolta ja takaa pitk\u00e4ik\u00e4isen k\u00e4yt\u00f6n.<\/p>\n<p>N\u00e4m\u00e4 k\u00e4sintehdyt Nereta-p\u00f6yd\u00e4njalat on valmistettu laadukkaasti ja tarkasti, mink\u00e4 ansiosta jokainen kappale on hieman ainutlaatuinen. U-muotoinen trapetsimainen muotoilu lis\u00e4\u00e4 tyylikkyytt\u00e4, mutta my\u00f6s vakautta ja visuaalista keveytt\u00e4, jolloin p\u00f6yt\u00e4si n\u00e4ytt\u00e4\u00e4 elegantilta mutta vahvalta.<\/p>\n<p>Mukautetut koot ja tekniset tiedot ovat saatavilla pyynn\u00f6st\u00e4. Hinta koskee vain p\u00f6yd\u00e4n jalustaa. P\u00f6yt\u00e4levy ei sis\u00e4lly hintaan.<\/p>\n<p>Materiaali: Ter\u00e4sputki 80 \u00d7 40 mm. Kiinnitysrei\u00e4t: 5 mm (r\u00e4\u00e4t\u00e4l\u00f6idyt vaihtoehdot saatavilla pyynn\u00f6st\u00e4).<\/p>\n<p>Mitat: Korkeus 71 cm + s\u00e4\u00e4dett\u00e4v\u00e4t jalat (~1 cm). Leveysvaihtoehdot: 60 \/ 70 \/ 80 cm.<\/p>","protected":false},"excerpt":{"rendered":"<p>K\u00e4sintehdyt U-muotoiset metalliset p\u00f6yd\u00e4njalat, valmistettu korkealaatuisesta ter\u00e4ksest\u00e4. Tyylik\u00e4s kapeneva muotoilu, joka kapenee lattiasta p\u00f6yt\u00e4levyyn. Kest\u00e4v\u00e4 jauhemaalattu pinta. Helppo asentaa. Saatavana my\u00f6s mittatilausty\u00f6n\u00e4.<\/p>","protected":false},"featured_media":3613,"template":"","meta":{"jetpack_publicize_message":"","jetpack_publicize_feature_enabled":true,"jetpack_social_post_already_shared":true,"jetpack_social_options":{"image_generator_settings":{"template":"highway","default_image_id":0,"font":"","enabled":false},"version":2}},"product_brand":[578],"product_cat":[113],"product_tag":[702],"class_list":{"0":"post-3623","1":"product","2":"type-product","3":"status-publish","4":"has-post-thumbnail","6":"product_brand-ferligs","7":"product_cat-table-legs","8":"product_tag-trapezoid-table-legs","9":"product_shipping_class-tables-legs","11":"first","12":"instock","13":"sale","14":"taxable","15":"shipping-taxable","16":"purchasable","17":"product-type-variable","18":"has-default-attributes"},"featured_image_urls_v2":{"full":["https:\/\/ferligs.com\/wp-content\/uploads\/2026\/02\/8697-Webp-1640x1360-1.webp",1639,1359,false],"thumbnail":["https:\/\/ferligs.com\/wp-content\/uploads\/2026\/02\/8697-Webp-1640x1360-1-150x150.webp",150,150,true],"medium":["https:\/\/ferligs.com\/wp-content\/uploads\/2026\/02\/8697-Webp-1640x1360-1-300x249.webp",300,249,true],"medium_large":["https:\/\/ferligs.com\/wp-content\/uploads\/2026\/02\/8697-Webp-1640x1360-1-768x637.webp",768,637,true],"large":["https:\/\/ferligs.com\/wp-content\/uploads\/2026\/02\/8697-Webp-1640x1360-1-1024x849.webp",1024,849,true],"1536x1536":["https:\/\/ferligs.com\/wp-content\/uploads\/2026\/02\/8697-Webp-1640x1360-1-1536x1274.webp",1536,1274,true],"2048x2048":["https:\/\/ferligs.com\/wp-content\/uploads\/2026\/02\/8697-Webp-1640x1360-1.webp",1639,1359,false],"trp-custom-language-flag":["https:\/\/ferligs.com\/wp-content\/uploads\/2026\/02\/8697-Webp-1640x1360-1-14x12.webp",14,12,true],"woocommerce_archive_thumbnail":["https:\/\/ferligs.com\/wp-content\/uploads\/2026\/02\/8697-Webp-1640x1360-1-300x249.webp",300,249,true],"woocommerce_thumbnail":["https:\/\/ferligs.com\/wp-content\/uploads\/2026\/02\/8697-Webp-1640x1360-1-300x249.webp",300,249,true],"woocommerce_single":["https:\/\/ferligs.com\/wp-content\/uploads\/2026\/02\/8697-Webp-1640x1360-1-600x497.webp",600,497,true],"woocommerce_gallery_thumbnail":["https:\/\/ferligs.com\/wp-content\/uploads\/2026\/02\/8697-Webp-1640x1360-1-100x100.webp",100,100,true]},"post_excerpt_stackable_v2":"<p>Handcrafted U-shaped metal table legs made of high-quality steel. Elegant tapered design that narrows from floor to tabletop. Durable powder-coated finish. Easy to install. Custom sizes available.<\/p>\n","category_list_v2":"","author_info_v2":{"name":"","url":""},"comments_num_v2":"0 comments","jetpack_publicize_connections":[],"jetpack_sharing_enabled":true,"_links":{"self":[{"href":"https:\/\/ferligs.com\/fi\/wp-json\/wp\/v2\/product\/3623","targetHints":{"allow":["GET"]}}],"collection":[{"href":"https:\/\/ferligs.com\/fi\/wp-json\/wp\/v2\/product"}],"about":[{"href":"https:\/\/ferligs.com\/fi\/wp-json\/wp\/v2\/types\/product"}],"wp:featuredmedia":[{"embeddable":true,"href":"https:\/\/ferligs.com\/fi\/wp-json\/wp\/v2\/media\/3613"}],"wp:attachment":[{"href":"https:\/\/ferligs.com\/fi\/wp-json\/wp\/v2\/media?parent=3623"}],"wp:term":[{"taxonomy":"product_brand","embeddable":true,"href":"https:\/\/ferligs.com\/fi\/wp-json\/wp\/v2\/product_brand?post=3623"},{"taxonomy":"product_cat","embeddable":true,"href":"https:\/\/ferligs.com\/fi\/wp-json\/wp\/v2\/product_cat?post=3623"},{"taxonomy":"product_tag","embeddable":true,"href":"https:\/\/ferligs.com\/fi\/wp-json\/wp\/v2\/product_tag?post=3623"}],"curies":[{"name":"wp","href":"https:\/\/api.w.org\/{rel}","templated":true}]}}