{"id":2609,"date":"2025-11-06T16:01:27","date_gmt":"2025-11-06T14:01:27","guid":{"rendered":"https:\/\/ferligs.com\/?post_type=product&#038;p=2609"},"modified":"2026-03-06T09:33:20","modified_gmt":"2026-03-06T07:33:20","slug":"misa-table-legs","status":"publish","type":"product","link":"https:\/\/ferligs.com\/fi\/product\/misa-table-legs\/","title":{"rendered":"MISA &#8211; Metal Table Legs for Dining Tables"},"content":{"rendered":"<p>The Misa metal table legs bring elegance and strength to any dining table, combining modern style with exceptional durability. Crafted for rectangular tabletops, this meticulously designed table base offers superior stability and support, making it the perfect foundation for stylish and functional home or office furniture.<\/p>\n<p>Laadukas jauhemaalattu ter\u00e4spinta takaa erinomaisen naarmuuntumis-, kulumis- ja korroosionkest\u00e4vyyden sek\u00e4 tuo tyylikk\u00e4\u00e4n ja hienostuneen lis\u00e4n moderniin ja teolliseen sisustukseen.<\/p>\n<p>Misa-p\u00f6yd\u00e4n jalusta toimitetaan koottuna. P\u00f6yd\u00e4n jalustan kokoaminen ei ole vaikeaa \u2014 mukana toimitetaan kokoamisohjeet, ja pakkaus sis\u00e4lt\u00e4\u00e4 kaiken tarvittavan.<\/p>\n<p>Yksityiskohdat on p\u00e4\u00e4llystetty laadukkaalla jauhemaalilla. Pinnoite on kest\u00e4v\u00e4 ja kest\u00e4\u00e4 useita vuosia, joten jalat s\u00e4ilytt\u00e4v\u00e4t ulkon\u00e4k\u00f6ns\u00e4 ja suorituskykyns\u00e4 pitk\u00e4\u00e4n.<\/p>\n<p>Misa-metallijalkainen p\u00f6yt\u00e4 sopii erinomaisesti ruokap\u00f6ydiksi, ty\u00f6p\u00f6ydiksi, keitti\u00f6n ty\u00f6tasoiksi tai jopa kokousp\u00f6ydiksi. Se tuo ammattimaisen ja tyylikk\u00e4\u00e4n ilmeen mihin tahansa tilaan ja tarjoaa samalla luotettavan ja tukevan perustan. Sen minimalistinen mutta teollinen estetiikka sopii nykyaikaisiin koteihin, toimistoihin, studioihin ja kaupallisiin sisustuksiin, ja se parantaa tilan yleist\u00e4 tyyli\u00e4 s\u00e4ilytt\u00e4en samalla k\u00e4yt\u00e4nn\u00f6llisyyden ja lujuuden.<\/p>\n<p>T\u00e4m\u00e4 p\u00f6yt\u00e4 voidaan valmistaa mittatilausty\u00f6n\u00e4 omien mittojen ja vaatimusten mukaan.<\/p>\n<p>Hinta koskee vain p\u00f6yd\u00e4n jalustaa. P\u00f6yt\u00e4levy ei sis\u00e4lly hintaan.<\/p>","protected":false},"excerpt":{"rendered":"<p>Tyylikk\u00e4\u00e4t ja vahvat metalliset p\u00f6yd\u00e4njalat suorakulmaisille p\u00f6ydille. Valmistettu kest\u00e4v\u00e4st\u00e4 jauhemaalatusta ter\u00e4ksest\u00e4, joka kest\u00e4\u00e4 naarmuja ja korroosiota. Saatavana my\u00f6s mittatilausty\u00f6n\u00e4. Toimitetaan koottuna, kaikki osat mukana. <strong>Tabletop not included.<\/strong><\/p>","protected":false},"featured_media":2561,"template":"","meta":{"jetpack_publicize_message":"","jetpack_publicize_feature_enabled":true,"jetpack_social_post_already_shared":false,"jetpack_social_options":{"image_generator_settings":{"template":"highway","default_image_id":0,"font":"","enabled":false},"version":2}},"product_brand":[578],"product_cat":[113],"product_tag":[705,704,698],"class_list":{"0":"post-2609","1":"product","2":"type-product","3":"status-publish","4":"has-post-thumbnail","6":"product_brand-ferligs","7":"product_cat-table-legs","8":"product_tag-spider-legs","9":"product_tag-table-bases","10":"product_tag-x-shaped-table-legs","11":"product_shipping_class-tables-legs","13":"first","14":"instock","15":"sale","16":"featured","17":"taxable","18":"shipping-taxable","19":"purchasable","20":"product-type-variable","21":"has-default-attributes"},"featured_image_urls_v2":{"full":["https:\/\/ferligs.com\/wp-content\/uploads\/2025\/11\/misa-table-legs-2-scaled.webp",2560,1926,false],"thumbnail":["https:\/\/ferligs.com\/wp-content\/uploads\/2025\/11\/misa-table-legs-2-150x150.webp",150,150,true],"medium":["https:\/\/ferligs.com\/wp-content\/uploads\/2025\/11\/misa-table-legs-2-300x226.webp",300,226,true],"medium_large":["https:\/\/ferligs.com\/wp-content\/uploads\/2025\/11\/misa-table-legs-2-768x578.webp",768,578,true],"large":["https:\/\/ferligs.com\/wp-content\/uploads\/2025\/11\/misa-table-legs-2-1024x770.webp",1024,770,true],"1536x1536":["https:\/\/ferligs.com\/wp-content\/uploads\/2025\/11\/misa-table-legs-2-1536x1155.webp",1536,1155,true],"2048x2048":["https:\/\/ferligs.com\/wp-content\/uploads\/2025\/11\/misa-table-legs-2-2048x1541.webp",2048,1541,true],"trp-custom-language-flag":["https:\/\/ferligs.com\/wp-content\/uploads\/2025\/11\/misa-table-legs-2-16x12.webp",16,12,true],"woocommerce_archive_thumbnail":["https:\/\/ferligs.com\/wp-content\/uploads\/2025\/11\/misa-table-legs-2-300x226.webp",300,226,true],"woocommerce_thumbnail":["https:\/\/ferligs.com\/wp-content\/uploads\/2025\/11\/misa-table-legs-2-300x226.webp",300,226,true],"woocommerce_single":["https:\/\/ferligs.com\/wp-content\/uploads\/2025\/11\/misa-table-legs-2-600x451.webp",600,451,true],"woocommerce_gallery_thumbnail":["https:\/\/ferligs.com\/wp-content\/uploads\/2025\/11\/misa-table-legs-2-100x100.webp",100,100,true]},"post_excerpt_stackable_v2":"<p>Stylish and strong metal table legs for rectangular tables. Made from durable powder-coated steel, resistant to scratches and corrosion. Custom sizes available. Delivered unassembled with all parts included. <strong>Tabletop not included.<\/strong><\/p>\n","category_list_v2":"","author_info_v2":{"name":"","url":""},"comments_num_v2":"0 comments","jetpack_publicize_connections":[],"jetpack_sharing_enabled":true,"_links":{"self":[{"href":"https:\/\/ferligs.com\/fi\/wp-json\/wp\/v2\/product\/2609","targetHints":{"allow":["GET"]}}],"collection":[{"href":"https:\/\/ferligs.com\/fi\/wp-json\/wp\/v2\/product"}],"about":[{"href":"https:\/\/ferligs.com\/fi\/wp-json\/wp\/v2\/types\/product"}],"wp:featuredmedia":[{"embeddable":true,"href":"https:\/\/ferligs.com\/fi\/wp-json\/wp\/v2\/media\/2561"}],"wp:attachment":[{"href":"https:\/\/ferligs.com\/fi\/wp-json\/wp\/v2\/media?parent=2609"}],"wp:term":[{"taxonomy":"product_brand","embeddable":true,"href":"https:\/\/ferligs.com\/fi\/wp-json\/wp\/v2\/product_brand?post=2609"},{"taxonomy":"product_cat","embeddable":true,"href":"https:\/\/ferligs.com\/fi\/wp-json\/wp\/v2\/product_cat?post=2609"},{"taxonomy":"product_tag","embeddable":true,"href":"https:\/\/ferligs.com\/fi\/wp-json\/wp\/v2\/product_tag?post=2609"}],"curies":[{"name":"wp","href":"https:\/\/api.w.org\/{rel}","templated":true}]}}