{"id":2523,"date":"2025-11-06T15:27:55","date_gmt":"2025-11-06T13:27:55","guid":{"rendered":"https:\/\/ferligs.com\/?post_type=product&#038;p=2523"},"modified":"2026-03-06T09:33:47","modified_gmt":"2026-03-06T07:33:47","slug":"musa-table-legs","status":"publish","type":"product","link":"https:\/\/ferligs.com\/fi\/product\/musa-table-legs\/","title":{"rendered":"MUSA &#8211; Metal Table Legs for Dining Tables"},"content":{"rendered":"<p>Musa metallip\u00f6yd\u00e4n jalat ovat k\u00e4sintehty ratkaisu, joka yhdist\u00e4\u00e4 modernin tyylin, poikkeuksellisen kest\u00e4vyyden ja pitk\u00e4ik\u00e4isyyden. T\u00e4m\u00e4 kest\u00e4v\u00e4 metallip\u00f6yd\u00e4n runko on huolellisesti k\u00e4sin hitsattu korkealaatuisesta ter\u00e4ksest\u00e4, tarjoten vakaan ja luotettavan rakenteen, joka kest\u00e4\u00e4 raskaita kuormia ja p\u00e4ivitt\u00e4ist\u00e4 k\u00e4ytt\u00f6\u00e4. Suunniteltu suorakaiteen muotoisille p\u00f6yt\u00e4levyille, n\u00e4m\u00e4 ruokap\u00f6yd\u00e4n jalat tarjoavat erinomaista vakautta ja tukea ruokap\u00f6ydille, ty\u00f6p\u00f6ydille, keitti\u00f6n p\u00f6ydille ja kokousp\u00f6ydille.<\/p>\n<p>Musa metallip\u00f6yd\u00e4n jalat on viimeistelty kest\u00e4v\u00e4ll\u00e4 pulverimaalauksella, joka suojaa ter\u00e4st\u00e4 naarmuilta, kulumiselta ja korroosiolta ja s\u00e4ilytt\u00e4\u00e4 siistin ja tyylikk\u00e4\u00e4n ulkon\u00e4\u00f6n vuosiksi. Jokainen yksityiskohta on tarkasti hitsattu ja viimeistelty sek\u00e4 esteettisyyden ett\u00e4 mekaanisen kest\u00e4vyyden varmistamiseksi. Hitsatun rakenteen ja korkealaatuisten materiaalien ansiosta t\u00e4m\u00e4 metallip\u00f6yd\u00e4n runko tarjoaa erinomaisen kantavuuden, ja se sopii sek\u00e4 koti- ett\u00e4 kaupalliseen k\u00e4ytt\u00f6\u00f6n.<\/p>\n<p>Minimalistisen teollisen muotoilun ansiosta Musa ruokap\u00f6yd\u00e4n jalat sulautuvat saumattomasti moderneihin, teollisiin ja nykyaikaisiin sis\u00e4tiloihin, parantaen kotien, toimistojen, studioiden, kahviloiden ja muiden kaupallisten tilojen tyyli\u00e4. P\u00f6yd\u00e4n runko toimitetaan osina turvallisen kuljetuksen ja helpon kokoamisen vuoksi. Kokoaminen on yksinkertaista, ohjeet ja kaikki tarvittavat kiinnitystarvikkeet sis\u00e4ltyv\u00e4t.<\/p>\n<p>Jokainen Musa metallip\u00f6yd\u00e4n runko voidaan r\u00e4\u00e4t\u00e4l\u00f6id\u00e4 tarpeidesi mukaan, jolloin voit valita koon, joka sopii t\u00e4ydellisesti p\u00f6yt\u00e4levyysi ja sisustukseesi. Hinta koskee vain p\u00f6yd\u00e4n runkoa. P\u00f6yt\u00e4levy ei sis\u00e4lly.<\/p>","protected":false},"excerpt":{"rendered":"<p>Tyylikk\u00e4\u00e4t ja kest\u00e4v\u00e4t metallijalat suorakaiteen muotoisiin p\u00f6ytiin. Valmistettu kest\u00e4v\u00e4st\u00e4 jauhemaalatusta ter\u00e4ksest\u00e4, kest\u00e4\u00e4 naarmuja ja korroosiota. Mukautettuja kokoja voidaan tilata. Ne toimitetaan purettuina kaikkien tarvittavien osien kanssa. <\/p>","protected":false},"featured_media":2518,"template":"","meta":{"jetpack_publicize_message":"","jetpack_publicize_feature_enabled":true,"jetpack_social_post_already_shared":false,"jetpack_social_options":{"image_generator_settings":{"template":"highway","default_image_id":0,"font":"","enabled":false},"version":2}},"product_brand":[578],"product_cat":[113],"product_tag":[705,704,698],"class_list":{"0":"post-2523","1":"product","2":"type-product","3":"status-publish","4":"has-post-thumbnail","6":"product_brand-ferligs","7":"product_cat-table-legs","8":"product_tag-spider-legs","9":"product_tag-table-bases","10":"product_tag-x-shaped-table-legs","11":"product_shipping_class-tables-legs","13":"first","14":"instock","15":"sale","16":"taxable","17":"shipping-taxable","18":"purchasable","19":"product-type-variable","20":"has-default-attributes"},"featured_image_urls_v2":{"full":["https:\/\/ferligs.com\/wp-content\/uploads\/2025\/11\/musa-table-legs-18-scaled.webp",2560,1919,false],"thumbnail":["https:\/\/ferligs.com\/wp-content\/uploads\/2025\/11\/musa-table-legs-18-150x150.webp",150,150,true],"medium":["https:\/\/ferligs.com\/wp-content\/uploads\/2025\/11\/musa-table-legs-18-300x225.webp",300,225,true],"medium_large":["https:\/\/ferligs.com\/wp-content\/uploads\/2025\/11\/musa-table-legs-18-768x576.webp",768,576,true],"large":["https:\/\/ferligs.com\/wp-content\/uploads\/2025\/11\/musa-table-legs-18-1024x768.webp",1024,768,true],"1536x1536":["https:\/\/ferligs.com\/wp-content\/uploads\/2025\/11\/musa-table-legs-18-1536x1152.webp",1536,1152,true],"2048x2048":["https:\/\/ferligs.com\/wp-content\/uploads\/2025\/11\/musa-table-legs-18-2048x1535.webp",2048,1535,true],"trp-custom-language-flag":["https:\/\/ferligs.com\/wp-content\/uploads\/2025\/11\/musa-table-legs-18-16x12.webp",16,12,true],"woocommerce_archive_thumbnail":["https:\/\/ferligs.com\/wp-content\/uploads\/2025\/11\/musa-table-legs-18-300x225.webp",300,225,true],"woocommerce_thumbnail":["https:\/\/ferligs.com\/wp-content\/uploads\/2025\/11\/musa-table-legs-18-300x225.webp",300,225,true],"woocommerce_single":["https:\/\/ferligs.com\/wp-content\/uploads\/2025\/11\/musa-table-legs-18-600x450.webp",600,450,true],"woocommerce_gallery_thumbnail":["https:\/\/ferligs.com\/wp-content\/uploads\/2025\/11\/musa-table-legs-18-100x100.webp",100,100,true]},"post_excerpt_stackable_v2":"<p>Stylish and strong metal table legs suitable for rectangular dinning tables. This durable metal table base is made from high-quality powder-coated steel, resistant to scratches, wear, and corrosion. Ideal as dining table legs for home or commercial use. Custom sizes available. Delivered unassembled with all hardware and instructions included. <\/p>\n","category_list_v2":"","author_info_v2":{"name":"","url":""},"comments_num_v2":"0 comments","jetpack_publicize_connections":[],"jetpack_sharing_enabled":true,"_links":{"self":[{"href":"https:\/\/ferligs.com\/fi\/wp-json\/wp\/v2\/product\/2523","targetHints":{"allow":["GET"]}}],"collection":[{"href":"https:\/\/ferligs.com\/fi\/wp-json\/wp\/v2\/product"}],"about":[{"href":"https:\/\/ferligs.com\/fi\/wp-json\/wp\/v2\/types\/product"}],"wp:featuredmedia":[{"embeddable":true,"href":"https:\/\/ferligs.com\/fi\/wp-json\/wp\/v2\/media\/2518"}],"wp:attachment":[{"href":"https:\/\/ferligs.com\/fi\/wp-json\/wp\/v2\/media?parent=2523"}],"wp:term":[{"taxonomy":"product_brand","embeddable":true,"href":"https:\/\/ferligs.com\/fi\/wp-json\/wp\/v2\/product_brand?post=2523"},{"taxonomy":"product_cat","embeddable":true,"href":"https:\/\/ferligs.com\/fi\/wp-json\/wp\/v2\/product_cat?post=2523"},{"taxonomy":"product_tag","embeddable":true,"href":"https:\/\/ferligs.com\/fi\/wp-json\/wp\/v2\/product_tag?post=2523"}],"curies":[{"name":"wp","href":"https:\/\/api.w.org\/{rel}","templated":true}]}}