{"id":1956,"date":"2025-03-03T22:58:06","date_gmt":"2025-03-03T20:58:06","guid":{"rendered":"https:\/\/ferligs.com\/?post_type=product&#038;p=1956"},"modified":"2026-03-05T16:15:35","modified_gmt":"2026-03-05T14:15:35","slug":"daugava","status":"publish","type":"product","link":"https:\/\/ferligs.com\/fi\/product\/daugava\/","title":{"rendered":"DAUGAVA \u2013 Ruokap\u00f6yd\u00e4n h\u00e4m\u00e4h\u00e4kkijalat"},"content":{"rendered":"<p>Kohota huonekaluprojektiasi DAUGAVA-h\u00e4m\u00e4h\u00e4kkijaloilla \u2013 t\u00e4ydellinen yhdistelm\u00e4 teollista lujuutta ja nykyaikaista muotoilua. Rakensitpa uutta ruokap\u00f6yt\u00e4\u00e4 tai DIY-ty\u00f6pistett\u00e4, n\u00e4m\u00e4 metallijalat tarjoavat vankan perustan ja ainutlaatuisen siluetin.<\/p>\n<p>\"Spider\"-tyylille ominaiset dynaamiset ristiin menev\u00e4t linjat luovat keskipisteen, joka n\u00e4ytt\u00e4\u00e4 erilaiselta jokaisesta kulmasta. Jokainen jalusta on tarkkuushitsattu korkealaatuisista 5x5 cm ter\u00e4sputkista ja viimeistelty naarmunkest\u00e4v\u00e4ll\u00e4 jauhemaalauksella. T\u00e4m\u00e4 varmistaa, ett\u00e4 p\u00f6yt\u00e4si s\u00e4ilyy kotisi katseenvangitsijana vuosien ajan.<\/p>\n<p>\u00c4l\u00e4 anna tyylikk\u00e4iden linjojen h\u00e4m\u00e4t\u00e4 \u2013 DAUGAVA-jalusta on todellinen ty\u00f6juhta. 150 kg kantavuuden ansiosta se tukee vaivatta painavia t\u00e4yspuisia tai kivisi\u00e4 p\u00f6yt\u00e4levyj\u00e4. Lattian suojaamiseksi ja vakauden varmistamiseksi olemme lis\u00e4nneet s\u00e4\u00e4t\u00f6jalat ja huopatassut jokaiseen pakkaukseen.<\/p>\n<p>Uskomme, ett\u00e4 jokainen tila on ainutlaatuinen. Siksi tarjoamme t\u00e4yden r\u00e4\u00e4t\u00e4l\u00f6innin. Valitse useista v\u00e4reist\u00e4 \u2013 klassisesta mattamustasta ylelliseen kultaan \u2013 tai valitse Raw Steel -ilme aitoon teolliseen tyyliin. Tarvitsetko tietyn korkeuden tai leveyden? Ota yhteytt\u00e4, niin valmistamme jalat toiveidesi mukaan.<\/p>","protected":false},"excerpt":{"rendered":"<p>Tyylik\u00e4s jauhemaalattu metallinen p\u00f6yd\u00e4njalka, jossa on ainutlaatuinen ristikk\u00e4isviivojen muotoilu. Kest\u00e4v\u00e4, mukautettava koko ja v\u00e4ri. Korkeus ~71 cm.<\/p>\n<p>55\u00d790 cm \u2192 sopii 60-80\u00d7120-160 cm p\u00f6yt\u00e4levyyn<br \/>\n75\u00d7115 cm \u2192 sopii 80-110\u00d7160-240 cm p\u00f6yt\u00e4levyyn<\/p>\n<p>Hinta koskee vain jalustaa (p\u00f6yt\u00e4levy ei sis\u00e4lly hintaan). Helppo koota.<\/p>","protected":false},"featured_media":1969,"template":"","meta":{"jetpack_publicize_message":"","jetpack_publicize_feature_enabled":true,"jetpack_social_post_already_shared":true,"jetpack_social_options":{"image_generator_settings":{"template":"highway","default_image_id":0,"font":"","enabled":false},"version":2}},"product_brand":[578],"product_cat":[113],"product_tag":[705,704],"class_list":{"0":"post-1956","1":"product","2":"type-product","3":"status-publish","4":"has-post-thumbnail","6":"product_brand-ferligs","7":"product_cat-table-legs","8":"product_tag-spider-legs","9":"product_tag-table-bases","10":"product_shipping_class-tables-legs","12":"first","13":"instock","14":"sale","15":"taxable","16":"shipping-taxable","17":"purchasable","18":"product-type-variable","19":"has-default-attributes"},"featured_image_urls_v2":{"full":["https:\/\/ferligs.com\/wp-content\/uploads\/2025\/03\/TBL_19_1640x1360_8.webp",1640,1360,false],"thumbnail":["https:\/\/ferligs.com\/wp-content\/uploads\/2025\/03\/TBL_19_1640x1360_8-150x150.webp",150,150,true],"medium":["https:\/\/ferligs.com\/wp-content\/uploads\/2025\/03\/TBL_19_1640x1360_8-300x249.webp",300,249,true],"medium_large":["https:\/\/ferligs.com\/wp-content\/uploads\/2025\/03\/TBL_19_1640x1360_8-768x637.webp",768,637,true],"large":["https:\/\/ferligs.com\/wp-content\/uploads\/2025\/03\/TBL_19_1640x1360_8-1024x849.webp",1024,849,true],"1536x1536":["https:\/\/ferligs.com\/wp-content\/uploads\/2025\/03\/TBL_19_1640x1360_8-1536x1274.webp",1536,1274,true],"2048x2048":["https:\/\/ferligs.com\/wp-content\/uploads\/2025\/03\/TBL_19_1640x1360_8.webp",1640,1360,false],"trp-custom-language-flag":["https:\/\/ferligs.com\/wp-content\/uploads\/2025\/03\/TBL_19_1640x1360_8-14x12.webp",14,12,true],"woocommerce_archive_thumbnail":["https:\/\/ferligs.com\/wp-content\/uploads\/2025\/03\/TBL_19_1640x1360_8-300x249.webp",300,249,true],"woocommerce_thumbnail":["https:\/\/ferligs.com\/wp-content\/uploads\/2025\/03\/TBL_19_1640x1360_8-300x249.webp",300,249,true],"woocommerce_single":["https:\/\/ferligs.com\/wp-content\/uploads\/2025\/03\/TBL_19_1640x1360_8-600x498.webp",600,498,true],"woocommerce_gallery_thumbnail":["https:\/\/ferligs.com\/wp-content\/uploads\/2025\/03\/TBL_19_1640x1360_8-100x100.webp",100,100,true]},"post_excerpt_stackable_v2":"<p>Stylish powder-coated metal table base with unique crossing lines design. Durable, customizable size &#038; color. Height ~71 cm.<\/p>\n<p>55\u00d790 cm \u2192 fits 60-80\u00d7120-160 cm tabletop<br \/>\n75\u00d7115 cm \u2192 fits 80-110\u00d7160-240 cm tabletop<\/p>\n<p>Price for base only (tabletop not included). Easy assembly.<\/p>\n","category_list_v2":"","author_info_v2":{"name":"","url":""},"comments_num_v2":"0 comments","jetpack_publicize_connections":[],"jetpack_sharing_enabled":true,"_links":{"self":[{"href":"https:\/\/ferligs.com\/fi\/wp-json\/wp\/v2\/product\/1956","targetHints":{"allow":["GET"]}}],"collection":[{"href":"https:\/\/ferligs.com\/fi\/wp-json\/wp\/v2\/product"}],"about":[{"href":"https:\/\/ferligs.com\/fi\/wp-json\/wp\/v2\/types\/product"}],"wp:featuredmedia":[{"embeddable":true,"href":"https:\/\/ferligs.com\/fi\/wp-json\/wp\/v2\/media\/1969"}],"wp:attachment":[{"href":"https:\/\/ferligs.com\/fi\/wp-json\/wp\/v2\/media?parent=1956"}],"wp:term":[{"taxonomy":"product_brand","embeddable":true,"href":"https:\/\/ferligs.com\/fi\/wp-json\/wp\/v2\/product_brand?post=1956"},{"taxonomy":"product_cat","embeddable":true,"href":"https:\/\/ferligs.com\/fi\/wp-json\/wp\/v2\/product_cat?post=1956"},{"taxonomy":"product_tag","embeddable":true,"href":"https:\/\/ferligs.com\/fi\/wp-json\/wp\/v2\/product_tag?post=1956"}],"curies":[{"name":"wp","href":"https:\/\/api.w.org\/{rel}","templated":true}]}}