{"id":1924,"date":"2025-02-26T07:39:54","date_gmt":"2025-02-26T05:39:54","guid":{"rendered":"https:\/\/ferligs.com\/?post_type=product&#038;p=1924"},"modified":"2026-03-05T16:13:45","modified_gmt":"2026-03-05T14:13:45","slug":"malta","status":"publish","type":"product","link":"https:\/\/ferligs.com\/fi\/product\/malta\/","title":{"rendered":"MALTA \u2013 Parilliset p\u00f6yd\u00e4njalat (X-muotoiset)"},"content":{"rendered":"<p>MALTA on elegantti metallinen p\u00f6yd\u00e4njalka, sopii moderneihin ja klassisiin sisustuksiin. Selke\u00e4 X-muotoinen muoto luo vakaan ja tyylikk\u00e4\u00e4n pohjan ruokap\u00f6ydille, ty\u00f6p\u00f6ydille tai ty\u00f6tiloille. Minimalistinen muotoilu sopii t\u00e4ydellisesti loft-, teollisuus-, moderniin tai skandinaaviseen tyyliin.<\/p>\n<p>Valmistettu kest\u00e4vist\u00e4 ter\u00e4sputkista (80\u00d740 mm tai 80\u00d720 mm), MALTA tarjoaa erinomaisen vakauden ja pitk\u00e4ik\u00e4isyyden. Paketti sis\u00e4lt\u00e4\u00e4 kaksi X-muotoista jalkaa, jotka takaavat symmetrisen ja turvallisen rakenteen.<\/p>\n<p>Kaikki yksityiskohdat on pulverimaalattu tasaiseksi ja sile\u00e4ksi pinnaksi. Pulverimaalaus suojaa metallia naarmuilta, korroosiolta ja p\u00e4ivitt\u00e4iselt\u00e4 kulumiselta, varmistaen ett\u00e4 p\u00f6yd\u00e4njalat s\u00e4ilyv\u00e4t kauniina vuosia.<\/p>\n<p>Vakio-versiossa on 5 mm asennusrei\u00e4t helppoa ja turvallista asennusta varten. Asennus on nopeaa ja vaivatonta. Jalusta voidaan r\u00e4\u00e4t\u00e4l\u00f6id\u00e4 korkeuden, leveyden (60 \/ 70 \/ 80 cm) tai reikien sijoittelun mukaan. Huomio: hinta koskee vain jalustaa \u2014 p\u00f6yt\u00e4levy ei sis\u00e4lly.<\/p>","protected":false},"excerpt":{"rendered":"<p>MALTA X-muotoiset p\u00f6yd\u00e4njalat metallia \u2014 elegantit ja modernit, sopivat kaikkiin sisustuksiin. Valmistettu korkealaatuisesta ter\u00e4sputkesta kest\u00e4v\u00e4ksi pulverimaalatuksi pinnaksi. Mukana kaksi jalkaa, helppo asennus ja mukautettavat mitat.<\/p>","protected":false},"featured_media":1932,"template":"","meta":{"jetpack_publicize_message":"","jetpack_publicize_feature_enabled":true,"jetpack_social_post_already_shared":true,"jetpack_social_options":{"image_generator_settings":{"template":"highway","default_image_id":0,"font":"","enabled":false},"version":2}},"product_brand":[578],"product_cat":[113],"product_tag":[698],"class_list":{"0":"post-1924","1":"product","2":"type-product","3":"status-publish","4":"has-post-thumbnail","6":"product_brand-ferligs","7":"product_cat-table-legs","8":"product_tag-x-shaped-table-legs","9":"product_shipping_class-tables-legs","11":"first","12":"instock","13":"sale","14":"taxable","15":"shipping-taxable","16":"purchasable","17":"product-type-variable","18":"has-default-attributes"},"featured_image_urls_v2":{"full":["https:\/\/ferligs.com\/wp-content\/uploads\/2025\/02\/TBL_17_1640x1360_4.webp",1640,1360,false],"thumbnail":["https:\/\/ferligs.com\/wp-content\/uploads\/2025\/02\/TBL_17_1640x1360_4-150x150.webp",150,150,true],"medium":["https:\/\/ferligs.com\/wp-content\/uploads\/2025\/02\/TBL_17_1640x1360_4-300x249.webp",300,249,true],"medium_large":["https:\/\/ferligs.com\/wp-content\/uploads\/2025\/02\/TBL_17_1640x1360_4-768x637.webp",768,637,true],"large":["https:\/\/ferligs.com\/wp-content\/uploads\/2025\/02\/TBL_17_1640x1360_4-1024x849.webp",1024,849,true],"1536x1536":["https:\/\/ferligs.com\/wp-content\/uploads\/2025\/02\/TBL_17_1640x1360_4-1536x1274.webp",1536,1274,true],"2048x2048":["https:\/\/ferligs.com\/wp-content\/uploads\/2025\/02\/TBL_17_1640x1360_4.webp",1640,1360,false],"trp-custom-language-flag":["https:\/\/ferligs.com\/wp-content\/uploads\/2025\/02\/TBL_17_1640x1360_4-14x12.webp",14,12,true],"woocommerce_archive_thumbnail":["https:\/\/ferligs.com\/wp-content\/uploads\/2025\/02\/TBL_17_1640x1360_4-300x249.webp",300,249,true],"woocommerce_thumbnail":["https:\/\/ferligs.com\/wp-content\/uploads\/2025\/02\/TBL_17_1640x1360_4-300x249.webp",300,249,true],"woocommerce_single":["https:\/\/ferligs.com\/wp-content\/uploads\/2025\/02\/TBL_17_1640x1360_4-600x498.webp",600,498,true],"woocommerce_gallery_thumbnail":["https:\/\/ferligs.com\/wp-content\/uploads\/2025\/02\/TBL_17_1640x1360_4-100x100.webp",100,100,true]},"post_excerpt_stackable_v2":"<p>MALTA is an elegant metal table base featuring a modern X-shaped design that complements any interior style. Made from high-quality steel tube and finished with durable powder coating, it ensures long-lasting performance and stability. The set includes two legs, with simple mounting and customizable dimensions to fit your project.<\/p>\n","category_list_v2":"","author_info_v2":{"name":"","url":""},"comments_num_v2":"0 comments","jetpack_publicize_connections":[],"jetpack_sharing_enabled":true,"_links":{"self":[{"href":"https:\/\/ferligs.com\/fi\/wp-json\/wp\/v2\/product\/1924","targetHints":{"allow":["GET"]}}],"collection":[{"href":"https:\/\/ferligs.com\/fi\/wp-json\/wp\/v2\/product"}],"about":[{"href":"https:\/\/ferligs.com\/fi\/wp-json\/wp\/v2\/types\/product"}],"wp:featuredmedia":[{"embeddable":true,"href":"https:\/\/ferligs.com\/fi\/wp-json\/wp\/v2\/media\/1932"}],"wp:attachment":[{"href":"https:\/\/ferligs.com\/fi\/wp-json\/wp\/v2\/media?parent=1924"}],"wp:term":[{"taxonomy":"product_brand","embeddable":true,"href":"https:\/\/ferligs.com\/fi\/wp-json\/wp\/v2\/product_brand?post=1924"},{"taxonomy":"product_cat","embeddable":true,"href":"https:\/\/ferligs.com\/fi\/wp-json\/wp\/v2\/product_cat?post=1924"},{"taxonomy":"product_tag","embeddable":true,"href":"https:\/\/ferligs.com\/fi\/wp-json\/wp\/v2\/product_tag?post=1924"}],"curies":[{"name":"wp","href":"https:\/\/api.w.org\/{rel}","templated":true}]}}