{"id":1858,"date":"2025-02-24T19:32:34","date_gmt":"2025-02-24T17:32:34","guid":{"rendered":"https:\/\/ferligs.com\/?post_type=product&#038;p=1858"},"modified":"2026-03-05T16:13:09","modified_gmt":"2026-03-05T14:13:09","slug":"roja","status":"publish","type":"product","link":"https:\/\/ferligs.com\/fi\/product\/roja\/","title":{"rendered":"ROJA \u2013 P\u00f6yd\u00e4n jalkapari"},"content":{"rendered":"<p>ROJA on tyylik\u00e4s metallinen p\u00f6yd\u00e4njalka, t\u00e4ydellinen moderneihin, klassisiin tai teollisiin sisustuksiin. Sen siisti muoto luo vakaan ja elegantin pohjan ruokap\u00f6ydille, ty\u00f6p\u00f6ydille tai ty\u00f6tiloille. Minimalistinen rakenne tekee jalasta monipuolisen kotiin tai toimistoon.<\/p>\n<p>Valmistettu kest\u00e4v\u00e4st\u00e4 ter\u00e4sputkesta (80\u00d720 mm), ROJA tarjoaa erinomaisen vakauden ja pitk\u00e4n k\u00e4ytt\u00f6i\u00e4n. Paketti sis\u00e4lt\u00e4\u00e4 kaksi jalkaa, jotka takaavat vakaan ja turvallisen tuen p\u00f6yt\u00e4levylle.<\/p>\n<p>Kaikki yksityiskohdat on pulverimaalattu tasaiseksi ja kest\u00e4v\u00e4ksi pinnaksi. Maalaus suojaa metallia naarmuilta, korroosiolta ja p\u00e4ivitt\u00e4iselt\u00e4 kulumiselta, varmistaen ett\u00e4 jalka s\u00e4ilytt\u00e4\u00e4 tyylikk\u00e4\u00e4n ulkon\u00e4\u00f6n vuosia.<\/p>\n<p>Vakiojalusta sis\u00e4lt\u00e4\u00e4 5 mm asennusrei\u00e4t ja s\u00e4\u00e4dett\u00e4v\u00e4t jalat ep\u00e4tasaisille pinnoille. Leveys (60 \/ 70 \/ 80 cm) ja korkeus (~71 cm + s\u00e4\u00e4dett\u00e4v\u00e4t jalat) voidaan r\u00e4\u00e4t\u00e4l\u00f6id\u00e4 pyynn\u00f6st\u00e4. ROJA voidaan my\u00f6s t\u00e4ysin personoida asiakkaan toiveiden mukaan, mukaan lukien v\u00e4ri, mitat ja asennusvaihtoehdot. Hinta koskee vain jalustaa \u2014 p\u00f6yt\u00e4levy ei sis\u00e4lly.<\/p>","protected":false},"excerpt":{"rendered":"<p>ROJA on elegantti metallinen p\u00f6yd\u00e4njalka, joka sopii kaikkiin sisustuksiin. Valmistettu korkealaatuisesta ter\u00e4sputkesta (80\u00d720 mm) kest\u00e4v\u00e4ksi pulverimaalatuksi pinnaksi, tarjoten pitk\u00e4n aikav\u00e4lin vakautta ja kest\u00e4vyytt\u00e4. Mukana kaksi jalkaa, helppo asennus ja s\u00e4\u00e4dett\u00e4v\u00e4 korkeus ja leveys.<\/p>","protected":false},"featured_media":1860,"template":"","meta":{"jetpack_publicize_message":"","jetpack_publicize_feature_enabled":true,"jetpack_social_post_already_shared":false,"jetpack_social_options":{"image_generator_settings":{"template":"highway","default_image_id":0,"font":"","enabled":false},"version":2}},"product_brand":[578],"product_cat":[113],"product_tag":[699],"class_list":{"0":"post-1858","1":"product","2":"type-product","3":"status-publish","4":"has-post-thumbnail","6":"product_brand-ferligs","7":"product_cat-table-legs","8":"product_tag-u-shaped-table-legs","9":"product_shipping_class-tables-legs","11":"first","12":"instock","13":"sale","14":"taxable","15":"shipping-taxable","16":"purchasable","17":"product-type-variable","18":"has-default-attributes"},"featured_image_urls_v2":{"full":["https:\/\/ferligs.com\/wp-content\/uploads\/2025\/02\/0375-Webp-1640x1360-1.webp",1640,1360,false],"thumbnail":["https:\/\/ferligs.com\/wp-content\/uploads\/2025\/02\/0375-Webp-1640x1360-1-150x150.webp",150,150,true],"medium":["https:\/\/ferligs.com\/wp-content\/uploads\/2025\/02\/0375-Webp-1640x1360-1-300x249.webp",300,249,true],"medium_large":["https:\/\/ferligs.com\/wp-content\/uploads\/2025\/02\/0375-Webp-1640x1360-1-768x637.webp",768,637,true],"large":["https:\/\/ferligs.com\/wp-content\/uploads\/2025\/02\/0375-Webp-1640x1360-1-1024x849.webp",1024,849,true],"1536x1536":["https:\/\/ferligs.com\/wp-content\/uploads\/2025\/02\/0375-Webp-1640x1360-1-1536x1274.webp",1536,1274,true],"2048x2048":["https:\/\/ferligs.com\/wp-content\/uploads\/2025\/02\/0375-Webp-1640x1360-1.webp",1640,1360,false],"trp-custom-language-flag":["https:\/\/ferligs.com\/wp-content\/uploads\/2025\/02\/0375-Webp-1640x1360-1-14x12.webp",14,12,true],"woocommerce_archive_thumbnail":["https:\/\/ferligs.com\/wp-content\/uploads\/2025\/02\/0375-Webp-1640x1360-1-300x249.webp",300,249,true],"woocommerce_thumbnail":["https:\/\/ferligs.com\/wp-content\/uploads\/2025\/02\/0375-Webp-1640x1360-1-300x249.webp",300,249,true],"woocommerce_single":["https:\/\/ferligs.com\/wp-content\/uploads\/2025\/02\/0375-Webp-1640x1360-1-600x498.webp",600,498,true],"woocommerce_gallery_thumbnail":["https:\/\/ferligs.com\/wp-content\/uploads\/2025\/02\/0375-Webp-1640x1360-1-100x100.webp",100,100,true]},"post_excerpt_stackable_v2":"<p>ROJA is an elegant metal table base designed to complement any interior. Made from high-quality steel tube (80\u00d720 mm) and finished with durable powder coating, it offers long-lasting strength and stability. The set includes two legs, with easy mounting and customizable height and width to fit your table project.<\/p>\n","category_list_v2":"","author_info_v2":{"name":"","url":""},"comments_num_v2":"0 comments","jetpack_publicize_connections":[],"jetpack_sharing_enabled":true,"_links":{"self":[{"href":"https:\/\/ferligs.com\/fi\/wp-json\/wp\/v2\/product\/1858","targetHints":{"allow":["GET"]}}],"collection":[{"href":"https:\/\/ferligs.com\/fi\/wp-json\/wp\/v2\/product"}],"about":[{"href":"https:\/\/ferligs.com\/fi\/wp-json\/wp\/v2\/types\/product"}],"wp:featuredmedia":[{"embeddable":true,"href":"https:\/\/ferligs.com\/fi\/wp-json\/wp\/v2\/media\/1860"}],"wp:attachment":[{"href":"https:\/\/ferligs.com\/fi\/wp-json\/wp\/v2\/media?parent=1858"}],"wp:term":[{"taxonomy":"product_brand","embeddable":true,"href":"https:\/\/ferligs.com\/fi\/wp-json\/wp\/v2\/product_brand?post=1858"},{"taxonomy":"product_cat","embeddable":true,"href":"https:\/\/ferligs.com\/fi\/wp-json\/wp\/v2\/product_cat?post=1858"},{"taxonomy":"product_tag","embeddable":true,"href":"https:\/\/ferligs.com\/fi\/wp-json\/wp\/v2\/product_tag?post=1858"}],"curies":[{"name":"wp","href":"https:\/\/api.w.org\/{rel}","templated":true}]}}