{"id":1792,"date":"2024-09-01T22:06:38","date_gmt":"2024-09-01T19:06:38","guid":{"rendered":"https:\/\/ferligs.com\/?post_type=product&#038;p=1792"},"modified":"2026-03-03T09:09:31","modified_gmt":"2026-03-03T07:09:31","slug":"priedaine-firewood-rack","status":"publish","type":"product","link":"https:\/\/ferligs.com\/fi\/product\/priedaine-firewood-rack\/","title":{"rendered":"PRIEDAINE \u2013 Sis\u00e4k\u00e4ytt\u00f6\u00f6n tarkoitettu polttopuuteline"},"content":{"rendered":"<p>Priedaine polttopuun s\u00e4ilytysteline on tyylik\u00e4s ja k\u00e4yt\u00e4nn\u00f6llinen sis\u00e4k\u00e4ytt\u00f6\u00f6n tarkoitettu polttopuuteline, suunniteltu pit\u00e4m\u00e4\u00e4n polttopuut j\u00e4rjestyksess\u00e4, turvallisesti ja helposti saatavilla. T\u00e4ydellinen moderneihin koteihin, m\u00f6kkeihin ja takkoihin, se yhdist\u00e4\u00e4 kest\u00e4vyyden, toimivuuden ja minimalistisen muotoilun kompaktissa koossa.<\/p>\n<p>Teline on valmistettu vahvasta neli\u00f6ter\u00e4ksest\u00e4 (2,5 \u00d7 2,5 cm), mik\u00e4 tekee siit\u00e4 kest\u00e4v\u00e4n. Vankka runko est\u00e4\u00e4 kaatumisen, pit\u00e4\u00e4 painavat polttopuut turvallisesti ja takaa pitk\u00e4aikaisen vakauden my\u00f6s usein k\u00e4ytettyn\u00e4.<\/p>\n<p>Pinta on k\u00e4sitelty korkealaatuisella pulverimaalilla, joka suojaa ter\u00e4st\u00e4 ruosteelta, naarmuilta ja kosteudelta. T\u00e4m\u00e4 tekee telineest\u00e4 ihanteellisen sis\u00e4k\u00e4ytt\u00f6\u00f6n, ja matta musta viimeistely sopii moderneihin, skandinaavisiin, teollisiin ja rustiikkisiin sisustuksiin.<\/p>\n<p>Pienest\u00e4 koostaan huolimatta Priedaine voi s\u00e4ilytt\u00e4\u00e4 runsaasti polttopuuta p\u00e4ivitt\u00e4iseen k\u00e4ytt\u00f6\u00f6n, pit\u00e4en takka-alueen siistin\u00e4 ja j\u00e4rjestyksess\u00e4. Avoin muotoilu mahdollistaa ilman kierron puiden ymp\u00e4rill\u00e4, pit\u00e4en ne kuivina ja k\u00e4ytt\u00f6valmiina.<\/p>\n<p>T\u00e4m\u00e4 sis\u00e4k\u00e4ytt\u00f6\u00f6n tarkoitettu polttopuuteline on ihanteellinen olohuoneisiin, takkojen viereen, m\u00f6kkeihin tai ty\u00f6tiloihin. Tyylik\u00e4s muotoilu tekee polttopuusta osan sisustusta, lis\u00e4ten l\u00e4mp\u00f6\u00e4 ja kodikkuutta.<\/p>\n<p>Tuote toimitetaan t\u00e4ysin koottuna ja k\u00e4ytt\u00f6valmiina. V\u00e4h\u00e4inen huolto \u2013 pyyhi vain kuivalla tai hieman kostealla liinalla tarpeen mukaan.<\/p>\n<p>Mitat: 40 \u00d7 50 \u00d7 25 cm (K \u00d7 L \u00d7 S)<\/p>","protected":false},"excerpt":{"rendered":"<p>Priedaine polttopuun s\u00e4ilytysteline on kompakti sis\u00e4k\u00e4ytt\u00f6\u00f6n tarkoitettu polttopuuteline vahvasta ter\u00e4ksest\u00e4. Pid\u00e4 puut j\u00e4rjestyksess\u00e4, puhtaina ja helposti saatavilla. Pulverimaalattu kest\u00e4vyyden lis\u00e4\u00e4miseksi. Toimitetaan t\u00e4ysin koottuna.<\/p>","protected":false},"featured_media":1796,"template":"","meta":{"jetpack_publicize_message":"","jetpack_publicize_feature_enabled":true,"jetpack_social_post_already_shared":false,"jetpack_social_options":{"image_generator_settings":{"template":"highway","default_image_id":0,"font":"","enabled":false},"version":2}},"product_brand":[578],"product_cat":[112],"product_tag":[],"class_list":{"0":"post-1792","1":"product","2":"type-product","3":"status-publish","4":"has-post-thumbnail","6":"product_brand-ferligs","7":"product_cat-firewood","8":"product_shipping_class-racks","10":"first","11":"instock","12":"taxable","13":"shipping-taxable","14":"purchasable","15":"product-type-variable","16":"has-default-attributes"},"featured_image_urls_v2":{"full":["https:\/\/ferligs.com\/wp-content\/uploads\/2024\/09\/IMG_0827-Webp1640x1360.webp",1640,1360,false],"thumbnail":["https:\/\/ferligs.com\/wp-content\/uploads\/2024\/09\/IMG_0827-Webp1640x1360-150x150.webp",150,150,true],"medium":["https:\/\/ferligs.com\/wp-content\/uploads\/2024\/09\/IMG_0827-Webp1640x1360-300x249.webp",300,249,true],"medium_large":["https:\/\/ferligs.com\/wp-content\/uploads\/2024\/09\/IMG_0827-Webp1640x1360-768x637.webp",768,637,true],"large":["https:\/\/ferligs.com\/wp-content\/uploads\/2024\/09\/IMG_0827-Webp1640x1360-1024x849.webp",1024,849,true],"1536x1536":["https:\/\/ferligs.com\/wp-content\/uploads\/2024\/09\/IMG_0827-Webp1640x1360-1536x1274.webp",1536,1274,true],"2048x2048":["https:\/\/ferligs.com\/wp-content\/uploads\/2024\/09\/IMG_0827-Webp1640x1360.webp",1640,1360,false],"trp-custom-language-flag":["https:\/\/ferligs.com\/wp-content\/uploads\/2024\/09\/IMG_0827-Webp1640x1360.webp",14,12,false],"woocommerce_archive_thumbnail":["https:\/\/ferligs.com\/wp-content\/uploads\/2024\/09\/IMG_0827-Webp1640x1360-300x249.webp",300,249,true],"woocommerce_thumbnail":["https:\/\/ferligs.com\/wp-content\/uploads\/2024\/09\/IMG_0827-Webp1640x1360-300x249.webp",300,249,true],"woocommerce_single":["https:\/\/ferligs.com\/wp-content\/uploads\/2024\/09\/IMG_0827-Webp1640x1360-600x498.webp",600,498,true],"woocommerce_gallery_thumbnail":["https:\/\/ferligs.com\/wp-content\/uploads\/2024\/09\/IMG_0827-Webp1640x1360-100x100.webp",100,100,true]},"post_excerpt_stackable_v2":"<p>Priedaine Firewood Rack is a compact indoor firewood rack made of strong steel. It keeps firewood organized, clean, and easy to access. Powder-coated for durability. Delivered fully assembled.<\/p>\n","category_list_v2":"","author_info_v2":{"name":"","url":""},"comments_num_v2":"0 comments","jetpack_publicize_connections":[],"jetpack_sharing_enabled":true,"_links":{"self":[{"href":"https:\/\/ferligs.com\/fi\/wp-json\/wp\/v2\/product\/1792","targetHints":{"allow":["GET"]}}],"collection":[{"href":"https:\/\/ferligs.com\/fi\/wp-json\/wp\/v2\/product"}],"about":[{"href":"https:\/\/ferligs.com\/fi\/wp-json\/wp\/v2\/types\/product"}],"wp:featuredmedia":[{"embeddable":true,"href":"https:\/\/ferligs.com\/fi\/wp-json\/wp\/v2\/media\/1796"}],"wp:attachment":[{"href":"https:\/\/ferligs.com\/fi\/wp-json\/wp\/v2\/media?parent=1792"}],"wp:term":[{"taxonomy":"product_brand","embeddable":true,"href":"https:\/\/ferligs.com\/fi\/wp-json\/wp\/v2\/product_brand?post=1792"},{"taxonomy":"product_cat","embeddable":true,"href":"https:\/\/ferligs.com\/fi\/wp-json\/wp\/v2\/product_cat?post=1792"},{"taxonomy":"product_tag","embeddable":true,"href":"https:\/\/ferligs.com\/fi\/wp-json\/wp\/v2\/product_tag?post=1792"}],"curies":[{"name":"wp","href":"https:\/\/api.w.org\/{rel}","templated":true}]}}