{"id":1780,"date":"2024-09-01T21:47:32","date_gmt":"2024-09-01T18:47:32","guid":{"rendered":"https:\/\/ferligs.com\/?post_type=product&#038;p=1780"},"modified":"2026-03-03T09:09:32","modified_gmt":"2026-03-03T07:09:32","slug":"tervete-firewood-rack","status":"publish","type":"product","link":"https:\/\/ferligs.com\/fi\/product\/tervete-firewood-rack\/","title":{"rendered":"TERVETE \u2013 Polttopuuteline"},"content":{"rendered":"<p>K\u00e4sity\u00f6n\u00e4 valmistettu laatu ja moderni muotoilu Tervete-polttopuuteline on k\u00e4sity\u00f6n\u00e4 valmistettu mestariteos, joka on suunniteltu niille, jotka arvostavat sek\u00e4 tyyli\u00e4 ett\u00e4 kest\u00e4vyytt\u00e4. Jokainen osa on hitsattu k\u00e4sin korkealaatuisesta 2,5 \u00d7 2,5 cm:n ter\u00e4sputkesta ja viimeistelty korkealaatuisella jauhemaalilla, joka muodostaa kest\u00e4v\u00e4n suojan ruostetta ja kulumista vastaan. Koska se on k\u00e4sintehty, saat rakenteellisen eheyden ja yksityiskohtiin kiinnitetyn huomion, jota massatuotetut vaihtoehdot eiv\u00e4t yksinkertaisesti voi tarjota. Sen minimalistinen arkkitehtoninen runko sulautuu saumattomasti mihin tahansa sisustukseen tai ulkotilaan.<\/p>\n<p>Kompakti s\u00e4ilytysratkaisu, k\u00e4ytt\u00f6valmis Tyylikk\u00e4\u00e4st\u00e4 ulkon\u00e4\u00f6st\u00e4\u00e4n huolimatta Tervete on suunniteltu raskaaseen k\u00e4ytt\u00f6\u00f6n. Sen leveys on 100 cm ja syvyys 25 cm, joten se pit\u00e4\u00e4 polttopuut j\u00e4rjestyksess\u00e4 ilman, ett\u00e4 se vie liikaa lattiatilaa. Teline on suunniteltu mahdollisimman k\u00e4tev\u00e4ksi: se toimitetaan t\u00e4ysin koottuna ja k\u00e4ytt\u00f6valmiina, eik\u00e4 sen asentamiseen tarvita ty\u00f6kaluja tai monimutkaisia ohjeita. Sijoitettuna sis\u00e4isen takan tai puutarhan tulisijan viereen, sen vakaa rakenne ja s\u00e4\u00e4nkest\u00e4v\u00e4 pinta varmistavat, ett\u00e4 se pysyy toiminnallisena osana kotisi sisustusta vuosien ajan.<\/p>\n<p>Tekniset tiedot: T\u00e4m\u00e4 k\u00e4sintehty polttopuuteline on varustettu tukevalla, k\u00e4sin hitsatulla 2,5 \u00d7 2,5 cm:n ter\u00e4sputkikehyksell\u00e4, joka on korroosionkest\u00e4v\u00e4 jauhemaalattu pinta takaa elinik\u00e4isen kest\u00e4vyyden. Mitat ovat 40 cm korkeus, 100 cm leveys ja 25 cm syvyys, joten se tarjoaa runsaasti s\u00e4ilytystilaa kompaktissa muodossa. Ylpe\u00e4sti k\u00e4sintehty ja ilman kokoonpanoa, Tervete on k\u00e4ytt\u00f6valmis heti pakkauksesta otettuna.<\/p>","protected":false},"excerpt":{"rendered":"<p>Tervete-polttopuuteline: k\u00e4sintehty\u00e4 teollista minimalismia. T\u00e4m\u00e4 tyylik\u00e4s, matalaprofiilinen teline muuttaa polttopuut design-elementiksi. K\u00e4sintehty, kest\u00e4vist\u00e4 jauhemaalatuista ter\u00e4ksest\u00e4 valmistettu Tervete on kompakti, mutta tilava. Se on t\u00e4ydellinen k\u00e4sity\u00f6n\u00e4 tehty lis\u00e4 moderniin takkaan, olipa se sitten olohuoneessa tai terassilla.<\/p>","protected":false},"featured_media":1783,"template":"","meta":{"jetpack_publicize_message":"","jetpack_publicize_feature_enabled":true,"jetpack_social_post_already_shared":false,"jetpack_social_options":{"image_generator_settings":{"template":"highway","default_image_id":0,"font":"","enabled":false},"version":2}},"product_brand":[578],"product_cat":[112],"product_tag":[],"class_list":{"0":"post-1780","1":"product","2":"type-product","3":"status-publish","4":"has-post-thumbnail","6":"product_brand-ferligs","7":"product_cat-firewood","8":"product_shipping_class-racks","10":"first","11":"instock","12":"sale","13":"taxable","14":"shipping-taxable","15":"purchasable","16":"product-type-variable","17":"has-default-attributes"},"featured_image_urls_v2":{"full":["https:\/\/ferligs.com\/wp-content\/uploads\/2024\/09\/IMG_0843-Webp1640x1360.webp",1640,1360,false],"thumbnail":["https:\/\/ferligs.com\/wp-content\/uploads\/2024\/09\/IMG_0843-Webp1640x1360-150x150.webp",150,150,true],"medium":["https:\/\/ferligs.com\/wp-content\/uploads\/2024\/09\/IMG_0843-Webp1640x1360-300x249.webp",300,249,true],"medium_large":["https:\/\/ferligs.com\/wp-content\/uploads\/2024\/09\/IMG_0843-Webp1640x1360-768x637.webp",768,637,true],"large":["https:\/\/ferligs.com\/wp-content\/uploads\/2024\/09\/IMG_0843-Webp1640x1360-1024x849.webp",1024,849,true],"1536x1536":["https:\/\/ferligs.com\/wp-content\/uploads\/2024\/09\/IMG_0843-Webp1640x1360-1536x1274.webp",1536,1274,true],"2048x2048":["https:\/\/ferligs.com\/wp-content\/uploads\/2024\/09\/IMG_0843-Webp1640x1360.webp",1640,1360,false],"trp-custom-language-flag":["https:\/\/ferligs.com\/wp-content\/uploads\/2024\/09\/IMG_0843-Webp1640x1360.webp",14,12,false],"woocommerce_archive_thumbnail":["https:\/\/ferligs.com\/wp-content\/uploads\/2024\/09\/IMG_0843-Webp1640x1360-300x249.webp",300,249,true],"woocommerce_thumbnail":["https:\/\/ferligs.com\/wp-content\/uploads\/2024\/09\/IMG_0843-Webp1640x1360-300x249.webp",300,249,true],"woocommerce_single":["https:\/\/ferligs.com\/wp-content\/uploads\/2024\/09\/IMG_0843-Webp1640x1360-600x498.webp",600,498,true],"woocommerce_gallery_thumbnail":["https:\/\/ferligs.com\/wp-content\/uploads\/2024\/09\/IMG_0843-Webp1640x1360-100x100.webp",100,100,true]},"post_excerpt_stackable_v2":"<p>The Tervete Firewood Rack: Handcrafted Industrial Minimalism. This sleek, low-profile rack turns your firewood into a design feature. Hand-built from heavy-duty, powder-coated steel, the Tervete offers a compact footprint without sacrificing capacity. It is the perfect artisanal touch for a modern hearth, whether located in your living room or on the patio.<\/p>\n","category_list_v2":"","author_info_v2":{"name":"","url":""},"comments_num_v2":"0 comments","jetpack_publicize_connections":[],"jetpack_sharing_enabled":true,"_links":{"self":[{"href":"https:\/\/ferligs.com\/fi\/wp-json\/wp\/v2\/product\/1780","targetHints":{"allow":["GET"]}}],"collection":[{"href":"https:\/\/ferligs.com\/fi\/wp-json\/wp\/v2\/product"}],"about":[{"href":"https:\/\/ferligs.com\/fi\/wp-json\/wp\/v2\/types\/product"}],"wp:featuredmedia":[{"embeddable":true,"href":"https:\/\/ferligs.com\/fi\/wp-json\/wp\/v2\/media\/1783"}],"wp:attachment":[{"href":"https:\/\/ferligs.com\/fi\/wp-json\/wp\/v2\/media?parent=1780"}],"wp:term":[{"taxonomy":"product_brand","embeddable":true,"href":"https:\/\/ferligs.com\/fi\/wp-json\/wp\/v2\/product_brand?post=1780"},{"taxonomy":"product_cat","embeddable":true,"href":"https:\/\/ferligs.com\/fi\/wp-json\/wp\/v2\/product_cat?post=1780"},{"taxonomy":"product_tag","embeddable":true,"href":"https:\/\/ferligs.com\/fi\/wp-json\/wp\/v2\/product_tag?post=1780"}],"curies":[{"name":"wp","href":"https:\/\/api.w.org\/{rel}","templated":true}]}}