{"id":1581,"date":"2023-07-24T19:03:53","date_gmt":"2023-07-24T16:03:53","guid":{"rendered":"https:\/\/ferligs.com\/?post_type=product&#038;p=1581"},"modified":"2026-03-03T09:09:34","modified_gmt":"2026-03-03T07:09:34","slug":"dunika-firewood-rack","status":"publish","type":"product","link":"https:\/\/ferligs.com\/fi\/product\/dunika-firewood-rack\/","title":{"rendered":"DUNIKA \u2013 Polttopuuteline"},"content":{"rendered":"<p>Moderni muotoilu ja kest\u00e4vyys Dunika-pystysuora polttopuuteline on tyylin ja toiminnallisuuden t\u00e4ydellinen yhdistelm\u00e4. Sen hoikka ja korkea profiili on suunniteltu erityisesti niille, jotka haluavat s\u00e4\u00e4st\u00e4\u00e4 lattiatilaa ja pit\u00e4\u00e4 samalla huomattavan m\u00e4\u00e4r\u00e4n polttopuita k\u00e4den ulottuvilla.<\/p>\n<p>T\u00e4m\u00e4 teline on hitsattu korkealaatuisesta 2,5 \u00d7 2,5 cm:n neli\u00f6m\u00e4isest\u00e4 ter\u00e4sputkesta, ja se on rakennettu vakauden takaamiseksi. Ammattimainen jauhemaalattu pinta tarjoaa ylim\u00e4\u00e4r\u00e4isen suojakerroksen.<\/p>\n<p>Monipuolinen k\u00e4ytt\u00f6 Dunika-teline s\u00e4ilytt\u00e4\u00e4 tyylikk\u00e4\u00e4n ulkon\u00e4k\u00f6ns\u00e4 riippumatta siit\u00e4, sijoitatko sen moderniin olohuoneeseen vai ulkoterassille. Pystysuora rakenne varmistaa, ett\u00e4 puut pysyv\u00e4t kuivina, j\u00e4rjestyksess\u00e4 ja valmiina tulentekoon.<\/p>","protected":false},"excerpt":{"rendered":"<p>Tyylik\u00e4s, tilaa s\u00e4\u00e4st\u00e4v\u00e4 pystysuora teline, joka on suunniteltu pit\u00e4m\u00e4\u00e4n polttopuut siististi j\u00e4rjestyksess\u00e4. Valmistettu 2,5 \u00d7 2,5 cm:n ter\u00e4ksest\u00e4, jossa on korkealaatuinen jauhemaalattu pinta, se lis\u00e4\u00e4 modernia koristeellisuutta mihin tahansa takkaan.<\/p>","protected":false},"featured_media":1593,"template":"","meta":{"jetpack_publicize_message":"","jetpack_publicize_feature_enabled":true,"jetpack_social_post_already_shared":true,"jetpack_social_options":{"image_generator_settings":{"template":"highway","default_image_id":0,"font":"","enabled":false},"version":2}},"product_brand":[578],"product_cat":[112],"product_tag":[],"class_list":{"0":"post-1581","1":"product","2":"type-product","3":"status-publish","4":"has-post-thumbnail","6":"product_brand-ferligs","7":"product_cat-firewood","8":"product_shipping_class-racks","10":"first","11":"instock","12":"sale","13":"taxable","14":"shipping-taxable","15":"purchasable","16":"product-type-variable","17":"has-default-attributes"},"featured_image_urls_v2":{"full":["https:\/\/ferligs.com\/wp-content\/uploads\/2023\/07\/RACK1_6.jpg",820,680,false],"thumbnail":["https:\/\/ferligs.com\/wp-content\/uploads\/2023\/07\/RACK1_6.jpg",150,124,false],"medium":["https:\/\/ferligs.com\/wp-content\/uploads\/2023\/07\/RACK1_6.jpg",300,249,false],"medium_large":["https:\/\/ferligs.com\/wp-content\/uploads\/2023\/07\/RACK1_6.jpg",768,637,false],"large":["https:\/\/ferligs.com\/wp-content\/uploads\/2023\/07\/RACK1_6.jpg",820,680,false],"1536x1536":["https:\/\/ferligs.com\/wp-content\/uploads\/2023\/07\/RACK1_6.jpg",820,680,false],"2048x2048":["https:\/\/ferligs.com\/wp-content\/uploads\/2023\/07\/RACK1_6.jpg",820,680,false],"trp-custom-language-flag":["https:\/\/ferligs.com\/wp-content\/uploads\/2023\/07\/RACK1_6.jpg",14,12,false],"woocommerce_archive_thumbnail":["https:\/\/ferligs.com\/wp-content\/uploads\/2023\/07\/RACK1_6-300x249.jpg",300,249,true],"woocommerce_thumbnail":["https:\/\/ferligs.com\/wp-content\/uploads\/2023\/07\/RACK1_6.jpg",300,249,false],"woocommerce_single":["https:\/\/ferligs.com\/wp-content\/uploads\/2023\/07\/RACK1_6.jpg",600,498,false],"woocommerce_gallery_thumbnail":["https:\/\/ferligs.com\/wp-content\/uploads\/2023\/07\/RACK1_6-100x100.jpg",100,100,true]},"post_excerpt_stackable_v2":"<p>A sleek, space-saving vertical stand designed to keep your logs neatly organized. Crafted from 2.5&#215;2.5cm steel with a premium powder-coated finish, it adds a modern decorative touch to any fireplace.<\/p>\n","category_list_v2":"","author_info_v2":{"name":"","url":""},"comments_num_v2":"0 comments","jetpack_publicize_connections":[],"jetpack_sharing_enabled":true,"_links":{"self":[{"href":"https:\/\/ferligs.com\/fi\/wp-json\/wp\/v2\/product\/1581","targetHints":{"allow":["GET"]}}],"collection":[{"href":"https:\/\/ferligs.com\/fi\/wp-json\/wp\/v2\/product"}],"about":[{"href":"https:\/\/ferligs.com\/fi\/wp-json\/wp\/v2\/types\/product"}],"wp:featuredmedia":[{"embeddable":true,"href":"https:\/\/ferligs.com\/fi\/wp-json\/wp\/v2\/media\/1593"}],"wp:attachment":[{"href":"https:\/\/ferligs.com\/fi\/wp-json\/wp\/v2\/media?parent=1581"}],"wp:term":[{"taxonomy":"product_brand","embeddable":true,"href":"https:\/\/ferligs.com\/fi\/wp-json\/wp\/v2\/product_brand?post=1581"},{"taxonomy":"product_cat","embeddable":true,"href":"https:\/\/ferligs.com\/fi\/wp-json\/wp\/v2\/product_cat?post=1581"},{"taxonomy":"product_tag","embeddable":true,"href":"https:\/\/ferligs.com\/fi\/wp-json\/wp\/v2\/product_tag?post=1581"}],"curies":[{"name":"wp","href":"https:\/\/api.w.org\/{rel}","templated":true}]}}