{"id":1575,"date":"2023-07-24T18:42:35","date_gmt":"2023-07-24T15:42:35","guid":{"rendered":"https:\/\/ferligs.com\/?post_type=product&#038;p=1575"},"modified":"2026-03-05T18:44:30","modified_gmt":"2026-03-05T16:44:30","slug":"ludza","status":"publish","type":"product","link":"https:\/\/ferligs.com\/fi\/product\/ludza\/","title":{"rendered":"LUDZA \u2013 Ruokap\u00f6yd\u00e4n jalat"},"content":{"rendered":"<p>Ludza-metallip\u00f6yd\u00e4n jalusta erottuu ainutlaatuisella t\u00e4htim\u00e4isell\u00e4 muotoilullaan, jossa riste\u00e4v\u00e4t ter\u00e4sputket luovat visuaalisesti vaikuttavan ja tyylikk\u00e4\u00e4n siluetin, joka sopii t\u00e4ydellisesti py\u00f6reille p\u00f6yt\u00e4levyille. T\u00e4m\u00e4 hienostunut rakenne parantaa huonekalujen esteettist\u00e4 vetovoimaa ja lis\u00e4\u00e4 niiden toiminnallisuutta tarjoamalla k\u00e4ytt\u00e4jille runsaasti jalkatilaa. Se sopii erinomaisesti sek\u00e4 asuin- ett\u00e4 liiketiloihin ja muuttaa tavalliset p\u00f6yd\u00e4t tyylikk\u00e4iksi kalusteiksi, joissa muoto ja k\u00e4yt\u00e4nn\u00f6llisyys yhdistyv\u00e4t saumattomasti.<\/p>\n<p>Ludza-jalusta on valmistettu korkealaatuisista 5 x 2 cm:n ter\u00e4sputkista, mik\u00e4 takaa poikkeuksellisen lujuuden ja kest\u00e4vyyden. Se kest\u00e4\u00e4 jopa 150 kg:n kuormituksen ilman kompromisseja. Oletuksena jauhemaalattu pinta kest\u00e4\u00e4 naarmuja, korroosiota ja haalistumista, joten se s\u00e4ilytt\u00e4\u00e4 alkuper\u00e4isen ulkon\u00e4k\u00f6ns\u00e4 vuosien k\u00e4yt\u00f6n j\u00e4lkeenkin. Teollisemman ilmeen yst\u00e4ville on saatavana my\u00f6s raakater\u00e4sversio, jonka avulla jalusta sopii vaivattomasti sisustukseesi.<\/p>\n<p>Asennus on helppoa ja k\u00e4ytt\u00e4j\u00e4yst\u00e4v\u00e4llist\u00e4, sill\u00e4 jalusta toimitetaan koottuna kuljetusvaurioiden v\u00e4ltt\u00e4miseksi, ja mukana toimitetaan kaikki tarvittavat osat sek\u00e4 selke\u00e4t vaiheittaiset ohjeet. Esiporatut 5 mm:n kiinnitysrei\u00e4t helpottavat valitsemasi p\u00f6yt\u00e4levyn kiinnitt\u00e4mist\u00e4 nopeasti ja turvallisesti, mutta tilauksen yhteydess\u00e4 voi my\u00f6s m\u00e4\u00e4ritt\u00e4\u00e4 omat reik\u00e4kokoja. T\u00e4m\u00e4n vaivattoman prosessin ansiosta voit nauttia r\u00e4\u00e4t\u00e4l\u00f6idyst\u00e4 p\u00f6yd\u00e4st\u00e4si hetkess\u00e4 ilman ammattilaisen ty\u00f6kaluja tai asiantuntemusta.<\/p>\n<p>Ludza-Malli voidaan mukauttaa t\u00e4ysin tarpeisiisi. Sit\u00e4 on saatavana eri korkeuksina (vakio \u2014 71 cm), leveyksin\u00e4 (70\/80 cm), pituuksina (70\/80 cm), eri v\u00e4reiss\u00e4, mukaan lukien tummanharmaa, vaaleanharmaa, valkoinen ja muut, sek\u00e4 erilaisilla viimeistelyill\u00e4. Lis\u00e4materiaalit, kuten ter\u00e4slaipat, tekev\u00e4t rakenteesta entist\u00e4 kest\u00e4v\u00e4mm\u00e4n, ja ty\u00f6tason puuttuminen mahdollistaa tyyliisi sopivan valinnan. T\u00e4m\u00e4 monipuolinen koju sopii niin viihtyisiin illallisiin kuin suuriinkin tapahtumiin. Se mukautuu eri kokoihin ja mieltymyksiin varmistaen luotettavuuden ja tyylikkyyden kaikissa yksityiskohdissa.<\/p>","protected":false},"excerpt":{"rendered":"<p>Ludza met\u0101la galda pamatne ir izsmalcin\u0101ts pamats apa\u013ciem galdiem, kas izgatavots no augst\u0101k\u0101s kvalit\u0101tes t\u0113rauda ar zvaigznes formas elementiem un eleganti krustojo\u0161\u0101m l\u012bnij\u0101m, kas jebkurai telpai pie\u0161\u0137ir modernu m\u0101kslinieciskumu. T\u0101s atv\u0113rt\u0101 strukt\u016bra nodro\u0161ina pla\u0161u k\u0101ju telpu, lai s\u0113\u017eot pie galda b\u016btu \u0113rti, savuk\u0101rt iztur\u012bg\u0101 konstrukcija iztur l\u012bdz 150 kg, nodro\u0161inot stabilit\u0101ti un iztur\u012bbu. <\/p>","protected":false},"featured_media":1576,"template":"","meta":{"jetpack_publicize_message":"","jetpack_publicize_feature_enabled":true,"jetpack_social_post_already_shared":true,"jetpack_social_options":{"image_generator_settings":{"template":"highway","default_image_id":0,"font":"","enabled":false},"version":2}},"product_brand":[578],"product_cat":[113],"product_tag":[704],"class_list":{"0":"post-1575","1":"product","2":"type-product","3":"status-publish","4":"has-post-thumbnail","6":"product_brand-ferligs","7":"product_cat-table-legs","8":"product_tag-table-bases","9":"product_shipping_class-tables-legs","11":"first","12":"instock","13":"sale","14":"taxable","15":"shipping-taxable","16":"purchasable","17":"product-type-variable","18":"has-default-attributes"},"featured_image_urls_v2":{"full":["https:\/\/ferligs.com\/wp-content\/uploads\/2023\/07\/9259-Webp1640x1360.webp",1640,1360,false],"thumbnail":["https:\/\/ferligs.com\/wp-content\/uploads\/2023\/07\/9259-Webp1640x1360.webp",150,124,false],"medium":["https:\/\/ferligs.com\/wp-content\/uploads\/2023\/07\/9259-Webp1640x1360.webp",300,249,false],"medium_large":["https:\/\/ferligs.com\/wp-content\/uploads\/2023\/07\/9259-Webp1640x1360.webp",768,637,false],"large":["https:\/\/ferligs.com\/wp-content\/uploads\/2023\/07\/9259-Webp1640x1360.webp",1024,849,false],"1536x1536":["https:\/\/ferligs.com\/wp-content\/uploads\/2023\/07\/9259-Webp1640x1360.webp",1536,1274,false],"2048x2048":["https:\/\/ferligs.com\/wp-content\/uploads\/2023\/07\/9259-Webp1640x1360.webp",1640,1360,false],"trp-custom-language-flag":["https:\/\/ferligs.com\/wp-content\/uploads\/2023\/07\/9259-Webp1640x1360.webp",14,12,false],"woocommerce_archive_thumbnail":["https:\/\/ferligs.com\/wp-content\/uploads\/2023\/07\/9259-Webp1640x1360-300x249.webp",300,249,true],"woocommerce_thumbnail":["https:\/\/ferligs.com\/wp-content\/uploads\/2023\/07\/9259-Webp1640x1360.webp",300,249,false],"woocommerce_single":["https:\/\/ferligs.com\/wp-content\/uploads\/2023\/07\/9259-Webp1640x1360.webp",600,498,false],"woocommerce_gallery_thumbnail":["https:\/\/ferligs.com\/wp-content\/uploads\/2023\/07\/9259-Webp1640x1360-100x100.webp",100,100,true]},"post_excerpt_stackable_v2":"<p>The Ludza metal table base is a sophisticated foundation for round tables, crafted from premium steel with a star-like form featuring elegantly crossing lines that add a touch of modern artistry to any space. Its open structure provides ample legroom for comfortable seating during gatherings, while the robust construction supports up to 150 kg, ensuring stability and durability. <\/p>\n","category_list_v2":"","author_info_v2":{"name":"","url":""},"comments_num_v2":"0 comments","jetpack_publicize_connections":[],"jetpack_sharing_enabled":true,"_links":{"self":[{"href":"https:\/\/ferligs.com\/fi\/wp-json\/wp\/v2\/product\/1575","targetHints":{"allow":["GET"]}}],"collection":[{"href":"https:\/\/ferligs.com\/fi\/wp-json\/wp\/v2\/product"}],"about":[{"href":"https:\/\/ferligs.com\/fi\/wp-json\/wp\/v2\/types\/product"}],"wp:featuredmedia":[{"embeddable":true,"href":"https:\/\/ferligs.com\/fi\/wp-json\/wp\/v2\/media\/1576"}],"wp:attachment":[{"href":"https:\/\/ferligs.com\/fi\/wp-json\/wp\/v2\/media?parent=1575"}],"wp:term":[{"taxonomy":"product_brand","embeddable":true,"href":"https:\/\/ferligs.com\/fi\/wp-json\/wp\/v2\/product_brand?post=1575"},{"taxonomy":"product_cat","embeddable":true,"href":"https:\/\/ferligs.com\/fi\/wp-json\/wp\/v2\/product_cat?post=1575"},{"taxonomy":"product_tag","embeddable":true,"href":"https:\/\/ferligs.com\/fi\/wp-json\/wp\/v2\/product_tag?post=1575"}],"curies":[{"name":"wp","href":"https:\/\/api.w.org\/{rel}","templated":true}]}}