{"id":1568,"date":"2023-07-24T18:36:59","date_gmt":"2023-07-24T15:36:59","guid":{"rendered":"https:\/\/ferligs.com\/?post_type=product&#038;p=1568"},"modified":"2026-03-05T16:12:11","modified_gmt":"2026-03-05T14:12:11","slug":"irbe","status":"publish","type":"product","link":"https:\/\/ferligs.com\/fi\/product\/irbe\/","title":{"rendered":"IRBE &#8211; Pair Table Legs (X-Shaped)"},"content":{"rendered":"<p>Irbe-metalliset p\u00f6yd\u00e4njalat ovat tyylikk\u00e4it\u00e4 ja monipuolisia. Ne on valmistettu korkealaatuisesta ter\u00e4ksest\u00e4 ja niiden erottuva X-muotoinen muotoilu sopii saumattomasti mihin tahansa sisustustyyliin modernista minimalismista klassiseen sisustukseen. T\u00e4m\u00e4 jalkapari tarjoaa vakaan ja tyylikk\u00e4\u00e4n perustan erilaisille p\u00f6yt\u00e4levyille ja parantaa ruokasalien, toimistojen tai olohuoneiden yleist\u00e4 esteettisyytt\u00e4. Puhtailla linjoillaan ja tasapainoisilla mittasuhteillaan Irbe-jalat lis\u00e4\u00e4v\u00e4t hienostuneisuutta ilman, ett\u00e4 ne hallitsevat huoneen tunnelmaa.<\/p>\n<p>Irbe-jalat on valmistettu tukevista 8 x 8 cm:n ter\u00e4sputkista ja ter\u00e4slaipoista, jotka lis\u00e4\u00e4v\u00e4t tukevuutta. Hitsattu rakenne takaa poikkeuksellisen lujuuden ja jopa 150 kg:n kantavuuden. Jauhemaalattu pinta on eritt\u00e4in kest\u00e4v\u00e4 ja kest\u00e4\u00e4 naarmuja, korroosiota ja kulumista, joten se s\u00e4ilytt\u00e4\u00e4 upean ulkon\u00e4k\u00f6ns\u00e4 vuosien ajan. Teollisen tyylin yst\u00e4ville on saatavana raakater\u00e4sversio, jonka ansiosta jalat sopivat vaivattomasti monenlaisiin sisustustyyleihin.<\/p>\n<p>Asennus on eritt\u00e4in helppoa, sill\u00e4 jaloissa on valmiiksi poratut 5 mm:n kiinnitysrei\u00e4t, joiden avulla ne on helppo kiinnitt\u00e4\u00e4 valitsemaasi p\u00f6yt\u00e4levyyn. Halutessasi voit my\u00f6s tilata erikokoisia reiki\u00e4. Paketti sis\u00e4lt\u00e4\u00e4 s\u00e4\u00e4dett\u00e4v\u00e4t jalat ep\u00e4tasaisille pinnoille, huopapehmusteet lattian suojaamiseksi ja kaksi X-muotoista jalkaa, joten asennus on useimmissa tapauksissa nopeaa ja vaatii vain v\u00e4h\u00e4n ty\u00f6kaluja. N\u00e4m\u00e4 jalat on suunniteltu tukemaan jopa 280 x 120 cm:n p\u00f6yt\u00e4levyj\u00e4, ja ne tarjoavat luotettavan vakauden jokap\u00e4iv\u00e4iseen k\u00e4ytt\u00f6\u00f6n tai viihdytt\u00e4miseen.<\/p>\n<p>De Irbe is volledig aanpasbaar aan uw specifieke behoeften en biedt opties voor hoogte (standaard 70 cm met ~1 cm verstelbaarheid), breedte (60\/70\/80 cm), kleuren zoals zwart, brons, donkergrijs, goud, lichtgrijs, wit of ruw staal, en afwerkingstypes. Dankzij deze flexibiliteit kunt u de poten precies aanpassen aan uw afmetingen en voorkeuren, zodat ze perfect passen bij elk project. <\/p>","protected":false},"excerpt":{"rendered":"<p>Elegant and durable X-shaped table legs IRBE made of high-quality steel (80&#215;80 mm). Powder-coated for a long-lasting finish. Easy to install, adjustable feet included. Sold as a pair (2 pcs). Custom sizes available. Tabletop not included.<\/p>","protected":false},"featured_media":1570,"template":"","meta":{"jetpack_publicize_message":"","jetpack_publicize_feature_enabled":true,"jetpack_social_post_already_shared":true,"jetpack_social_options":{"image_generator_settings":{"template":"highway","default_image_id":0,"font":"","enabled":false},"version":2}},"product_brand":[578],"product_cat":[113],"product_tag":[698],"class_list":{"0":"post-1568","1":"product","2":"type-product","3":"status-publish","4":"has-post-thumbnail","6":"product_brand-ferligs","7":"product_cat-table-legs","8":"product_tag-x-shaped-table-legs","9":"product_shipping_class-tables-legs","11":"first","12":"instock","13":"sale","14":"taxable","15":"shipping-taxable","16":"purchasable","17":"product-type-variable","18":"has-default-attributes"},"featured_image_urls_v2":{"full":["https:\/\/ferligs.com\/wp-content\/uploads\/2023\/07\/9766-Webp-1640x1360-1.webp",1640,1360,false],"thumbnail":["https:\/\/ferligs.com\/wp-content\/uploads\/2023\/07\/9766-Webp-1640x1360-1.webp",150,124,false],"medium":["https:\/\/ferligs.com\/wp-content\/uploads\/2023\/07\/9766-Webp-1640x1360-1.webp",300,249,false],"medium_large":["https:\/\/ferligs.com\/wp-content\/uploads\/2023\/07\/9766-Webp-1640x1360-1.webp",768,637,false],"large":["https:\/\/ferligs.com\/wp-content\/uploads\/2023\/07\/9766-Webp-1640x1360-1.webp",1024,849,false],"1536x1536":["https:\/\/ferligs.com\/wp-content\/uploads\/2023\/07\/9766-Webp-1640x1360-1.webp",1536,1274,false],"2048x2048":["https:\/\/ferligs.com\/wp-content\/uploads\/2023\/07\/9766-Webp-1640x1360-1.webp",1640,1360,false],"trp-custom-language-flag":["https:\/\/ferligs.com\/wp-content\/uploads\/2023\/07\/9766-Webp-1640x1360-1.webp",14,12,false],"woocommerce_archive_thumbnail":["https:\/\/ferligs.com\/wp-content\/uploads\/2023\/07\/9766-Webp-1640x1360-1-300x249.webp",300,249,true],"woocommerce_thumbnail":["https:\/\/ferligs.com\/wp-content\/uploads\/2023\/07\/9766-Webp-1640x1360-1.webp",300,249,false],"woocommerce_single":["https:\/\/ferligs.com\/wp-content\/uploads\/2023\/07\/9766-Webp-1640x1360-1.webp",600,498,false],"woocommerce_gallery_thumbnail":["https:\/\/ferligs.com\/wp-content\/uploads\/2023\/07\/9766-Webp-1640x1360-1-100x100.webp",100,100,true]},"post_excerpt_stackable_v2":"<p>Elegant and durable X-shaped table legs IRBE made of high-quality steel (80&#215;80 mm). Powder-coated for a long-lasting finish. Easy to install, adjustable feet included. Sold as a pair (2 pcs). Custom sizes available. Tabletop not included.<\/p>\n","category_list_v2":"","author_info_v2":{"name":"","url":""},"comments_num_v2":"0 comments","jetpack_publicize_connections":[],"jetpack_sharing_enabled":true,"_links":{"self":[{"href":"https:\/\/ferligs.com\/fi\/wp-json\/wp\/v2\/product\/1568","targetHints":{"allow":["GET"]}}],"collection":[{"href":"https:\/\/ferligs.com\/fi\/wp-json\/wp\/v2\/product"}],"about":[{"href":"https:\/\/ferligs.com\/fi\/wp-json\/wp\/v2\/types\/product"}],"wp:featuredmedia":[{"embeddable":true,"href":"https:\/\/ferligs.com\/fi\/wp-json\/wp\/v2\/media\/1570"}],"wp:attachment":[{"href":"https:\/\/ferligs.com\/fi\/wp-json\/wp\/v2\/media?parent=1568"}],"wp:term":[{"taxonomy":"product_brand","embeddable":true,"href":"https:\/\/ferligs.com\/fi\/wp-json\/wp\/v2\/product_brand?post=1568"},{"taxonomy":"product_cat","embeddable":true,"href":"https:\/\/ferligs.com\/fi\/wp-json\/wp\/v2\/product_cat?post=1568"},{"taxonomy":"product_tag","embeddable":true,"href":"https:\/\/ferligs.com\/fi\/wp-json\/wp\/v2\/product_tag?post=1568"}],"curies":[{"name":"wp","href":"https:\/\/api.w.org\/{rel}","templated":true}]}}