{"id":1554,"date":"2023-07-24T18:17:20","date_gmt":"2023-07-24T15:17:20","guid":{"rendered":"https:\/\/ferligs.com\/?post_type=product&#038;p=1554"},"modified":"2026-03-05T18:45:23","modified_gmt":"2026-03-05T16:45:23","slug":"amula","status":"publish","type":"product","link":"https:\/\/ferligs.com\/fi\/product\/amula\/","title":{"rendered":"AMULA \u2013 Ruokap\u00f6yd\u00e4n h\u00e4m\u00e4h\u00e4kkijalat"},"content":{"rendered":"<p>The Amula table base features a captivating spider-like silhouette that serves as a bold statement piece for modern interiors. Its unique intersecting lines provide a distinctive touch of sophistication, seamlessly blending industrial strength with elegant geometry. This eye-catching design is specifically engineered to optimize seating capacity around the table. It ensures that your guests enjoy ample legroom without any structural interference.<\/p>\n<p>Amula-jalusta on valmistettu korkealaatuisista 80\u00d780 mm:n ter\u00e4sputkista, ja se on suunniteltu tukemaan raskaita p\u00f6yt\u00e4levyj\u00e4 t\u00e4ysin vakaasti. Ammattimainen jauhemaalattu pinta tarjoaa kest\u00e4v\u00e4n suojakerroksen p\u00e4ivitt\u00e4ist\u00e4 kulutusta, naarmuja ja korroosiota vastaan. Kest\u00e4v\u00e4 pinnoite takaa paitsi pitk\u00e4aikaisen suorituskyvyn my\u00f6s metallin tyylikk\u00e4\u00e4n ja hienostuneen ulkon\u00e4\u00f6n. Se on luotettava valinta sek\u00e4 asuin- ett\u00e4 vilkkaasti liikenn\u00f6ityihin kaupallisiin ymp\u00e4rist\u00f6ihin.<\/p>\n<p>Helppok\u00e4ytt\u00f6isyyden vuoksi jalusta toimitetaan koottuna, jotta kuljetus on turvallista ja toimitus tehokasta. Toimitamme selke\u00e4t asennusohjeet ja kaikki tarvittavat osat, jotta asennus on nopeaa ja helppoa. Jokaisessa yksik\u00f6ss\u00e4 on vakiona 5 mm:n esiporatut kiinnitysrei\u00e4t, jotka helpottavat asennusta. Otamme mielell\u00e4mme huomioon my\u00f6s asiakkaan toiveet erikoisista koosta tai reikien sijoittelusta, jotta tuote sopii juuri asiakkaan projektiin.<\/p>\n<p>Amula-jalustan vakiokorkeus on 71 cm, ja sit\u00e4 on saatavana eri leveydell\u00e4 ja pituudella 70\u201390 cm. T\u00e4m\u00e4n monipuolisuuden ansiosta jalustaan voi yhdist\u00e4\u00e4 monenlaisia py\u00f6reit\u00e4 tai neli\u00f6nmuotoisia p\u00f6yt\u00e4levyj\u00e4 tilasi mukaan. Huomaa, ett\u00e4 ilmoitettu hinta koskee vain metallijalustaa, p\u00f6yt\u00e4levy ei sis\u00e4lly hintaan. N\u00e4in voit vapaasti valita sisustustyyliisi sopivan p\u00f6yt\u00e4levyn.<\/p>","protected":false},"excerpt":{"rendered":"<p>Amula-metallinen h\u00e4m\u00e4h\u00e4kkip\u00f6yd\u00e4n jalusta yhdist\u00e4\u00e4 hienostuneen geometrisen muotoilun ja vankan rakenteen, joka nostaa ruokailu- tai ty\u00f6skentelytilan uudelle tasolle. Se on valmistettu korkealaatuisista 80\u00d780 mm:n ter\u00e4sputkista, ja sen riste\u00e4v\u00e4t linjat luovat silmiinpist\u00e4v\u00e4n visuaalisen vaikutelman ja maksimoivat vieraiden jalkatilan. Kest\u00e4v\u00e4 jauhemaalaus viimeistelee jalustan, joka tarjoaa ajattoman tyylikk\u00e4\u00e4n ilmeen ja on t\u00e4ydellinen pohja mittatilausty\u00f6n\u00e4 valmistetulle p\u00f6yt\u00e4levylle.<\/p>","protected":false},"featured_media":1555,"template":"","meta":{"jetpack_publicize_message":"","jetpack_publicize_feature_enabled":true,"jetpack_social_post_already_shared":true,"jetpack_social_options":{"image_generator_settings":{"template":"highway","default_image_id":0,"font":"","enabled":false},"version":2}},"product_brand":[578],"product_cat":[113],"product_tag":[705],"class_list":{"0":"post-1554","1":"product","2":"type-product","3":"status-publish","4":"has-post-thumbnail","6":"product_brand-ferligs","7":"product_cat-table-legs","8":"product_tag-spider-legs","9":"product_shipping_class-tables-legs","11":"first","12":"instock","13":"sale","14":"taxable","15":"shipping-taxable","16":"purchasable","17":"product-type-variable","18":"has-default-attributes"},"featured_image_urls_v2":{"full":["https:\/\/ferligs.com\/wp-content\/uploads\/2023\/07\/9792-Webp-1640x1360-1.webp",1640,1360,false],"thumbnail":["https:\/\/ferligs.com\/wp-content\/uploads\/2023\/07\/9792-Webp-1640x1360-1.webp",150,124,false],"medium":["https:\/\/ferligs.com\/wp-content\/uploads\/2023\/07\/9792-Webp-1640x1360-1.webp",300,249,false],"medium_large":["https:\/\/ferligs.com\/wp-content\/uploads\/2023\/07\/9792-Webp-1640x1360-1.webp",768,637,false],"large":["https:\/\/ferligs.com\/wp-content\/uploads\/2023\/07\/9792-Webp-1640x1360-1.webp",1024,849,false],"1536x1536":["https:\/\/ferligs.com\/wp-content\/uploads\/2023\/07\/9792-Webp-1640x1360-1.webp",1536,1274,false],"2048x2048":["https:\/\/ferligs.com\/wp-content\/uploads\/2023\/07\/9792-Webp-1640x1360-1.webp",1640,1360,false],"trp-custom-language-flag":["https:\/\/ferligs.com\/wp-content\/uploads\/2023\/07\/9792-Webp-1640x1360-1.webp",14,12,false],"woocommerce_archive_thumbnail":["https:\/\/ferligs.com\/wp-content\/uploads\/2023\/07\/9792-Webp-1640x1360-1-300x249.webp",300,249,true],"woocommerce_thumbnail":["https:\/\/ferligs.com\/wp-content\/uploads\/2023\/07\/9792-Webp-1640x1360-1.webp",300,249,false],"woocommerce_single":["https:\/\/ferligs.com\/wp-content\/uploads\/2023\/07\/9792-Webp-1640x1360-1.webp",600,498,false],"woocommerce_gallery_thumbnail":["https:\/\/ferligs.com\/wp-content\/uploads\/2023\/07\/9792-Webp-1640x1360-1-100x100.webp",100,100,true]},"post_excerpt_stackable_v2":"<p>The Amula metal spider table base combines sophisticated geometric design with robust engineering to elevate any dining or workspace. Crafted from premium 80&#215;80 mm steel tubes, its intersecting lines create a striking visual while maximizing legroom for your guests. Finished with a durable powder coating, this base offers a refined look that stands the test of time, making it the perfect foundation for your custom tabletop.<\/p>\n","category_list_v2":"","author_info_v2":{"name":"","url":""},"comments_num_v2":"0 comments","jetpack_publicize_connections":[],"jetpack_sharing_enabled":true,"_links":{"self":[{"href":"https:\/\/ferligs.com\/fi\/wp-json\/wp\/v2\/product\/1554","targetHints":{"allow":["GET"]}}],"collection":[{"href":"https:\/\/ferligs.com\/fi\/wp-json\/wp\/v2\/product"}],"about":[{"href":"https:\/\/ferligs.com\/fi\/wp-json\/wp\/v2\/types\/product"}],"wp:featuredmedia":[{"embeddable":true,"href":"https:\/\/ferligs.com\/fi\/wp-json\/wp\/v2\/media\/1555"}],"wp:attachment":[{"href":"https:\/\/ferligs.com\/fi\/wp-json\/wp\/v2\/media?parent=1554"}],"wp:term":[{"taxonomy":"product_brand","embeddable":true,"href":"https:\/\/ferligs.com\/fi\/wp-json\/wp\/v2\/product_brand?post=1554"},{"taxonomy":"product_cat","embeddable":true,"href":"https:\/\/ferligs.com\/fi\/wp-json\/wp\/v2\/product_cat?post=1554"},{"taxonomy":"product_tag","embeddable":true,"href":"https:\/\/ferligs.com\/fi\/wp-json\/wp\/v2\/product_tag?post=1554"}],"curies":[{"name":"wp","href":"https:\/\/api.w.org\/{rel}","templated":true}]}}