{"id":1533,"date":"2023-05-24T13:29:29","date_gmt":"2023-05-24T10:29:29","guid":{"rendered":"https:\/\/ferligs.com\/?post_type=product&#038;p=1533"},"modified":"2026-03-05T18:50:05","modified_gmt":"2026-03-05T16:50:05","slug":"rauna","status":"publish","type":"product","link":"https:\/\/ferligs.com\/fi\/product\/rauna\/","title":{"rendered":"RAUNA - Pari ruokap\u00f6yd\u00e4n jalkoja"},"content":{"rendered":"<p>Rauna-p\u00f6yd\u00e4n jalat ovat tyylikk\u00e4\u00e4n ja hienostuneen muotoilun ansiosta asennettavissa kolmeen eri asentoon p\u00f6yt\u00e4levyn alle, mik\u00e4 tarjoaa monipuolisia esteettisi\u00e4 vaihtoehtoja muuttuviin sisustustarpeisiin. Monipuolinen l\u00e4hestymistapa tekee niist\u00e4 erinomaisen valinnan muuntautuviin tiloihin, kuten koteihin, ravintoloihin tai studioihin, joissa muuttuva ilme voi helposti virkist\u00e4\u00e4 ymp\u00e4rist\u00f6\u00e4. Eleganssia korostavat jalat muuttavat tavalliset p\u00f6yd\u00e4t monipuolisiksi elementeiksi, joissa yhdistyv\u00e4t k\u00e4yt\u00e4nn\u00f6llisyys ja luova ilmaisuv\u00e4line.<\/p>\n<p>Kiinnitys on helppoa standardinmukaisten 5 mm:n esiporattujen reikien ansiosta, joita voidaan muokata tarpeen mukaan, mik\u00e4 helpottaa nopeaa liitt\u00e4mist\u00e4 valitsemaasi ty\u00f6tasoon. Mukana toimitettavat s\u00e4\u00e4dett\u00e4v\u00e4t jalat mahdollistavat tarkan kohdistuksen erilaisille pinnoille, ja huopapehmusteet suojaavat lattiaa naarmuilta ja parantavat toiminnallisuutta. T\u00e4m\u00e4 intuitiivinen asennus ei vaadi monimutkaisia laitteita, mik\u00e4 tekee siit\u00e4 houkuttelevan sek\u00e4 aloittelijoille ett\u00e4 kokeneille asentajille.<\/p>\n<p>Laaja valikoima yksil\u00f6llisi\u00e4 vaihtoehtoja sis\u00e4lt\u00e4\u00e4 korkeuden 71 cm, leveyden 60, 70 tai 80 cm ja v\u00e4rit kuten pronssi, tummanharmaa tai vaaleanharmaa. Valitse konseptisi mukainen viimeistely ja s\u00e4\u00e4d\u00e4 kiinnitysrei\u00e4t saumattomaan yhteensopivuuteen. Kotik\u00e4ytt\u00f6\u00f6n tai yritysk\u00e4ytt\u00f6\u00f6n sopiva Rauna tarjoaa lukuisia kokoonpanoja ilman p\u00f6yt\u00e4levy\u00e4, joten voit luoda juuri sinulle sopivan lopputuloksen.<\/p>","protected":false},"excerpt":{"rendered":"<p>Rauna-metallip\u00f6yd\u00e4n jalat ovat tyylikk\u00e4\u00e4t ja mukautuvat, ja ne voidaan sijoittaa p\u00f6yt\u00e4levyn alle kolmessa eri asennossa, jolloin saadaan aikaan erilaisia visuaalisia tyylej\u00e4, jotka sopivat erinomaisesti monipuolisiin huonekalujen j\u00e4rjestelyihin. N\u00e4m\u00e4 hitsatut jalat on valmistettu vahvoista ter\u00e4sputkista, joiden koko on 3 x 3 cm tai 6 x 6 cm ja jotka on vahvistettu ter\u00e4slaipoilla. Ne kest\u00e4v\u00e4t jopa 150 kg:n painon ja sopivat jopa 280 x 120 cm:n p\u00f6yt\u00e4levyille, joten ne tarjoavat luotettavan tuen moniin k\u00e4ytt\u00f6tarkoituksiin. <\/p>","protected":false},"featured_media":1535,"template":"","meta":{"jetpack_publicize_message":"","jetpack_publicize_feature_enabled":true,"jetpack_social_post_already_shared":true,"jetpack_social_options":{"image_generator_settings":{"template":"highway","default_image_id":0,"font":"","enabled":false},"version":2}},"product_brand":[578],"product_cat":[113],"product_tag":[707],"class_list":{"0":"post-1533","1":"product","2":"type-product","3":"status-publish","4":"has-post-thumbnail","6":"product_brand-ferligs","7":"product_cat-table-legs","8":"product_tag-v-shaped-table-legs","9":"product_shipping_class-tables-legs","11":"first","12":"instock","13":"sale","14":"taxable","15":"shipping-taxable","16":"purchasable","17":"product-type-variable","18":"has-default-attributes"},"featured_image_urls_v2":{"full":["https:\/\/ferligs.com\/wp-content\/uploads\/2023\/05\/9054-Webp820x680.webp",820,680,false],"thumbnail":["https:\/\/ferligs.com\/wp-content\/uploads\/2023\/05\/9054-Webp820x680.webp",150,124,false],"medium":["https:\/\/ferligs.com\/wp-content\/uploads\/2023\/05\/9054-Webp820x680.webp",300,249,false],"medium_large":["https:\/\/ferligs.com\/wp-content\/uploads\/2023\/05\/9054-Webp820x680.webp",768,637,false],"large":["https:\/\/ferligs.com\/wp-content\/uploads\/2023\/05\/9054-Webp820x680.webp",820,680,false],"1536x1536":["https:\/\/ferligs.com\/wp-content\/uploads\/2023\/05\/9054-Webp820x680.webp",820,680,false],"2048x2048":["https:\/\/ferligs.com\/wp-content\/uploads\/2023\/05\/9054-Webp820x680.webp",820,680,false],"trp-custom-language-flag":["https:\/\/ferligs.com\/wp-content\/uploads\/2023\/05\/9054-Webp820x680.webp",14,12,false],"woocommerce_archive_thumbnail":["https:\/\/ferligs.com\/wp-content\/uploads\/2023\/05\/9054-Webp820x680-300x249.webp",300,249,true],"woocommerce_thumbnail":["https:\/\/ferligs.com\/wp-content\/uploads\/2023\/05\/9054-Webp820x680.webp",300,249,false],"woocommerce_single":["https:\/\/ferligs.com\/wp-content\/uploads\/2023\/05\/9054-Webp820x680.webp",600,498,false],"woocommerce_gallery_thumbnail":["https:\/\/ferligs.com\/wp-content\/uploads\/2023\/05\/9054-Webp820x680-100x100.webp",100,100,true]},"post_excerpt_stackable_v2":"<p>The Rauna metal table legs feature a sophisticated and adaptable design, enabling placement under the tabletop in three orientations to create distinct visual styles, perfect for versatile furniture arrangements. Constructed from strong steel tubes in 3 x 3 cm or 6 x 6 cm sizes reinforced with steel flanges, these welded legs handle up to 150 kg and accommodate tabletops up to 280 x 120 cm, delivering reliable support for multiple applications. <\/p>\n","category_list_v2":"","author_info_v2":{"name":"","url":""},"comments_num_v2":"0 comments","jetpack_publicize_connections":[],"jetpack_sharing_enabled":true,"_links":{"self":[{"href":"https:\/\/ferligs.com\/fi\/wp-json\/wp\/v2\/product\/1533","targetHints":{"allow":["GET"]}}],"collection":[{"href":"https:\/\/ferligs.com\/fi\/wp-json\/wp\/v2\/product"}],"about":[{"href":"https:\/\/ferligs.com\/fi\/wp-json\/wp\/v2\/types\/product"}],"wp:featuredmedia":[{"embeddable":true,"href":"https:\/\/ferligs.com\/fi\/wp-json\/wp\/v2\/media\/1535"}],"wp:attachment":[{"href":"https:\/\/ferligs.com\/fi\/wp-json\/wp\/v2\/media?parent=1533"}],"wp:term":[{"taxonomy":"product_brand","embeddable":true,"href":"https:\/\/ferligs.com\/fi\/wp-json\/wp\/v2\/product_brand?post=1533"},{"taxonomy":"product_cat","embeddable":true,"href":"https:\/\/ferligs.com\/fi\/wp-json\/wp\/v2\/product_cat?post=1533"},{"taxonomy":"product_tag","embeddable":true,"href":"https:\/\/ferligs.com\/fi\/wp-json\/wp\/v2\/product_tag?post=1533"}],"curies":[{"name":"wp","href":"https:\/\/api.w.org\/{rel}","templated":true}]}}