{"id":1527,"date":"2023-05-24T13:26:43","date_gmt":"2023-05-24T10:26:43","guid":{"rendered":"https:\/\/ferligs.com\/?post_type=product&#038;p=1527"},"modified":"2026-03-05T18:45:45","modified_gmt":"2026-03-05T16:45:45","slug":"durbe","status":"publish","type":"product","link":"https:\/\/ferligs.com\/fi\/product\/durbe\/","title":{"rendered":"DURBE \u2013 H\u00e4m\u00e4h\u00e4kinjalat"},"content":{"rendered":"<p>Durbe-p\u00f6yd\u00e4n jalustassa on silmiinpist\u00e4v\u00e4 riste\u00e4vien viivojen kuvio, jossa metallielementit leikkaavat toisensa muodostaen modernin, geometrisen siluetin, joka korostaa mit\u00e4 tahansa ruokailu- tai ty\u00f6ymp\u00e4rist\u00f6\u00e4. T\u00e4m\u00e4 innovatiivinen rakenne ei vain kiinnit\u00e4 huomiota, vaan my\u00f6s jakaa painon tasaisesti optimaalisen vakauden saavuttamiseksi. Se sopii sek\u00e4 nykyaikaisiin ett\u00e4 perinteisiin ymp\u00e4rist\u00f6ihin ja korostaa p\u00f6yd\u00e4n yleist\u00e4 ulkon\u00e4k\u00f6\u00e4 taiteellisella mutta toiminnallisella muodollaan.<\/p>\n<p>Durbe on valmistettu 6 x 3 cm:n ter\u00e4sputkista ja vahvistettu ter\u00e4slaipoilla. Sen hitsattu ja koottu rakenne takaa kest\u00e4vyyden ja 150 kg:n kantavuuden. Pintak\u00e4sittely kest\u00e4\u00e4 p\u00e4ivitt\u00e4ist\u00e4 kulutusta: jauhemaalaus muodostaa sile\u00e4n suojakerroksen ja raakater\u00e4s tarjoaa aidon, luonnollisen tekstuurin. Kest\u00e4v\u00e4 rakenne varmistaa, ett\u00e4 jalusta kest\u00e4\u00e4 toistuvan k\u00e4yt\u00f6n s\u00e4ilytt\u00e4en rakenteellisen eheytens\u00e4.<\/p>\n<p>Asennus on helppoa mukana toimitettavan sarjan, ohjeen, pinnan mukautukseen tarkoitettujen s\u00e4\u00e4dett\u00e4vien jalkojen, lattian suojaamiseen tarkoitettujen huopapehmusteiden, metallisen poikkipalkin ja p\u00f6yd\u00e4n jalkojen ansiosta, jotka kaikki on suunniteltu saumattomaan asennukseen. Esiporatut 5 mm:n kiinnitysrei\u00e4t mahdollistavat helpon kiinnityksen p\u00f6yt\u00e4levyyn, ja vaihtoehtoja on saatavilla pyynn\u00f6st\u00e4. Erityisi\u00e4 taitoja ei tarvita, joten tuote on helppo integroida huonekaluprojektiisi.<\/p>\n<p>Yksil\u00f6llisiin tarpeisiin r\u00e4\u00e4t\u00e4l\u00f6ity Durbe mahdollistaa v\u00e4rivaihtoehtojen, kuten tummanharmaan, vaaleanharmaan tai valkoisen, sek\u00e4 viimeistelytyypin, korkeuden, pituuden, leveyden ja kiinnitysreikien mukauttamisen. T\u00e4m\u00e4 monipuolisuus tukee erilaisia sovelluksia, kompakteista kotiasennuksista laajoihin kaupallisiin p\u00f6ytiin. P\u00f6yt\u00e4levy\u00e4 lukuun ottamatta se antaa k\u00e4ytt\u00e4jille mahdollisuuden luoda henkil\u00f6kohtainen tuote, joka vastaa t\u00e4ydellisesti heid\u00e4n visiotaan ja tarpeitaan.<\/p>","protected":false},"excerpt":{"rendered":"<p>Durbe-metallip\u00f6yd\u00e4n jalusta on dynaamisen muotoinen, ja se on valmistettu korkealaatuisesta ter\u00e4ksest\u00e4, jotta se tarjoaa tukevan ja visuaalisesti houkuttelevan perustan suorakulmaisille tai soikeille p\u00f6yt\u00e4levyille. Sen riste\u00e4v\u00e4 rakenne tarjoaa erinomaisen tasapainon ja tuen jopa 150 kg:n kuormille. Sen mitat ovat korkeus 71 cm, leveys 60\u201380 cm ja pituus 120\u2013180 cm, joten se sopii erilaisille p\u00f6ydille. <\/p>","protected":false},"featured_media":1528,"template":"","meta":{"jetpack_publicize_message":"","jetpack_publicize_feature_enabled":true,"jetpack_social_post_already_shared":true,"jetpack_social_options":{"image_generator_settings":{"template":"highway","default_image_id":0,"font":"","enabled":false},"version":2}},"product_brand":[578],"product_cat":[113],"product_tag":[705],"class_list":{"0":"post-1527","1":"product","2":"type-product","3":"status-publish","4":"has-post-thumbnail","6":"product_brand-ferligs","7":"product_cat-table-legs","8":"product_tag-spider-legs","9":"product_shipping_class-tables-legs","11":"first","12":"instock","13":"sale","14":"taxable","15":"shipping-taxable","16":"purchasable","17":"product-type-variable","18":"has-default-attributes"},"featured_image_urls_v2":{"full":["https:\/\/ferligs.com\/wp-content\/uploads\/2023\/05\/8241-Webp820x680.webp",820,680,false],"thumbnail":["https:\/\/ferligs.com\/wp-content\/uploads\/2023\/05\/8241-Webp820x680.webp",150,124,false],"medium":["https:\/\/ferligs.com\/wp-content\/uploads\/2023\/05\/8241-Webp820x680.webp",300,249,false],"medium_large":["https:\/\/ferligs.com\/wp-content\/uploads\/2023\/05\/8241-Webp820x680.webp",768,637,false],"large":["https:\/\/ferligs.com\/wp-content\/uploads\/2023\/05\/8241-Webp820x680.webp",820,680,false],"1536x1536":["https:\/\/ferligs.com\/wp-content\/uploads\/2023\/05\/8241-Webp820x680.webp",820,680,false],"2048x2048":["https:\/\/ferligs.com\/wp-content\/uploads\/2023\/05\/8241-Webp820x680.webp",820,680,false],"trp-custom-language-flag":["https:\/\/ferligs.com\/wp-content\/uploads\/2023\/05\/8241-Webp820x680.webp",14,12,false],"woocommerce_archive_thumbnail":["https:\/\/ferligs.com\/wp-content\/uploads\/2023\/05\/8241-Webp820x680-300x249.webp",300,249,true],"woocommerce_thumbnail":["https:\/\/ferligs.com\/wp-content\/uploads\/2023\/05\/8241-Webp820x680.webp",300,249,false],"woocommerce_single":["https:\/\/ferligs.com\/wp-content\/uploads\/2023\/05\/8241-Webp820x680.webp",600,498,false],"woocommerce_gallery_thumbnail":["https:\/\/ferligs.com\/wp-content\/uploads\/2023\/05\/8241-Webp820x680-100x100.webp",100,100,true]},"post_excerpt_stackable_v2":"<p>The Durbe metal table base features a dynamic crossing lines design, crafted from high-grade steel to provide a sturdy and visually appealing foundation for rectangular or oval tabletops. Its intersecting structure offers excellent balance and support for loads up to 150 kg, with dimensions including height of 71 cm, widths from 60 to 80 cm, and lengths from 120 to 180 cm, making it adaptable for various table sizes. <\/p>\n","category_list_v2":"","author_info_v2":{"name":"","url":""},"comments_num_v2":"0 comments","jetpack_publicize_connections":[],"jetpack_sharing_enabled":true,"_links":{"self":[{"href":"https:\/\/ferligs.com\/fi\/wp-json\/wp\/v2\/product\/1527","targetHints":{"allow":["GET"]}}],"collection":[{"href":"https:\/\/ferligs.com\/fi\/wp-json\/wp\/v2\/product"}],"about":[{"href":"https:\/\/ferligs.com\/fi\/wp-json\/wp\/v2\/types\/product"}],"wp:featuredmedia":[{"embeddable":true,"href":"https:\/\/ferligs.com\/fi\/wp-json\/wp\/v2\/media\/1528"}],"wp:attachment":[{"href":"https:\/\/ferligs.com\/fi\/wp-json\/wp\/v2\/media?parent=1527"}],"wp:term":[{"taxonomy":"product_brand","embeddable":true,"href":"https:\/\/ferligs.com\/fi\/wp-json\/wp\/v2\/product_brand?post=1527"},{"taxonomy":"product_cat","embeddable":true,"href":"https:\/\/ferligs.com\/fi\/wp-json\/wp\/v2\/product_cat?post=1527"},{"taxonomy":"product_tag","embeddable":true,"href":"https:\/\/ferligs.com\/fi\/wp-json\/wp\/v2\/product_tag?post=1527"}],"curies":[{"name":"wp","href":"https:\/\/api.w.org\/{rel}","templated":true}]}}