{"id":1521,"date":"2023-05-24T13:24:10","date_gmt":"2023-05-24T10:24:10","guid":{"rendered":"https:\/\/ferligs.com\/?post_type=product&#038;p=1521"},"modified":"2026-03-05T18:46:07","modified_gmt":"2026-03-05T16:46:07","slug":"lobe-table-legs","status":"publish","type":"product","link":"https:\/\/ferligs.com\/fi\/product\/lobe-table-legs\/","title":{"rendered":"LOBE - P\u00f6yd\u00e4njalkapari (X-muotoinen)"},"content":{"rendered":"<p>Lobe x -p\u00f6yd\u00e4njalat yhdist\u00e4v\u00e4t modernin teollisen muotoilun ja rakenteellisen lujuuden. Niiss\u00e4 on t\u00e4ysin hitsattu X-muotoinen rakenne, joka takaa maksimaalisen vakauden ruokap\u00f6ydille, ty\u00f6p\u00f6ydille, kokousp\u00f6ydille ja r\u00e4\u00e4t\u00e4l\u00f6ityihin huonekaluprojekteihin. Ne on valmistettu kest\u00e4v\u00e4st\u00e4 8 \u00d7 4 cm:n ter\u00e4sputkesta ja vahvistettu kiinteill\u00e4 ter\u00e4slaipoilla. Niiden kantavuus on jopa 150 kg, ja ne sopivat suurille p\u00f6yt\u00e4levyille, joiden koko on enint\u00e4\u00e4n 280 \u00d7 120 cm.<\/p>\n<p>N\u00e4m\u00e4 X-muotoiset p\u00f6yd\u00e4njalat ovat saatavana jauhemaalattuna tai raakater\u00e4ksisen\u00e4, ja niit\u00e4 on saatavana monissa eri v\u00e4reiss\u00e4, kuten musta, pronssi, tummanharmaa, kulta, vaaleanharmaa ja valkoinen. Jauhemaalattu vaihtoehto tarjoaa lis\u00e4suojaa naarmuilta ja korroosiolta, joten jalat sopivat sek\u00e4 asuin- ett\u00e4 liiketiloihin, joissa kest\u00e4vyys ja puhdas arkkitehtoninen estetiikka ovat t\u00e4rkeit\u00e4.<\/p>\n<p>Jokaisessa parissa on s\u00e4\u00e4dett\u00e4v\u00e4t jalat ep\u00e4tasaisen lattian tasoittamista varten, huopapehmusteet pinnan suojaamista varten ja tarkasti sijoitellut 5 mm:n kiinnitysrei\u00e4t turvallista ja helppoa asennusta varten. Tuote on t\u00e4ysin muokattavissa, joten voit valita v\u00e4rin, pintak\u00e4sittelyn, korkeuden, leveyden ja kiinnitysreikien sijoittelun, jotta se sopii t\u00e4ydellisesti p\u00f6yd\u00e4n mittoihin ja projektin vaatimuksiin. T\u00e4m\u00e4 tekee Lobe x -p\u00f6yd\u00e4njaloista ihanteellisen ratkaisun mittatilausty\u00f6n\u00e4 valmistettaviin huonekaluihin ja ammattimaisiin sisustushankkeisiin.<\/p>","protected":false},"excerpt":{"rendered":"<p>Lobe X Frame -p\u00f6yd\u00e4njalat ovat raskaaseen k\u00e4ytt\u00f6\u00f6n tarkoitettuja hitsattuja ter\u00e4sjalkoja, jotka on valmistettu 8 \u00d7 4 cm:n ter\u00e4sputkesta ja joissa on kiinte\u00e4t ter\u00e4slaipat. Ne on suunniteltu kantamaan jopa 150 kg:n painon ja sopivat p\u00f6yt\u00e4levyille, joiden koko on enint\u00e4\u00e4n 280 \u00d7 120 cm. Saatavana jauhemaalattuna tai raakater\u00e4ksisen\u00e4 mustana, pronssina, tummanharmaana, kultaisena, vaaleanharmaana ja valkoisena. Niiss\u00e4 on 5 mm:n kiinnitysrei\u00e4t, s\u00e4\u00e4dett\u00e4v\u00e4t jalat, huopapehmusteet, ja ne myyd\u00e4\u00e4n pareittain, joiden v\u00e4ri, viimeistely, korkeus, leveys ja kiinnitysreikien kokoonpano voidaan r\u00e4\u00e4t\u00e4l\u00f6id\u00e4.<\/p>","protected":false},"featured_media":1524,"template":"","meta":{"jetpack_publicize_message":"","jetpack_publicize_feature_enabled":true,"jetpack_social_post_already_shared":true,"jetpack_social_options":{"image_generator_settings":{"template":"highway","default_image_id":0,"font":"","enabled":false},"version":2}},"product_brand":[578],"product_cat":[113],"product_tag":[698],"class_list":{"0":"post-1521","1":"product","2":"type-product","3":"status-publish","4":"has-post-thumbnail","6":"product_brand-ferligs","7":"product_cat-table-legs","8":"product_tag-x-shaped-table-legs","9":"product_shipping_class-tables-legs","11":"first","12":"instock","13":"sale","14":"taxable","15":"shipping-taxable","16":"purchasable","17":"product-type-variable","18":"has-default-attributes"},"featured_image_urls_v2":{"full":["https:\/\/ferligs.com\/wp-content\/uploads\/2023\/05\/8339-Webp820x680.webp",820,680,false],"thumbnail":["https:\/\/ferligs.com\/wp-content\/uploads\/2023\/05\/8339-Webp820x680-150x150.webp",150,150,true],"medium":["https:\/\/ferligs.com\/wp-content\/uploads\/2023\/05\/8339-Webp820x680-300x249.webp",300,249,true],"medium_large":["https:\/\/ferligs.com\/wp-content\/uploads\/2023\/05\/8339-Webp820x680-768x637.webp",768,637,true],"large":["https:\/\/ferligs.com\/wp-content\/uploads\/2023\/05\/8339-Webp820x680.webp",820,680,false],"1536x1536":["https:\/\/ferligs.com\/wp-content\/uploads\/2023\/05\/8339-Webp820x680.webp",820,680,false],"2048x2048":["https:\/\/ferligs.com\/wp-content\/uploads\/2023\/05\/8339-Webp820x680.webp",820,680,false],"trp-custom-language-flag":["https:\/\/ferligs.com\/wp-content\/uploads\/2023\/05\/8339-Webp820x680.webp",14,12,false],"woocommerce_archive_thumbnail":["https:\/\/ferligs.com\/wp-content\/uploads\/2023\/05\/8339-Webp820x680-300x249.webp",300,249,true],"woocommerce_thumbnail":["https:\/\/ferligs.com\/wp-content\/uploads\/2023\/05\/8339-Webp820x680-300x249.webp",300,249,true],"woocommerce_single":["https:\/\/ferligs.com\/wp-content\/uploads\/2023\/05\/8339-Webp820x680-600x498.webp",600,498,true],"woocommerce_gallery_thumbnail":["https:\/\/ferligs.com\/wp-content\/uploads\/2023\/05\/8339-Webp820x680-100x100.webp",100,100,true]},"post_excerpt_stackable_v2":"<p>Lobe X Frame Table Legs are heavy-duty welded steel legs made from 8 \u00d7 4 cm steel tube with solid steel flanges, designed to support up to 150 kg and fit tabletops up to 280 \u00d7 120 cm; available in powder-coated or raw steel finish in Black, Bronze, Dark Grey, Gold, Light Grey, and White, they include 5 mm mounting holes, adjustable feet, felt pads, and are sold as a pair with custom options for color, finish, height, width, and mounting hole configuration.<\/p>\n","category_list_v2":"","author_info_v2":{"name":"","url":""},"comments_num_v2":"0 comments","jetpack_publicize_connections":[],"jetpack_sharing_enabled":true,"_links":{"self":[{"href":"https:\/\/ferligs.com\/fi\/wp-json\/wp\/v2\/product\/1521","targetHints":{"allow":["GET"]}}],"collection":[{"href":"https:\/\/ferligs.com\/fi\/wp-json\/wp\/v2\/product"}],"about":[{"href":"https:\/\/ferligs.com\/fi\/wp-json\/wp\/v2\/types\/product"}],"wp:featuredmedia":[{"embeddable":true,"href":"https:\/\/ferligs.com\/fi\/wp-json\/wp\/v2\/media\/1524"}],"wp:attachment":[{"href":"https:\/\/ferligs.com\/fi\/wp-json\/wp\/v2\/media?parent=1521"}],"wp:term":[{"taxonomy":"product_brand","embeddable":true,"href":"https:\/\/ferligs.com\/fi\/wp-json\/wp\/v2\/product_brand?post=1521"},{"taxonomy":"product_cat","embeddable":true,"href":"https:\/\/ferligs.com\/fi\/wp-json\/wp\/v2\/product_cat?post=1521"},{"taxonomy":"product_tag","embeddable":true,"href":"https:\/\/ferligs.com\/fi\/wp-json\/wp\/v2\/product_tag?post=1521"}],"curies":[{"name":"wp","href":"https:\/\/api.w.org\/{rel}","templated":true}]}}