{"id":1515,"date":"2023-05-24T13:20:48","date_gmt":"2023-05-24T10:20:48","guid":{"rendered":"https:\/\/ferligs.com\/?post_type=product&#038;p=1515"},"modified":"2026-03-05T18:46:43","modified_gmt":"2026-03-05T16:46:43","slug":"ramata","status":"publish","type":"product","link":"https:\/\/ferligs.com\/fi\/product\/ramata\/","title":{"rendered":"RAMATA \u2013 Parilliset p\u00f6yd\u00e4njalat (U-muotoiset)"},"content":{"rendered":"<p>Ramata U-muotoiset p\u00f6yd\u00e4njalat on suunniteltu niille, jotka arvostavat puhtaita linjoja ja tasapainoisia mittasuhteita. Klassinen suorakulmainen runko luo vahvan visuaalisen perustan ja pit\u00e4\u00e4 samalla kokonaisuuden minimalistisena ja tyylikk\u00e4\u00e4n\u00e4, mik\u00e4 tekee n\u00e4ist\u00e4 jaloista t\u00e4ydellisen valinnan ruokap\u00f6ydille, johtajan ty\u00f6p\u00f6ydille, keitti\u00f6saarekkeille ja suurille ty\u00f6pinnoille sek\u00e4 moderneissa ett\u00e4 perinteisiss\u00e4 sisustuksissa.<\/p>\n<p>Ramata-jalat on valmistettu 10 \u00d7 10 cm:n ter\u00e4sputkesta, ja niiss\u00e4 on vahvistetut ter\u00e4slaipat ja t\u00e4ysin hitsattu rakenne, mik\u00e4 takaa poikkeuksellisen vakauden ja luotettavan tuen. Niiden kantavuus on jopa 150 kg ja ne tukevat jopa 280 \u00d7 120 cm:n p\u00f6yt\u00e4levyj\u00e4, joten ne ovat ihanteellisia raskaille massiivipuup\u00f6yt\u00e4levyille, paksuille laatoille tai n\u00e4ytt\u00e4v\u00e4lle p\u00f6yt\u00e4levyille, joissa lujuus ja luotettavuus ovat olennaisia. Tarkasti valmistetut 5 mm:n kiinnitysrei\u00e4t takaavat turvallisen ja tarkan asennuksen.<\/p>\n<p>Jalat on valmistettu 10 \u00d7 10 cm:n ter\u00e4sputkesta, ja niiss\u00e4 on vahvistetut ter\u00e4slaipat ja t\u00e4ysin hitsattu rakenne, mik\u00e4 takaa erinomaisen vakauden ja turvallisen seisomisen. Niiden kantavuus on jopa 150 kg ja ne tukevat jopa 280 \u00d7 120 cm:n p\u00f6yt\u00e4levyj\u00e4, joten ne ovat ihanteellisia raskaille massiivipuup\u00f6yt\u00e4levyille, paksuille laatoille tai ilmeikk\u00e4ille p\u00f6yt\u00e4levyille, joissa lujuus ja luotettavuus ovat olennaisia. Tarkasti koneistetut 5 mm:n kiinnitysrei\u00e4t takaavat turvallisen ja tarkan asennuksen.<\/p>","protected":false},"excerpt":{"rendered":"<p>Ramata U-muotoiset p\u00f6yd\u00e4njalat ovat klassisia, kest\u00e4v\u00e4t hitsatut ter\u00e4sjalat, jotka on valmistettu 10 \u00d7 10 cm:n ter\u00e4sputkesta ja varustettu vahvoilla ter\u00e4slaipoilla. Ne on suunniteltu kantamaan jopa 150 kg:n painon ja sopivat p\u00f6yt\u00e4levyille, joiden koko on enint\u00e4\u00e4n 280 \u00d7 120 cm. Saatavana jauhemaalattuna tai raakater\u00e4ksisen\u00e4 mustana, pronssina, tummanharmaana, kultaisena, vaaleanharmaana ja valkoisena. Niiss\u00e4 on 5 mm:n kiinnitysrei\u00e4t ja mukana toimitetaan s\u00e4\u00e4dett\u00e4v\u00e4t jalat ja huopapehmusteet. V\u00e4ri, pintak\u00e4sittely, korkeus, leveys ja kiinnitysreikien kokoonpano ovat valittavissa.<\/p>","protected":false},"featured_media":1516,"template":"","meta":{"jetpack_publicize_message":"","jetpack_publicize_feature_enabled":true,"jetpack_social_post_already_shared":true,"jetpack_social_options":{"image_generator_settings":{"template":"highway","default_image_id":0,"font":"","enabled":false},"version":2}},"product_brand":[578],"product_cat":[113],"product_tag":[699],"class_list":{"0":"post-1515","1":"product","2":"type-product","3":"status-publish","4":"has-post-thumbnail","6":"product_brand-ferligs","7":"product_cat-table-legs","8":"product_tag-u-shaped-table-legs","9":"product_shipping_class-tables-legs","11":"first","12":"instock","13":"sale","14":"taxable","15":"shipping-taxable","16":"purchasable","17":"product-type-variable","18":"has-default-attributes"},"featured_image_urls_v2":{"full":["https:\/\/ferligs.com\/wp-content\/uploads\/2023\/05\/8985-Webp820x680.webp",820,680,false],"thumbnail":["https:\/\/ferligs.com\/wp-content\/uploads\/2023\/05\/8985-Webp820x680.webp",150,124,false],"medium":["https:\/\/ferligs.com\/wp-content\/uploads\/2023\/05\/8985-Webp820x680.webp",300,249,false],"medium_large":["https:\/\/ferligs.com\/wp-content\/uploads\/2023\/05\/8985-Webp820x680.webp",768,637,false],"large":["https:\/\/ferligs.com\/wp-content\/uploads\/2023\/05\/8985-Webp820x680.webp",820,680,false],"1536x1536":["https:\/\/ferligs.com\/wp-content\/uploads\/2023\/05\/8985-Webp820x680.webp",820,680,false],"2048x2048":["https:\/\/ferligs.com\/wp-content\/uploads\/2023\/05\/8985-Webp820x680.webp",820,680,false],"trp-custom-language-flag":["https:\/\/ferligs.com\/wp-content\/uploads\/2023\/05\/8985-Webp820x680.webp",14,12,false],"woocommerce_archive_thumbnail":["https:\/\/ferligs.com\/wp-content\/uploads\/2023\/05\/8985-Webp820x680-300x249.webp",300,249,true],"woocommerce_thumbnail":["https:\/\/ferligs.com\/wp-content\/uploads\/2023\/05\/8985-Webp820x680.webp",300,249,false],"woocommerce_single":["https:\/\/ferligs.com\/wp-content\/uploads\/2023\/05\/8985-Webp820x680.webp",600,498,false],"woocommerce_gallery_thumbnail":["https:\/\/ferligs.com\/wp-content\/uploads\/2023\/05\/8985-Webp820x680-100x100.webp",100,100,true]},"post_excerpt_stackable_v2":"<p>Ramata U-Shaped Table Legs are classic heavy-duty welded steel legs made from solid 10 \u00d7 10 cm steel tube with strong steel flanges, designed to support up to 150 kg and fit tabletops up to 280 \u00d7 120 cm; available in powder-coated or raw steel finish in Black, Bronze, Dark Grey, Gold, Light Grey, and White, they feature 5 mm mounting holes and include adjustable feet and felt pads, with custom options for color, finish type, height, width, and mounting hole configuration.<\/p>\n","category_list_v2":"","author_info_v2":{"name":"","url":""},"comments_num_v2":"0 comments","jetpack_publicize_connections":[],"jetpack_sharing_enabled":true,"_links":{"self":[{"href":"https:\/\/ferligs.com\/fi\/wp-json\/wp\/v2\/product\/1515","targetHints":{"allow":["GET"]}}],"collection":[{"href":"https:\/\/ferligs.com\/fi\/wp-json\/wp\/v2\/product"}],"about":[{"href":"https:\/\/ferligs.com\/fi\/wp-json\/wp\/v2\/types\/product"}],"wp:featuredmedia":[{"embeddable":true,"href":"https:\/\/ferligs.com\/fi\/wp-json\/wp\/v2\/media\/1516"}],"wp:attachment":[{"href":"https:\/\/ferligs.com\/fi\/wp-json\/wp\/v2\/media?parent=1515"}],"wp:term":[{"taxonomy":"product_brand","embeddable":true,"href":"https:\/\/ferligs.com\/fi\/wp-json\/wp\/v2\/product_brand?post=1515"},{"taxonomy":"product_cat","embeddable":true,"href":"https:\/\/ferligs.com\/fi\/wp-json\/wp\/v2\/product_cat?post=1515"},{"taxonomy":"product_tag","embeddable":true,"href":"https:\/\/ferligs.com\/fi\/wp-json\/wp\/v2\/product_tag?post=1515"}],"curies":[{"name":"wp","href":"https:\/\/api.w.org\/{rel}","templated":true}]}}